{"id":943,"date":"2017-01-19T15:54:22","date_gmt":"2017-01-19T14:54:22","guid":{"rendered":"http:\/\/bozppo-neu.cz\/?page_id=943"},"modified":"2024-11-04T19:18:52","modified_gmt":"2024-11-04T18:18:52","slug":"bezpecnost-provozu-technickych-zarizeni","status":"publish","type":"page","link":"https:\/\/bozppo-neu.cz\/?page_id=943","title":{"rendered":"Bezpe\u010dnost provozu technick\u00fdch za\u0159\u00edzen\u00ed"},"content":{"rendered":"<p><img decoding=\"async\" loading=\"lazy\" class=\"alignright wp-image-4464\" src=\"http:\/\/bozppo-neu.cz\/wp-content\/uploads\/2022\/08\/VTZ.jpg\" alt=\"vtz\" width=\"300\" height=\"294\" srcset=\"https:\/\/bozppo-neu.cz\/wp-content\/uploads\/2022\/08\/VTZ.jpg 763w, https:\/\/bozppo-neu.cz\/wp-content\/uploads\/2022\/08\/VTZ-300x294.jpg 300w\" sizes=\"(max-width: 300px) 100vw, 300px\" \/>Od 1. \u010dervence 2022 je nov\u011b pr\u00e1vn\u00edmi p\u0159edpisy upravena oblast bezpe\u010dnosti technick\u00fdch za\u0159\u00edzen\u00ed (BTZ). Zm\u011bn je cel\u00e1 \u0159ada. Nov\u00e1 \u00faprava obsahuje i n\u011bkter\u00e9 nejasnosti a nesrovnalosti, nap\u0159. v oblasti provozov\u00e1n\u00ed vyhrazen\u00e9ho technick\u00e9ho za\u0159\u00edzen\u00ed (VTZ) bez <a href=\"http:\/\/bozppo-neu.cz\/?page_id=4417\"><strong>pr\u016fvodn\u00ed dokumentace<\/strong><\/a>, parametry pro hl\u00e1\u0161en\u00ed vzniku hav\u00e1ri\u00ed. Cel\u00e1 problematika si mus\u00ed tzv. sednout. Lze tedy p\u0159edpokl\u00e1dat, \u017ee do konce leto\u0161n\u00edho roku m\u016f\u017ee doj\u00edt k n\u011bkter\u00fdm up\u0159esn\u011bn\u00edm, jako\u017e i, \u017ee v p\u0159\u00ed\u0161t\u00edm roce budou OIP prov\u00e1d\u011bt kontroly, zda firmy a spole\u010dnosti upravily zaji\u0161t\u011bn\u00ed BTZ podle po\u017eadavk\u016f nov\u00e9 pr\u00e1vn\u00ed \u00fapravy.<\/p>\n<p>Informace k nov\u00e9 pr\u00e1vn\u00ed \u00faprav\u011b BTZ naleznete na str\u00e1nk\u00e1ch:<\/p>\n<p>\u2022 <strong><a href=\"http:\/\/bozppo-neu.cz\/?page_id=4367\">Nov\u00e1 pr\u00e1vn\u00ed \u00faprava bezpe\u010dnosti technick\u00fdch za\u0159\u00edzen\u00ed<\/a><\/strong><\/p>\n<p>\u2022 <strong><a href=\"http:\/\/bozppo-neu.cz\/?page_id=4438\">Nejpodstatn\u011bj\u0161\u00ed zm\u011bny v bezpe\u010dnosi technick\u00fdch za\u0159\u00edzen\u00ed<\/a><\/strong><\/p>\n<p>\u2022 <a href=\"http:\/\/bozppo-neu.cz\/?page_id=4430\"><strong>Co je pot\u0159eba ud\u011blat!<\/strong><\/a><\/p>\n<p>\u2022 <strong><a href=\"http:\/\/bozppo-neu.cz\/?page_id=4417\">Slovn\u00ed\u010dek pojm\u016f<\/a><\/strong><\/p>\n<p style=\"text-align: right;\">2022-08-27<\/p>\n<p style=\"text-align: right;\">\n<p style=\"text-align: center;\">\n","protected":false},"excerpt":{"rendered":"<p>Od 1. \u010dervence 2022 je nov\u011b pr\u00e1vn\u00edmi p\u0159edpisy upravena oblast bezpe\u010dnosti technick\u00fdch za\u0159\u00edzen\u00ed (BTZ). Zm\u011bn je cel\u00e1 \u0159ada. Nov\u00e1 \u00faprava obsahuje i n\u011bkter\u00e9 nejasnosti a nesrovnalosti, nap\u0159. v oblasti provozov\u00e1n\u00ed vyhrazen\u00e9ho technick\u00e9ho za\u0159\u00edzen\u00ed (VTZ) bez pr\u016fvodn\u00ed dokumentace, parametry pro hl\u00e1\u0161en\u00ed vzniku hav\u00e1ri\u00ed. Cel\u00e1 problematika si mus\u00ed tzv. sednout. Lze tedy p\u0159edpokl\u00e1dat, \u017ee do konce leto\u0161n\u00edho [&hellip;]<\/p>\n","protected":false},"author":1,"featured_media":0,"parent":0,"menu_order":0,"comment_status":"closed","ping_status":"closed","template":"","meta":[],"_links":{"self":[{"href":"https:\/\/bozppo-neu.cz\/index.php?rest_route=\/wp\/v2\/pages\/943"}],"collection":[{"href":"https:\/\/bozppo-neu.cz\/index.php?rest_route=\/wp\/v2\/pages"}],"about":[{"href":"https:\/\/bozppo-neu.cz\/index.php?rest_route=\/wp\/v2\/types\/page"}],"author":[{"embeddable":true,"href":"https:\/\/bozppo-neu.cz\/index.php?rest_route=\/wp\/v2\/users\/1"}],"replies":[{"embeddable":true,"href":"https:\/\/bozppo-neu.cz\/index.php?rest_route=%2Fwp%2Fv2%2Fcomments&post=943"}],"version-history":[{"count":29,"href":"https:\/\/bozppo-neu.cz\/index.php?rest_route=\/wp\/v2\/pages\/943\/revisions"}],"predecessor-version":[{"id":6007,"href":"https:\/\/bozppo-neu.cz\/index.php?rest_route=\/wp\/v2\/pages\/943\/revisions\/6007"}],"wp:attachment":[{"href":"https:\/\/bozppo-neu.cz\/index.php?rest_route=%2Fwp%2Fv2%2Fmedia&parent=943"}],"curies":[{"name":"wp","href":"https:\/\/api.w.org\/{rel}","templated":true}]}}