{"id":757,"date":"2017-01-15T12:52:28","date_gmt":"2017-01-15T11:52:28","guid":{"rendered":"http:\/\/bozppo-neu.cz\/?page_id=757"},"modified":"2023-04-01T09:49:15","modified_gmt":"2023-04-01T07:49:15","slug":"zaver-srovnavaci-analyzy-hodnoceni-rizik-na-pracovisti","status":"publish","type":"page","link":"https:\/\/bozppo-neu.cz\/?page_id=757","title":{"rendered":"Z\u00e1v\u011br srovn\u00e1vac\u00ed anal\u00fdzy hodnocen\u00ed rizik"},"content":{"rendered":"<p>Horst Rakel, kter\u00fd studoval r\u016fzn\u00e9 n\u00e1rodn\u00ed modely hodnocen\u00ed rizik, ve sv\u00e9 publikaci \u201eHodnocen\u00ed rizik na&nbsp;pracovi\u0161ti. Srovn\u00e1vac\u00ed anal\u00fdza upraven\u00fdch prax\u00ed v&nbsp;p\u011bti \u010dlensk\u00fdch zem\u00edch EU\u201c (1996) uzav\u0159el v\u0161e ne&nbsp;zcela v\u00e1\u017en\u011b: \u201epro\u010d nekombinovat holandsk\u00e9 rozhodov\u00e1n\u00ed, n\u011bmeck\u00e9 srovn\u00e1v\u00e1n\u00ed (dvou firem), britskou konzistenci, holandskou kompetentnost, \u0161v\u00e9dsk\u00fd celkov\u00fd pohled a sm\u011bs britsk\u00e9 a d\u00e1nsk\u00e9 (ne)komplexnosti\u201c.<\/p>\n<p>Zdroj: BOIX, Pere; VOGEL, Laurent. P\u0159eklad Kempa, Viktor. <em>Hodnocen\u00ed rizik na pracovi\u0161ti \u2013 P\u0159\u00edru\u010dka pro odborovou \u010dinnost.<\/em> Evropsk\u00e1 odborov\u00e1 technick\u00e1 kancel\u00e1\u0159 pro zdrav\u00ed a bezpe\u010dnosti. 1999<\/p>\n\n\n<pre class=\"wp-block-code\"><code><p align=\"center\"><a href=\"http:\/\/bozppo-neu.cz\/?page_id=751\"><img decoding=\"async\" loading=\"lazy\" src=\"http:\/\/bozppo-neu.cz\/img\/menubutton.jpg\" alt=\"o uroven vyse\" width=\"50\" height=\"72\"><\/a><\/p><\/code><\/pre>\n","protected":false},"excerpt":{"rendered":"<p>Horst Rakel, kter\u00fd studoval r\u016fzn\u00e9 n\u00e1rodn\u00ed modely hodnocen\u00ed rizik, ve sv\u00e9 publikaci \u201eHodnocen\u00ed rizik na&nbsp;pracovi\u0161ti. Srovn\u00e1vac\u00ed anal\u00fdza upraven\u00fdch prax\u00ed v&nbsp;p\u011bti \u010dlensk\u00fdch zem\u00edch EU\u201c (1996) uzav\u0159el v\u0161e ne&nbsp;zcela v\u00e1\u017en\u011b: \u201epro\u010d nekombinovat holandsk\u00e9 rozhodov\u00e1n\u00ed, n\u011bmeck\u00e9 srovn\u00e1v\u00e1n\u00ed (dvou firem), britskou konzistenci, holandskou kompetentnost, \u0161v\u00e9dsk\u00fd celkov\u00fd pohled a sm\u011bs britsk\u00e9 a d\u00e1nsk\u00e9 (ne)komplexnosti\u201c. Zdroj: BOIX, Pere; VOGEL, Laurent. P\u0159eklad [&hellip;]<\/p>\n","protected":false},"author":1,"featured_media":0,"parent":0,"menu_order":0,"comment_status":"closed","ping_status":"closed","template":"","meta":[],"_links":{"self":[{"href":"https:\/\/bozppo-neu.cz\/index.php?rest_route=\/wp\/v2\/pages\/757"}],"collection":[{"href":"https:\/\/bozppo-neu.cz\/index.php?rest_route=\/wp\/v2\/pages"}],"about":[{"href":"https:\/\/bozppo-neu.cz\/index.php?rest_route=\/wp\/v2\/types\/page"}],"author":[{"embeddable":true,"href":"https:\/\/bozppo-neu.cz\/index.php?rest_route=\/wp\/v2\/users\/1"}],"replies":[{"embeddable":true,"href":"https:\/\/bozppo-neu.cz\/index.php?rest_route=%2Fwp%2Fv2%2Fcomments&post=757"}],"version-history":[{"count":3,"href":"https:\/\/bozppo-neu.cz\/index.php?rest_route=\/wp\/v2\/pages\/757\/revisions"}],"predecessor-version":[{"id":5391,"href":"https:\/\/bozppo-neu.cz\/index.php?rest_route=\/wp\/v2\/pages\/757\/revisions\/5391"}],"wp:attachment":[{"href":"https:\/\/bozppo-neu.cz\/index.php?rest_route=%2Fwp%2Fv2%2Fmedia&parent=757"}],"curies":[{"name":"wp","href":"https:\/\/api.w.org\/{rel}","templated":true}]}}