{"id":668,"date":"2017-01-07T23:30:02","date_gmt":"2017-01-07T22:30:02","guid":{"rendered":"http:\/\/bozppo-neu.cz\/?page_id=668"},"modified":"2024-11-04T13:56:13","modified_gmt":"2024-11-04T12:56:13","slug":"minimum-pro-zamestnavatele-z-oblasti-pozarni-ochrany","status":"publish","type":"page","link":"https:\/\/bozppo-neu.cz\/?page_id=668","title":{"rendered":"Minimum pro zam\u011bstnavatele z oblasti po\u017e\u00e1rn\u00ed ochrany"},"content":{"rendered":"<p>Stru\u010dn\u00fd p\u0159ehled nejd\u016fle\u017eit\u011bj\u0161\u00edch informac\u00ed pro pr\u00e1vnickou nebo fyzickou podnikaj\u00edc\u00ed osobu o po\u017eadavc\u00edch zaji\u0161t\u011bn\u00ed po\u017e\u00e1rn\u00ed ochrany p\u0159in\u00e1\u0161\u00ed <a href=\"http:\/\/bozppo-neu.cz\/wp-content\/uploads\/2023\/04\/MINIMUM-PO-1.pdf\"><strong>Minimum pro vedouc\u00edho zam\u011bstnance z oblasti po\u017e\u00e1rn\u00ed ochrany<\/strong><\/a>. Dokument je zpracov\u00e1n tak, aby jej bylo mo\u017en\u00e9 vytisknout na jednu stranu form\u00e1tu A4.<\/p>\n<p>Obdobn\u00fdm zp\u016fsobem jsou zpracov\u00e1ny <strong><a href=\"http:\/\/bozppo-neu.cz\/wp-content\/uploads\/2023\/03\/minimum_bozp.pdf\">Z\u00e1kladn\u00ed informace nejen pro zam\u011bstnavatele o zaji\u0161\u0165ov\u00e1n\u00ed bezpe\u010dnosti a ochrany zdrav\u00ed p\u0159i pr\u00e1ci<\/a><\/strong>.<\/p>\n<p style=\"text-align: center;\">\u00a0<\/p>\n\n\n<pre class=\"wp-block-code\"><code><p align=\"center\"><a href=\"http:\/\/bozppo-neu.cz\/?page_id=9\"><img decoding=\"async\" loading=\"lazy\" src=\"http:\/\/bozppo-neu.cz\/img\/menubutton.jpg\" alt=\"o uroven vyse\" width=\"50\" height=\"72\"><\/a><\/p><\/code><\/pre>\n","protected":false},"excerpt":{"rendered":"<p>Stru\u010dn\u00fd p\u0159ehled nejd\u016fle\u017eit\u011bj\u0161\u00edch informac\u00ed pro pr\u00e1vnickou nebo fyzickou podnikaj\u00edc\u00ed osobu o po\u017eadavc\u00edch zaji\u0161t\u011bn\u00ed po\u017e\u00e1rn\u00ed ochrany p\u0159in\u00e1\u0161\u00ed Minimum pro vedouc\u00edho zam\u011bstnance z oblasti po\u017e\u00e1rn\u00ed ochrany. Dokument je zpracov\u00e1n tak, aby jej bylo mo\u017en\u00e9 vytisknout na jednu stranu form\u00e1tu A4. Obdobn\u00fdm zp\u016fsobem jsou zpracov\u00e1ny Z\u00e1kladn\u00ed informace nejen pro zam\u011bstnavatele o zaji\u0161\u0165ov\u00e1n\u00ed bezpe\u010dnosti a ochrany zdrav\u00ed p\u0159i pr\u00e1ci. [&hellip;]<\/p>\n","protected":false},"author":1,"featured_media":0,"parent":0,"menu_order":0,"comment_status":"closed","ping_status":"closed","template":"","meta":[],"_links":{"self":[{"href":"https:\/\/bozppo-neu.cz\/index.php?rest_route=\/wp\/v2\/pages\/668"}],"collection":[{"href":"https:\/\/bozppo-neu.cz\/index.php?rest_route=\/wp\/v2\/pages"}],"about":[{"href":"https:\/\/bozppo-neu.cz\/index.php?rest_route=\/wp\/v2\/types\/page"}],"author":[{"embeddable":true,"href":"https:\/\/bozppo-neu.cz\/index.php?rest_route=\/wp\/v2\/users\/1"}],"replies":[{"embeddable":true,"href":"https:\/\/bozppo-neu.cz\/index.php?rest_route=%2Fwp%2Fv2%2Fcomments&post=668"}],"version-history":[{"count":17,"href":"https:\/\/bozppo-neu.cz\/index.php?rest_route=\/wp\/v2\/pages\/668\/revisions"}],"predecessor-version":[{"id":5979,"href":"https:\/\/bozppo-neu.cz\/index.php?rest_route=\/wp\/v2\/pages\/668\/revisions\/5979"}],"wp:attachment":[{"href":"https:\/\/bozppo-neu.cz\/index.php?rest_route=%2Fwp%2Fv2%2Fmedia&parent=668"}],"curies":[{"name":"wp","href":"https:\/\/api.w.org\/{rel}","templated":true}]}}