{"id":622,"date":"2017-01-06T22:11:34","date_gmt":"2017-01-06T21:11:34","guid":{"rendered":"http:\/\/bozppo-neu.cz\/?page_id=622"},"modified":"2025-04-09T10:03:13","modified_gmt":"2025-04-09T08:03:13","slug":"hmatova-metoda-ovladani-klavesnice-deseti-prsty","status":"publish","type":"page","link":"https:\/\/bozppo-neu.cz\/?page_id=622","title":{"rendered":"Hmatov\u00e1 metoda ovl\u00e1d\u00e1n\u00ed kl\u00e1vesnice deseti prsty"},"content":{"rendered":"<p>Desetiprstov\u00e1 hmatov\u00e1 metoda slou\u017e\u00ed k vysoce efektivn\u00edmu ovl\u00e1d\u00e1n\u00ed kl\u00e1vesnice po\u010d\u00edta\u010de. Lze ji vyu\u017e\u00edt nejen k psan\u00ed textu, ale k\u00a0jak\u00e9koliv komunikaci s\u00a0po\u010d\u00edta\u010dem prost\u0159ednictv\u00edm kl\u00e1vesnice (pro psan\u00ed text\u016f sta\u010d\u00ed dev\u011bt prst\u016f, pro ovl\u00e1d\u00e1n\u00ed kl\u00e1vesnice je nutn\u00fdch v\u0161ech deset &#8211; v\u00edce o tom n\u00ed\u017ee). Je efektivn\u00ed nap\u0159\u00edklad p\u0159i programov\u00e1n\u00ed, tvorb\u011b webov\u00fdch str\u00e1nek \u010di vyhled\u00e1v\u00e1n\u00ed informac\u00ed na internetu.<\/p>\n<p><img decoding=\"async\" loading=\"lazy\" class=\"aligncenter wp-image-628\" src=\"http:\/\/bozppo-neu.cz\/wp-content\/uploads\/2017\/01\/klavesnice.jpg\" alt=\"klavesnice\" width=\"620\" height=\"352\" srcset=\"https:\/\/bozppo-neu.cz\/wp-content\/uploads\/2017\/01\/klavesnice.jpg 3181w, https:\/\/bozppo-neu.cz\/wp-content\/uploads\/2017\/01\/klavesnice-300x170.jpg 300w, https:\/\/bozppo-neu.cz\/wp-content\/uploads\/2017\/01\/klavesnice-768x436.jpg 768w, https:\/\/bozppo-neu.cz\/wp-content\/uploads\/2017\/01\/klavesnice-1024x581.jpg 1024w, https:\/\/bozppo-neu.cz\/wp-content\/uploads\/2017\/01\/klavesnice-1200x681.jpg 1200w\" sizes=\"(max-width: 620px) 100vw, 620px\" \/><\/p>\n<p>C\u00edlem metody nen\u00ed nau\u010dit se zn\u00e1t rozlo\u017een\u00ed jednotliv\u00fdch znak\u016f na kl\u00e1vesnici nazpam\u011b\u0165, ale vyp\u011bstovat si podm\u00edn\u011bn\u00e9 reflexy (nap\u0159\u00edklad: v = lev\u00fd ukazov\u00e1k vych\u00fdlit z\u00a0F \u0161ikmo vpravo dol\u016f; V = stisknout Shift a v; @ = stisknout Alt\u00a0Gr a v) a vytvo\u0159it automatick\u00e9 vazby mezi jednotliv\u00fdmi znaky, kter\u00e9 se v\u010detn\u011b sm\u011bru a vzd\u00e1lenosti pohybu p\u0159\u00edslu\u0161n\u00fdch prst\u016f fixuj\u00ed do podv\u011bdom\u00ed. Nap\u0159\u00edklad slovo \u201eChod\u201c se d\u00edky tomu p\u00ed\u0161e jako v\u011bdom\u00fd celek, nikoliv, aby bylo nutn\u00e9 p\u0159em\u00fd\u0161let nad t\u00edm, \u017ee mus\u00ed b\u00fdt stisknuty kl\u00e1vesy Shift a C, uvoln\u011bna kl\u00e1vesa Shift, stisknuty kl\u00e1vesy H, O a D (to v\u0161e zajist\u00ed podv\u011bdom\u00ed; prakticky se jedn\u00e1 o roz\u0161\u00ed\u0159en\u00ed vyu\u017eiteln\u00e9 kapacity mozku, a to a\u017e p\u0159\u00edpadn\u011b do t\u00e9 m\u00edry, \u017ee je mo\u017eno vykon\u00e1vat soub\u011b\u017en\u011b dv\u011b spolu nesouvisej\u00edc\u00ed \u010dinnosti ani\u017e jedna naru\u0161uje druhou).<\/p>\n<p>Obdobn\u011b to plat\u00ed pro generov\u00e1n\u00ed nap\u0159\u00edklad: &lt;td colspan=\u20192\u2019&gt;Uve\u010fte sv\u00e9 jm\u00e9no: &lt;\/td&gt; (bohu\u017eel, st\u00e1le se vyu\u010duje pouh\u00e9 psan\u00ed na kl\u00e1vesnici, co\u017e po\u0161kozuje tuto metodu v jej\u00edm vn\u00edm\u00e1n\u00ed u mlad\u00fdch lid\u00ed). P\u0159i vyu\u017eit\u00ed hmatov\u00e9 metody nen\u00ed nutn\u00e9 p\u0159em\u00fd\u0161let nad t\u00edm, \u017ee \u201e\u00e9\u201c se nach\u00e1z\u00ed na \u010desk\u00e9m rozlo\u017een\u00ed a \u201e&gt;\u201c na americk\u00e9m a nelze je oboj\u00ed bez p\u0159epnut\u00ed mezi rozlo\u017een\u00edmi kl\u00e1ves nebo pou\u017eit\u00ed hork\u00fdch kl\u00e1ves ps\u00e1t rovnou (op\u011bt to zajist\u00ed podv\u011bdom\u00ed, tedy je to\u00a0generov\u00e1no automaticky bez p\u0159em\u00fd\u0161len\u00ed jako jeden v\u011bdom\u00fd celek tak, jak plyne my\u0161lenka).<\/p>\n<p>Tato schopnost ovl\u00e1d\u00e1n\u00ed kl\u00e1vesnice umo\u017e\u0148uje pln\u011b se soust\u0159edit na generov\u00e1n\u00ed my\u0161lenky do po\u010d\u00edta\u010de (obdobn\u011b jako by byla n\u011bkomu diktov\u00e1na), nebo\u0165 nen\u00ed pot\u0159eba se rozptylovat zp\u016fsobem ovl\u00e1d\u00e1n\u00ed kl\u00e1vesnice. D\u00edky tomu nedoch\u00e1z\u00ed k\u00a0\u201ep\u0159etr\u017een\u00ed\u201c tv\u016fr\u010d\u00ed my\u0161lenky p\u0159i jej\u00edm z\u00e1znamu do po\u010d\u00edta\u010de. Tv\u016fr\u010d\u00ed \u010dinnost je pak rychlej\u0161\u00ed, a to nejen z\u00a0d\u016fvodu rychlej\u0161\u00edho zp\u016fsobu generov\u00e1n\u00ed znak\u016f, ale p\u0159edev\u0161\u00edm z d\u016fvodu \u201enep\u0159etr\u017een\u00ed\u201c tv\u016fr\u010d\u00ed my\u0161lenky (eliminuje myln\u011b ch\u00e1pan\u00fd proces tv\u016fr\u010d\u00ed \u010dinnosti \u2013 j\u00e1 rychleji p\u00ed\u0161u ne\u017e mysl\u00edm; p\u0159itom pomaleji mysl\u00ed, proto\u017ee z\u00e1rove\u0148 mus\u00ed myslet na psan\u00ed, tedy nejen na to co p\u00ed\u0161e, ale t\u00e9\u017e i na to, jak se to p\u00ed\u0161e).<\/p>\n<p>P\u0159i pou\u017e\u00edv\u00e1n\u00ed hmatov\u00e9 metody je v\u00fdsledek tv\u016fr\u010d\u00ed \u010dinnosti kvalitn\u011bj\u0161\u00ed, nebo\u0165 pro tvorbu je uvoln\u011bn v\u011bt\u0161\u00ed tv\u016fr\u010d\u00ed potenci\u00e1l jedince (ud\u00e1v\u00e1 se, \u017ee p\u0159i psan\u00ed na kl\u00e1vesnici bez pou\u017eit\u00ed hmatov\u00e9 metody se sni\u017euje intelektu\u00e1ln\u00ed kapacita a\u017e na jednu t\u0159etinu). P\u0159i pou\u017eit\u00ed hmatov\u00e9 metody je mo\u017en\u00e9 myslet jen na to, co se vytv\u00e1\u0159\u00ed, nikoliv i na to, jak se to mus\u00ed vytvo\u0159it (to zaji\u0161\u0165uje podv\u011bdom\u00ed). Nav\u00edc tr\u00e9nink mechanick\u00e9 pam\u011bti je p\u0159edpokladem pro rozvoj samostatn\u00e9ho logick\u00e9ho my\u0161len\u00ed.<\/p>\n<p>P\u0159i <a href=\"http:\/\/bozppo-neu.cz\/wp-content\/uploads\/2017\/02\/rady-pro-samouky.pdf\"><strong>v\u00fduce<\/strong><\/a>\u00a0nejde jen o osvojen\u00ed prstokladu, zjednodu\u0161en\u011b \u0159e\u010deno, kter\u00fdm prstem se kter\u00e1 kl\u00e1vesa ovl\u00e1d\u00e1, ale i o spr\u00e1vn\u00fd zp\u016fsob sezen\u00ed, dr\u017een\u00ed rukou (odstra\u0148uje probl\u00e9m syndromu karp\u00e1ln\u00edho tunelu), psan\u00ed naslepo, techniku tisknut\u00ed kl\u00e1ves a p\u0159edev\u0161\u00edm o ji\u017e uveden\u00e9 ovl\u00e1d\u00e1n\u00ed kl\u00e1vesnice z\u00a0podv\u011bdom\u00ed. T\u00edm v\u0161\u00edm se v\u00fdrazn\u011b odli\u0161uje od pouh\u00e9ho psan\u00ed v\u0161emi deseti prsty zpam\u011bti, kdy je nutn\u00e9 si zapamatovat, kter\u00fd prst kterou kl\u00e1vesu ovl\u00e1d\u00e1. Tento zp\u016fsob umo\u017e\u0148uje pouze psan\u00ed, resp. generov\u00e1n\u00ed po jednotliv\u00fdch znac\u00edch, nikoliv, jako hmatov\u00e1 metoda, po v\u011bdom\u00fdch celc\u00edch (slovech, slovn\u00edch spojen\u00edch nebo \u0159et\u011bzc\u00edch), nebo\u0165 se p\u0159i jeho v\u00fduce vytv\u00e1\u0159\u00ed pouze vazby mezi jednotliv\u00fdm prstem a jemu p\u0159i\u0159azenou skupinou znak\u016f.<\/p>\n<h4>Nev\u00fdhody metody<\/h4>\n<p>V\u00fduka hmatov\u00e9 metody pro psan\u00ed textu trv\u00e1 minim\u00e1ln\u011b 50 vyu\u010dovac\u00edch hodin a pro ovl\u00e1d\u00e1n\u00ed t\u00e9m\u011b\u0159 cel\u00e9 kl\u00e1vesnice po\u010d\u00edta\u010de minim\u00e1ln\u011b 80 vyu\u010dovac\u00edch hodin. To je asi jej\u00ed nejv\u011bt\u0161\u00ed nev\u00fdhodou. Dal\u0161\u00ed nev\u00fdhodou se m\u016f\u017ee jevit nez\u00e1\u017eivnost v\u00fduky, a to zvl\u00e1\u0161t\u011b v po\u010d\u00e1tku. &#8222;Nesmysln\u00e9&#8220; psan\u00ed nelogick\u00fdch v\u00fdraz\u016f m\u00e1 v\u0161ak sv\u00e9 opodstatn\u011bn\u00ed pro postupn\u00e9 vytv\u00e1\u0159en\u00ed dynamick\u00e9ho stereotypu, jen\u017e je z\u00e1kladem \u00fasp\u011b\u0161n\u00e9ho vyu\u017e\u00edv\u00e1n\u00ed metody.<\/p>\n<p>Pro n\u011bkter\u00e9 m\u016f\u017ee b\u00fdt nev\u00fdhodou i to, \u017ee pomoc\u00ed n\u00ed nelze ovl\u00e1dat kl\u00e1vesy Esc a\u017e Pause\/Break. Tyto kl\u00e1vesy mus\u00ed b\u00fdt ovl\u00e1d\u00e1ny v\u011bdom\u011b.<\/p>\n<h4>V\u00fdhody pou\u017eit\u00ed metody<\/h4>\n<p>Jej\u00edmi z\u0159ejm\u00fdmi v\u00fdhodami jsou rychlost po\u0159izov\u00e1n\u00ed dat a dosahov\u00e1n\u00ed v\u00fdrazn\u011b men\u0161\u00ed chybovosti. C\u00edlem by nem\u011blo b\u00fdt dosahov\u00e1n\u00ed extr\u00e9mn\u00edch rychlost\u00ed, nebo\u0165 by m\u011bly b\u00fdt zohledn\u011bny i ergonomick\u00e9 po\u017eadavky. P\u0159edev\u0161\u00edm pr\u00e1vn\u00edm p\u0159edpisem stanoven\u00fd maxim\u00e1ln\u00ed povolen\u00fd po\u010det pohyb\u016f prst\u016f a ruky (pr\u016fm\u011brn\u00fd minutov\u00fd po\u010det pohyb\u016f prst\u016f a ruky nesm\u00ed b\u00fdt vy\u0161\u0161\u00ed ne\u017e 110 pohyb\u016f; k\u00a0naps\u00e1n\u00ed jednoho alfabetick\u00e9ho znaku hmatovou metodou je v\u00a0pr\u016fm\u011bru zapot\u0159eb\u00ed 3,28 pohybu drobn\u00fdch sval\u016f prstu). Za optim\u00e1ln\u00ed rychlost pro vyu\u017eit\u00ed v\u00a0praxi lze pova\u017eovat 200 a\u017e 250 \u010dist\u00fdch \u00fahoz\u016f na minutu, tj. cca 2,5 \u0159\u00e1dku.<\/p>\n<p>Dal\u0161\u00edmi v\u00fdhodami hmatov\u00e9 metody jsou:<\/p>\n<ul>\n<li>zautomatizovan\u00fd zp\u016fsob generov\u00e1n\u00ed \u0159et\u011bzc\u016f v\u010detn\u011b kl\u00e1vesov\u00fdch zkratek, nap\u0159\u00edklad pro p\u0159ep\u00edn\u00e1n\u00ed mezi r\u016fzn\u00fdmi n\u00e1rodn\u00edmi rozlo\u017een\u00edmi kl\u00e1ves, co\u017e umo\u017e\u0148uje v\u00fdznamn\u00fd n\u00e1r\u016fst sady znak\u016f, je\u017e je mo\u017en\u00e9 plynule pou\u017e\u00edvat, jako by v\u0161echny byly sou\u010dasn\u011b um\u00edst\u011bny na jedn\u00e9 kl\u00e1vesnici (\u0159e\u0161\u00ed z\u00e1kladn\u00ed probl\u00e9m s\u00a0rozlo\u017een\u00edm kl\u00e1ves QWERTY oproti QWERTZ a t\u00e9\u017e i probl\u00e9m nepou\u017e\u00edv\u00e1n\u00ed diakritiky),<\/li>\n<li>uvoln\u011bn\u00ed tv\u016fr\u010d\u00edho potenci\u00e1lu pro vlastn\u00ed tvorbu,<\/li>\n<li>n\u00e1maha spojen\u00e1 s po\u0159izov\u00e1n\u00edm dat se rozkl\u00e1d\u00e1 na v\u011bt\u0161\u00ed po\u010det prst\u016f ne\u017e p\u0159i \u201e\u0165uk\u00e1n\u00ed\u201c jen n\u011bkolika z nich,<\/li>\n<li>eliminuje nebezpe\u010d\u00ed osln\u011bn\u00ed od obrazovky,<\/li>\n<li>umo\u017e\u0148uje v\u00fdhodn\u011bj\u0161\u00ed uspo\u0159\u00e1d\u00e1n\u00ed pracovi\u0161t\u011b,<\/li>\n<li>\u0161et\u0159\u00ed zrak,<\/li>\n<li>zcela odstra\u0148uje nebezpe\u010d\u00ed syndromu karp\u00e1ln\u00edho tunelu a t\u00e9\u017e v\u00fdznamn\u011b chr\u00e1n\u00ed p\u00e1te\u0159,<\/li>\n<li>rozv\u00edj\u00ed soust\u0159ed\u011bn\u00ed.<\/li>\n<\/ul>\n<p><img decoding=\"async\" loading=\"lazy\" class=\"aligncenter wp-image-1787\" src=\"http:\/\/bozppo-neu.cz\/wp-content\/uploads\/2017\/02\/radkovani.jpg\" alt=\"radkovani\" width=\"600\" height=\"328\" srcset=\"https:\/\/bozppo-neu.cz\/wp-content\/uploads\/2017\/02\/radkovani.jpg 768w, https:\/\/bozppo-neu.cz\/wp-content\/uploads\/2017\/02\/radkovani-300x164.jpg 300w\" sizes=\"(max-width: 600px) 100vw, 600px\" \/><\/p>\n<p>K dosa\u017een\u00ed uveden\u00fdch v\u00fdhod je nezbytn\u00e9 hmatovou metodu dob\u0159e ovl\u00e1dat. P\u0159i jej\u00ed v\u00fduce je d\u016fle\u017eit\u00e9 dodr\u017eet n\u011bkter\u00e1 pravidla a postupy (<strong><a href=\"http:\/\/bozppo-neu.cz\/wp-content\/uploads\/2017\/02\/rady-pro-samouky.pdf\">pokyny <\/a><a href=\"http:\/\/bozppo-neu.cz\/wp-content\/uploads\/2017\/02\/rady-pro-samouky.pdf\">pro samouky<\/a><\/strong>).<\/p>\n<h4>Dev\u00edti nebo deseti prsty?<\/h4>\n<p>Ovl\u00e1dat kl\u00e1vesnici pomoc\u00ed hmatov\u00e9 metody lze dev\u00edti nebo deseti prsty (mezern\u00edk ovl\u00e1d\u00e1 jeden nebo oba palce).<\/p>\n<p>Pro pou\u017eit\u00ed v\u00a0praxi je v\u00fdhodn\u011bj\u0161\u00ed ovl\u00e1d\u00e1n\u00ed opravdu deseti prsty hmatovou metodou, nebo\u0165 zaji\u0161\u0165uje t\u00e9m\u011b\u0159 rovnom\u011brn\u00e9 zat\u011b\u017eov\u00e1n\u00ed obou rukou, omezuje extr\u00e9mn\u00ed zvy\u0161ov\u00e1n\u00ed rychlosti a umo\u017e\u0148uje vy\u0161\u0161\u00ed produktivitu pr\u00e1ce p\u0159i dodr\u017een\u00ed pravidel ochrany zdrav\u00ed (p\u0159i psan\u00ed mezery pouze prav\u00fdm palem je mo\u017en\u00e9 napsat maxim\u00e1ln\u011b 27 103 \u00fahoz\u016f za pracovn\u00ed sm\u011bnu, p\u0159i psan\u00ed lev\u00fdm palcem 28 847 \u00fahoz\u016f a p\u0159i st\u0159\u00eddav\u00e9m psan\u00ed p\u0159ibli\u017en\u011b 31 400 \u00fahoz\u016f).<\/p>\n<p>Ovl\u00e1d\u00e1n\u00ed kl\u00e1vesnice pomoc\u00ed obou palc\u016f je nutn\u00e9 pro pou\u017e\u00edv\u00e1n\u00ed kl\u00e1ves Alt (Alt a Alt Gr) a kl\u00e1ves numerick\u00e9 d\u00edl\u010d\u00ed kl\u00e1vesnice. Pro pouh\u00e9 psan\u00ed textu na kl\u00e1vesnici je mo\u017en\u00e9 vyu\u017e\u00edvat pouze dev\u011bt prst\u016f. V tomto p\u0159\u00edpad\u011b je mo\u017en\u00e9 mezern\u00edk ovl\u00e1dat pouze lev\u00fdm palcem, nebo, co\u017e je v\u00fdhodn\u011bj\u0161\u00ed, st\u0159\u00eddav\u011b ob\u011bma.<\/p>\n<h4>Jak je to s konkurenc\u00ed?<\/h4>\n<p>N\u011bkomu se m\u016f\u017ee zd\u00e1t v\u00fduka hmatov\u00e9 metody ovl\u00e1d\u00e1n\u00ed kl\u00e1vesnice dnes ji\u017e zbyte\u010dnou, nebo\u0165 nastupuje progresivn\u011bj\u0161\u00ed zp\u016fsob vkl\u00e1d\u00e1n\u00ed textu do po\u010d\u00edta\u010de, a to formou p\u0159\u00edm\u00e9ho p\u0159evodu \u0159e\u010di do textu. Ji\u017e \u0159adu let se vyv\u00edj\u00ed speci\u00e1ln\u00ed software, kter\u00fd umo\u017e\u0148uje diktov\u00e1n\u00ed textu p\u0159\u00edmo do po\u010d\u00edta\u010de. R\u016fzn\u00e9 programy to umo\u017e\u0148uj\u00ed na r\u016fzn\u00e9 \u00farovni. Av\u0161ak zat\u00edm, i kdy\u017e reklamy tvrd\u00ed opak, \u017e\u00e1dn\u00fd program neumo\u017e\u0148uje takovou efektivitu pr\u00e1ce, jako profesion\u00e1ln\u00ed ovl\u00e1d\u00e1n\u00ed kl\u00e1vesnice pomoc\u00ed hmatov\u00e9 metody.<\/p>\n<p>D\u016fvodem nen\u00ed rychlost \u201ez\u00e1pisu\u201c, ale jeho kvalita, resp. p\u0159esnost z\u00e1pisu, tedy chybovost v textu. Maj\u00ed-li b\u00fdt p\u00edsa\u0159 nebo p\u00edsa\u0159ka vyu\u017e\u00edvaj\u00edc\u00ed hmatov\u00e9 metody pova\u017eov\u00e1ni za ovl\u00e1daj\u00edc\u00ed ji, nesm\u00ed jejich chybovost z\u00e1pisu textu p\u0159ekro\u010dit hranici 0,5 %. U softwaru pro p\u0159evod \u0159e\u010di do textu zku\u0161en\u00fd u\u017eivatel m\u016f\u017ee dos\u00e1hnout a\u017e 98% p\u0159esnosti \u201ez\u00e1pisu\u201c, tedy minim\u00e1ln\u011b chybovosti 2 %. Srovn\u00e1me-li nejlep\u0161\u00ed mo\u017en\u00fd v\u00fdkon p\u0159esnosti \u201ez\u00e1pisu\u201c textu p\u0159i pou\u017eit\u00ed softwaru pro p\u0159evod \u0159e\u010di do textu s nejhor\u0161\u00edm p\u0159\u00edpustn\u00fdm limitem chybovosti pro ovl\u00e1d\u00e1n\u00ed hmatovou metodou, je chybovost p\u0159i p\u0159evodu \u0159e\u010di do textu \u010dty\u0159n\u00e1sobn\u00e1. To znamen\u00e1, \u017ee v praxi je <strong>minim\u00e1ln\u011b<\/strong> \u010dty\u0159n\u00e1sobn\u00e1. K odstran\u011bn\u00ed t\u011bchto chyb je pot\u0159eba v\u00edce \u010dasu, ne\u017e \u010din\u00ed jeho \u00faspora z\u00edskan\u00e1 vy\u0161\u0161\u00ed rychlost\u00ed \u201ez\u00e1pisu\u201c (p\u0159i psan\u00ed hmatovou metodou jsou mnoh\u00e9 chyby opraveny ihned p\u0159i psan\u00ed textu, co\u017e tak\u00e9 sni\u017euje celkovou \u010dasovou n\u00e1ro\u010dnost na vytvo\u0159en\u00ed textu). Proto dosud nejefektivn\u011bj\u0161\u00edm zp\u016fsobem z\u00e1pisu textu do po\u010d\u00edta\u010de je vyu\u017eit\u00ed hmatov\u00e9 metody ovl\u00e1d\u00e1n\u00ed kl\u00e1vesnice deseti prsty.<\/p>\n<h4>Dal\u0161\u00ed informace a zaj\u00edmavosti<\/h4>\n<p><strong><a href=\"http:\/\/bozppo-neu.cz\/wp-content\/uploads\/2017\/02\/rady-pro-samouky.pdf\">Z\u00e1kladn\u00ed pokyny pro samouky k v\u00fduce hmatov\u00e9 metody<\/a><\/strong><\/p>\n<p><a href=\"http:\/\/bozppo-neu.cz\/wp-content\/uploads\/2017\/02\/rekordy.pdf\"><strong>Nejen o \u010desk\u00fdch rekordech<\/strong><\/a><\/p>\n<p><strong><a href=\"http:\/\/bozppo-neu.cz\/wp-content\/uploads\/2017\/02\/QWERTZ.pdf\">Je v\u00fdhodn\u011bj\u0161\u00ed rozlo\u017een\u00ed kl\u00e1ves QWERTY nebo QWERTZ?<\/a><\/strong><\/p>\n<p style=\"text-align: right;\">2017-01-24<\/p>\n<p style=\"text-align: center;\">\n","protected":false},"excerpt":{"rendered":"<p>Desetiprstov\u00e1 hmatov\u00e1 metoda slou\u017e\u00ed k vysoce efektivn\u00edmu ovl\u00e1d\u00e1n\u00ed kl\u00e1vesnice po\u010d\u00edta\u010de. Lze ji vyu\u017e\u00edt nejen k psan\u00ed textu, ale k\u00a0jak\u00e9koliv komunikaci s\u00a0po\u010d\u00edta\u010dem prost\u0159ednictv\u00edm kl\u00e1vesnice (pro psan\u00ed text\u016f sta\u010d\u00ed dev\u011bt prst\u016f, pro ovl\u00e1d\u00e1n\u00ed kl\u00e1vesnice je nutn\u00fdch v\u0161ech deset &#8211; v\u00edce o tom n\u00ed\u017ee). Je efektivn\u00ed nap\u0159\u00edklad p\u0159i programov\u00e1n\u00ed, tvorb\u011b webov\u00fdch str\u00e1nek \u010di vyhled\u00e1v\u00e1n\u00ed informac\u00ed na internetu. C\u00edlem [&hellip;]<\/p>\n","protected":false},"author":1,"featured_media":0,"parent":0,"menu_order":0,"comment_status":"closed","ping_status":"closed","template":"","meta":[],"_links":{"self":[{"href":"https:\/\/bozppo-neu.cz\/index.php?rest_route=\/wp\/v2\/pages\/622"}],"collection":[{"href":"https:\/\/bozppo-neu.cz\/index.php?rest_route=\/wp\/v2\/pages"}],"about":[{"href":"https:\/\/bozppo-neu.cz\/index.php?rest_route=\/wp\/v2\/types\/page"}],"author":[{"embeddable":true,"href":"https:\/\/bozppo-neu.cz\/index.php?rest_route=\/wp\/v2\/users\/1"}],"replies":[{"embeddable":true,"href":"https:\/\/bozppo-neu.cz\/index.php?rest_route=%2Fwp%2Fv2%2Fcomments&post=622"}],"version-history":[{"count":22,"href":"https:\/\/bozppo-neu.cz\/index.php?rest_route=\/wp\/v2\/pages\/622\/revisions"}],"predecessor-version":[{"id":6093,"href":"https:\/\/bozppo-neu.cz\/index.php?rest_route=\/wp\/v2\/pages\/622\/revisions\/6093"}],"wp:attachment":[{"href":"https:\/\/bozppo-neu.cz\/index.php?rest_route=%2Fwp%2Fv2%2Fmedia&parent=622"}],"curies":[{"name":"wp","href":"https:\/\/api.w.org\/{rel}","templated":true}]}}