{"id":609,"date":"2017-01-06T21:01:56","date_gmt":"2017-01-06T20:01:56","guid":{"rendered":"http:\/\/bozppo-neu.cz\/?page_id=609"},"modified":"2023-03-15T12:06:16","modified_gmt":"2023-03-15T11:06:16","slug":"bibliograficke-citace","status":"publish","type":"page","link":"https:\/\/bozppo-neu.cz\/?page_id=609","title":{"rendered":"Bibliografick\u00e9 citace aneb n\u011bco m\u00e1lo z autorsk\u00e9ho z\u00e1kona"},"content":{"rendered":"<p>Pokud jsou informace na m\u00e9m webu pro v\u00e1s natolik zaj\u00edmav\u00e9, \u017ee byste je r\u00e1di pou\u017eili do vlastn\u00ed pr\u00e1ce (v\u00a0<a href=\"http:\/\/bozppo-neu.cz\/?page_id=1365\">prezentaci<\/a>, do\u00a0sylabu pro \u0161kolen\u00ed vedouc\u00edch zam\u011bstnanc\u016f, do \u0161koln\u00ed pr\u00e1ce apod.), tedy r\u00e1di byste je citovali, nezapome\u0148te, pros\u00edm, \u017ee je lze v\u00a0souladu s\u00a0autorsk\u00fdm z\u00e1konem p\u0159evz\u00edt pouze v\u00a0p\u0159\u00edpad\u011b bude-li:<\/p>\n<ul>\n<li>v\u00a0od\u016fvodn\u011bn\u00e9 m\u00ed\u0159e u\u017eito v\u00fd\u0148atk\u016f ze\u00a0zve\u0159ejn\u011bn\u00fdch d\u011bl ve\u00a0vlastn\u00edm d\u00edle,<\/li>\n<li>u\u017eito v\u00fd\u0148atku z\u00a0d\u00edla nebo cel\u00e9 drobn\u00e9 d\u00edlo pro \u00fa\u010dely kritiky nebo recenze k\u00a0tomuto d\u00edlu, v\u011bdeck\u00e9 \u010di odborn\u00e9 tvorb\u011b a takov\u00e9 u\u017eit\u00ed bude v souladu s poctiv\u00fdmi zvyklostmi a v rozsahu vy\u017eadovan\u00e9m konkr\u00e9tn\u00edm \u00fa\u010delem,<\/li>\n<li>vyu\u017eito d\u00edlo p\u0159i vyu\u010dov\u00e1n\u00ed pro ilustra\u010dn\u00ed \u00fa\u010del nebo p\u0159i v\u011bdeck\u00e9m v\u00fdzkumu, jejich\u017e \u00fa\u010delem nen\u00ed dosa\u017een\u00ed hospod\u00e1\u0159sk\u00e9ho nebo obchodn\u00edho prosp\u011bchu a nep\u0159es\u00e1hne rozsah odpov\u00eddaj\u00edc\u00ed sledovan\u00e9mu \u00fa\u010delu.<\/li>\n<\/ul>\n<p>P\u0159itom mus\u00ed b\u00fdt spln\u011bn po\u017eadavek autorsk\u00e9ho z\u00e1kona: \u201ev\u017edy je v\u0161ak nutno uv\u00e9st, je-li to mo\u017en\u00e9, jm\u00e9no autora, nejde-li o d\u00edlo anonymn\u00ed, nebo jm\u00e9no osoby, pod jej\u00edm\u017e jm\u00e9nem se d\u00edlo uv\u00e1d\u00ed na ve\u0159ejnost, a d\u00e1le n\u00e1zev d\u00edla a pramen\u201c.<\/p>\n<p>Podle autorsk\u00e9ho z\u00e1kona je mo\u017en\u00e9 ciz\u00ed autorsk\u00e9 d\u00edlo rozmno\u017eit pouze pro vlastn\u00ed pot\u0159ebu, tedy ne zve\u0159ejnit jej ve sv\u00e9\u00a0prezentaci, na sv\u00fdch webov\u00fdch str\u00e1nk\u00e1ch nebo jej za\u0159adit do sv\u00e9ho ti\u0161t\u011bn\u00e9ho dokumentu, vyjma v\u00fd\u0161e uveden\u00fdch mo\u017enost\u00ed.<\/p>\n<p>Autorem na webu uveden\u00fdch text\u016f jsem j\u00e1. Pou\u017eit\u00e9 obr\u00e1zky a fotografie jsou od v\u00edce autor\u016f \u2013\u00a0<a href=\"http:\/\/www.neugebauerova.cz\/\">Alice Neugebauerov\u00e9<\/a> (nap\u0159\u00edklad perokresby, plaketa &#8222;Profesion\u00e1l BOZP&#8220;),\u00a0Tom\u00e1\u0161e P\u0161eni\u010dky (spr\u00e1vn\u00e9 sezen\u00ed, cviky atd.), Svatopluka Fukse (ocen\u011bn\u00ed spr\u00e1vn\u00e1 praxe), &#8230;\u00a0N\u011bkter\u00e9 jsou i m\u00fdm d\u00edlem (kancel\u00e1\u0159, knihy, spisov\u00e1 slu\u017eba, n\u00e1st\u011bnka, sch\u00e9ma \u00farazu a managementu rizik, \u00fanikov\u00e1 cesta atd.). Drobn\u00e9 animace n\u011bkter\u00fdch kreseb provedl Ing. \u0160t\u011bp\u00e1n For\u0161t.<\/p>\n<h4>Bibliografick\u00e9 citace<\/h4>\n<p>Seznam pou\u017eit\u00e9 literatury nebo elektronick\u00fdch zdrojov\u00fdch dokument\u016f (autorsk\u00fdch d\u011bl), kter\u00fd se naz\u00fdv\u00e1 bibliografick\u00e9 citace, je souborem \u00fadaj\u016f o citovan\u00fdch nebo parafr\u00e1zovan\u00fdch textech autorsk\u00fdch d\u011bl, nebo jejich \u010d\u00e1st\u00ed, kter\u00fd umo\u017e\u0148uje jejich identifikaci, v\u010detn\u011b ov\u011b\u0159en\u00ed \u00fadaj\u016f. Tak\u00e9 \u010dten\u00e1\u0159i umo\u017e\u0148uje z\u00edskat informaci o dal\u0161\u00edch zdroj\u00edch, kter\u00e9 se dot\u00fdkaj\u00ed popisovan\u00e9 problematiky. Z\u00e1klad citace tvo\u0159\u00ed prvky, kter\u00e9 je nezbytn\u00e9 uv\u00e9st, pokud je d\u00edlo obsahuje.<\/p>\n<p>Citovanou \u010d\u00e1st\u00ed d\u00edla nen\u00ed my\u0161lena pouze doslovn\u00e1 citace, kter\u00e1 se v\u011bt\u0161inou uv\u00e1d\u00ed do uvozovek nebo kursivou, ale t\u00e9\u017e i nep\u0159\u00edm\u00e1 citace (parafr\u00e1ze), kdy citovan\u00fd text autor vyj\u00e1d\u0159\u00ed vlastn\u00edmi slovy p\u0159i\u010dem\u017e p\u016fvodn\u00ed v\u00fdznam z\u016fst\u00e1v\u00e1 zachov\u00e1n. I v\u00a0tomto p\u0159\u00edpad\u011b je nutn\u00e9 uv\u00e9st autora a zdroj. Pokud se neuvede, doch\u00e1z\u00ed k\u00a0vytvo\u0159en\u00ed plagi\u00e1tu.<\/p>\n<p>Bibliografick\u00e9 citace navazuj\u00ed na odkazy uveden\u00e9 p\u0159\u00edmo v\u00a0textu, kter\u00e9 slou\u017e\u00ed k\u00a0identifikaci, co bylo p\u0159evzato od jin\u00e9ho autora (mus\u00ed b\u00fdt uvedeny bezprost\u0159edn\u011b za textem \u010derpan\u00fdm z\u00a0jin\u00e9ho zdroje), a k\u00a0nasm\u011brov\u00e1n\u00ed \u010dten\u00e1\u0159e na p\u0159\u00edslu\u0161nou polo\u017eku v bibliografick\u00fdch citac\u00edch, je\u017e uv\u00e1d\u00ed d\u00edlo, z\u00a0kter\u00e9ho bylo \u010derp\u00e1no.<\/p>\n<h4>Proveden\u00ed bibliografick\u00fdch citac\u00ed<\/h4>\n<p>Zp\u016fsob proveden\u00ed bibliografick\u00fdch citac\u00ed je uveden v\u00a0technick\u00e9 norm\u011b, a to v\u010detn\u011b citac\u00ed z\u00a0elektronick\u00fdch m\u00e9di\u00ed (\u010cSN ISO 690:2011). Norma uv\u00e1d\u00ed t\u0159i metody citov\u00e1n\u00ed \u2013 formu jm\u00e9no-datum (harvardsk\u00fd syst\u00e9m), formu \u010d\u00edseln\u00e9ho odkazu a formu pr\u016fb\u011b\u017en\u00fdch pozn\u00e1mek. V\u00a0dokumentu m\u016f\u017ee b\u00fdt pou\u017eita v\u017edy jen jedna.<\/p>\n<p>Forma jm\u00e9no-datum je v\u00fdznamn\u011b odli\u0161n\u00e1 od b\u011b\u017en\u011b pou\u017e\u00edvan\u00e9ho zp\u016fsobu uv\u00e1d\u011bn\u00ed bibliografick\u00fdch citac\u00ed. Jak n\u00e1zev nazna\u010duje, odkazuje na bibliografick\u00e9 citace formou uveden\u00ed p\u0159\u00edjmen\u00ed autora a data vyd\u00e1n\u00ed d\u00edla, p\u0159\u00edpadn\u011b i str\u00e1nky, pokud se jedn\u00e1 o odkaz na konkr\u00e9tn\u00ed \u010d\u00e1st d\u00edla, p\u0159\u00edmo v\u00a0textu.<\/p>\n<p>P\u0159i pou\u017eit\u00ed formy \u010d\u00edseln\u00e9ho odkazu se v\u00a0textu odkazuje po\u0159adov\u00fdm \u010d\u00edslem citace a str\u00e1nkou. \u010c\u00edslo odkazu se vkl\u00e1d\u00e1 do kulat\u00fdch nebo hranat\u00fdch z\u00e1vorek, p\u0159\u00edpadn\u011b je mo\u017en\u00e9 jej uv\u00e9st jako horn\u00ed index. \u010c\u00edslov\u00e1n\u00ed se prov\u00e1d\u00ed pr\u016fb\u011b\u017en\u011b v\u00a0cel\u00e9m dokumentu. Pro odkaz na d\u00edlo, na kter\u00e9 bylo odkazov\u00e1no ji\u017e na n\u011bkter\u00e9 p\u0159edch\u00e1zej\u00edc\u00ed stran\u011b se odkazuje stejn\u00fdm po\u0159adov\u00fdm \u010d\u00edslem. Bibliografick\u00e9 citace se \u010d\u00edsluj\u00ed a uv\u00e1d\u011bj\u00ed se v\u00a0po\u0159ad\u00ed, v\u00a0kter\u00e9m je na jednotliv\u00e1 d\u00edla v\u00a0textu odkazov\u00e1no.<\/p>\n<p>Pou\u017eije-li se forma pr\u016fb\u011b\u017en\u00fdch pozn\u00e1mek, kter\u00e1 zahrnuje odkazy, pozn\u00e1mky a soupis literatury, odkaz v\u00a0textu se vytvo\u0159\u00ed po\u0159adov\u00fdm \u010d\u00edslem vlo\u017een\u00fdm do kulat\u00fdch nebo hranat\u00fdch z\u00e1vorek \u010di um\u00edst\u011bn\u00fdm jako horn\u00ed index. Pozn\u00e1mka se uvede jako pozn\u00e1mka pod \u010darou na shodn\u00e9 str\u00e1nce, nebo na konci dokumentu v\u00a0po\u0159ad\u00ed, v\u00a0jak\u00e9m se vyskytla v\u00a0textu (pod jednou pozn\u00e1mkou m\u016f\u017ee b\u00fdt odkazov\u00e1no na v\u00edce zdroj\u016f). Soupis pou\u017eit\u00e9 literatury se \u0159ad\u00ed abecedn\u011b.<\/p>\n<h4>P\u0159\u00edklady bibliografick\u00fdch citac\u00ed<\/h4>\n<p>Nyn\u00ed si uve\u010fme alespo\u0148 ty nejz\u00e1kladn\u011bj\u0161\u00ed p\u0159\u00edklady bibliografick\u00fdch citac\u00ed.<\/p>\n<p>Bibliografick\u00e9 citace se <a href=\"http:\/\/bozppo-neu.cz\/?page_id=618\">v\u00a0kapitole<\/a> (<a href=\"http:\/\/bozppo-neu.cz\/?page_id=1365\">v prezentaci<\/a> na p\u0159edposledn\u00edm sn\u00edmku) pod n\u00e1zvem \u201ePou\u017eit\u00e1 literatura\u201c, \u201eBibliografie\u201c nebo pod podobn\u00fdm n\u00e1zvem \u0159ad\u00ed abecedn\u011b nebo v\u00a0po\u0159ad\u00ed odkazu v\u00a0textu. Na webov\u00fdch str\u00e1nk\u00e1ch mus\u00ed b\u00fdt uvedeny na str\u00e1nce, kter\u00e9 se t\u00fdkaj\u00ed.<\/p>\n<p>Z\u00e1pis o citaci z\u00a0knihy nebo z\u00a0digitalizovan\u00e9 knihy se uv\u00e1d\u00ed v\u00a0tvaru (tu\u010dn\u011b uveden\u00e9 \u00fadaje jsou, pokud jsou v\u00a0dokumentu dostupn\u00e9, povinn\u00e9; chyb\u00ed-li vynech\u00e1vaj\u00ed se):<\/p>\n<p><strong>Tv\u016frce (autor)<\/strong>. <strong><em>N\u00e1zev d\u00edla: <\/em><\/strong><em>podn\u00e1zev d\u00edla.<\/em> Vedlej\u0161\u00ed n\u00e1zev. <strong>Vyd\u00e1n\u00ed<\/strong> (nen\u00ed povinn\u00e9 pokud se jedn\u00e1 o 1. vyd\u00e1n\u00ed). Dal\u0161\u00ed tv\u016frce (p\u0159ekladatel, ilustr\u00e1tor apod., p\u0159\u00edpadn\u011b editor neboli sestavovatel \u2013 v\u00a0p\u0159\u00edpad\u011b, \u017ee nen\u00ed uveden autor). <strong>M\u00edsto publikov\u00e1n\u00ed<\/strong>: <strong>Nakladatel<\/strong>, <strong>Datum publikov\u00e1n\u00ed<\/strong>. <strong>N\u00e1zev edice a \u010d\u00edslov\u00e1n\u00ed<\/strong>. <strong>Standardn\u00ed identifik\u00e1tor<\/strong>. Pozn\u00e1mky (libovoln\u00fd podstatn\u00fd text).<\/p>\n<p>U digitalizovan\u00e9 knihy se\u00a0nav\u00edc p\u0159ed pozn\u00e1mkami uv\u00e1d\u00ed: <strong>Dostupnost a p\u0159\u00edstup.<\/strong> (\u201eDostupn\u00e9 tak\u00e9 z:\u00a0\u201c)<\/p>\n<p>K\u0159estn\u00ed jm\u00e9no autora, kter\u00e9 se u v po\u0159ad\u00ed prvn\u00edho uveden\u00e9ho autora uv\u00e1d\u00ed za p\u0159\u00edjmen\u00edm (v p\u0159\u00edpad\u011b, je-li v\u00edce autor\u016f, dal\u0161\u00ed se uv\u00e1d\u011bj\u00ed ve tvaru: jm\u00e9no a p\u0159\u00edjmen\u00ed), je mo\u017en\u00e9 vypsat, nebo uv\u00e9st pouze inici\u00e1ly. Ty v\u0161ak jen v\u00a0p\u0159\u00edpad\u011b, \u017ee nem\u016f\u017ee doj\u00edt k\u00a0z\u00e1m\u011bn\u011b identity. Tituly se u jmen neuv\u00e1d\u011bj\u00ed (vyjma slou\u017e\u00ed-li k\u00a0odli\u0161en\u00ed dvou autor\u016f shodn\u00e9ho jm\u00e9na). Pokud je autor\u016f v\u00edce ne\u017e t\u0159i, uv\u00e1d\u00ed se maxim\u00e1ln\u011b t\u0159i (odd\u011bluj\u00ed se \u010d\u00e1rkami) a za n\u011b se p\u0159id\u00e1 ozna\u010den\u00ed \u201eet al\u201c (a jin\u00ed). V\u00a0r\u00e1mci \u010desk\u00e9ho textu je mo\u017en\u00e9 m\u00edsto et al pou\u017e\u00edt zkratku aj. Je-li autor nezn\u00e1m\u00fd, neuv\u00e1d\u00ed se v\u00fdraz \u201eAnonym\u201c, ale citace za\u010d\u00edn\u00e1 a\u017e n\u00e1zvem publikace. U n\u00e1zvu vydavatele se neuv\u00e1d\u00ed zkratka formy podnik\u00e1n\u00ed (nap\u0159. s. r. o.).<\/p>\n<p>Dal\u0161\u00ed (vedlej\u0161\u00ed) tv\u016frce (editor, p\u0159ekladatel, ilustr\u00e1tor apod.) se uv\u00e1d\u00ed v\u00a0p\u0159\u00edpad\u011b, \u017ee je pro identifikaci citovan\u00e9ho zdroje d\u016fle\u017eit\u00fd (jeho role na tvorb\u011b by m\u011bla b\u00fdt uvedena). Jm\u00e9no se p\u00ed\u0161e p\u0159ed p\u0159\u00edjmen\u00ed, kter\u00e9 se p\u00ed\u0161e velk\u00fdmi p\u00edsmeny.<\/p>\n<p>Pro p\u0159\u00edklad si uve\u010fme z\u00e1pis bibliografick\u00e9 citace m\u00e9 posledn\u00ed publikace (citace z\u00a0cel\u00e9 publikace):<\/p>\n<p>NEUGEBAUER, Tom\u00e1\u0161. <em>Bezpe\u010dnost a ochrany zdrav\u00ed p\u0159i pr\u00e1ci v kostce neboli o \u010dem je sou\u010dasn\u00e1 BOZP<\/em>. Vyd. 2. Kresby: Alice NEUGEBAUEROV\u00c1. Praha: Wolters Kluwer, c2016. ISBN 978-80-7552-106-4.<\/p>\n<p>posta\u010d\u00ed v\u0161ak:<\/p>\n<p>NEUGEBAUER, T. <em>Bezpe\u010dnost a ochrana zdrav\u00ed p\u0159i pr\u00e1ci v kostece neboli o \u010dem je sou\u010dasn\u00e1 BOZP<\/em>. Praha: Wolters Kluwer, c2016. ISBN 978-80-7552-106-4.<\/p>\n<p>V\u00a0p\u0159\u00edpad\u011b, \u017ee se citace t\u00fdkala pouze jednotliv\u00e9 \u010d\u00e1sti knihy, nap\u0159\u00edklad form\u00e1ln\u00ed \u00fapravy webov\u00fdch str\u00e1nek, kter\u00e1 je uvedena v jin\u00e9 m\u00e9 publikaci, uvede se:<\/p>\n<p>NEUGEBAUER, Tom\u00e1\u0161. <em>Nov\u00e1 pravidla p\u00edsemn\u00e9 a elektronick\u00e9 komunikace<\/em>. Kralice na Han\u00e9: Computer Media, c2009, s. 81\u201382. ISBN 978-80-7402-011-7.<\/p>\n<p>Citace jednotliv\u00e9ho p\u0159\u00edsp\u011bvku (\u010dl\u00e1nku apod.) v\u00a0seri\u00e1lov\u00fdch publikac\u00edch (periodiku) m\u00e1 obsahovat:<\/p>\n<p><strong>Jm\u00e9no tv\u016frce (autora) p\u0159\u00edsp\u011bvku. N\u00e1zev p\u0159\u00edsp\u011bvku. <em>N\u00e1zev periodika.<\/em><\/strong> Vedlej\u0161\u00ed n\u00e1zev <strong>[Typ nosi\u010de]<\/strong>. <strong>Vyd\u00e1n\u00ed. M\u00edsto publikov\u00e1n\u00ed: Nakladatel, Datum publikov\u00e1n\u00ed, \u010c\u00edslov\u00e1n\u00ed, Rozsah str\u00e1nek p\u0159\u00edsp\u011bvku [Datum citov\u00e1n\u00ed]. Standardn\u00ed identifik\u00e1tor (ISSN). Dostupnost a p\u0159\u00edstup.<\/strong> Lokace. Pozn\u00e1mky.<\/p>\n<p>Typ nosi\u010de, datum citov\u00e1n\u00ed a dostupnost se uv\u00e1d\u00ed pouze u elektronick\u00fdch periodik.<\/p>\n<p>P\u0159\u00edklad:<\/p>\n<p>NEUGEBAUER, Tom\u00e1\u0161. Profesion\u00e1ln\u00ed ovl\u00e1d\u00e1n\u00ed kl\u00e1vesnice po\u010d\u00edta\u010de. <em>Pr\u00e1ce, odvody a mzdy bez chyb, pokut a pen\u00e1le.<\/em> \u010cesk\u00fd T\u011b\u0161\u00edn: Poradce, 2007, \u010d. 8-9\/2007, s. 149-152, ISBN 978-80-7365-278-4.<\/p>\n<p>P\u0159i citov\u00e1n\u00ed z cel\u00fdch\u00a0webov\u00fdch str\u00e1nek, tedy z\u00a0webu tv\u016frce webov\u00e9ho s\u00eddla (nap\u0159. instituce), m\u00e1 b\u00fdt uvedeno:<\/p>\n<p><strong>Jm\u00e9no tv\u016frce webov\u00e9ho s\u00eddla.<\/strong> <strong>N\u00e1zev webov\u00e9 str\u00e1nky.<\/strong> <strong><em>N\u00e1zev webov\u00e9ho s\u00eddla<\/em><\/strong><em>: podn\u00e1zev<strong>.<\/strong> <\/em>Vedlej\u0161\u00ed n\u00e1zev\u00a0<strong>[Typ nosi\u010de].<\/strong> Dal\u0161\u00ed tv\u016frce. <strong>M\u00edsto publikov\u00e1n\u00ed: Nakladatel, Datum publikov\u00e1n\u00ed.<\/strong> <strong>Datum aktualizace\/revize [Datum citov\u00e1n\u00ed].<\/strong> <strong>Standardn\u00ed identifik\u00e1tor. Dostupnost a p\u0159\u00edstup webov\u00e9 str\u00e1nky. Lokace.<\/strong> Pozn\u00e1mky<\/p>\n<p>P\u0159i citov\u00e1n\u00ed z\u00a0jednotliv\u00e9 str\u00e1nky webu (p\u0159\u00edsp\u011bvek do webov\u00e9ho s\u00eddla) m\u00e1 b\u00fdt uvedeno:<\/p>\n<p><strong>Jm\u00e9no tv\u016frce p\u0159\u00edsp\u011bvku. N\u00e1zev p\u0159\u00edsp\u011bvku:<\/strong> podn\u00e1zev. <strong>In: Jm\u00e9no tv\u016frce webov\u00e9ho s\u00eddla. <em>N\u00e1zev webov\u00e9ho s\u00eddla<\/em><\/strong><em>: podn\u00e1zev<strong>.<\/strong> <\/em>Vedlej\u0161\u00ed n\u00e1zev <strong>[Typ nosi\u010de].<\/strong> Dal\u0161\u00ed tv\u016frce. <strong>M\u00edsto publikov\u00e1n\u00ed:<\/strong> <strong>Nakladatel, Datum publikov\u00e1n\u00ed, Datum aktualizace\/revize [Datum citov\u00e1n\u00ed]. Standardn\u00ed identifik\u00e1tor. Dostupnost a p\u0159\u00edstup p\u0159\u00edsp\u011bvku. Lokace.<\/strong> Pozn\u00e1mky.<\/p>\n<p>Nap\u0159\u00edklad:<\/p>\n<p>NEUGEBAUER, Tom\u00e1\u0161. O bezpe\u010dnosti a ochran\u011b zdrav\u00ed p\u0159i pr\u00e1ci. In: Tom\u00e1\u0161 Neugebauer: specialista bezpe\u010dnosti pr\u00e1ce a po\u017e\u00e1rn\u00ed ochrany. [online]. 2017-01-21 [cit. 2017-08-11]. Dostupn\u00e9 z: http:\/\/bozppo-neu.cz\/?page_id=688<\/p>\n<p>P\u0159i pou\u017eit\u00ed reprodukce grafick\u00e9ho d\u00edla (fotografie, kresby, rytiny, obrazu apod.), av\u0161ak pouze v\u00a0souladu s\u00a0po\u017eadavky autorsk\u00e9ho z\u00e1kona (viz v\u00fd\u0161e), kter\u00e9 je sou\u010d\u00e1st\u00ed jin\u00e9ho informa\u010dn\u00edho zdroje (dokumentu \u2013 kniha, \u010dasopis, webov\u00e9 str\u00e1nky) se uv\u00e1d\u00ed:<\/p>\n<p><strong>Jm\u00e9no tv\u016frce grafick\u00e9ho d\u00edla.<\/strong> <strong><em>N\u00e1zev grafick\u00e9ho d\u00edla<\/em><\/strong> (pokud jej d\u00edlo nem\u00e1, do hranat\u00fdch z\u00e1vorek se uvede p\u0159edm\u011bt d\u00edla):<em> podn\u00e1zev <\/em>[Alternativn\u00ed n\u00e1zev][Druh nosi\u010de]. <strong>In:<\/strong> <strong>Jm\u00e9no<\/strong> <strong>tv\u016frce mate\u0159sk\u00e9ho dokumentu. <em>N\u00e1zev mate\u0159sk\u00e9ho dokumentu:<\/em><\/strong><em> podn\u00e1zev.<\/em> Vedlej\u0161\u00ed n\u00e1zev. <strong>Vyd\u00e1n\u00ed.<\/strong> Dal\u0161\u00ed tv\u016frce mate\u0159sk\u00e9ho dokumentu.<strong> M\u00edsto publikov\u00e1n\u00ed: Nakladatel, Datum publikov\u00e1n\u00ed. \u010c\u00edslov\u00e1n\u00ed svazku obsahuj\u00edc\u00ed grafick\u00e9 d\u00edlo, Rozsah stran grafick\u00e9ho d\u00edla, N\u00e1zev edice a \u010d\u00edslov\u00e1n\u00ed. Standardn\u00ed identifik\u00e1tor.<\/strong> Pozn\u00e1mky.<\/p>\n<p>Nap\u0159\u00edklad:<\/p>\n<p>NEUGEBAUEROV\u00c1, Alice. <em>Zav\u00e1to v\u00a0p\u00edsku <\/em>[fotografie pastelu]. In: Alice NEUGEBAUEROV\u00c1 <em>Galerie.<\/em> [online]. [cit. 2017-02-05]. Dostupn\u00e9 z: http:\/\/www.neugebauerova.cz\/obrazy.html?dir=&amp;page=4<\/p>\n<p>Pro sestaven\u00ed spr\u00e1vn\u011b formulovan\u00e9 citace je mo\u017en\u00e9 vyu\u017e\u00edt speci\u00e1ln\u00ed programy, nap\u0159\u00edklad na adrese https:\/\/www.citace.com\/vytvorit-citaci.<\/p>\n<p>V\u017edy je v\u0161ak nutn\u00e9 m\u00edt na mysli, \u017ee uveden\u00ed citace oprav\u0148uje k\u00a0pou\u017eit\u00ed ciz\u00edho d\u00edla jen v\u00a0autorsk\u00e9m z\u00e1kon\u011b dovolen\u00fdch p\u0159\u00edpadech.<\/p>\n<p>Na autorsk\u00e9 pr\u00e1vo se nesm\u00ed zapom\u00ednat ani p\u0159i <a href=\"http:\/\/bozppo-neu.cz\/?page_id=1365\">tvorb\u011b prezentace<\/a>, nap\u0159\u00edklad p\u0159i pou\u017eit\u00ed videoklip\u016f \u010di obr\u00e1zk\u016f. I zde plat\u00ed, \u017ee je mo\u017en\u00e9, krom\u011b vlastn\u00edch v\u00fdtvor\u016f, pou\u017e\u00edt voln\u011b \u0161i\u0159iteln\u00e9 d\u00edlo, nebo je nutn\u00e9 postupovat v\u00a0souladu s\u00a0autorsk\u00fdm z\u00e1konem, jak bylo uvedeno v\u00fd\u0161e.<\/p>\n<p style=\"text-align: right;\">2017-02-04<\/p>\n<p style=\"text-align: center;\">\n","protected":false},"excerpt":{"rendered":"<p>Pokud jsou informace na m\u00e9m webu pro v\u00e1s natolik zaj\u00edmav\u00e9, \u017ee byste je r\u00e1di pou\u017eili do vlastn\u00ed pr\u00e1ce (v\u00a0prezentaci, do\u00a0sylabu pro \u0161kolen\u00ed vedouc\u00edch zam\u011bstnanc\u016f, do \u0161koln\u00ed pr\u00e1ce apod.), tedy r\u00e1di byste je citovali, nezapome\u0148te, pros\u00edm, \u017ee je lze v\u00a0souladu s\u00a0autorsk\u00fdm z\u00e1konem p\u0159evz\u00edt pouze v\u00a0p\u0159\u00edpad\u011b bude-li: v\u00a0od\u016fvodn\u011bn\u00e9 m\u00ed\u0159e u\u017eito v\u00fd\u0148atk\u016f ze\u00a0zve\u0159ejn\u011bn\u00fdch d\u011bl ve\u00a0vlastn\u00edm d\u00edle, u\u017eito v\u00fd\u0148atku [&hellip;]<\/p>\n","protected":false},"author":1,"featured_media":0,"parent":0,"menu_order":0,"comment_status":"closed","ping_status":"closed","template":"","meta":[],"_links":{"self":[{"href":"https:\/\/bozppo-neu.cz\/index.php?rest_route=\/wp\/v2\/pages\/609"}],"collection":[{"href":"https:\/\/bozppo-neu.cz\/index.php?rest_route=\/wp\/v2\/pages"}],"about":[{"href":"https:\/\/bozppo-neu.cz\/index.php?rest_route=\/wp\/v2\/types\/page"}],"author":[{"embeddable":true,"href":"https:\/\/bozppo-neu.cz\/index.php?rest_route=\/wp\/v2\/users\/1"}],"replies":[{"embeddable":true,"href":"https:\/\/bozppo-neu.cz\/index.php?rest_route=%2Fwp%2Fv2%2Fcomments&post=609"}],"version-history":[{"count":26,"href":"https:\/\/bozppo-neu.cz\/index.php?rest_route=\/wp\/v2\/pages\/609\/revisions"}],"predecessor-version":[{"id":4868,"href":"https:\/\/bozppo-neu.cz\/index.php?rest_route=\/wp\/v2\/pages\/609\/revisions\/4868"}],"wp:attachment":[{"href":"https:\/\/bozppo-neu.cz\/index.php?rest_route=%2Fwp%2Fv2%2Fmedia&parent=609"}],"curies":[{"name":"wp","href":"https:\/\/api.w.org\/{rel}","templated":true}]}}