{"id":586,"date":"2017-01-06T19:29:05","date_gmt":"2017-01-06T18:29:05","guid":{"rendered":"http:\/\/bozppo-neu.cz\/?page_id=586"},"modified":"2024-11-04T13:29:51","modified_gmt":"2024-11-04T12:29:51","slug":"odpovednost-za-zajisteni-bozp","status":"publish","type":"page","link":"https:\/\/bozppo-neu.cz\/?page_id=586","title":{"rendered":"Odpov\u011bdnost za zaji\u0161t\u011bn\u00ed BOZP"},"content":{"rendered":"<p><img decoding=\"async\" loading=\"lazy\" class=\"alignright wp-image-3651\" src=\"http:\/\/bozppo-neu.cz\/wp-content\/uploads\/2020\/01\/obrazek_0.jpg\" alt=\"obrazek_0\" width=\"350\" height=\"134\" srcset=\"https:\/\/bozppo-neu.cz\/wp-content\/uploads\/2020\/01\/obrazek_0.jpg 2453w, https:\/\/bozppo-neu.cz\/wp-content\/uploads\/2020\/01\/obrazek_0-300x115.jpg 300w, https:\/\/bozppo-neu.cz\/wp-content\/uploads\/2020\/01\/obrazek_0-768x294.jpg 768w, https:\/\/bozppo-neu.cz\/wp-content\/uploads\/2020\/01\/obrazek_0-1024x392.jpg 1024w, https:\/\/bozppo-neu.cz\/wp-content\/uploads\/2020\/01\/obrazek_0-1200x460.jpg 1200w\" sizes=\"(max-width: 350px) 100vw, 350px\" \/>Odpov\u011bdnost za zaji\u0161\u0165ov\u00e1n\u00ed BOZP u\u00a0jednotliv\u00e9ho zam\u011bstnavatele je stanovena, v\u00a0souladu s\u00a0mezin\u00e1rodn\u00edmi po\u017eadavky, z\u00e1kon\u00edkem pr\u00e1ce. Toto ustanoven\u00ed se nevztahuje pouze na subjekty, na kter\u00e9 se vztahuje z\u00e1kon\u00edk pr\u00e1ce, ale na z\u00e1klad\u011b ustanoven\u00ed \u00a7 12 z\u00e1kona \u010d. 309\/2006 Sb., ve zn\u011bn\u00ed pozd\u011bj\u0161\u00edch p\u0159edpis\u016f, se t\u00e9\u017e vztahuje na:<\/p>\n<ul>\n<li>zam\u011bstnavatele, kter\u00fd je fyzickou osobou a s\u00e1m t\u00e9\u017e pracuje (nejedn\u00e1 se o \u017eivnostn\u00edka, ale nap\u0159\u00edklad o praktick\u00e9ho l\u00e9ka\u0159e, veterin\u00e1\u0159e, advok\u00e1ta, not\u00e1\u0159e, tlumo\u010dnici, auditorku),<\/li>\n<li>fyzickou osobu, kter\u00e1 provozuje samostatn\u011b v\u00fdd\u011ble\u010dnou \u010dinnost (na z\u00e1klad\u011b \u017eivnostensk\u00e9ho listu),<\/li>\n<li>spolupracuj\u00edc\u00edho man\u017eela nebo d\u00edt\u011b uveden\u00fdch osob,<\/li>\n<li>fyzickou nebo pr\u00e1vnickou osobu, kter\u00e1 je zadavatelem stavby (stavebn\u00edk) nebo je jej\u00edm zhotovitelem, pop\u0159\u00edpad\u011b se na zhotoven\u00ed stavby pod\u00edl\u00ed,<\/li>\n<li>dal\u0161\u00ed \u010dleny rodiny, kte\u0159\u00ed jsou z\u00fa\u010dastn\u011bni na provozu rodinn\u00e9ho z\u00e1vodu ve smyslu ob\u010dansk\u00e9ho z\u00e1kon\u00edku (\u00a7 700 a\u017e \u00a7 707).<\/li>\n<\/ul>\n<h4><strong>Kdo je odpov\u011bdn\u00fd za zaji\u0161t\u011bn\u00ed BOZP?<\/strong><img decoding=\"async\" loading=\"lazy\" class=\"alignright wp-image-592 size-medium\" src=\"http:\/\/bozppo-neu.cz\/wp-content\/uploads\/2017\/01\/peklo-300x192.jpg\" alt=\"peklo\" width=\"300\" height=\"192\" srcset=\"https:\/\/bozppo-neu.cz\/wp-content\/uploads\/2017\/01\/peklo-300x192.jpg 300w, https:\/\/bozppo-neu.cz\/wp-content\/uploads\/2017\/01\/peklo.jpg 583w\" sizes=\"(max-width: 300px) 100vw, 300px\" \/><\/h4>\n<p>V paragrafu 101 odst. 2 z\u00e1kon\u00edku pr\u00e1ce se uv\u00e1d\u00ed: <em>P\u00e9\u010de o bezpe\u010dnost a ochranu zdrav\u00ed p\u0159i pr\u00e1ci ulo\u017een\u00e1 zam\u011bstnavateli podle odstavce 1 <\/em>(zam\u011bstnavatel je povinen zajistit bezpe\u010dnost a ochranu zdrav\u00ed p\u0159i pr\u00e1ci s\u00a0ohledem na rizika mo\u017en\u00e9ho ohro\u017een\u00ed jejich \u017eivota a zdrav\u00ed, kter\u00e1 se t\u00fdkaj\u00ed v\u00fdkonu pr\u00e1ce)<em> nebo zvl\u00e1\u0161tn\u00edmi pr\u00e1vn\u00edmi p\u0159edpisy je ned\u00edlnou a rovnocennou sou\u010d\u00e1st\u00ed pracovn\u00edch povinnost\u00ed vedouc\u00edch zam\u011bstnanc\u016f na v\u0161ech stupn\u00edch \u0159\u00edzen\u00ed v\u00a0rozsahu pracovn\u00edch m\u00edst, kter\u00e1 zast\u00e1vaj\u00ed<\/em>. Toto ustanoven\u00ed podtrhuje \u00a7\u00a0302 z\u00e1kon\u00edku pr\u00e1ce, kter\u00fd mezi povinnostmi vedouc\u00edch zam\u011bstnanc\u016f uv\u00e1d\u00ed: <em>vytv\u00e1\u0159et p\u0159\u00edzniv\u00e9 pracovn\u00ed podm\u00ednky a zaji\u0161\u0165ovat bezpe\u010dnost a ochranu zdrav\u00ed p\u0159i pr\u00e1ci<\/em>.<\/p>\n<p>Za vedouc\u00edho zam\u011bstnance je, podle z\u00e1kon\u00edku pr\u00e1ce, pova\u017eov\u00e1n zam\u011bstnanec, kter\u00fd \u0159\u00edd\u00ed a kontroluje pr\u00e1ci a je opr\u00e1vn\u011bn k\u00a0jej\u00edmu v\u00fdkonu d\u00e1vat pokyny. Tedy zaji\u0161\u0165ovat BOZP je ned\u00edlnou a rovnocennou sou\u010d\u00e1st\u00ed pracovn\u00edch povinnost\u00ed nap\u0159\u00edklad prim\u00e1\u0159e v nemocnici nebo \u0159editele \u0161koly \u010di vedouc\u00edho analytick\u00e9 skupiny bankovn\u00edch operac\u00ed, jako\u017e i praktick\u00e9ho l\u00e9ka\u0159e zam\u011bstn\u00e1vaj\u00edc\u00edho pouze jednu v\u0161eobecnou sestru nebo vedouc\u00edho odboru m\u011bstsk\u00e9ho \u00fa\u0159adu \u010di vedouc\u00edho restaurace.<\/p>\n<p>Za vlastn\u00ed zaji\u0161t\u011bn\u00ed po\u017eadavk\u016f BOZP na konkr\u00e9tn\u00edm pracovi\u0161ti je v\u017edy odpov\u011bdn\u00fd p\u0159\u00edslu\u0161n\u00fd vedouc\u00ed zam\u011bstnanec. Nic na tom nem\u011bn\u00ed, je-li ustanovena odborn\u011b zp\u016fsobil\u00e1 osoba k\u00a0zaji\u0161\u0165ov\u00e1n\u00ed \u00fakol\u016f v\u00a0prevenci rizik, nebo\u0165 ta nen\u00ed v\u00fdkonn\u00fdm org\u00e1nem pln\u011bn\u00ed \u00fakol\u016f BOZP na jednotliv\u00e9m pracovi\u0161ti (<strong><a href=\"http:\/\/bozppo-neu.cz\/?page_id=600\">rozsah jej\u00ed odpov\u011bdnosti<\/a><\/strong> je \u0159e\u0161en na jin\u00e9 str\u00e1nce). Je jedno, je-li zaji\u0161t\u011bna v\u00a0pracovn\u011bpr\u00e1vn\u00edm vztahu nebo v\u00a0obchodn\u00edm.<\/p>\n<p>Vedouc\u00ed zam\u011bstnanec m\u016f\u017ee nam\u00edtnout, \u017ee odborn\u011b zp\u016fsobil\u00e1 osoba, na rozd\u00edl od n\u011bj, m\u00e1 pot\u0159ebn\u00e9 znalosti a zku\u0161enosti k\u00a0zaji\u0161t\u011bn\u00ed BOZP na jeho pracovi\u0161t\u00edch, tedy ona by m\u011bla b\u00fdt t\u00edm, kdo BOZP zaji\u0161\u0165uje. K\u00a0tomu z\u00e1kon\u00edk pr\u00e1ce uv\u00e1d\u00ed, \u017ee <em>znalost z\u00e1kladn\u00edch povinnost\u00ed vypl\u00fdvaj\u00edc\u00edch z\u00a0pr\u00e1vn\u00edch a ostatn\u00edch p\u0159edpis\u016f a po\u017eadavk\u016f zam\u011bstnavatele k\u00a0zaji\u0161t\u011bn\u00ed bezpe\u010dnosti a ochrany zdrav\u00ed p\u0159i pr\u00e1ci je ned\u00edlnou a trvalou sou\u010d\u00e1st\u00ed kvalifika\u010dn\u00edch p\u0159edpoklad\u016f zam\u011bstnance<\/em> (\u00a7 106 odst. 4).<\/p>\n<p>Lze tedy dovodit, \u017ee vedouc\u00ed zam\u011bstnanec, pokud m\u00e1 b\u00fdt pln\u011b kvalifikovan\u00fdm vedouc\u00edm zam\u011bstnancem, mus\u00ed b\u00fdt znal\u00fd z\u00e1kladn\u00edch povinnost\u00ed a po\u017eadavk\u016f v\u00a0zaji\u0161t\u011bn\u00ed BOZP. Znamen\u00e1 to, \u017ee vedouc\u00ed \u00fa\u010dt\u00e1ren mus\u00ed b\u00fdt mimo jin\u00e9 znal\u00e1 <strong><a href=\"http:\/\/bozppo-neu.cz\/?page_id=938\">po\u017eadavk\u016f na\u0159\u00edzen\u00ed vl\u00e1dy na zaji\u0161t\u011bn\u00ed bezpe\u010dn\u00e9 pr\u00e1ce s po\u010d\u00edta\u010di<\/a><\/strong>, jinak nen\u00ed pln\u011b kvalifikovan\u00fdm zam\u011bstnancem pro v\u00fdkon funkce vedouc\u00ed \u00fa\u010dt\u00e1ren. Odborn\u011b zp\u016fsobil\u00e1 osoba vedouc\u00edmu zam\u011bstnanci poslou\u017e\u00ed jako odborn\u00fd poradce v ot\u00e1zk\u00e1ch \u0159e\u0161en\u00ed t\u011bchto povinnost\u00ed a v povinnostech, kter\u00e9 jsou nad r\u00e1mec z\u00e1kladn\u00edch povinnost\u00ed.<\/p>\n<p>Vzhledem k\u00a0tomu, \u017ee za zaji\u0161t\u011bn\u00ed BOZP je odpov\u011bdn\u00fd vedouc\u00ed zam\u011bstnanec, mus\u00ed b\u00fdt on t\u00edm, kdo m\u00e1 pr\u00e1vo rozhodnout jak\u00fdm zp\u016fsobem bude na j\u00edm \u0159\u00edzen\u00e9m pracovi\u0161ti BOZP zaji\u0161t\u011bna. Do tohoto pr\u00e1va mu odborn\u011b zp\u016fsobil\u00e1 osoba nesm\u00ed zasahovat (nem\u00e1 pr\u00e1vo na\u0159\u00eddit proveden\u00ed opat\u0159en\u00ed, a to ani v\u00a0p\u0159\u00edpad\u011b, je-li stanoveno pr\u00e1vn\u00edm p\u0159edpisem; jej\u00ed povinnost\u00ed je upozornit na to, \u017ee je stanoveno pr\u00e1vn\u00edm p\u0159edpisem). M\u016f\u017ee mu pouze poradit, doporu\u010dit, jak\u00fdm zp\u016fsobem by bylo vhodn\u00e9 postupovat.<\/p>\n<p>Vedouc\u00ed zam\u011bstnanec je odpov\u011bdn\u00fd za zaji\u0161t\u011bn\u00ed BOZP i ve vztahu k\u00a0p\u0159edm\u011btu, kter\u00fd si jeho pod\u0159\u00edzen\u00fd p\u0159inese na sv\u00e9 pracovi\u0161t\u011b z\u00a0domova \u2013 nap\u0159\u00edklad prodlu\u017eovac\u00ed kabel, n\u00e1\u0159ad\u00ed, varnou konvici, rozhlasov\u00fd p\u0159ij\u00edma\u010d (nemus\u00ed mu k\u00a0tomu ani vydat souhlas, sta\u010d\u00ed, kdy\u017e strp\u00ed, aby p\u0159edm\u011bt v\u00a0soukrom\u00e9m vlastnictv\u00ed byl na pracovi\u0161ti pou\u017e\u00edv\u00e1n \u2013 trp\u011bn\u00fd zp\u016fsob). Tak\u00e9 je odpov\u011bdn\u00fd za zaji\u0161t\u011bn\u00ed BOZP u sv\u00fdch pod\u0159\u00edzen\u00fdch, kte\u0159\u00ed podle dohody pracuj\u00ed doma.<\/p>\n<p>Vedouc\u00ed zam\u011bstnanec v\u0161ak m\u016f\u017ee nam\u00edtnout, \u017ee v \u00a7 9 odst. 3 z\u00e1kona \u010d. 309\/2006 Sb. se uv\u00e1d\u00ed: <em>zam\u011bstn\u00e1v\u00e1-li zam\u011bstnavatel\u2026 \u2026zaji\u0161\u0165uje \u00fakoly v\u00a0prevenci rizik v\u017edy jednou nebo v\u00edce odborn\u011b zp\u016fsobil\u00fdmi osobami<\/em> a z\u00a0toho dovodit, \u017ee zaji\u0161t\u011bn\u00edm si odborn\u011b zp\u016fsobil\u00e9 osoby zam\u011bstnavatel splnil svou z\u00e1konnou povinnost (viz ustanoven\u00ed z\u00e1kon\u00edku pr\u00e1ce v\u00fd\u0161e) a odpov\u011bdnost zam\u011bstnavatele za zaji\u0161t\u011bn\u00ed BOZP na jeho pracovi\u0161t\u00edch p\u0159ech\u00e1z\u00ed na odborn\u011b zp\u016fsobilou osobu (mimo jin\u00e9 z\u00a0formulace samotn\u00e9 vych\u00e1z\u00ed, \u017ee zaji\u0161\u0165uje zam\u011bstnavatel, nikoliv odborn\u011b zp\u016fsobil\u00e1 osoba). I s\u00a0t\u00edmto n\u00e1zorem se m\u016f\u017eete v\u00a0praxi setkat.<\/p>\n<p>Odpov\u011bdnost vedouc\u00edho zam\u011bstnance za zaji\u0161t\u011bn\u00ed BOZP na jim \u0159\u00edzen\u00fdch pracovi\u0161t\u00edch vych\u00e1z\u00ed z evropsk\u00e9ho pr\u00e1vn\u00edho p\u0159edpisu. V \u010dl\u00e1nku 5 odst. 2 Sm\u011brnice Rady \u010d. 89\/391\/EHS je uvedeno, \u017ee \u201epokud zam\u011bstnavatel v\u00a0podniku nebo z\u00e1vod\u011b vyu\u017e\u00edv\u00e1 v\u00a0souladu s\u00a0\u010dl. 7 odst. 3 extern\u00edch odborn\u00edk\u016f (slu\u017eeb nebo osob), nezbavuje jej to odpov\u011bdnosti v\u00a0t\u00e9to oblasti\u201c. I kdy\u017e se nejedn\u00e1 o p\u0159\u00edmo pou\u017eiteln\u00fd p\u0159edpis Evropsk\u00e9 unie, jeho ustanoven\u00edmi je \u010cesk\u00e1 republika v\u00e1z\u00e1na. Nelze tedy tvrdit, \u017ee zaji\u0161t\u011bn\u00edm si odborn\u011b zp\u016fsobil\u00e9 osoby p\u0159ech\u00e1z\u00ed odpov\u011bdnost zam\u011bstnavatele za zaji\u0161t\u011bn\u00ed BOZP na tuto osobu. Z\u00e1rove\u0148 to v\u0161ak neznamen\u00e1, \u017ee odborn\u011b zp\u016fsobil\u00e1 osoba k\u00a0zaji\u0161\u0165ov\u00e1n\u00ed \u00fakol\u016f v\u00a0prevenci rizik nen\u00ed za nic odpov\u011bdn\u00e1 (bohu\u017eel, i s\u00a0t\u00edmto n\u00e1zorem se m\u016f\u017eete v\u00a0praxi setkat).<\/p>\n<h4><strong>Trestn\u011bpr\u00e1vn\u00ed odpov\u011bdnost<\/strong><\/h4>\n<p>Pracovn\u011bpr\u00e1vn\u00ed odpov\u011bdnost vedouc\u00edho zam\u011bstnance za zaji\u0161t\u011bn\u00ed BOZP nen\u00ed jeho jedinou odpov\u011bdnost\u00ed za tuto problematiku. Vztahuje se na n\u011bj i trestn\u011bpr\u00e1vn\u00ed odpov\u011bdnost.<\/p>\n<p>V\u00a0ustanoven\u00ed \u00a7 148 z\u00e1kona \u010d. 40\/2009 Sb., ve zn\u011bn\u00ed pozd\u011bj\u0161\u00edch p\u0159edpis\u016f, je uvedeno: \u201eKdo jin\u00e9mu z nedbalosti ubl\u00ed\u017e\u00ed na zdrav\u00ed t\u00edm, \u017ee poru\u0161\u00ed d\u016fle\u017eitou povinnost vypl\u00fdvaj\u00edc\u00ed z jeho zam\u011bstn\u00e1n\u00ed, povol\u00e1n\u00ed, postaven\u00ed nebo funkce nebo ulo\u017eenou mu podle z\u00e1kona, bude potrest\u00e1n odn\u011bt\u00edm svobody a\u017e na jeden rok nebo z\u00e1kazem \u010dinnosti. Kdo z nedbalosti zp\u016fsob\u00ed ubl\u00ed\u017een\u00ed na zdrav\u00ed nejm\u00e9n\u011b dvou osob proto, \u017ee hrub\u011b poru\u0161il z\u00e1kony o ochran\u011b \u017eivotn\u00edho prost\u0159ed\u00ed nebo z\u00e1kony o bezpe\u010dnosti pr\u00e1ce nebo dopravy anebo hygienick\u00e9 z\u00e1kony, bude potrest\u00e1n odn\u011bt\u00edm svobody a\u017e na t\u0159i l\u00e9ta\u201c.<\/p>\n<p>Vedouc\u00ed zam\u011bstnanec m\u016f\u017ee b\u00fdt za nezaji\u0161t\u011bn\u00ed BOZP na j\u00edm \u0159\u00edzen\u00e9m pracovi\u0161ti, je\u017e m\u011blo za n\u00e1sledek ubl\u00ed\u017een\u00ed na zdrav\u00ed, odsouzen k\u00a0odn\u011bt\u00ed svobody. P\u0159itom k\u00a0ubl\u00ed\u017een\u00ed na zdrav\u00ed nemus\u00ed doj\u00edt pouze u zam\u011bstnanc\u016f, ale i u dal\u0161\u00edch osob, nebo\u0165 zam\u011bstnavatel je povinen BOZP zaji\u0161\u0165ovat ve vztahu ke v\u0161em fyzick\u00fdm osob\u00e1m, kter\u00e9 se s\u00a0jeho v\u011bdom\u00edm zdr\u017euj\u00ed na jeho pracovi\u0161t\u00edch (\u00a7 101 odst. 5 z\u00e1kon\u00edku pr\u00e1ce) &#8211; viz <strong><a href=\"http:\/\/bozppo-neu.cz\/?page_id=575\">p\u0159\u00edklad<\/a><\/strong>. To se t\u00fdk\u00e1 i OSV\u010c.<\/p>\n<h4>Shrnut\u00ed<\/h4>\n<p>Zajistit BOZP je v\u017edy povinen vedouc\u00ed zam\u011bstnanec (od n\u011bj mus\u00ed vyj\u00edt prvotn\u00ed impuls). Ten je t\u00e9\u017e za to odpov\u011bdn\u00fd, a to v\u00a0rozsahu pracovn\u00edho m\u00edsta, kter\u00e9 zast\u00e1v\u00e1. Nic na tom nem\u011bn\u00ed, m\u00e1-li firma nebo spole\u010dnost, zaji\u0161t\u011bnu odborn\u011b zp\u016fsobilou osobu k\u00a0zaji\u0161\u0165ov\u00e1n\u00ed \u00fakol\u016f v\u00a0prevenci rizik, nebo\u0165 ta nen\u00ed odpov\u011bdn\u00e1 za \u00farove\u0148 zaji\u0161t\u011bn\u00ed BOZP u zam\u011bstnavatele. <strong><a href=\"http:\/\/bozppo-neu.cz\/?page_id=600\">Odpov\u011bdn\u00e1 je<\/a><\/strong> za kvalifikovanou odbornou \u010dinnost v\u00a0ot\u00e1zk\u00e1ch \u0159\u00edzen\u00ed bezpe\u010dnosti pr\u00e1ce, v\u010detn\u011b profesion\u00e1ln\u00edho proveden\u00ed konkr\u00e9tn\u00edch \u010dinnost\u00ed, ke kter\u00fdm se smluvn\u011b zav\u00e1zala (nap\u0159\u00edklad za zpracovan\u00fd n\u00e1vrh sm\u011brnice na poskytov\u00e1n\u00ed osobn\u00edch ochrann\u00fdch pracovn\u00edch prost\u0159edk\u016f), a to bez ohledu na to, zda k\u00a0zam\u011bstnavateli svou \u010dinnost vykon\u00e1v\u00e1 v\u00a0pracovn\u011bpr\u00e1vn\u00edm vztahu nebo v obchodn\u00edm. Jak\u00fdm zp\u016fsobem bude BOZP zaji\u0161t\u011bno je pr\u00e1vem a odpov\u011bdnost\u00ed zam\u011bstnavatele, resp. vedouc\u00edho zam\u011bstnance, p\u0159\u00edpadn\u011b jeho p\u0159\u00edm\u00e9ho nad\u0159\u00edzen\u00e9ho.<\/p>\n<p><img decoding=\"async\" loading=\"lazy\" class=\"aligncenter wp-image-3683\" src=\"http:\/\/bozppo-neu.cz\/wp-content\/uploads\/2020\/02\/kabel.jpg\" alt=\"kabel\" width=\"620\" height=\"621\" srcset=\"https:\/\/bozppo-neu.cz\/wp-content\/uploads\/2020\/02\/kabel.jpg 873w, https:\/\/bozppo-neu.cz\/wp-content\/uploads\/2020\/02\/kabel-150x150.jpg 150w, https:\/\/bozppo-neu.cz\/wp-content\/uploads\/2020\/02\/kabel-300x300.jpg 300w, https:\/\/bozppo-neu.cz\/wp-content\/uploads\/2020\/02\/kabel-768x769.jpg 768w\" sizes=\"(max-width: 620px) 100vw, 620px\" \/><\/p>\n<p style=\"text-align: right;\">2017-01-28<\/p>\n<p style=\"text-align: right;\">\u00a0<\/p>\n<p style=\"text-align: left;\">\u00a0<\/p>\n\n\n<pre class=\"wp-block-code\"><code><p align=\"center\"><a href=\"http:\/\/bozppo-neu.cz\/?page_id=582\"><img decoding=\"async\" loading=\"lazy\" src=\"http:\/\/bozppo-neu.cz\/img\/menubutton.jpg\" alt=\"o uroven vyse\" width=\"50\" height=\"72\"><\/a><\/p><\/code><\/pre>\n","protected":false},"excerpt":{"rendered":"<p>Odpov\u011bdnost za zaji\u0161\u0165ov\u00e1n\u00ed BOZP u\u00a0jednotliv\u00e9ho zam\u011bstnavatele je stanovena, v\u00a0souladu s\u00a0mezin\u00e1rodn\u00edmi po\u017eadavky, z\u00e1kon\u00edkem pr\u00e1ce. Toto ustanoven\u00ed se nevztahuje pouze na subjekty, na kter\u00e9 se vztahuje z\u00e1kon\u00edk pr\u00e1ce, ale na z\u00e1klad\u011b ustanoven\u00ed \u00a7 12 z\u00e1kona \u010d. 309\/2006 Sb., ve zn\u011bn\u00ed pozd\u011bj\u0161\u00edch p\u0159edpis\u016f, se t\u00e9\u017e vztahuje na: zam\u011bstnavatele, kter\u00fd je fyzickou osobou a s\u00e1m t\u00e9\u017e pracuje (nejedn\u00e1 se [&hellip;]<\/p>\n","protected":false},"author":1,"featured_media":0,"parent":0,"menu_order":0,"comment_status":"closed","ping_status":"closed","template":"","meta":[],"_links":{"self":[{"href":"https:\/\/bozppo-neu.cz\/index.php?rest_route=\/wp\/v2\/pages\/586"}],"collection":[{"href":"https:\/\/bozppo-neu.cz\/index.php?rest_route=\/wp\/v2\/pages"}],"about":[{"href":"https:\/\/bozppo-neu.cz\/index.php?rest_route=\/wp\/v2\/types\/page"}],"author":[{"embeddable":true,"href":"https:\/\/bozppo-neu.cz\/index.php?rest_route=\/wp\/v2\/users\/1"}],"replies":[{"embeddable":true,"href":"https:\/\/bozppo-neu.cz\/index.php?rest_route=%2Fwp%2Fv2%2Fcomments&post=586"}],"version-history":[{"count":24,"href":"https:\/\/bozppo-neu.cz\/index.php?rest_route=\/wp\/v2\/pages\/586\/revisions"}],"predecessor-version":[{"id":5977,"href":"https:\/\/bozppo-neu.cz\/index.php?rest_route=\/wp\/v2\/pages\/586\/revisions\/5977"}],"wp:attachment":[{"href":"https:\/\/bozppo-neu.cz\/index.php?rest_route=%2Fwp%2Fv2%2Fmedia&parent=586"}],"curies":[{"name":"wp","href":"https:\/\/api.w.org\/{rel}","templated":true}]}}