{"id":5583,"date":"2023-08-09T20:47:39","date_gmt":"2023-08-09T18:47:39","guid":{"rendered":"http:\/\/bozppo-neu.cz\/?page_id=5583"},"modified":"2023-08-09T20:51:46","modified_gmt":"2023-08-09T18:51:46","slug":"judikatura-v-praxi","status":"publish","type":"page","link":"https:\/\/bozppo-neu.cz\/?page_id=5583","title":{"rendered":"Judikatura v praxi"},"content":{"rendered":"\n<p>D\u016fkazem, \u017ee pou\u017e\u00edvat judik\u00e1ty v&nbsp;praxi p\u0159i zaji\u0161\u0165ov\u00e1n\u00ed BOZP nen\u00ed nejen jednoduch\u00e9, ale je i zna\u010dn\u011b problematick\u00e9, jsou judik\u00e1ty Nejvy\u0161\u0161\u00edho soudu \u010cesk\u00e9 republiky 21 Cdo 1804\/2015 ze dne 29. 1. 2016 a 21 Cdo 224\/2013 ze dne 16. 12. 2013. Nejvy\u0161\u0161\u00ed soud po dvou letech dosp\u011bl ke zcela opa\u010dn\u00e9mu n\u00e1zoru ne\u017e v&nbsp;p\u0159edch\u00e1zej\u00edc\u00edm judik\u00e1tu.<\/p>\n\n\n\n<p>V&nbsp;z\u00e1v\u011bru roku 2013 dosp\u011bl k&nbsp;tomu, \u017ee l\u00e9ka\u0159sk\u00fd posudek vydan\u00fd za\u0159\u00edzen\u00edm z\u00e1vodn\u00ed preventivn\u00ed p\u00e9\u010de, p\u0159\u00edp. rozhodnut\u00edm p\u0159\u00edslu\u0161n\u00e9ho spr\u00e1vn\u00edho \u00fa\u0159adu p\u0159i jeho p\u0159ezkoum\u00e1n\u00ed, je zp\u016fsobil\u00fdm podkladem k&nbsp;rozv\u00e1z\u00e1n\u00ed pracovn\u00edho pom\u011bru v\u00fdpov\u011bd\u00ed podle \u00a7 52 p\u00edsm. d) nebo e) z\u00e1kon\u00edku pr\u00e1ce jen tehdy, pokud je z&nbsp;n\u011bj jednozna\u010dn\u011b patrno, co je p\u0159\u00ed\u010dinou nezp\u016fsobilosti zam\u011bstnance d\u00e1le konat dosavadn\u00ed pr\u00e1ci [zda jsou to okolnosti uveden\u00e9 v \u00a7 52 p\u00edsm. d) nebo e) z\u00e1kon\u00edku pr\u00e1ce].<\/p>\n\n\n\n<p>Podle nov\u00e9ho judik\u00e1tu posudek autoritativn\u011b nestanovuje ani neprokazuje (z\u00e1vazn\u00fdm a z\u00e1sadn\u011b kone\u010dn\u00fdm zp\u016fsobem), \u017ee zam\u011bstnanec vskutku pozbyl dlouhodob\u011b zdravotn\u00ed zp\u016fsobilost. Posudek tedy zam\u011bstnavateli, zam\u011bstnanci, jako\u017e i soud\u016fm, poskytuje pouze nez\u00e1vazn\u00e9 \u201edobrozd\u00e1n\u00ed\u201c o zdravotn\u00edm stavu zam\u011bstnance z&nbsp;hlediska jeho zdravotn\u00ed zp\u016fsobilosti k&nbsp;pr\u00e1ci.<\/p>\n\n\n\n<p>Uve\u010fme si p\u0159\u00edmo pr\u00e1vn\u00ed v\u011btu tohoto judik\u00e1tu. Zn\u00ed: <em>Podle pr\u00e1vn\u00ed \u00fapravy \u00fa\u010dinn\u00e9 od 1. 4. 2012 l\u00e9ka\u0159sk\u00fd posudek vydan\u00fd poskytovatelem pracovn\u011bl\u00e9ka\u0159sk\u00fdch slu\u017eeb a ani rozhodnut\u00ed p\u0159\u00edslu\u0161n\u00e9ho spr\u00e1vn\u00edho org\u00e1nu, kter\u00fd l\u00e9ka\u0159sk\u00fd posudek p\u0159ezkoum\u00e1v\u00e1, nestanov\u00ed (a neprokazuj\u00ed) autoritativn\u011b (z\u00e1vazn\u00fdm a z\u00e1sadn\u011b kone\u010dn\u00fdm zp\u016fsobem), \u017ee by posuzovan\u00fd zam\u011bstnanec vskutku vzhledem ke sv\u00e9mu zdravotn\u00edmu stavu pozbyl dlouhodob\u011b zdravotn\u00ed zp\u016fsobilost, a \u017ee tedy l\u00e9ka\u0159sk\u00fd posudek vydan\u00fd poskytovatelem pracovn\u011bl\u00e9ka\u0159sk\u00fdch slu\u017eeb a rozhodnut\u00ed p\u0159\u00edslu\u0161n\u00e9ho spr\u00e1vn\u00edho org\u00e1nu, kter\u00e9 l\u00e9ka\u0159sk\u00fd posudek p\u0159ezkoum\u00e1v\u00e1, poskytuj\u00ed zam\u011bstnanci, zam\u011bstnavateli a soud\u016fm (spr\u00e1vn\u00edm \u00fa\u0159ad\u016fm a jin\u00fdm org\u00e1n\u016fm) pouze nez\u00e1vazn\u00e9 \u201edobrozd\u00e1n\u00ed\u201c o zdravotn\u00edm stavu zam\u011bstnance z hlediska jeho zdravotn\u00ed zp\u016fsobilosti k pr\u00e1ci, z n\u011bho\u017e soud p\u0159i sv\u00e9m rozhodov\u00e1n\u00ed nem\u016f\u017ee vych\u00e1zet ve smyslu ustanoven\u00ed \u00a7 135 odst. 2 ob\u010dansk\u00e9ho soudn\u00edho \u0159\u00e1du.<\/em><\/p>\n\n\n\n<p>Z&nbsp;v\u00fd\u0161e uveden\u00e9ho jasn\u011b vypl\u00fdv\u00e1, \u017ee Nejvy\u0161\u0161\u00ed soud \u010cR b\u011bhem p\u0159ibli\u017en\u011b dvou let zcela zm\u011bnil sv\u016fj n\u00e1zor na problematiku.<\/p>\n\n\n\n<p class=\"has-text-align-right\">2023-08-09<\/p>\n\n\n\n<p><p align=\"center\"><a href=\"http:\/\/bozppo-neu.cz\/?page_id=837\"><img decoding=\"async\" loading=\"lazy\" width=\"50\" height=\"72\" src=\"http:\/\/bozppo-neu.cz\/img\/menubutton.jpg\" alt=\"o uroven vyse\"><\/a><\/p><\/p>\n","protected":false},"excerpt":{"rendered":"<p>D\u016fkazem, \u017ee pou\u017e\u00edvat judik\u00e1ty v&nbsp;praxi p\u0159i zaji\u0161\u0165ov\u00e1n\u00ed BOZP nen\u00ed nejen jednoduch\u00e9, ale je i zna\u010dn\u011b problematick\u00e9, jsou judik\u00e1ty Nejvy\u0161\u0161\u00edho soudu \u010cesk\u00e9 republiky 21 Cdo 1804\/2015 ze dne 29. 1. 2016 a 21 Cdo 224\/2013 ze dne 16. 12. 2013. Nejvy\u0161\u0161\u00ed soud po dvou letech dosp\u011bl ke zcela opa\u010dn\u00e9mu n\u00e1zoru ne\u017e v&nbsp;p\u0159edch\u00e1zej\u00edc\u00edm judik\u00e1tu. V&nbsp;z\u00e1v\u011bru roku 2013 [&hellip;]<\/p>\n","protected":false},"author":1,"featured_media":0,"parent":0,"menu_order":0,"comment_status":"closed","ping_status":"closed","template":"","meta":[],"_links":{"self":[{"href":"https:\/\/bozppo-neu.cz\/index.php?rest_route=\/wp\/v2\/pages\/5583"}],"collection":[{"href":"https:\/\/bozppo-neu.cz\/index.php?rest_route=\/wp\/v2\/pages"}],"about":[{"href":"https:\/\/bozppo-neu.cz\/index.php?rest_route=\/wp\/v2\/types\/page"}],"author":[{"embeddable":true,"href":"https:\/\/bozppo-neu.cz\/index.php?rest_route=\/wp\/v2\/users\/1"}],"replies":[{"embeddable":true,"href":"https:\/\/bozppo-neu.cz\/index.php?rest_route=%2Fwp%2Fv2%2Fcomments&post=5583"}],"version-history":[{"count":2,"href":"https:\/\/bozppo-neu.cz\/index.php?rest_route=\/wp\/v2\/pages\/5583\/revisions"}],"predecessor-version":[{"id":5586,"href":"https:\/\/bozppo-neu.cz\/index.php?rest_route=\/wp\/v2\/pages\/5583\/revisions\/5586"}],"wp:attachment":[{"href":"https:\/\/bozppo-neu.cz\/index.php?rest_route=%2Fwp%2Fv2%2Fmedia&parent=5583"}],"curies":[{"name":"wp","href":"https:\/\/api.w.org\/{rel}","templated":true}]}}