{"id":5073,"date":"2023-03-22T15:03:17","date_gmt":"2023-03-22T14:03:17","guid":{"rendered":"http:\/\/bozppo-neu.cz\/?page_id=5073"},"modified":"2023-03-23T19:29:55","modified_gmt":"2023-03-23T18:29:55","slug":"plneni-povinnosti","status":"publish","type":"page","link":"https:\/\/bozppo-neu.cz\/?page_id=5073","title":{"rendered":"Pln\u011bn\u00ed n\u011bkter\u00fdch povinnost\u00ed a dal\u0161\u00ed \u010dinnosti p\u0159i zaji\u0161\u0165ov\u00e1n\u00ed PO"},"content":{"rendered":"\n<p>Pr\u00e1vnick\u00e1 a fyzick\u00e1 podnikaj\u00edc\u00ed osoba je povinna na \u00faseku po\u017e\u00e1rn\u00ed ochrany plnit celou \u0159adu r\u016fzn\u00fdch povinnost\u00ed. Podrobn\u011bj\u0161\u00ed informace k pln\u011bn\u00ed n\u011bkter\u00fdm z nich uv\u00e1d\u00edm zde:<\/p>\n\n\n\n<ul>\n<li><a href=\"http:\/\/bozppo-neu.cz\/?page_id=3889\">Kontroly po\u017e\u00e1rn\u011b bezpe\u010dnostn\u00edch za\u0159\u00edzen\u00ed a v\u011bcn\u00fdch prost\u0159edk\u016f po\u017e\u00e1rn\u00ed ochrany<\/a><\/li>\n<\/ul>\n\n\n\n<ul>\n<li><a href=\"http:\/\/bozppo-neu.cz\/?page_id=2075\">\u010ci\u0161t\u011bn\u00ed a revize kom\u00edn\u016f<\/a><\/li>\n<\/ul>\n\n\n\n<ul>\n<li><a href=\"http:\/\/bozppo-neu.cz\/?page_id=1135\">Um\u00edst\u011bn\u00ed p\u0159edm\u011bt\u016f na \u00fanikov\u00fdch cest\u00e1ch<\/a><\/li>\n<\/ul>\n\n\n\n<ul>\n<li><a href=\"http:\/\/bozppo-neu.cz\/?page_id=1626\">Spr\u00e1vn\u00e9 pou\u017eit\u00ed hasic\u00edho p\u0159\u00edstroje<\/a><\/li>\n<\/ul>\n\n\n\n<p><\/p>\n\n\n\n<pre class=\"wp-block-code\"><code><p align=\"center\"><a href=\"http:\/\/bozppo-neu.cz\/?page_id=9\"><img decoding=\"async\" loading=\"lazy\" src=\"http:\/\/bozppo-neu.cz\/img\/menubutton.jpg\" alt=\"o uroven vyse\" width=\"50\" height=\"72\"><\/a><\/p><\/code><\/pre>\n","protected":false},"excerpt":{"rendered":"<p>Pr\u00e1vnick\u00e1 a fyzick\u00e1 podnikaj\u00edc\u00ed osoba je povinna na \u00faseku po\u017e\u00e1rn\u00ed ochrany plnit celou \u0159adu r\u016fzn\u00fdch povinnost\u00ed. Podrobn\u011bj\u0161\u00ed informace k pln\u011bn\u00ed n\u011bkter\u00fdm z nich uv\u00e1d\u00edm zde:<\/p>\n","protected":false},"author":1,"featured_media":0,"parent":0,"menu_order":0,"comment_status":"closed","ping_status":"closed","template":"","meta":[],"_links":{"self":[{"href":"https:\/\/bozppo-neu.cz\/index.php?rest_route=\/wp\/v2\/pages\/5073"}],"collection":[{"href":"https:\/\/bozppo-neu.cz\/index.php?rest_route=\/wp\/v2\/pages"}],"about":[{"href":"https:\/\/bozppo-neu.cz\/index.php?rest_route=\/wp\/v2\/types\/page"}],"author":[{"embeddable":true,"href":"https:\/\/bozppo-neu.cz\/index.php?rest_route=\/wp\/v2\/users\/1"}],"replies":[{"embeddable":true,"href":"https:\/\/bozppo-neu.cz\/index.php?rest_route=%2Fwp%2Fv2%2Fcomments&post=5073"}],"version-history":[{"count":4,"href":"https:\/\/bozppo-neu.cz\/index.php?rest_route=\/wp\/v2\/pages\/5073\/revisions"}],"predecessor-version":[{"id":5226,"href":"https:\/\/bozppo-neu.cz\/index.php?rest_route=\/wp\/v2\/pages\/5073\/revisions\/5226"}],"wp:attachment":[{"href":"https:\/\/bozppo-neu.cz\/index.php?rest_route=%2Fwp%2Fv2%2Fmedia&parent=5073"}],"curies":[{"name":"wp","href":"https:\/\/api.w.org\/{rel}","templated":true}]}}