{"id":4613,"date":"2023-03-06T19:48:49","date_gmt":"2023-03-06T18:48:49","guid":{"rendered":"http:\/\/bozppo-neu.cz\/?page_id=4613"},"modified":"2024-11-04T14:27:42","modified_gmt":"2024-11-04T13:27:42","slug":"bozp-2","status":"publish","type":"page","link":"https:\/\/bozppo-neu.cz\/?page_id=4613","title":{"rendered":"BOZP"},"content":{"rendered":"\n<p>Co je to BOZP? Ofici\u00e1ln\u00ed definice pojmu &#8222;Bezpe\u010dnost a ochrana zdrav\u00ed p\u0159i pr\u00e1ci&#8220; neexistuje. Odborn\u00e1 literatura jich uv\u00e1d\u00ed n\u011bkolik. Asi nejv\u00fdsti\u017en\u011bj\u0161\u00ed je, \u017ee se jedn\u00e1 o: &#8222;soubor opat\u0159en\u00ed (technick\u00fdch, organiza\u010dn\u00edch, v\u00fdchovn\u00fdch), kter\u00e1 p\u0159i spr\u00e1vn\u00e9 aplikaci nebo realizaci vytvo\u0159\u00ed podm\u00ednky k tomu, aby se pravd\u011bpodobnost ohro\u017een\u00ed nebo po\u0161kozen\u00ed lidsk\u00e9ho zdrav\u00ed sn\u00ed\u017eila na minimum&#8220;.<\/p>\n\n\n\n<p>BOZP poj\u00edm\u00e1 ochranu zdrav\u00ed zam\u011bstnanc\u016f, a nejen jich, do jist\u00e9 m\u00edry jako abstraktn\u00ed oblast (na z\u00e1klad\u011b hodnocen\u00ed p\u0159edpokl\u00e1dan\u00fdch rizik se stanov\u00ed po\u017eadavky na zaji\u0161t\u011bn\u00ed BOZP). Nen\u00ed tedy mo\u017en\u00e9 ji ch\u00e1pat z technick\u00e9ho pohledu \u2013 mus\u00ed se ud\u011blat: 1., 2., \u2026, 10. a je spln\u011bno \u2013 ale z pohledu pr\u00e1va a risk managementu (BOZP nen\u00ed zam\u011b\u0159ena technicky, ale mana\u017eersky).<\/p>\n\n\n\n<p>Proto nikde nenaleznete n\u00e1vod pro zaji\u0161t\u011bn\u00ed BOZP nejen pro v\u0161echna pracovi\u0161t\u011b, ale ani pro \u201estejn\u00e1\u201c pracovi\u0161t\u011b u jednoho zam\u011bstnavatele, nato\u017e pro \u201estejn\u00e1\u201c pracovi\u0161t\u011b u v\u00edce zam\u011bstnavatel\u016f. BOZP je v sou\u010dasn\u00e9 dob\u011b sofistikovan\u011bj\u0161\u00ed, ne\u017e byla v minulosti.<\/p>\n\n\n\n<p>Pod\u00edvat se m\u016f\u017eete na tyto str\u00e1nky:<\/p>\n\n\n\n<ul>\n<li><a href=\"http:\/\/bozppo-neu.cz\/?page_id=873\"><strong>O BOZP\u00a0<\/strong><\/a><\/li>\n<\/ul>\n\n\n\n<ul>\n<li><a href=\"http:\/\/bozppo-neu.cz\/?page_id=688\"><strong>O bezpe\u010dnosti a ochran\u011b zdrav\u00ed p\u0159i pr\u00e1ci<\/strong><\/a><\/li>\n<\/ul>\n\n\n\n<ul>\n<li><a href=\"http:\/\/bozppo-neu.cz\/?page_id=693\"><strong>Sou\u010dasn\u00e9 pojet\u00ed BOZP<\/strong><\/a><\/li>\n<\/ul>\n\n\n\n<ul>\n<li><a href=\"http:\/\/bozppo-neu.cz\/?page_id=700\"><strong>Syst\u00e9mov\u00fd p\u0159\u00edstup k BOZP<\/strong><\/a><\/li>\n<\/ul>\n\n\n\n<ul>\n<li><a href=\"http:\/\/bozppo-neu.cz\/?page_id=3001\"><strong>Kdo za koho \u201ekope\u201c p\u0159i zaji\u0161\u0165ov\u00e1n\u00ed BOZP<\/strong><\/a><\/li>\n<\/ul>\n\n\n\n<ul>\n<li><a href=\"http:\/\/bozppo-neu.cz\/?page_id=582\"><strong>Odpov\u011bdnost za BOZP<\/strong><\/a><\/li>\n<\/ul>\n\n\n\n<ul>\n<li><a href=\"http:\/\/bozppo-neu.cz\/?page_id=586\"><strong>Odpov\u011bdnost za zaji\u0161t\u011bn\u00ed BOZP<\/strong><\/a><\/li>\n<\/ul>\n\n\n\n<ul>\n<li><a href=\"http:\/\/bozppo-neu.cz\/?page_id=575\"><strong>D\u016fsledek pr\u00e1vn\u00ed odpov\u011bdnosti vedouc\u00edho zam\u011bstnance za zaji\u0161t\u011bn\u00ed BOZP<\/strong><\/a><\/li>\n<\/ul>\n\n\n\n<ul>\n<li><a href=\"http:\/\/bozppo-neu.cz\/?page_id=3381\"><strong>P\u0159ed\u00e1n\u00ed pracovi\u0161t\u011b<\/strong><\/a><\/li>\n<\/ul>\n\n\n\n<ul>\n<li><a href=\"http:\/\/bozppo-neu.cz\/?page_id=705\"><strong>Z\u00e1kladn\u00ed informace nejen pro zam\u011bstnavatele o zaji\u0161\u0165ov\u00e1n\u00ed BOZP<\/strong><\/a><\/li>\n<\/ul>\n\n\n\n<ul>\n<li><a href=\"http:\/\/bozppo-neu.cz\/?page_id=711\"><strong>Zaji\u0161t\u011bn\u00ed BOZP v mikrofirm\u00e1ch<\/strong><\/a><\/li>\n<\/ul>\n\n\n\n<ul>\n<li><a href=\"http:\/\/bozppo-neu.cz\/?page_id=1853\"><strong>Homeworking, tedy nejen home office<\/strong><\/a><\/li>\n<\/ul>\n\n\n\n<ul>\n<li><a href=\"http:\/\/bozppo-neu.cz\/?page_id=2389\"><strong>Strategie \u201ePr\u016fmysl 4.0\u201c a BOZP<\/strong><\/a><\/li>\n<\/ul>\n\n\n\n<ul>\n<li><a href=\"http:\/\/bozppo-neu.cz\/?page_id=1643\"><strong>Takto NE!<\/strong><\/a><\/li>\n<\/ul>\n\n\n\n<ul>\n<li><a href=\"http:\/\/bozppo-neu.cz\/?page_id=2145\"><strong>Tady pozor!<\/strong><\/a><\/li>\n<\/ul>\n","protected":false},"excerpt":{"rendered":"<p>Co je to BOZP? Ofici\u00e1ln\u00ed definice pojmu &#8222;Bezpe\u010dnost a ochrana zdrav\u00ed p\u0159i pr\u00e1ci&#8220; neexistuje. Odborn\u00e1 literatura jich uv\u00e1d\u00ed n\u011bkolik. Asi nejv\u00fdsti\u017en\u011bj\u0161\u00ed je, \u017ee se jedn\u00e1 o: &#8222;soubor opat\u0159en\u00ed (technick\u00fdch, organiza\u010dn\u00edch, v\u00fdchovn\u00fdch), kter\u00e1 p\u0159i spr\u00e1vn\u00e9 aplikaci nebo realizaci vytvo\u0159\u00ed podm\u00ednky k tomu, aby se pravd\u011bpodobnost ohro\u017een\u00ed nebo po\u0161kozen\u00ed lidsk\u00e9ho zdrav\u00ed sn\u00ed\u017eila na minimum&#8220;. BOZP poj\u00edm\u00e1 ochranu [&hellip;]<\/p>\n","protected":false},"author":1,"featured_media":4847,"parent":0,"menu_order":0,"comment_status":"closed","ping_status":"closed","template":"","meta":[],"_links":{"self":[{"href":"https:\/\/bozppo-neu.cz\/index.php?rest_route=\/wp\/v2\/pages\/4613"}],"collection":[{"href":"https:\/\/bozppo-neu.cz\/index.php?rest_route=\/wp\/v2\/pages"}],"about":[{"href":"https:\/\/bozppo-neu.cz\/index.php?rest_route=\/wp\/v2\/types\/page"}],"author":[{"embeddable":true,"href":"https:\/\/bozppo-neu.cz\/index.php?rest_route=\/wp\/v2\/users\/1"}],"replies":[{"embeddable":true,"href":"https:\/\/bozppo-neu.cz\/index.php?rest_route=%2Fwp%2Fv2%2Fcomments&post=4613"}],"version-history":[{"count":7,"href":"https:\/\/bozppo-neu.cz\/index.php?rest_route=\/wp\/v2\/pages\/4613\/revisions"}],"predecessor-version":[{"id":5991,"href":"https:\/\/bozppo-neu.cz\/index.php?rest_route=\/wp\/v2\/pages\/4613\/revisions\/5991"}],"wp:featuredmedia":[{"embeddable":true,"href":"https:\/\/bozppo-neu.cz\/index.php?rest_route=\/wp\/v2\/media\/4847"}],"wp:attachment":[{"href":"https:\/\/bozppo-neu.cz\/index.php?rest_route=%2Fwp%2Fv2%2Fmedia&parent=4613"}],"curies":[{"name":"wp","href":"https:\/\/api.w.org\/{rel}","templated":true}]}}