{"id":4430,"date":"2022-08-27T14:24:56","date_gmt":"2022-08-27T12:24:56","guid":{"rendered":"http:\/\/bozppo-neu.cz\/?page_id=4430"},"modified":"2023-03-23T14:05:01","modified_gmt":"2023-03-23T13:05:01","slug":"co-je-potreba-udelat-2","status":"publish","type":"page","link":"https:\/\/bozppo-neu.cz\/?page_id=4430","title":{"rendered":"Co je pot\u0159eba ud\u011blat!"},"content":{"rendered":"<p>Od 1. \u010dervence 2022 plat\u00ed nov\u00e1 pr\u00e1vn\u00ed \u00faprava bezpe\u010dnosti technick\u00fdch<img decoding=\"async\" loading=\"lazy\" class=\"wp-image-3659 alignright\" src=\"http:\/\/bozppo-neu.cz\/wp-content\/uploads\/2020\/01\/bozp.jpg\" alt=\"bozp\" width=\"260\" height=\"363\"> za\u0159\u00edzen\u00ed. P\u0159edev\u0161\u00edm vyhrazen\u00fdch technick\u00fdch za\u0159\u00edzen\u00ed (VTZ). Ka\u017ed\u00fd zam\u011bstnavatel, p\u0159\u00edpadn\u011b podnikatel bez zam\u011bstnanc\u016f, p\u0159i sv\u00e9 \u010dinnosti pou\u017e\u00edv\u00e1 n\u011bjak\u00e9 technick\u00e9 za\u0159\u00edzen\u00ed. Co by v prv\u00e9 \u0159ad\u011b m\u011bl ud\u011blat pro dosa\u017een\u00ed souladu s novou pr\u00e1vn\u00ed \u00fapravou?<\/p>\n<p>M\u011bl by:<\/p>\n<ol>\n<li>prov\u00e9st inventarizaci v\u0161ech technick\u00fdch za\u0159\u00edzen, kter\u00e1 pou\u017e\u00edv\u00e1, a to bez ohledu na to, zda je jejich majitel, \u010di nikoliv;<\/li>\n<li>na z\u00e1klad\u011b v\u00fdsledku inventarizace prov\u00e9st v\u00fdb\u011br, kter\u00e1 za\u0159\u00edzen\u00ed jsou podle nov\u00fdch pravidel pova\u017eov\u00e1na za vyhrazen\u00e1 (kter\u00e1 jsou pova\u017eov\u00e1na za VTZ uv\u00e1d\u00ed na\u0159\u00edzen\u00ed vl\u00e1dy \u010d. 190 a\u017e 193\/2022 Sb.);<\/li>\n<li>p\u00edsemn\u011b ur\u010dit (pov\u011b\u0159it) <a href=\"http:\/\/bozppo-neu.cz\/?page_id=4417\">osoby odpov\u011bdn\u00e9<\/a> za zaji\u0161t\u011bn\u00ed bezpe\u010dn\u00e9ho provozu jednotliv\u00fdch skupin VTZ (elektrick\u00e1, plynov\u00e1, tlakov\u00e1, zdvihac\u00ed) a zajistit jejich pro\u0161kolen\u00ed;<\/li>\n<li>u VTZ dohledat <a href=\"http:\/\/bozppo-neu.cz\/?page_id=4417\">pr\u016fvodn\u00ed<\/a>, pokud byla vyd\u00e1na, a <a href=\"http:\/\/bozppo-neu.cz\/?page_id=4417\">provozn\u00ed dokumentaci<\/a>;<\/li>\n<li>u VTZ, u kter\u00fdch nebude nalezena pr\u016fvodn\u00ed (pravd\u011bpodobn\u011b platn\u00e9 pro VTZ v\u00fdroben\u00e9 po 1. 9. 1997), nebo provozn\u00ed dokumentace, zpracovat <a href=\"http:\/\/bozppo-neu.cz\/?page_id=4417\">m\u00edstn\u00ed provozn\u00ed p\u0159edpis<\/a>;<\/li>\n<li>zpracovat&nbsp;<a href=\"http:\/\/bozppo-neu.cz\/?page_id=4417\">m\u00edstn\u00ed provozn\u00ed p\u0159edpis<\/a> pro jednotliv\u00e1 VTZ, u kter\u00fdch to vy\u017eaduje p\u0159\u00edslu\u0161n\u00e9 na\u0159\u00edzen\u00ed vl\u00e1dy (nap\u0159. <a href=\"http:\/\/bozppo-neu.cz\/?page_id=4417\">\u0159\u00e1d prohl\u00eddek, \u00fadr\u017eby a reviz\u00ed<\/a> vyhrazen\u00e9ho elektrick\u00e9ho za\u0159\u00edzen\u00ed),<\/li>\n<li>vytvo\u0159it syst\u00e9m (organizaci) zaji\u0161t\u011bn\u00ed bezpe\u010dnosti VTZ ve firm\u011b nebo spole\u010dnosti, v\u010detn\u011b hl\u00e1\u0161en\u00ed vzniku <a href=\"http:\/\/bozppo-neu.cz\/?page_id=4417\">hav\u00e1ri\u00ed<\/a> ve smyslu ustanoven\u00ed \u00a7 22 z\u00e1kona \u010d. 250\/2021 Sb. oblastn\u00edmu inspektor\u00e1tu pr\u00e1ce.<\/li>\n<\/ol>\n<p style=\"text-align: right;\">2022-08-27<\/p>\n<p style=\"text-align: center;\"><\/p>\n\n\n<pre class=\"wp-block-code\"><code><p align=\"center\"><a href=\"http:\/\/bozppo-neu.cz\/?page_id=943\"><img decoding=\"async\" loading=\"lazy\" src=\"http:\/\/bozppo-neu.cz\/img\/menubutton.jpg\" alt=\"o uroven vyse\" width=\"50\" height=\"72\"><\/a><\/p><\/code><\/pre>\n","protected":false},"excerpt":{"rendered":"<p>Od 1. \u010dervence 2022 plat\u00ed nov\u00e1 pr\u00e1vn\u00ed \u00faprava bezpe\u010dnosti technick\u00fdch za\u0159\u00edzen\u00ed. P\u0159edev\u0161\u00edm vyhrazen\u00fdch technick\u00fdch za\u0159\u00edzen\u00ed (VTZ). Ka\u017ed\u00fd zam\u011bstnavatel, p\u0159\u00edpadn\u011b podnikatel bez zam\u011bstnanc\u016f, p\u0159i sv\u00e9 \u010dinnosti pou\u017e\u00edv\u00e1 n\u011bjak\u00e9 technick\u00e9 za\u0159\u00edzen\u00ed. Co by v prv\u00e9 \u0159ad\u011b m\u011bl ud\u011blat pro dosa\u017een\u00ed souladu s novou pr\u00e1vn\u00ed \u00fapravou? M\u011bl by: prov\u00e9st inventarizaci v\u0161ech technick\u00fdch za\u0159\u00edzen, kter\u00e1 pou\u017e\u00edv\u00e1, a to bez [&hellip;]<\/p>\n","protected":false},"author":1,"featured_media":0,"parent":0,"menu_order":0,"comment_status":"closed","ping_status":"closed","template":"","meta":[],"_links":{"self":[{"href":"https:\/\/bozppo-neu.cz\/index.php?rest_route=\/wp\/v2\/pages\/4430"}],"collection":[{"href":"https:\/\/bozppo-neu.cz\/index.php?rest_route=\/wp\/v2\/pages"}],"about":[{"href":"https:\/\/bozppo-neu.cz\/index.php?rest_route=\/wp\/v2\/types\/page"}],"author":[{"embeddable":true,"href":"https:\/\/bozppo-neu.cz\/index.php?rest_route=\/wp\/v2\/users\/1"}],"replies":[{"embeddable":true,"href":"https:\/\/bozppo-neu.cz\/index.php?rest_route=%2Fwp%2Fv2%2Fcomments&post=4430"}],"version-history":[{"count":9,"href":"https:\/\/bozppo-neu.cz\/index.php?rest_route=\/wp\/v2\/pages\/4430\/revisions"}],"predecessor-version":[{"id":5173,"href":"https:\/\/bozppo-neu.cz\/index.php?rest_route=\/wp\/v2\/pages\/4430\/revisions\/5173"}],"wp:attachment":[{"href":"https:\/\/bozppo-neu.cz\/index.php?rest_route=%2Fwp%2Fv2%2Fmedia&parent=4430"}],"curies":[{"name":"wp","href":"https:\/\/api.w.org\/{rel}","templated":true}]}}