{"id":3616,"date":"2020-01-25T18:16:43","date_gmt":"2020-01-25T17:16:43","guid":{"rendered":"http:\/\/bozppo-neu.cz\/?page_id=3616"},"modified":"2023-04-02T11:37:36","modified_gmt":"2023-04-02T09:37:36","slug":"dite-na-pracovisti","status":"publish","type":"page","link":"https:\/\/bozppo-neu.cz\/?page_id=3616","title":{"rendered":"D\u00edt\u011b na pracovi\u0161ti"},"content":{"rendered":"<p><img decoding=\"async\" loading=\"lazy\" class=\"wp-image-3620 alignleft\" src=\"http:\/\/bozppo-neu.cz\/wp-content\/uploads\/2020\/01\/dite.jpg\" alt=\"dite\" width=\"230\" height=\"257\" srcset=\"https:\/\/bozppo-neu.cz\/wp-content\/uploads\/2020\/01\/dite.jpg 690w, https:\/\/bozppo-neu.cz\/wp-content\/uploads\/2020\/01\/dite-269x300.jpg 269w\" sizes=\"(max-width: 230px) 100vw, 230px\" \/>Zam\u011bstnankyn\u011b, z&nbsp;d\u016fvodu jejich mate\u0159sk\u00e9ho posl\u00e1n\u00ed, po\u017e\u00edvaj\u00ed p\u0159i v\u00fdkonu pr\u00e1ce speci\u00e1ln\u00ed z\u00e1konn\u00e9 ochrany. V p\u0159\u00edpad\u011b, \u017ee p\u0159i v\u00fdkonu jejich pr\u00e1ce p\u0159ich\u00e1z\u00ed v&nbsp;\u00favahu expozice rizikov\u00fdm faktor\u016fm po\u0161kozuj\u00edc\u00edm plod v&nbsp;t\u011ble matky, je zam\u011bstnavatel povinen&nbsp;ihned p\u0159i p\u0159id\u011blen\u00ed takov\u00e9to pr\u00e1ce zam\u011bstnankyn\u011b o tom informovat, tedy v&nbsp;r\u00e1mci \u0161kolen\u00ed p\u0159ed zah\u00e1jen\u00edm pr\u00e1ce. V&nbsp;souvislosti s&nbsp;jejich mate\u0159stv\u00edm v\u0161ak mohou vzniknout pro zaji\u0161t\u011bn\u00ed BOZP i jin\u00e9 situace, je\u017e pramen\u00ed z vytv\u00e1\u0159en\u00ed podpory pracovn\u00ed pohody zam\u011bstnanky\u0148, nap\u0159. mo\u017enost pe\u010dovat o d\u00edt\u011b p\u0159\u00edmo na sv\u00e9m pracovi\u0161ti.<\/p>\n<h4><strong>Ozn\u00e1men\u00ed t\u011bhotenstv\u00ed<\/strong><\/h4>\n<p>V&nbsp;posledn\u00edch l\u00e9tech n\u011bkter\u00e9 \u017eeny sv\u00e9 t\u011bhotenstv\u00ed v&nbsp;zam\u011bstn\u00e1n\u00ed co nejd\u00e9le taj\u00ed, nebo\u0165 cht\u011bj\u00ed co nejd\u00e9le vykon\u00e1vat svou pr\u00e1ci a obvykle se co nejd\u0159\u00edve po porodu do n\u00ed vr\u00e1tit a o d\u00edt\u011b pe\u010dovat na pracovi\u0161ti p\u0159i v\u00fdkonu sv\u00e9 pr\u00e1ce (net\u00fdk\u00e1 se to jen administrativn\u00edch pracovi\u0161\u0165, jak by se mohlo zd\u00e1t).<\/p>\n<p>Neozn\u00e1mit sv\u00e9 t\u011bhotenstv\u00ed zam\u011bstnavateli je jejich pr\u00e1vo, nebo\u0165 \u017e\u00e1dn\u00fd pr\u00e1vn\u00ed p\u0159edpis jim nestanovuje povinnost ozn\u00e1mit jej, jako\u017e i p\u0159ed porodem &#8222;v\u010das&#8220; nastoupit na mate\u0159skou dovolenou. M\u011bly by si v\u0161ak uv\u011bdomit, \u017ee v p\u0159\u00edpad\u011b vykon\u00e1vaj\u00ed-li pr\u00e1ci, kter\u00e1 je <a href=\"http:\/\/bozppo-neu.cz\/?page_id=2620\">t\u011bhotn\u00fdm zam\u011bstnankyn\u00edm zak\u00e1z\u00e1na<\/a>, \u017ee by ve sv\u00e9m vlastn\u00edm z\u00e1jmu, resp. v&nbsp;z\u00e1jmu sv\u00e9ho d\u00edt\u011bte, m\u011bly zam\u011bstnavatele ihned informovat. Ozn\u00e1m\u00edli zam\u011bstnankyn\u011b t\u011bhotenstv\u00ed vedouc\u00edmu zam\u011bstnanci, ten je povinen zajistit ve\u0161ker\u00e9 s t\u00edm souvisej\u00edc\u00ed n\u00e1le\u017eitosti, nap\u0159. zajistit mo\u017enost odpo\u010dinku vle\u017ee (\u00a7&nbsp;55 odst. 4 na\u0159\u00edzen\u00ed vl\u00e1dy \u010d. 361\/2007&nbsp;Sb.). Ozn\u00e1mi-li zam\u011bstnankyn\u011b vedouc\u00edmu sv\u00e9 t\u011bhotenstv\u00ed, nem\u016f\u017ee po\u010d\u00edtat s t\u00edm, \u017ee se o n\u011bm nedozv\u00ed dal\u0161\u00ed zam\u011bstnanci.<\/p>\n<h4>D\u00edt\u011b na pracovi\u0161ti<\/h4>\n<p>Jak bylo ji\u017e uvedeno, zam\u011bstnankyn\u011b po n\u00e1vratu do zam\u011bstn\u00e1n\u00ed n\u011bkdy po\u017eaduj\u00ed umo\u017enit jim, aby o sv\u00e9 d\u00edt\u011b mohly pe\u010dovat na sv\u00e9m pracovi\u0161ti. Zda to zam\u011bstnavatel zam\u011bstnankyni umo\u017en\u00ed je zcela na jeho rozhodnut\u00ed. Obdobn\u011b to plat\u00ed v p\u0159\u00edpad\u011b, \u017ee o mo\u017enost p\u00e9\u010de o d\u00edt\u011b na pracovi\u0161ti po\u017e\u00e1d\u00e1 otec.<\/p>\n<p>Umo\u017en\u00ed-li to, je <a href=\"http:\/\/bozppo-neu.cz\/?page_id=586\">povinen zaji\u0161\u0165ovat BOZP<\/a> i v\u016f\u010di tomuto d\u00edt\u011bti (\u00a7 101 odst. 5 z\u00e1kon\u00edku pr\u00e1ce), tzn. vytvo\u0159it pro n\u011bj neohro\u017euj\u00edc\u00ed podm\u00ednky, a to v&nbsp;z\u00e1vislosti na jeho t\u011blesn\u00e9m a rozumov\u00e9m v\u00fdvoji (nap\u0159., \u017ee nebude ohro\u017eeno elektrick\u00fdmi prodlu\u017eovac\u00edmi kabely nebo voln\u011b p\u0159\u00edstupnou elektrickou z\u00e1suvkou ve zdi).<\/p>\n<p>Dojde-li k&nbsp;\u00farazu d\u00edt\u011bte, nejedn\u00e1 o <a href=\"http:\/\/bozppo-neu.cz\/?page_id=652\">pracovn\u00ed \u00faraz<\/a> a zam\u011bstnavatel za tento \u00faraz nen\u00ed automaticky odpov\u011bdn\u00fd (nutno pro\u0161et\u0159it, kdo vznik \u00farazu zavinil). M\u016f\u017ee se v\u0161ak st\u00e1t, \u017ee za n\u011bj odpov\u011bdn\u00fd bude, resp. vedouc\u00ed zam\u011bstnanec.<\/p>\n<p>P\u0159i vyd\u00e1n\u00ed souhlasu k&nbsp;p\u00e9\u010di o d\u00edt\u011b na pracovi\u0161ti, bez ohledu na jeho v\u011bk, je nutn\u00e9 zohlednit, \u017ee vedouc\u00ed zam\u011bstnanec je povinen vytv\u00e1\u0159et p\u0159\u00edzniv\u00e9 pracovn\u00ed podm\u00ednky na pracovi\u0161ti. Je tedy ot\u00e1zkou, do jak\u00e9 m\u00edry je p\u0159\u00edtomnost d\u00edt\u011bte na pracovi\u0161ti ru\u0161iv\u00fdm faktorem pro jin\u00e9 zam\u011bstnance. Z\u00e1rove\u0148 mus\u00ed b\u00fdt <a href=\"http:\/\/bozppo-neu.cz\/?page_id=753\">vyhodnocena nov\u00e1 rizika<\/a>, kter\u00e1 vznikaj\u00ed v&nbsp;d\u016fsledku p\u0159\u00edtomnosti d\u00edt\u011bte na pracovi\u0161ti (nap\u0159. hra\u010dky na pracovi\u0161ti, zv\u00fd\u0161en\u00ed hladiny hluku) a stanoveny podm\u00ednky, za kter\u00fdch m\u016f\u017ee b\u00fdt vykon\u00e1v\u00e1na p\u00e9\u010de o d\u00edt\u011b na pracovi\u0161ti (nap\u0159. \u0159e\u0161it mo\u017enost kojen\u00ed a p\u0159ebalov\u00e1n\u00ed, u star\u0161\u00edch d\u011bt\u00ed \u010dast\u00e9 krmen\u00ed).<\/p>\n<p>Problematiku d\u00edt\u011bte na pracovi\u0161ti by zam\u011bstnavatel nem\u011bl opom\u00edjet ani p\u0159i \u0159e\u0161en\u00ed <a href=\"http:\/\/bozppo-neu.cz\/?page_id=1853\">homeworkingu<\/a>. I kdy\u017e se nejedn\u00e1 o jeho pracovi\u0161t\u011b, tedy se v tomto p\u0159\u00edpad\u011b neuplatn\u00ed ustanoven\u00ed \u00a7 101 odst. 5 z\u00e1kon\u00edku pr\u00e1ce, je nutn\u00e9 m\u00edt na z\u0159eteli odpov\u011bdnost za v\u00fdkon pracovn\u00ed \u010dinnosti sv\u00e9ho zam\u011bstnance a s t\u00edm nap\u0159. souvisej\u00edc\u00ed bezpe\u010dnost technick\u00fdch za\u0159\u00edzen\u00ed, a to bez ohledu na to, zda jejich majitelem je zam\u011bstnavatel nebo zam\u011bstnanec.<\/p>\n<p style=\"text-align: right;\">2020-01-25<\/p>\n<p style=\"text-align: right;\"><\/p>\n\n\n<pre class=\"wp-block-code\"><code><p align=\"center\"><a href=\"http:\/\/bozppo-neu.cz\/?page_id=1995\"><img decoding=\"async\" loading=\"lazy\" src=\"http:\/\/bozppo-neu.cz\/img\/menubutton.jpg\" alt=\"o uroven vyse\" width=\"50\" height=\"72\"><\/a><\/p><\/code><\/pre>\n","protected":false},"excerpt":{"rendered":"<p>Zam\u011bstnankyn\u011b, z&nbsp;d\u016fvodu jejich mate\u0159sk\u00e9ho posl\u00e1n\u00ed, po\u017e\u00edvaj\u00ed p\u0159i v\u00fdkonu pr\u00e1ce speci\u00e1ln\u00ed z\u00e1konn\u00e9 ochrany. V p\u0159\u00edpad\u011b, \u017ee p\u0159i v\u00fdkonu jejich pr\u00e1ce p\u0159ich\u00e1z\u00ed v&nbsp;\u00favahu expozice rizikov\u00fdm faktor\u016fm po\u0161kozuj\u00edc\u00edm plod v&nbsp;t\u011ble matky, je zam\u011bstnavatel povinen&nbsp;ihned p\u0159i p\u0159id\u011blen\u00ed takov\u00e9to pr\u00e1ce zam\u011bstnankyn\u011b o tom informovat, tedy v&nbsp;r\u00e1mci \u0161kolen\u00ed p\u0159ed zah\u00e1jen\u00edm pr\u00e1ce. V&nbsp;souvislosti s&nbsp;jejich mate\u0159stv\u00edm v\u0161ak mohou vzniknout pro zaji\u0161t\u011bn\u00ed BOZP i [&hellip;]<\/p>\n","protected":false},"author":1,"featured_media":0,"parent":0,"menu_order":0,"comment_status":"closed","ping_status":"closed","template":"","meta":[],"_links":{"self":[{"href":"https:\/\/bozppo-neu.cz\/index.php?rest_route=\/wp\/v2\/pages\/3616"}],"collection":[{"href":"https:\/\/bozppo-neu.cz\/index.php?rest_route=\/wp\/v2\/pages"}],"about":[{"href":"https:\/\/bozppo-neu.cz\/index.php?rest_route=\/wp\/v2\/types\/page"}],"author":[{"embeddable":true,"href":"https:\/\/bozppo-neu.cz\/index.php?rest_route=\/wp\/v2\/users\/1"}],"replies":[{"embeddable":true,"href":"https:\/\/bozppo-neu.cz\/index.php?rest_route=%2Fwp%2Fv2%2Fcomments&post=3616"}],"version-history":[{"count":20,"href":"https:\/\/bozppo-neu.cz\/index.php?rest_route=\/wp\/v2\/pages\/3616\/revisions"}],"predecessor-version":[{"id":5442,"href":"https:\/\/bozppo-neu.cz\/index.php?rest_route=\/wp\/v2\/pages\/3616\/revisions\/5442"}],"wp:attachment":[{"href":"https:\/\/bozppo-neu.cz\/index.php?rest_route=%2Fwp%2Fv2%2Fmedia&parent=3616"}],"curies":[{"name":"wp","href":"https:\/\/api.w.org\/{rel}","templated":true}]}}