{"id":3548,"date":"2019-11-30T14:42:14","date_gmt":"2019-11-30T13:42:14","guid":{"rendered":"http:\/\/bozppo-neu.cz\/?page_id=3548"},"modified":"2023-04-02T11:38:39","modified_gmt":"2023-04-02T09:38:39","slug":"ohrozeni-nemoci-z-povolani","status":"publish","type":"page","link":"https:\/\/bozppo-neu.cz\/?page_id=3548","title":{"rendered":"Ohro\u017een\u00ed nemoc\u00ed z povol\u00e1n\u00ed"},"content":{"rendered":"<p>Pojmem \u201eOhro\u017een\u00ed nemoc\u00ed z&nbsp;povol\u00e1n\u00ed\u201c se rozum\u011bj\u00ed takov\u00e9 zm\u011bny zdravotn\u00edho stavu zam\u011bstnance, je\u017e vznikly p\u0159i v\u00fdkonu pr\u00e1ce nep\u0159\u00edzniv\u00fdm p\u016fsoben\u00edm podm\u00ednek, za nich\u017e vznikaj\u00ed <a href=\"http:\/\/bozppo-neu.cz\/?page_id=3546\">nemoci z&nbsp;povol\u00e1n\u00ed<\/a>, av\u0161ak nedosahuj\u00ed takov\u00e9ho stupn\u011b po\u0161kozen\u00ed zdravotn\u00edho stavu, kter\u00fd lze posoudit jako nemoc z&nbsp;povol\u00e1n\u00ed, a dal\u0161\u00ed v\u00fdkon pr\u00e1ce za stejn\u00fdch podm\u00ednek by vedl k&nbsp;vzniku nemoci z povol\u00e1n\u00ed (\u00a7 347 z\u00e1kon\u00edku pr\u00e1ce).<\/p>\n<p>L\u00e9ka\u0159sk\u00fd posudek vyd\u00e1v\u00e1 poskytovatel zdravotn\u00edch slu\u017eeb p\u0159\u00edslu\u0161n\u00fd k&nbsp;vyd\u00e1n\u00ed l\u00e9ka\u0159sk\u00e9ho posudku o nemoci z&nbsp;povol\u00e1n\u00ed.<\/p>\n<p>Byl-li zam\u011bstnanec z&nbsp;d\u016fvodu ohro\u017een\u00ed nemoc\u00ed z&nbsp;povol\u00e1n\u00ed p\u0159eveden na jinou pr\u00e1ci, za n\u00ed\u017e p\u0159\u00edslu\u0161\u00ed ni\u017e\u0161\u00ed mzda nebo plat, p\u0159\u00edslu\u0161\u00ed mu doplatek ke mzd\u011b nebo platu do v\u00fd\u0161e pr\u016fm\u011brn\u00e9ho v\u00fdd\u011blku, kter\u00e9ho dosahoval p\u0159ed p\u0159eveden\u00edm (\u00a7 139 z\u00e1kon\u00edku pr\u00e1ce).<\/p>\n<p>Zam\u011bstnavatel m\u00e1, na z\u00e1klad\u011b po\u017eadavku z\u00e1kon\u00edku pr\u00e1ce (\u00a7 105 odst. 6), uplatnit takov\u00e1 opat\u0159en\u00ed, aby odstranil nebo minimalizoval rizikov\u00e9 faktory, kter\u00e9 vyvol\u00e1vaj\u00ed ohro\u017een\u00ed nemoc\u00ed z&nbsp;povol\u00e1n\u00ed.<\/p>\n<p style=\"text-align: right;\">2019-11-30<\/p>\n<p style=\"text-align: right;\"><\/p>\n\n\n<pre class=\"wp-block-code\"><code><p align=\"center\"><a href=\"http:\/\/bozppo-neu.cz\/?page_id=1995\"><img decoding=\"async\" loading=\"lazy\" src=\"http:\/\/bozppo-neu.cz\/img\/menubutton.jpg\" alt=\"o uroven vyse\" width=\"50\" height=\"72\"><\/a><\/p><\/code><\/pre>\n","protected":false},"excerpt":{"rendered":"<p>Pojmem \u201eOhro\u017een\u00ed nemoc\u00ed z&nbsp;povol\u00e1n\u00ed\u201c se rozum\u011bj\u00ed takov\u00e9 zm\u011bny zdravotn\u00edho stavu zam\u011bstnance, je\u017e vznikly p\u0159i v\u00fdkonu pr\u00e1ce nep\u0159\u00edzniv\u00fdm p\u016fsoben\u00edm podm\u00ednek, za nich\u017e vznikaj\u00ed nemoci z&nbsp;povol\u00e1n\u00ed, av\u0161ak nedosahuj\u00ed takov\u00e9ho stupn\u011b po\u0161kozen\u00ed zdravotn\u00edho stavu, kter\u00fd lze posoudit jako nemoc z&nbsp;povol\u00e1n\u00ed, a dal\u0161\u00ed v\u00fdkon pr\u00e1ce za stejn\u00fdch podm\u00ednek by vedl k&nbsp;vzniku nemoci z povol\u00e1n\u00ed (\u00a7 347 z\u00e1kon\u00edku pr\u00e1ce). L\u00e9ka\u0159sk\u00fd [&hellip;]<\/p>\n","protected":false},"author":1,"featured_media":0,"parent":0,"menu_order":0,"comment_status":"closed","ping_status":"closed","template":"","meta":[],"_links":{"self":[{"href":"https:\/\/bozppo-neu.cz\/index.php?rest_route=\/wp\/v2\/pages\/3548"}],"collection":[{"href":"https:\/\/bozppo-neu.cz\/index.php?rest_route=\/wp\/v2\/pages"}],"about":[{"href":"https:\/\/bozppo-neu.cz\/index.php?rest_route=\/wp\/v2\/types\/page"}],"author":[{"embeddable":true,"href":"https:\/\/bozppo-neu.cz\/index.php?rest_route=\/wp\/v2\/users\/1"}],"replies":[{"embeddable":true,"href":"https:\/\/bozppo-neu.cz\/index.php?rest_route=%2Fwp%2Fv2%2Fcomments&post=3548"}],"version-history":[{"count":7,"href":"https:\/\/bozppo-neu.cz\/index.php?rest_route=\/wp\/v2\/pages\/3548\/revisions"}],"predecessor-version":[{"id":5444,"href":"https:\/\/bozppo-neu.cz\/index.php?rest_route=\/wp\/v2\/pages\/3548\/revisions\/5444"}],"wp:attachment":[{"href":"https:\/\/bozppo-neu.cz\/index.php?rest_route=%2Fwp%2Fv2%2Fmedia&parent=3548"}],"curies":[{"name":"wp","href":"https:\/\/api.w.org\/{rel}","templated":true}]}}