{"id":3422,"date":"2019-11-09T17:49:55","date_gmt":"2019-11-09T16:49:55","guid":{"rendered":"http:\/\/bozppo-neu.cz\/?page_id=3422"},"modified":"2025-09-04T12:04:46","modified_gmt":"2025-09-04T10:04:46","slug":"pripravovane-zmeny-pravnich-predpisu","status":"publish","type":"page","link":"https:\/\/bozppo-neu.cz\/?page_id=3422","title":{"rendered":"P\u0159ipravovan\u00e9 zm\u011bny pr\u00e1vn\u00edch p\u0159edpis\u016f"},"content":{"rendered":"<p>B\u011bhem dvou let m\u00e1 b\u00fdt nahrazeno na\u0159\u00edzen\u00ed vl\u00e1dy \u010d. 361\/2007 Sb. nov\u00fdm p\u0159edpisem. Ten by nem\u011bl b\u00fdt tak rozs\u00e1hl\u00fd a slo\u017eit\u00fd jako sou\u010dasn\u00fd. Nahrazena by t\u00e9\u017e m\u011bla b\u00fdt na\u0159\u00edzen\u00ed vl\u00e1dy \u010d. 378\/2001 Sb., \u010d. 101\/2005 Sb. a vyhl\u00e1\u0161ky \u010d. 48\/1982 Sb. a \u010d. 77\/1965 Sb. (nejstar\u0161\u00ed platn\u00fd pr\u00e1vn\u00ed p\u0159edpis \u0159e\u0161\u00edc\u00ed BOZP).<\/p>\n<p style=\"text-align: right;\">2025-09-04<\/p>\n\n\n<pre class=\"wp-block-code\"><code><p align=\"center\"><a href=\"http:\/\/bozppo-neu.cz\/?page_id=837\"><img decoding=\"async\" loading=\"lazy\" src=\"http:\/\/bozppo-neu.cz\/img\/menubutton.jpg\" alt=\"o uroven vyse\" width=\"50\" height=\"72\"><\/a><\/p><\/code><\/pre>\n","protected":false},"excerpt":{"rendered":"<p>B\u011bhem dvou let m\u00e1 b\u00fdt nahrazeno na\u0159\u00edzen\u00ed vl\u00e1dy \u010d. 361\/2007 Sb. nov\u00fdm p\u0159edpisem. Ten by nem\u011bl b\u00fdt tak rozs\u00e1hl\u00fd a slo\u017eit\u00fd jako sou\u010dasn\u00fd. Nahrazena by t\u00e9\u017e m\u011bla b\u00fdt na\u0159\u00edzen\u00ed vl\u00e1dy \u010d. 378\/2001 Sb., \u010d. 101\/2005 Sb. a vyhl\u00e1\u0161ky \u010d. 48\/1982 Sb. a \u010d. 77\/1965 Sb. (nejstar\u0161\u00ed platn\u00fd pr\u00e1vn\u00ed p\u0159edpis \u0159e\u0161\u00edc\u00ed BOZP). 2025-09-04<\/p>\n","protected":false},"author":1,"featured_media":0,"parent":0,"menu_order":0,"comment_status":"closed","ping_status":"closed","template":"","meta":[],"_links":{"self":[{"href":"https:\/\/bozppo-neu.cz\/index.php?rest_route=\/wp\/v2\/pages\/3422"}],"collection":[{"href":"https:\/\/bozppo-neu.cz\/index.php?rest_route=\/wp\/v2\/pages"}],"about":[{"href":"https:\/\/bozppo-neu.cz\/index.php?rest_route=\/wp\/v2\/types\/page"}],"author":[{"embeddable":true,"href":"https:\/\/bozppo-neu.cz\/index.php?rest_route=\/wp\/v2\/users\/1"}],"replies":[{"embeddable":true,"href":"https:\/\/bozppo-neu.cz\/index.php?rest_route=%2Fwp%2Fv2%2Fcomments&post=3422"}],"version-history":[{"count":38,"href":"https:\/\/bozppo-neu.cz\/index.php?rest_route=\/wp\/v2\/pages\/3422\/revisions"}],"predecessor-version":[{"id":6148,"href":"https:\/\/bozppo-neu.cz\/index.php?rest_route=\/wp\/v2\/pages\/3422\/revisions\/6148"}],"wp:attachment":[{"href":"https:\/\/bozppo-neu.cz\/index.php?rest_route=%2Fwp%2Fv2%2Fmedia&parent=3422"}],"curies":[{"name":"wp","href":"https:\/\/api.w.org\/{rel}","templated":true}]}}