{"id":2614,"date":"2017-09-25T08:36:04","date_gmt":"2017-09-25T06:36:04","guid":{"rendered":"http:\/\/bozppo-neu.cz\/?page_id=2614"},"modified":"2023-04-01T19:56:29","modified_gmt":"2023-04-01T17:56:29","slug":"prace-a-pracoviste-zakazane-zamestnankynim-a-mladistvym","status":"publish","type":"page","link":"https:\/\/bozppo-neu.cz\/?page_id=2614","title":{"rendered":"Pr\u00e1ce a pracovi\u0161t\u011b zak\u00e1zan\u00e9 zam\u011bstnankyn\u00edm a mladistv\u00fdm"},"content":{"rendered":"<p>N\u011bkter\u00e9 pr\u00e1ce a\u00a0pracovi\u0161t\u011b jsou zam\u011bstnankyn\u00edm a mladistv\u00fdm (osob\u00e1m ve v\u011bku 15 a\u017e 18 let, kter\u00e9 se p\u0159ipravuj\u00ed na sv\u00e9 budouc\u00ed povol\u00e1n\u00ed nebo jsou ji\u017e zam\u011bstn\u00e1ny) zak\u00e1z\u00e1ny.<\/p>\n<p>Zak\u00e1zan\u00e9 pr\u00e1ce a pracovi\u0161t\u011b se nevztahuj\u00ed na v\u0161echny zam\u011bstnankyn\u011b a mladistv\u00e9. Jsou stanoveny c\u00edlen\u011b pouze na ur\u010ditou skupinu, u kter\u00e9 by v\u00fdkon t\u011bchto pracovn\u00edch \u010dinnost\u00ed mohl vyvolat ne\u017e\u00e1douc\u00ed n\u00e1sledky.<\/p>\n<p>M\u00e1me tak vyhl\u00e1\u0161kou \u010d. 180\/1985 Sb. stanoveny zak\u00e1zan\u00e9 pr\u00e1ce a pracovi\u0161t\u011b pro:<\/p>\n<p><strong>\u2022 <\/strong><a href=\"http:\/\/bozppo-neu.cz\/?page_id=2620\"><strong>t\u011bhotn\u00e9 a koj\u00edc\u00ed zam\u011bstnankyn\u011b<\/strong><\/a>,<\/p>\n<p><strong>\u2022<\/strong> <a href=\"http:\/\/bozppo-neu.cz\/?page_id=2624\"><strong>zam\u011bstnankyn\u011b-matky do dev\u00e1t\u00e9ho m\u011bs\u00edce po porodu<\/strong><\/a>,<\/p>\n<p><strong>\u2022<\/strong> <a href=\"http:\/\/bozppo-neu.cz\/?page_id=2628\"><strong>mladistv\u00e9<\/strong><\/a>, a to zvl\u00e1\u0161\u0165 pro pracuj\u00edc\u00ed a zvl\u00e1\u0161\u0165 pro ty, kte\u0159\u00ed se p\u0159ipravuj\u00ed na budouc\u00ed povol\u00e1n\u00ed.<\/p>\n<p>Uveden\u00e1 vyhl\u00e1\u0161ka nen\u00ed jedin\u00fdm pr\u00e1vn\u00edm p\u0159edpisem stanovuj\u00edc\u00ed zak\u00e1zan\u00e9 pr\u00e1ce. T\u011bhotn\u00fdm zam\u011bstnankyn\u00edm, zam\u011bstnankyn\u00edm, kter\u00e9 koj\u00ed a zam\u011bstnankyn\u00edm-matk\u00e1m do konce dev\u00e1t\u00e9ho m\u011bs\u00edce po porodu jsou zak\u00e1z\u00e1ny pr\u00e1ce, pro kter\u00e9 podle l\u00e9ka\u0159sk\u00e9ho posudku nejsou zdravotn\u011b zp\u016fsobil\u00e9 (z\u00e1kon\u00edk pr\u00e1ce). T\u011bhotn\u00fdm zam\u011bstnankyn\u00edm, zam\u011bstnankyn\u00edm, kter\u00e9 koj\u00ed, zam\u011bstnankyn\u00edm-matk\u00e1m do konce dev\u00e1t\u00e9ho m\u011bs\u00edce po porodu a mladistv\u00fdm zam\u011bstnanc\u016fm jsou zak\u00e1z\u00e1ny pr\u00e1ce v\u00a0kontrolovan\u00fdch p\u00e1smech (z\u00e1kon \u010d. 309\/2006 Sb.).<\/p>\n<p>Zam\u011bstn\u00e1-li zam\u011bstnavatel zam\u011bstnankyni nebo mladistv\u00e9ho prac\u00ed nebo na pracovi\u0161ti, kter\u00e9 jsou jim zak\u00e1zan\u00e9, vystavuje se nebezpe\u010d\u00ed postihu a\u017e do v\u00fd\u0161e 3\u00a0000\u00a0000 K\u010d (\u00a7 92h z\u00e1kona \u010d. 258\/2000 Sb., ve zn\u011bn\u00ed pozd\u011bj\u0161\u00edch p\u0159edpis\u016f).<\/p>\n<p style=\"text-align: right;\">2017-09-25<\/p>\n","protected":false},"excerpt":{"rendered":"<p>N\u011bkter\u00e9 pr\u00e1ce a\u00a0pracovi\u0161t\u011b jsou zam\u011bstnankyn\u00edm a mladistv\u00fdm (osob\u00e1m ve v\u011bku 15 a\u017e 18 let, kter\u00e9 se p\u0159ipravuj\u00ed na sv\u00e9 budouc\u00ed povol\u00e1n\u00ed nebo jsou ji\u017e zam\u011bstn\u00e1ny) zak\u00e1z\u00e1ny. Zak\u00e1zan\u00e9 pr\u00e1ce a pracovi\u0161t\u011b se nevztahuj\u00ed na v\u0161echny zam\u011bstnankyn\u011b a mladistv\u00e9. Jsou stanoveny c\u00edlen\u011b pouze na ur\u010ditou skupinu, u kter\u00e9 by v\u00fdkon t\u011bchto pracovn\u00edch \u010dinnost\u00ed mohl vyvolat ne\u017e\u00e1douc\u00ed n\u00e1sledky. [&hellip;]<\/p>\n","protected":false},"author":1,"featured_media":0,"parent":0,"menu_order":0,"comment_status":"closed","ping_status":"closed","template":"","meta":[],"_links":{"self":[{"href":"https:\/\/bozppo-neu.cz\/index.php?rest_route=\/wp\/v2\/pages\/2614"}],"collection":[{"href":"https:\/\/bozppo-neu.cz\/index.php?rest_route=\/wp\/v2\/pages"}],"about":[{"href":"https:\/\/bozppo-neu.cz\/index.php?rest_route=\/wp\/v2\/types\/page"}],"author":[{"embeddable":true,"href":"https:\/\/bozppo-neu.cz\/index.php?rest_route=\/wp\/v2\/users\/1"}],"replies":[{"embeddable":true,"href":"https:\/\/bozppo-neu.cz\/index.php?rest_route=%2Fwp%2Fv2%2Fcomments&post=2614"}],"version-history":[{"count":10,"href":"https:\/\/bozppo-neu.cz\/index.php?rest_route=\/wp\/v2\/pages\/2614\/revisions"}],"predecessor-version":[{"id":5424,"href":"https:\/\/bozppo-neu.cz\/index.php?rest_route=\/wp\/v2\/pages\/2614\/revisions\/5424"}],"wp:attachment":[{"href":"https:\/\/bozppo-neu.cz\/index.php?rest_route=%2Fwp%2Fv2%2Fmedia&parent=2614"}],"curies":[{"name":"wp","href":"https:\/\/api.w.org\/{rel}","templated":true}]}}