{"id":1894,"date":"2017-04-03T11:50:15","date_gmt":"2017-04-03T09:50:15","guid":{"rendered":"http:\/\/bozppo-neu.cz\/?page_id=1894"},"modified":"2023-03-23T14:25:18","modified_gmt":"2023-03-23T13:25:18","slug":"provadeni-tzv-skoleni-bozp-a-skoleni-po-pomoci-e-learningu","status":"publish","type":"page","link":"https:\/\/bozppo-neu.cz\/?page_id=1894","title":{"rendered":"Prov\u00e1d\u011bn\u00ed tzv. \u0161kolen\u00ed BOZP a \u0161kolen\u00ed PO pomoc\u00ed e-learningu"},"content":{"rendered":"<p>P\u0159i dodr\u017een\u00ed ur\u010dit\u00fdch podm\u00ednek je mo\u017en\u00e9 tzv. \u0161kolen\u00ed BOZP prov\u00e1d\u011bt formou e-learningu. Pr\u00e1vn\u00ed p\u0159edpisy jeho pou\u017eit\u00ed pro \u0161kolen\u00ed o pr\u00e1vn\u00edch a ostatn\u00edch p\u0159edpisech k\u00a0zaji\u0161t\u011bn\u00ed BOZP, jako\u017e i pro \u0161kolen\u00ed PO, nezakazuj\u00ed. Jen odbory p\u0159i sv\u00fdch kontrol\u00e1ch ob\u010das upozor\u0148uj\u00ed na zcela opr\u00e1vn\u011bnou pot\u0159ebu prov\u00e1d\u011bt uveden\u00e1 \u0161kolen\u00ed formou kombinovan\u00e9 v\u00fduky. Nen\u00ed pravdou, \u017ee tuto formu je mo\u017en\u00e9 vyu\u017e\u00edt jen v\u00a0administrativ\u011b. Je v\u00fdhodn\u00e1 i ve \u0161kolstv\u00ed, ve zdravotnictv\u00ed a dal\u0161\u00edch oblastech. V\u00a0posledn\u00ed dob\u011b se dokonce prosazuje ve stavebnictv\u00ed.<\/p>\n<p>C\u00edlem\u00a0p\u0159ilo\u017een\u00e9ho \u010dl\u00e1nku <a href=\"http:\/\/bozppo-neu.cz\/wp-content\/uploads\/2017\/04\/E-LEARNING.pdf\">&#8222;Prov\u00e1d\u011bn\u00ed tzv. \u0161kolen\u00ed BOZP a \u0161kolen\u00ed PO pomoc\u00ed e-learningu&#8220;<\/a> je upozornit nejen na podm\u00ednky, kter\u00e9 je nutn\u00e9 dodr\u017eet (po\u017eadavky pr\u00e1vn\u00edch p\u0159edpis\u016f), ale t\u00e9\u017e na dal\u0161\u00ed po\u017eadavky, aby e-learningov\u00e9 projekty \u0161kolen\u00ed BOZP a PO, je\u017e maj\u00ed sv\u00e1 specifika, byly na vysok\u00e9 \u00farovni.\u00a0V\u00a0\u010dl\u00e1nku se m\u016f\u017eete sezn\u00e1mit:<\/p>\n<ul>\n<li>se z\u00e1kladn\u00edmi po\u017eadavky na prov\u00e1d\u011bn\u00ed \u0161kolen\u00ed prost\u0159ednictv\u00edm e-learningu,<\/li>\n<li>s\u00a0po\u017eadavky na proveden\u00ed osnov, resp. tematick\u00fdch pl\u00e1n\u016f a \u010dasov\u00fdch rozvrh\u016f,<\/li>\n<li>s vhodn\u00fdm zp\u016fsobem proveden\u00ed v\u00fdukov\u00fdch text\u016f,<\/li>\n<li>se zp\u016fsobem proveden\u00ed zku\u0161ebn\u00edch test\u016f,<\/li>\n<li>s\u00a0praktick\u00fdm p\u0159\u00edkladem projekt\u016f \u201e\u0160kolen\u00ed BOZP\u201c a \u201e\u0160kolen\u00ed PO\u201c, kter\u00e9 byly ocen\u011bny Evropskou agenturou pro BOZP.<\/li>\n<\/ul>\n<p style=\"text-align: right;\">2017-04-03<\/p>\n<p style=\"text-align: right;\">\n<p style=\"text-align: left;\">\n<pre class=\"wp-block-code\"><code>\n<a href=\"http:\/\/bozppo-neu.cz\/?page_id=11\"><img decoding=\"async\" loading=\"lazy\" class=\"aligncenter\" src=\"http:\/\/bozppo-neu.cz\/img\/menubutton.jpg\" alt=\"o uroven vyse\" width=\"50\" height=\"72\" \/><\/a>\n<\/code><\/pre>\n<p><!-- \/wp:code --><\/p>\n","protected":false},"excerpt":{"rendered":"<p>P\u0159i dodr\u017een\u00ed ur\u010dit\u00fdch podm\u00ednek je mo\u017en\u00e9 tzv. \u0161kolen\u00ed BOZP prov\u00e1d\u011bt formou e-learningu. Pr\u00e1vn\u00ed p\u0159edpisy jeho pou\u017eit\u00ed pro \u0161kolen\u00ed o pr\u00e1vn\u00edch a ostatn\u00edch p\u0159edpisech k\u00a0zaji\u0161t\u011bn\u00ed BOZP, jako\u017e i pro \u0161kolen\u00ed PO, nezakazuj\u00ed. Jen odbory p\u0159i sv\u00fdch kontrol\u00e1ch ob\u010das upozor\u0148uj\u00ed na zcela opr\u00e1vn\u011bnou pot\u0159ebu prov\u00e1d\u011bt uveden\u00e1 \u0161kolen\u00ed formou kombinovan\u00e9 v\u00fduky. Nen\u00ed pravdou, \u017ee tuto formu je mo\u017en\u00e9 [&hellip;]<\/p>\n","protected":false},"author":1,"featured_media":0,"parent":0,"menu_order":0,"comment_status":"closed","ping_status":"closed","template":"","meta":[],"_links":{"self":[{"href":"https:\/\/bozppo-neu.cz\/index.php?rest_route=\/wp\/v2\/pages\/1894"}],"collection":[{"href":"https:\/\/bozppo-neu.cz\/index.php?rest_route=\/wp\/v2\/pages"}],"about":[{"href":"https:\/\/bozppo-neu.cz\/index.php?rest_route=\/wp\/v2\/types\/page"}],"author":[{"embeddable":true,"href":"https:\/\/bozppo-neu.cz\/index.php?rest_route=\/wp\/v2\/users\/1"}],"replies":[{"embeddable":true,"href":"https:\/\/bozppo-neu.cz\/index.php?rest_route=%2Fwp%2Fv2%2Fcomments&post=1894"}],"version-history":[{"count":7,"href":"https:\/\/bozppo-neu.cz\/index.php?rest_route=\/wp\/v2\/pages\/1894\/revisions"}],"predecessor-version":[{"id":5198,"href":"https:\/\/bozppo-neu.cz\/index.php?rest_route=\/wp\/v2\/pages\/1894\/revisions\/5198"}],"wp:attachment":[{"href":"https:\/\/bozppo-neu.cz\/index.php?rest_route=%2Fwp%2Fv2%2Fmedia&parent=1894"}],"curies":[{"name":"wp","href":"https:\/\/api.w.org\/{rel}","templated":true}]}}