{"id":998,"date":"2017-01-20T15:30:42","date_gmt":"2017-01-20T14:30:42","guid":{"rendered":"http:\/\/bozppo-neu.cz\/?page_id=998"},"modified":"2023-03-23T13:50:49","modified_gmt":"2023-03-23T12:50:49","slug":"osobni-ochranne-pracovni-prostredky","status":"publish","type":"page","link":"http:\/\/bozppo-neu.cz\/?page_id=998","title":{"rendered":"Osobn\u00ed ochrann\u00e9 pracovn\u00ed prost\u0159edky"},"content":{"rendered":"<p><img decoding=\"async\" loading=\"lazy\" class=\"wp-image-4721 alignright\" src=\"http:\/\/bozppo-neu.cz\/wp-content\/uploads\/2023\/03\/PRIM_1.jpg\" alt=\"\" width=\"350\" height=\"181\" srcset=\"http:\/\/bozppo-neu.cz\/wp-content\/uploads\/2023\/03\/PRIM_1.jpg 1809w, http:\/\/bozppo-neu.cz\/wp-content\/uploads\/2023\/03\/PRIM_1-300x155.jpg 300w, http:\/\/bozppo-neu.cz\/wp-content\/uploads\/2023\/03\/PRIM_1-1024x529.jpg 1024w, http:\/\/bozppo-neu.cz\/wp-content\/uploads\/2023\/03\/PRIM_1-768x397.jpg 768w, http:\/\/bozppo-neu.cz\/wp-content\/uploads\/2023\/03\/PRIM_1-1536x793.jpg 1536w\" sizes=\"(max-width: 350px) 100vw, 350px\" \/><\/p>\n<p>V&nbsp;p\u0159\u00edpad\u011b, \u017ee <a href=\"http:\/\/bozppo-neu.cz\/?page_id=1026\">rizika p\u0159i pr\u00e1ci<\/a> nelze odstranit, nebo jejich p\u016fsoben\u00ed nen\u00ed mo\u017en\u00e9 sn\u00ed\u017eit na \u00fanosnou m\u00edru technick\u00fdmi nebo organiza\u010dn\u00edmi opat\u0159en\u00edmi, je zam\u011bstnavatel povinen zam\u011bstnanc\u016fm a p\u0159\u00edpadn\u011b i dal\u0161\u00edm osob\u00e1m, kter\u00e9 jsou na jeho pracovi\u0161t\u00edch ohro\u017eeni t\u011bmito riziky, p\u0159id\u011blit osobn\u00ed ochrann\u00e9 pracovn\u00ed prost\u0159edky. K&nbsp;zaji\u0161t\u011bn\u00ed poskytov\u00e1n\u00ed t\u011bchto prost\u0159edk\u016f nesta\u010d\u00ed je pouze nakoupit, ale je nezbytn\u00e9 vytvo\u0159it cel\u00fd syst\u00e9m \u0159e\u0161\u00edc\u00ed problematiku od stanoven\u00ed, kter\u00e9 prost\u0159edky maj\u00ed b\u00fdt poskytov\u00e1ny a\u017e po zaji\u0161t\u011bn\u00ed jejich fyzick\u00e9 likvidace.<\/p>\n<p>Za osobn\u00ed ochrann\u00e9 pracovn\u00ed prost\u0159edky (zkr\u00e1cen\u011b OOPP) se pova\u017euj\u00ed ochrann\u00e9 prost\u0159edky, kter\u00e9 chr\u00e1n\u00ed zam\u011bstnance p\u0159ed riziky, neohro\u017euj\u00ed jejich zdrav\u00ed, nebr\u00e1n\u00ed p\u0159i v\u00fdkonu pr\u00e1ce a spl\u0148uj\u00ed po\u017eadavky stanoven\u00e9 Na\u0159\u00edzen\u00edm Evropsk\u00e9ho parlamentu a Rady EU \u010d. 2016\/425 o osobn\u00edch ochrann\u00fdch prost\u0159edc\u00edch a o zru\u0161en\u00ed sm\u011brnice Rady 89\/686\/EHS. Chci zd\u016fraznit, \u017ee se jedn\u00e1 o prost\u0159edky <strong>chr\u00e1n\u00edc\u00ed zam\u011bstnance<\/strong>, tedy nikoliv prost\u0159edky poskytovan\u00e9 z d\u016fvodu ochrany technologie, nap\u0159\u00edklad pracovn\u00ed od\u011bv a obuv do super\u010dist\u00e9ho prost\u0159ed\u00ed, je\u017e maj\u00ed za \u00fakol zamezit p\u0159enosu ne\u010distot na pracovi\u0161t\u011b.<\/p>\n<p>Za OOPP nejsou pova\u017eov\u00e1ny <a href=\"http:\/\/bozppo-neu.cz\/?page_id=1383\">b\u011b\u017en\u00e9 pracovn\u00ed od\u011bvy a obuv<\/a>, kter\u00e9 nejsou ur\u010deny k&nbsp;ochran\u011b zdrav\u00ed zam\u011bstnanc\u016f p\u0159ed riziky a kter\u00e9 nepodl\u00e9haj\u00ed p\u0159i pr\u00e1ci mimo\u0159\u00e1dn\u00e9mu opot\u0159eben\u00ed nebo zne\u010di\u0161t\u011bn\u00ed, v\u00fdstroj a vybaven\u00ed z\u00e1chrann\u00fdch sbor\u016f a slu\u017eeb, speci\u00e1ln\u00ed ochrann\u00e9 prost\u0159edky pou\u017e\u00edvan\u00e9 v&nbsp;arm\u00e1d\u011b, bezpe\u010dnostn\u00edch nebo po\u0159\u00e1dkov\u00fdch sil\u00e1ch, v\u00fdstroj a vybaven\u00ed pou\u017e\u00edvan\u00e9 p\u0159i provozu na pozemn\u00edch komunikac\u00edch (nap\u0159\u00edklad bezpe\u010dnostn\u00ed vesty), sportovn\u00ed v\u00fdstroj a vybaven\u00ed (nap\u0159\u00edklad <a href=\"http:\/\/bozppo-neu.cz\/?page_id=1383\">oble\u010den\u00ed a obuv u\u010ditel\u016f t\u011blocviku<\/a>), ochrann\u00e9 prost\u0159edky pro sebeobranu (nap\u0159\u00edklad sprej, kter\u00fd u sebe m\u00e1 pokladn\u00ed p\u0159i p\u0159evozu hotovosti) a prost\u0159edky pro zji\u0161\u0165ov\u00e1n\u00ed a signalizaci rizik a \u0161kodlivin na pracovi\u0161ti (nap\u0159\u00edklad osobn\u00ed dozimetry zam\u011bstnanc\u016f v&nbsp;nemocnic\u00edch).<\/p>\n<p>Pokud pracovn\u00ed od\u011bvy nebo obuv podl\u00e9haj\u00ed mimo\u0159\u00e1dn\u00e9mu opot\u0159eben\u00ed nebo zne\u010di\u0161t\u011bn\u00ed (konkr\u00e9tn\u00ed definice t\u011bchto pojm\u016f nen\u00ed nikde uvedena a je tedy na zam\u011bstnavateli, jak si je v intern\u00edm p\u0159edpise definuje) \u010di pln\u00ed ochrannou funkci jsou pova\u017eov\u00e1ny za OOPP a i u nich mus\u00ed b\u00fdt postupov\u00e1no jako u OOPP (povinnost bezplatn\u00e9ho p\u0159id\u011blen\u00ed, zaji\u0161\u0165ov\u00e1n\u00ed \u00fadr\u017eby zam\u011bstnavatelem atd.).<\/p>\n<p>OOPP se nesm\u00ed zam\u011b\u0148ovat s ochrann\u00fdmi pom\u016fckami, kter\u00fd jsou nap\u0159\u00edklad <a href=\"http:\/\/bozppo-neu.cz\/?page_id=657\">pohybliv\u00e9 op\u011brky<\/a>. Pom\u016fcky pom\u00e1haj\u00ed p\u0159i ochran\u011b zdrav\u00ed, av\u0161ak nemusej\u00ed spl\u0148ovat po\u017eadavky na osobn\u00ed ochrann\u00e9 prost\u0159edky.<\/p>\n<h4><strong>Stanoven\u00ed, kter\u00e9 OOPP maj\u00ed b\u00fdt poskytnuty<\/strong><\/h4>\n<p>P\u0159i stanoven\u00ed opat\u0159en\u00ed k&nbsp;omezen\u00ed vlivu rizik na p\u0159ijatelnou m\u00edru je v\u017edy nejprve nutn\u00e9 zv\u00e1\u017eit, zda nen\u00ed mo\u017en\u00e9 pou\u017e\u00edt n\u011bkter\u00e9 organiza\u010dn\u00ed nebo je\u0161t\u011b l\u00e9pe technick\u00e9 \u0159e\u0161en\u00ed, v\u010detn\u011b kolektivn\u00ed ochrany, a a\u017e pokud to nen\u00ed mo\u017en\u00e9, p\u0159id\u011blit OOPP. Osobn\u00ed ochrann\u00e9 pracovn\u00ed prost\u0159edky se poskytuj\u00ed a\u017e jako posledn\u00ed mo\u017enost \u0159e\u0161en\u00ed!<\/p>\n<p>Podle z\u00e1kon\u00edku pr\u00e1ce se OOPP bez\u00faplatn\u011b p\u0159id\u011bluj\u00ed na z\u00e1klad\u011b seznamu (<a href=\"http:\/\/bozppo-neu.cz\/wp-content\/uploads\/2021\/04\/OOPP_VZOR.pdf\">intern\u00edho p\u0159edpisu<\/a>) zpracovan\u00e9ho zam\u011bstnavatelem, resp. odborn\u011b zp\u016fsobilou osobou k&nbsp;zaji\u0161\u0165ov\u00e1n\u00ed \u00fakol\u016f v prevenci rizik a zam\u011bstnavatelem schv\u00e1len\u00fdm. Jeho zpracov\u00e1n\u00ed je t\u00e9\u017e nutn\u00e9 pro da\u0148ovou uznatelnost n\u00e1klad\u016f na po\u0159\u00edzen\u00ed ochrann\u00fdch prost\u0159edk\u016f. Postup pro zpracov\u00e1n\u00ed seznamu, resp. intern\u00edho p\u0159edpisu, ur\u010duje na\u0159\u00edzen\u00ed vl\u00e1dy \u010d. 495\/2001 Sb. (do 31. \u0159\u00edjna 2021). Nejprve je nutn\u00e9 prov\u00e9st hodnocen\u00ed rizik pro v\u00fdb\u011br OOPP podle p\u0159\u00edlohy \u010d. 1 a vyhodnotit konkr\u00e9tn\u00ed podm\u00ednky pr\u00e1ce. Na z\u00e1klad\u011b zji\u0161t\u011bn\u00fdch \u00fadaj\u016f se provede v\u00fdb\u011br OOPP podle p\u0159\u00edlohy \u010d. 2 a 3. Ten se dopln\u00ed pot\u0159ebn\u00fdmi OOPP podle vyhodnocen\u00fdch konkr\u00e9tn\u00edch podm\u00ednek (poskytov\u00e1no jako OOPP m\u016f\u017ee b\u00fdt&nbsp; nap\u0159\u00edklad spodn\u00ed pr\u00e1dlo &#8211; v prost\u0159ed\u00ed s nebezpe\u010d\u00edm v\u00fdbuchu). Na v\u00fdb\u011bru OOPP by se m\u011bli pod\u00edlet i zam\u011bstnanci, kte\u0159\u00ed je budou pou\u017e\u00edvat (OOPP mus\u00ed vyhovovat individu\u00e1ln\u00edm po\u017eadavk\u016fm zam\u011bstnance).<\/p>\n<p>P\u0159i vytv\u00e1\u0159en\u00ed seznamu se nesm\u00ed zapomenout na to, \u017ee n\u011bkdy povinnost vybavit zam\u011bstnance OOPP stanovuje pr\u00e1vn\u00ed nebo ostatn\u00ed p\u0159edpis k&nbsp;zaji\u0161t\u011bn\u00ed BOZP. Nap\u0159\u00edklad u sv\u00e1\u0159e\u010d\u016f \u010cSN 05&nbsp;0601. Pro pr\u00e1ce v&nbsp;z\u00e1t\u011b\u017ei chladem je to na\u0159\u00edzen\u00ed vl\u00e1dy \u010d. 361\/2007&nbsp;Sb., ve zn\u011bn\u00ed pozd\u011bj\u0161\u00edch p\u0159edpis\u016f.<\/p>\n<p>Na z\u00e1klad\u011b z\u00edskan\u00fdch informac\u00ed se zpracuje seznam, kter\u00fd je vhodn\u00e9 za\u010dlenit do intern\u00edho p\u0159edpisu zam\u011bstnavatele. Vhodn\u00e9 je, aby ten, krom\u011b seznamu poskytovan\u00fdch OOPP, v\u010detn\u011b dob jejich \u017eivotnosti, obsahoval i popis jak\u00fdm zp\u016fsobem se prov\u00e1d\u00ed n\u00e1kup OOPP (z\u00e1kon\u00edk pr\u00e1ce v\u00fdslovn\u011b zakazuje nahrazovat poskytov\u00e1n\u00ed OOPP finan\u010dn\u00edm pln\u011bn\u00edm) v\u010detn\u011b uveden\u00ed, co v\u0161e mus\u00ed OOPP spl\u0148ovat, zp\u016fsobu jejich skladov\u00e1n\u00ed a vyd\u00e1v\u00e1n\u00ed zam\u011bstnanc\u016fm. M\u011bl by t\u00e9\u017e obsahovat ustanoven\u00ed o pou\u017e\u00edv\u00e1n\u00ed, udr\u017eov\u00e1n\u00ed, p\u0159ezku\u0161ov\u00e1n\u00ed a zp\u016fsobu navracen\u00ed OOPP a jejich likvidaci, nebo\u0165 po celou dobu pou\u017e\u00edv\u00e1n\u00ed se jedn\u00e1 o majetek firmy, resp. spole\u010dnosti. Tak\u00e9 by nem\u011bl b\u00fdt opomenut vzor dokladu, na kter\u00e9m bude prov\u00e1d\u011bna evidence vydan\u00fdch OOPP. Vhodn\u00e9 je, umo\u017e\u0148uje-li tento doklad nejen potvrzen\u00ed vyd\u00e1n\u00ed OOPP, ale i potvrzen\u00ed pou\u010den\u00ed o zach\u00e1zen\u00ed s&nbsp;n\u00edm, nebo\u0165 zam\u011bstnanec mus\u00ed b\u00fdt sezn\u00e1men s&nbsp;pou\u017e\u00edv\u00e1n\u00edm p\u0159id\u011blen\u00fdch OOPP. Sou\u010d\u00e1st\u00ed tohoto sezn\u00e1men\u00ed by m\u011blo b\u00fdt i upozorn\u011bn\u00ed na dodr\u017eov\u00e1n\u00ed hygienick\u00fdch pravidel, pokud je OOPP pou\u017e\u00edv\u00e1no v\u00edce zam\u011bstnanci. Formul\u00e1\u0159 tohoto dokladu nen\u00ed ni\u010d\u00edm stanoven.<\/p>\n<p>P\u0159i vytv\u00e1\u0159en\u00ed seznamu mus\u00ed b\u00fdt zohledn\u011bno, \u017ee OOPP se nep\u0159id\u011bluj\u00ed na vykon\u00e1vanou funkci, ale \u017ee mus\u00ed b\u00fdt p\u0159id\u011bleny i v&nbsp;p\u0159\u00edpad\u011b by\u0165 jen kr\u00e1tce vykon\u00e1van\u00e9 \u010dinnosti, p\u0159i n\u00ed\u017e se vyskytuj\u00ed rizika, proti jejich\u017e p\u016fsoben\u00ed m\u00e1 chr\u00e1nit, a to bez ohledu na to, jedn\u00e1-li se o zam\u011bstnance nebo jinou osobu, kter\u00e1 se souhlasem zam\u011bstnavatele se pohybuje v&nbsp;prostoru, kde riziko p\u016fsob\u00ed nebo vykon\u00e1v\u00e1 \u010dinnost s&nbsp;t\u00edmto rizikem spojenou. Je zcela nep\u0159\u00edpustn\u00e9, aby OOPP byly zam\u011bstnanc\u016fm p\u0159id\u011blov\u00e1ny a\u017e po ukon\u010den\u00ed zku\u0161ebn\u00ed doby.<\/p>\n<p>Intern\u00ed p\u0159edpis o poskytov\u00e1n\u00ed OOPP mus\u00ed b\u00fdt pr\u016fb\u011b\u017en\u011b aktualizov\u00e1n, minim\u00e1ln\u011b po ka\u017ed\u00e9m nov\u00e9m <a href=\"http:\/\/bozppo-neu.cz\/?page_id=753\">hodnocen\u00ed rizik p\u0159i pr\u00e1ci<\/a>.<\/p>\n<h4>Poskytov\u00e1n\u00ed OOPP<\/h4>\n<p>Na z\u00e1klad\u011b vytvo\u0159en\u00e9ho seznamu jsou jednotliv\u00fdm zam\u011bstnanc\u016fm p\u0159id\u011blov\u00e1ny OOPP podle pracovn\u00ed \u010dinnosti, kterou maj\u00ed vykon\u00e1vat, tzn., \u017ee vedouc\u00ed zam\u011bstnanec, kter\u00fd zam\u011bstnanci p\u0159id\u011bl\u00ed pr\u00e1ci, mu t\u00e9\u017e mus\u00ed na z\u00e1klad\u011b intern\u00edho p\u0159edpisu p\u0159id\u011blit j\u00ed odpov\u00eddaj\u00edc\u00ed OOPP (v\u010detn\u011b stanoven\u00ed individu\u00e1ln\u00ed lh\u016fty pou\u017eitelnosti v&nbsp;osobn\u00edm list\u011b v\u00fddeje OOPP podle konkr\u00e9tn\u00edch podm\u00ednek jejich pou\u017e\u00edv\u00e1n\u00ed zam\u011bstnancem), kter\u00e9 si zam\u011bstnanec p\u0159ed v\u00fdkonem t\u00e9to pr\u00e1ce vyzvedne. Tedy zam\u011bstnanec m\u016f\u017ee m\u00edt p\u0159id\u011blen\u00e9 OOPP z&nbsp;v\u00edce polo\u017eek uveden\u00fdch v&nbsp;seznamu, nebo\u0165 vykon\u00e1v\u00e1 v\u00edce \u010dinnost\u00ed (OOPP se nep\u0159id\u011bluj\u00ed na funkci, ale na vykon\u00e1van\u00e9 pracovn\u00ed \u010dinnosti. P\u0159id\u011blen\u00e9 OOPP jsou po celou dobu majetkem zam\u011bstnavatele.<\/p>\n<p>Poskytnut\u00e9 OOPP mus\u00ed b\u00fdt vz\u00e1jemn\u011b slu\u010diteln\u00e9, tedy nesm\u00ed se vz\u00e1jemn\u011b negativn\u011b ovliv\u0148ovat. T\u00e9\u017e mus\u00ed vyhovovat individu\u00e1ln\u00edm po\u017eadavk\u016fm zam\u011bstnance, kter\u00fd je m\u00e1 pou\u017e\u00edvat. OOPP mus\u00ed b\u00fdt po dobu pou\u017e\u00edv\u00e1n\u00ed \u00fa\u010dinn\u00e9 proti vyskytuj\u00edc\u00edm se rizik\u016fm a jejich pou\u017e\u00edv\u00e1n\u00ed nesm\u00ed p\u0159edstavovat pro zam\u011bstnance dal\u0161\u00ed riziko.<\/p>\n<p>Po\u0159izovan\u00e9 OOPP mus\u00ed spl\u0148ovat po\u017eadavky stanoven\u00e9 Na\u0159\u00edzen\u00edm Evropsk\u00e9ho parlamentu a Rady EU \u010d. 2016\/425 o osobn\u00edch ochrann\u00fdch prost\u0159edc\u00edch a o zru\u0161en\u00ed sm\u011brnice Rady 89\/686\/EHS. Ze z\u00e1kona zam\u011bstnavatel nesm\u00ed jin\u00e9 zam\u011bstnanci p\u0159id\u011blit. Podle uveden\u00e9ho na\u0159\u00edzen\u00ed mus\u00ed b\u00fdt u OOPP v\u00fdrobcem nebo dovozcem zaji\u0161t\u011bno proveden\u00ed posouzen\u00ed shody. Dokladem o jej\u00edm proveden\u00ed je uveden\u00ed ozna\u010den\u00ed CE. Ozna\u010den\u00ed CE mus\u00ed b\u00fdt um\u00edst\u011bno na ka\u017ed\u00e9m kusu OOPP a provedeno tak, aby bylo viditeln\u00e9 a nesmazateln\u00e9 po celou p\u0159edpokl\u00e1danou dobu \u017eivotnosti. Pokud to vzhledem k&nbsp;vlastnostem OOPP nen\u00ed mo\u017en\u00e9, m\u016f\u017ee b\u00fdt ozna\u010den\u00ed CE um\u00edst\u011bno na obale a v pr\u016fvodn\u00edch dokladech.<\/p>\n<p>Jen je-li uvedena zna\u010dka CE je mo\u017en\u00e9 prok\u00e1zat, nap\u0159\u00edklad i kontroln\u00edmu org\u00e1nu (OIP, odborov\u00e9 organizaci, finan\u010dn\u00edmu \u00fa\u0159adu atd.), \u017ee OOPP, kter\u00e9 jsou zam\u011bstnanc\u016fm poskytov\u00e1ny, spl\u0148uj\u00ed povinnost stanovenou z\u00e1kon\u00edkem pr\u00e1ce \u2013 \u201e\u2026mus\u00ed spl\u0148ovat po\u017eadavky stanoven\u00e9 zvl\u00e1\u0161tn\u00edm pr\u00e1vn\u00edm p\u0159edpisem\u201c.<\/p>\n<p>D\u00e1le po\u0159izovan\u00e9 OOPP mus\u00ed b\u00fdt, krom\u011b identifika\u010dn\u00edch \u00fadaj\u016f o v\u00fdrobci, p\u0159\u00edpadn\u011b dodavateli, vybaveny n\u00e1vodem v&nbsp;\u010desk\u00e9m jazyce, z&nbsp;kter\u00e9ho mus\u00ed b\u00fdt z\u0159ejm\u00e9 informace o skladov\u00e1n\u00ed, pou\u017e\u00edv\u00e1n\u00ed, \u010dist\u011bn\u00ed, \u00fadr\u017eb\u011b, se\u0159izov\u00e1n\u00ed nebo dezinfekci, dosahovan\u00e9 \u00fa\u010dinnosti, vhodn\u00e9m p\u0159\u00edslu\u0161enstv\u00ed a n\u00e1hradn\u00edch d\u00edlech, t\u0159\u00edd\u011b ochrany odpov\u00eddaj\u00edc\u00ed r\u016fzn\u00fdm \u00farovn\u00edm rizika, dob\u011b pou\u017eitelnosti, resp. \u017eivotnosti, vhodn\u00e9m zp\u016fsobu balen\u00ed pro p\u0159epravu, v\u00fdznamu v\u0161ech ozna\u010den\u00ed um\u00edst\u011bn\u00fdch na OOPP, p\u0159\u00edpadn\u011b i dal\u0161\u00ed informace.<\/p>\n<h4>Pou\u017e\u00edv\u00e1n\u00ed OOPP<\/h4>\n<p>Zam\u011bstnavatel m\u00e1 za povinnost udr\u017eovat OOPP v&nbsp;pou\u017eivateln\u00e9m stavu, tedy zaji\u0161\u0165ovat prov\u00e1d\u011bn\u00ed jejich \u00fadr\u017eby, \u010di\u0161t\u011bn\u00ed, pran\u00ed atd. Pokud jsou u OOPP stanoveny prohl\u00eddky nebo zkou\u0161ky, mus\u00ed i ty v&nbsp;p\u0159edepsan\u00fdch intervalech zaji\u0161\u0165ovat. D\u00e1le mus\u00ed zajistit ulo\u017een\u00ed pou\u017e\u00edvan\u00fdch ochrann\u00fdch od\u011bv\u016f v&nbsp;souladu s&nbsp;po\u017eadavky na\u0159\u00edzen\u00ed vl\u00e1dy \u010d. 361\/2007&nbsp;Sb. Zam\u011bstnanec m\u00e1 prov\u00e1d\u011bt denn\u00ed b\u011b\u017enou \u00fadr\u017ebu. Pokud b\u011bhem stanoven\u00e9 doby \u017eivotnosti ztrat\u00ed OOPP ochrann\u00e9 vlastnosti, mus\u00ed mu b\u00fdt p\u0159id\u011blen nov\u00fd OOPP. Tedy stanoven\u00e1 lh\u016fta je pouze orienta\u010dn\u00ed a t\u00e9\u017e m\u016f\u017ee slou\u017eit k&nbsp;stanoven\u00ed v\u00fd\u0161e n\u00e1hrady \u0161kody za zam\u011bstnancem po\u0161kozen\u00e9 OOPP (dobu pou\u017eitelnosti stanovenou v\u00fdrobcem je nutn\u00e9 pova\u017eovat za maxim\u00e1ln\u00ed). Dal\u0161\u00ed povinnost\u00ed zam\u011bstnavatele je prov\u00e1d\u011bt kontrolu jejich pou\u017e\u00edv\u00e1n\u00ed. Tu by m\u011bli prov\u00e1d\u011bt p\u0159\u00edm\u00ed nad\u0159\u00edzen\u00ed zam\u011bstnanc\u016f, kte\u0159\u00ed maj\u00ed OOPP pou\u017e\u00edvat.<\/p>\n<p>Po skon\u010den\u00ed doby pou\u017eitelnosti OOPP mus\u00ed zam\u011bstnanec poskytnut\u00e9 OOPP zam\u011bstnavateli vr\u00e1tit. Zam\u011bstnavatel je nem\u016f\u017ee zam\u011bstnanci prodat, ani darovat, nebo\u0165 se jedn\u00e1 o odpad, n\u011bkdy i o nebezpe\u010dn\u00fd odpad.<\/p>\n<h4>Bezpe\u010dnostn\u00ed p\u0159est\u00e1vky<\/h4>\n<p>Pokud je p\u0159i trval\u00e9 pr\u00e1ci, kter\u00e1 je na z\u00e1klad\u011b kategorizace prac\u00ed za\u0159azen\u00e1 jako rizikov\u00e1 nezbytn\u00e9 nep\u0159etr\u017eit\u011b pou\u017e\u00edvat OOPP k&nbsp;omezen\u00ed p\u016fsoben\u00ed rizikov\u00e9ho faktoru nebo p\u0159i trval\u00e9 pr\u00e1ci mus\u00ed zam\u011bstnanec povinn\u011b OOPP pou\u017e\u00edvat z&nbsp;jin\u00e9ho d\u016fvodu a tento ochrann\u00fd pracovn\u00ed prost\u0159edek zt\u011b\u017euje zam\u011bstnanci pohyb, d\u00fdch\u00e1n\u00ed, vid\u011bn\u00ed a jin\u00e9 fyziologick\u00e9 funkce mus\u00ed b\u00fdt podle \u00a7&nbsp;39 na\u0159\u00edzen\u00ed vl\u00e1dy \u010d. 361\/2007&nbsp;Sb., ve zn\u011bn\u00ed pozd\u011bj\u0161\u00edch p\u0159edpis\u016f, v&nbsp;pr\u016fb\u011bhu sm\u011bny za\u0159azeny bezpe\u010dnostn\u00ed p\u0159est\u00e1vky, p\u0159i nich\u017e m\u016f\u017ee zam\u011bstnanec tyto prost\u0159edky odlo\u017eit. Za zt\u011b\u017eov\u00e1n\u00ed pohybu d\u00fdch\u00e1n\u00ed, vid\u011bn\u00ed a jin\u00fdch fyziologick\u00fdch funkc\u00ed se nepova\u017euje stav odpov\u00eddaj\u00edc\u00ed pocitu omezen\u00ed, kter\u00e9 je vn\u00edm\u00e1no individu\u00e1ln\u011b, nebo stav, p\u0159i n\u011bm\u017e m\u00edra omezen\u00ed nebr\u00e1n\u00ed z\u00e1kladn\u00edmu vyu\u017e\u00edv\u00e1n\u00ed fyziologick\u00e9 funkce.<\/p>\n<p>Prvn\u00ed bezpe\u010dnostn\u00ed p\u0159est\u00e1vka se za\u0159azuje nejpozd\u011bji po dvou hodin\u00e1ch od zapo\u010det\u00ed v\u00fdkonu pr\u00e1ce v&nbsp;trv\u00e1n\u00ed nejm\u00e9n\u011b patn\u00e1cti minut. N\u00e1sledn\u00e9 p\u0159est\u00e1vky se za\u0159azuj\u00ed nejpozd\u011bji po ka\u017ed\u00fdch dal\u0161\u00edch dvou hodin\u00e1ch od ukon\u010den\u00ed p\u0159edchoz\u00ed p\u0159est\u00e1vky v&nbsp;trv\u00e1n\u00ed nejm\u00e9n\u011b deseti minut. Posledn\u00ed p\u0159est\u00e1vka v&nbsp;trv\u00e1n\u00ed nejm\u00e9n\u011b deseti minut se za\u0159azuje nejpozd\u011bji jednu hodinu p\u0159ed ukon\u010den\u00edm sm\u011bny. Po dobu bezpe\u010dnostn\u00ed p\u0159est\u00e1vky nesm\u00ed b\u00fdt zam\u011bstnanec exponov\u00e1n rizikov\u00e9mu faktoru p\u0159ekra\u010duj\u00edc\u00edmu hygienick\u00fd limit. Doba bezpe\u010dnostn\u00edch p\u0159est\u00e1vek se zapo\u010d\u00edt\u00e1v\u00e1 do pracovn\u00ed doby, a to i v&nbsp;p\u0159\u00edpad\u011b, vyjde-li na dobu p\u0159est\u00e1vky na j\u00eddlo a oddech.<\/p>\n<p>Vzor sm\u011brnice pro poskytov\u00e1n\u00ed OOPP naleznete <a href=\"http:\/\/bozppo-neu.cz\/wp-content\/uploads\/2021\/04\/OOPP_VZOR.pdf\">zde<\/a>.<\/p>\n<p>Od 1. listopadu 2021 nabude \u00fa\u010dinnosti nov\u00e9 na\u0159\u00edzen\u00ed vl\u00e1dy \u010d. 390\/2021 Sb. I kdy\u017e zm\u011bn nen\u00ed mnoho a nejsou z\u00e1sadn\u00ed, n\u011bkter\u00e9 v\u011bci se m\u011bn\u00ed.<\/p>\n<p style=\"text-align: right;\">2021-10-24<\/p>\n<p style=\"text-align: right;\">\n<\/p><p style=\"text-align: left;\"><\/p>\n\n\n<pre class=\"wp-block-code\"><code><p align=\"center\"><a href=\"http:\/\/bozppo-neu.cz\/?page_id=1155\"><img decoding=\"async\" loading=\"lazy\" src=\"http:\/\/bozppo-neu.cz\/img\/menubutton.jpg\" alt=\"o uroven vyse\" width=\"50\" height=\"72\"><\/a><\/p><\/code><\/pre>\n","protected":false},"excerpt":{"rendered":"<p>V&nbsp;p\u0159\u00edpad\u011b, \u017ee rizika p\u0159i pr\u00e1ci nelze odstranit, nebo jejich p\u016fsoben\u00ed nen\u00ed mo\u017en\u00e9 sn\u00ed\u017eit na \u00fanosnou m\u00edru technick\u00fdmi nebo organiza\u010dn\u00edmi opat\u0159en\u00edmi, je zam\u011bstnavatel povinen zam\u011bstnanc\u016fm a p\u0159\u00edpadn\u011b i dal\u0161\u00edm osob\u00e1m, kter\u00e9 jsou na jeho pracovi\u0161t\u00edch ohro\u017eeni t\u011bmito riziky, p\u0159id\u011blit osobn\u00ed ochrann\u00e9 pracovn\u00ed prost\u0159edky. K&nbsp;zaji\u0161t\u011bn\u00ed poskytov\u00e1n\u00ed t\u011bchto prost\u0159edk\u016f nesta\u010d\u00ed je pouze nakoupit, ale je nezbytn\u00e9 vytvo\u0159it cel\u00fd [&hellip;]<\/p>\n","protected":false},"author":1,"featured_media":0,"parent":0,"menu_order":0,"comment_status":"closed","ping_status":"closed","template":"","meta":[],"_links":{"self":[{"href":"http:\/\/bozppo-neu.cz\/index.php?rest_route=\/wp\/v2\/pages\/998"}],"collection":[{"href":"http:\/\/bozppo-neu.cz\/index.php?rest_route=\/wp\/v2\/pages"}],"about":[{"href":"http:\/\/bozppo-neu.cz\/index.php?rest_route=\/wp\/v2\/types\/page"}],"author":[{"embeddable":true,"href":"http:\/\/bozppo-neu.cz\/index.php?rest_route=\/wp\/v2\/users\/1"}],"replies":[{"embeddable":true,"href":"http:\/\/bozppo-neu.cz\/index.php?rest_route=%2Fwp%2Fv2%2Fcomments&post=998"}],"version-history":[{"count":23,"href":"http:\/\/bozppo-neu.cz\/index.php?rest_route=\/wp\/v2\/pages\/998\/revisions"}],"predecessor-version":[{"id":5299,"href":"http:\/\/bozppo-neu.cz\/index.php?rest_route=\/wp\/v2\/pages\/998\/revisions\/5299"}],"wp:attachment":[{"href":"http:\/\/bozppo-neu.cz\/index.php?rest_route=%2Fwp%2Fv2%2Fmedia&parent=998"}],"curies":[{"name":"wp","href":"https:\/\/api.w.org\/{rel}","templated":true}]}}