{"id":986,"date":"2017-01-20T14:25:45","date_gmt":"2017-01-20T13:25:45","guid":{"rendered":"http:\/\/bozppo-neu.cz\/?page_id=986"},"modified":"2026-04-05T09:02:39","modified_gmt":"2026-04-05T07:02:39","slug":"dulezitost-firemni-kultury-pri-zajistovani-bozp","status":"publish","type":"page","link":"http:\/\/bozppo-neu.cz\/?page_id=986","title":{"rendered":"D\u016fle\u017eitost firemn\u00ed kultury p\u0159i zaji\u0161\u0165ov\u00e1n\u00ed BOZP"},"content":{"rendered":"<p>A\u010d se to nezd\u00e1, tak firemn\u00ed kultura m\u00e1 v\u00fdznamn\u00fd vliv na \u00farove\u0148 BOZP. Dokl\u00e1d\u00e1 to\u00a0n\u00e1sleduj\u00edc\u00ed p\u0159\u00edklad.<\/p>\n<p>\u0160estn\u00e1ct kilometr\u016f dlouh\u00fd silni\u010dn\u00ed most a tubus pro \u017eelezni\u010dn\u00ed provoz <strong><a href=\"https:\/\/cs.wikipedia.org\/wiki\/Most_p%C5%99es_%C3%96resund\">\u00d8resund<\/a><\/strong> mezi D\u00e1nskem a \u0160v\u00e9dskem z\u00a0jedn\u00e9 t\u0159etiny stav\u011blo D\u00e1nsko, z\u00a0jedn\u00e9 t\u0159etiny \u0160v\u00e9dsko a posledn\u00ed t\u0159etinu stav\u011bly spole\u010dn\u011b. Stavba byla d\u016fkladn\u011b p\u0159ipravena a promy\u0161lena, tak\u017ee v\u0161e, krom\u011b kultury, bylo jednotn\u00e9. Na d\u00e1nsk\u00e9 t\u0159etin\u011b do\u0161lo k\u00a032,2 pracovn\u00edho \u00farazu na milion odpracovan\u00fdch hodin. Na \u0161v\u00e9dsk\u00e9 t\u0159etin\u011b pouze k\u00a08,1 pracovn\u00edho \u00farazu na milion odpracovan\u00fdch hodin. Na spole\u010dn\u00e9 \u010d\u00e1sti m\u011bli \u0160v\u00e9dov\u00e9 t\u0159ikr\u00e1t m\u00e9n\u011b pracovn\u00edch \u00faraz\u016f ne\u017e D\u00e1nov\u00e9.<\/p>\n<p style=\"text-align: right;\">2017-01-20<\/p>\n<p style=\"text-align: center;\">\n","protected":false},"excerpt":{"rendered":"<p>A\u010d se to nezd\u00e1, tak firemn\u00ed kultura m\u00e1 v\u00fdznamn\u00fd vliv na \u00farove\u0148 BOZP. Dokl\u00e1d\u00e1 to\u00a0n\u00e1sleduj\u00edc\u00ed p\u0159\u00edklad. \u0160estn\u00e1ct kilometr\u016f dlouh\u00fd silni\u010dn\u00ed most a tubus pro \u017eelezni\u010dn\u00ed provoz \u00d8resund mezi D\u00e1nskem a \u0160v\u00e9dskem z\u00a0jedn\u00e9 t\u0159etiny stav\u011blo D\u00e1nsko, z\u00a0jedn\u00e9 t\u0159etiny \u0160v\u00e9dsko a posledn\u00ed t\u0159etinu stav\u011bly spole\u010dn\u011b. Stavba byla d\u016fkladn\u011b p\u0159ipravena a promy\u0161lena, tak\u017ee v\u0161e, krom\u011b kultury, bylo jednotn\u00e9. [&hellip;]<\/p>\n","protected":false},"author":1,"featured_media":0,"parent":0,"menu_order":0,"comment_status":"closed","ping_status":"closed","template":"","meta":[],"_links":{"self":[{"href":"http:\/\/bozppo-neu.cz\/index.php?rest_route=\/wp\/v2\/pages\/986"}],"collection":[{"href":"http:\/\/bozppo-neu.cz\/index.php?rest_route=\/wp\/v2\/pages"}],"about":[{"href":"http:\/\/bozppo-neu.cz\/index.php?rest_route=\/wp\/v2\/types\/page"}],"author":[{"embeddable":true,"href":"http:\/\/bozppo-neu.cz\/index.php?rest_route=\/wp\/v2\/users\/1"}],"replies":[{"embeddable":true,"href":"http:\/\/bozppo-neu.cz\/index.php?rest_route=%2Fwp%2Fv2%2Fcomments&post=986"}],"version-history":[{"count":7,"href":"http:\/\/bozppo-neu.cz\/index.php?rest_route=\/wp\/v2\/pages\/986\/revisions"}],"predecessor-version":[{"id":6399,"href":"http:\/\/bozppo-neu.cz\/index.php?rest_route=\/wp\/v2\/pages\/986\/revisions\/6399"}],"wp:attachment":[{"href":"http:\/\/bozppo-neu.cz\/index.php?rest_route=%2Fwp%2Fv2%2Fmedia&parent=986"}],"curies":[{"name":"wp","href":"https:\/\/api.w.org\/{rel}","templated":true}]}}