{"id":978,"date":"2017-01-20T10:54:46","date_gmt":"2017-01-20T09:54:46","guid":{"rendered":"http:\/\/bozppo-neu.cz\/?page_id=978"},"modified":"2025-06-16T07:27:25","modified_gmt":"2025-06-16T05:27:25","slug":"krizovy-plan-u-zamestnavatele-ktery-jej-neni-povinen-zpracovat","status":"publish","type":"page","link":"http:\/\/bozppo-neu.cz\/?page_id=978","title":{"rendered":"Krizov\u00fd pl\u00e1n u zam\u011bstnavatele, kter\u00fd jej nen\u00ed povinen zpracovat"},"content":{"rendered":"<p>Po\u017eadavky stanoven\u00e9 pr\u00e1vn\u00edmi p\u0159edpisy pro zpracov\u00e1n\u00ed krizov\u00e9ho pl\u00e1nu mohou b\u00fdt dobr\u00fdm vod\u00edtkem pro zpracov\u00e1n\u00ed dokumentu &#8211; krizov\u00e9ho pl\u00e1nu &#8211; k napln\u011bn\u00ed po\u017eadavk\u016f \u00a7 102 odst. 6 z\u00e1kon\u00edku pr\u00e1ce i pro firmu nebo spole\u010dnost, kter\u00e9 se tyto p\u0159edpisy net\u00fdkaj\u00ed. Rozsah a obsah takov\u00e9ho krizov\u00e9ho pl\u00e1nu je zcela z\u00e1visl\u00fd na konkr\u00e9tn\u00edch podm\u00ednk\u00e1ch. M\u016f\u017ee nap\u0159\u00edklad obsahovat:<\/p>\n<div id=\"attachment_2110\" style=\"width: 330px\" class=\"wp-caption alignright\"><img aria-describedby=\"caption-attachment-2110\" decoding=\"async\" loading=\"lazy\" class=\"wp-image-2110\" src=\"http:\/\/bozppo-neu.cz\/wp-content\/uploads\/2017\/04\/09_10_2014_14_08_01-300x240.jpg\" alt=\"09_10_2014_14_08_01\" width=\"320\" height=\"256\" srcset=\"http:\/\/bozppo-neu.cz\/wp-content\/uploads\/2017\/04\/09_10_2014_14_08_01-300x240.jpg 300w, http:\/\/bozppo-neu.cz\/wp-content\/uploads\/2017\/04\/09_10_2014_14_08_01.jpg 720w\" sizes=\"(max-width: 320px) 100vw, 320px\" \/><p id=\"caption-attachment-2110\" class=\"wp-caption-text\"><span style=\"color: #400050;\"><em>Atomov\u00fd h\u0159ib<\/em><\/span><\/p><\/div>\n<ul>\n<li>identifika\u010dn\u00ed \u00fadaje o firm\u011b nebo spole\u010dnosti,<\/li>\n<li>\u0159e\u0161en\u00ed \u017eiveln\u00fdch a ekologick\u00fdch katastrof (povodn\u011b, zem\u011bt\u0159esen\u00ed atd.), ale i epidemi\u00ed,<\/li>\n<li>\u0159e\u0161en\u00ed technick\u00fdch a technologick\u00fdch hav\u00e1ri\u00ed ve firm\u011b nebo spole\u010dnosti i v bl\u00edzk\u00e9m okol\u00ed, v\u010detn\u011b po\u017e\u00e1r\u016f \u010di v\u00fdbuchu a omezen\u00ed dod\u00e1vek energi\u00ed a surovin,<\/li>\n<li>naru\u0161en\u00ed ekonomick\u00fdch vztah\u016f (nap\u0159\u00edklad platebn\u00ed neschopnost nebo zastaven\u00ed dod\u00e1vek),<\/li>\n<li>naru\u0161en\u00ed soci\u00e1ln\u00edch vztah\u016f (nap\u0159\u00edklad st\u00e1vka zam\u011bstnanc\u016f nebo soci\u00e1ln\u00ed nepokoje obyvatelstva) a teroristick\u00e9 nebo vojensk\u00e9 ohro\u017een\u00ed.<\/li>\n<\/ul>\n<p>P\u0159\u00edlohy pl\u00e1nu mohou tvo\u0159it:<\/p>\n<ul>\n<li>organiza\u010dn\u00ed \u0159\u00e1d,<\/li>\n<li>pl\u00e1n svol\u00e1n\u00ed krizov\u00e9ho managementu,<\/li>\n<li>pl\u00e1n spojen\u00ed,<\/li>\n<li>evakua\u010dn\u00ed pl\u00e1n (p\u0159\u00edpadn\u011b <a href=\"http:\/\/bozppo-neu.cz\/?page_id=789\"><strong>po\u017e\u00e1rn\u00ed evakua\u010dn\u00ed pl\u00e1n<\/strong><\/a>),<\/li>\n<li>pl\u00e1n ukryt\u00ed.<\/li>\n<\/ul>\n<p>Podle konkr\u00e9tn\u00edch podm\u00ednek se d\u00e1le m\u016f\u017ee jednat o <a href=\"http:\/\/bozppo-neu.cz\/?page_id=976\"><strong>pl\u00e1n v\u00fddeje prost\u0159edk\u016f individu\u00e1ln\u00ed ochrany<\/strong><\/a> (nap\u0159\u00edklad ve \u0161kolsk\u00fdch a zdravotnick\u00fdch za\u0159\u00edzen\u00edch), havarijn\u00ed pl\u00e1n atd. S\u00a0t\u00edmto komplexn\u011b pojat\u00fdm pl\u00e1nem by m\u011bli b\u00fdt sezn\u00e1meni alespo\u0148 odpov\u011bdn\u00ed zam\u011bstnanci za jeho p\u0159\u00edpadn\u00e9 napln\u011bn\u00ed.<\/p>\n<p style=\"text-align: right;\">2017-01-20<\/p>\n<p style=\"text-align: center;\">\u00a0<\/p>\n\n\n<pre class=\"wp-block-code\"><code><p align=\"center\"><a href=\"http:\/\/bozppo-neu.cz\/?page_id=811\"><img decoding=\"async\" loading=\"lazy\" src=\"http:\/\/bozppo-neu.cz\/img\/menubutton.jpg\" alt=\"o uroven vyse\" width=\"50\" height=\"72\"><\/a><\/p><\/code><\/pre>\n","protected":false},"excerpt":{"rendered":"<p>Po\u017eadavky stanoven\u00e9 pr\u00e1vn\u00edmi p\u0159edpisy pro zpracov\u00e1n\u00ed krizov\u00e9ho pl\u00e1nu mohou b\u00fdt dobr\u00fdm vod\u00edtkem pro zpracov\u00e1n\u00ed dokumentu &#8211; krizov\u00e9ho pl\u00e1nu &#8211; k napln\u011bn\u00ed po\u017eadavk\u016f \u00a7 102 odst. 6 z\u00e1kon\u00edku pr\u00e1ce i pro firmu nebo spole\u010dnost, kter\u00e9 se tyto p\u0159edpisy net\u00fdkaj\u00ed. Rozsah a obsah takov\u00e9ho krizov\u00e9ho pl\u00e1nu je zcela z\u00e1visl\u00fd na konkr\u00e9tn\u00edch podm\u00ednk\u00e1ch. M\u016f\u017ee nap\u0159\u00edklad obsahovat: identifika\u010dn\u00ed \u00fadaje [&hellip;]<\/p>\n","protected":false},"author":1,"featured_media":0,"parent":0,"menu_order":0,"comment_status":"closed","ping_status":"closed","template":"","meta":[],"_links":{"self":[{"href":"http:\/\/bozppo-neu.cz\/index.php?rest_route=\/wp\/v2\/pages\/978"}],"collection":[{"href":"http:\/\/bozppo-neu.cz\/index.php?rest_route=\/wp\/v2\/pages"}],"about":[{"href":"http:\/\/bozppo-neu.cz\/index.php?rest_route=\/wp\/v2\/types\/page"}],"author":[{"embeddable":true,"href":"http:\/\/bozppo-neu.cz\/index.php?rest_route=\/wp\/v2\/users\/1"}],"replies":[{"embeddable":true,"href":"http:\/\/bozppo-neu.cz\/index.php?rest_route=%2Fwp%2Fv2%2Fcomments&post=978"}],"version-history":[{"count":10,"href":"http:\/\/bozppo-neu.cz\/index.php?rest_route=\/wp\/v2\/pages\/978\/revisions"}],"predecessor-version":[{"id":6111,"href":"http:\/\/bozppo-neu.cz\/index.php?rest_route=\/wp\/v2\/pages\/978\/revisions\/6111"}],"wp:attachment":[{"href":"http:\/\/bozppo-neu.cz\/index.php?rest_route=%2Fwp%2Fv2%2Fmedia&parent=978"}],"curies":[{"name":"wp","href":"https:\/\/api.w.org\/{rel}","templated":true}]}}