{"id":938,"date":"2017-01-19T10:11:06","date_gmt":"2017-01-19T09:11:06","guid":{"rendered":"http:\/\/bozppo-neu.cz\/?page_id=938"},"modified":"2023-03-23T14:40:59","modified_gmt":"2023-03-23T13:40:59","slug":"pozadavky-pravniho-predpisu","status":"publish","type":"page","link":"http:\/\/bozppo-neu.cz\/?page_id=938","title":{"rendered":"Po\u017eadavky pr\u00e1vn\u00edho p\u0159edpisu na pr\u00e1ci s po\u010d\u00edta\u010dem"},"content":{"rendered":"<p>Zaji\u0161t\u011bn\u00ed BOZP p\u0159i pr\u00e1ci s&nbsp;po\u010d\u00edta\u010dem, l\u00e9pe uvedeno se zobrazovac\u00edmi jednotkami, \u0159e\u0161\u00ed&nbsp;na\u0159\u00edzen\u00ed vl\u00e1dy \u010d. 361\/2007&nbsp;Sb., ve zn\u011bn\u00ed pozd\u011bj\u0161\u00edch p\u0159edpis\u016f.<\/p>\n<p>Z\u00e1kladn\u00ed ustanoven\u00ed jsou uvedena v \u00a7&nbsp;50. Je zde nap\u0159\u00edklad po\u017eadov\u00e1no, aby se na obrazovce nevyskytovalo kmit\u00e1n\u00ed, plav\u00e1n\u00ed \u010di poskakov\u00e1n\u00ed znak\u016f \u010di \u0159\u00e1dk\u016f. T\u00e9\u017e se nesm\u00ed vyskytovat st\u0159\u00edd\u00e1n\u00ed jas\u016f. Jas a kontrast mezi znaky a pozad\u00edm na obrazovce, jako\u017e i vzhledem k&nbsp;okoln\u00edm podm\u00ednk\u00e1m, mus\u00ed b\u00fdt snadno regulovateln\u00fd.<\/p>\n<p>Obrazovka mus\u00ed umo\u017e\u0148ovat posunut\u00ed, nato\u010den\u00ed \u010di naklon\u011bn\u00ed podle pot\u0159eb zam\u011bstnance. Mus\u00ed b\u00fdt um\u00edst\u011bna tak, aby na n\u00ed nevznikaly reflexy ze sv\u00edtidel, od oken, n\u00e1bytku apod. Ty t\u00e9\u017e nesm\u00ed vznikat na kl\u00e1vesnici a na desce stolu. Zamezen\u00ed reflex\u016fm na obrazovce je v&nbsp;praxi n\u011bkdy velmi t\u011b\u017ek\u00e9 dodr\u017eet.<\/p>\n<p>Dal\u0161\u00edmi po\u017eadavky jsou:<\/p>\n<ul>\n<li>vzd\u00e1lenost obrazovky od o\u010d\u00ed pro obvyklou kancel\u00e1\u0159skou pr\u00e1ci nesm\u00ed b\u00fdt men\u0161\u00ed ne\u017e 40&nbsp;cm,<\/li>\n<li>kl\u00e1vesnice p\u0159i trval\u00e9 pr\u00e1ci mus\u00ed b\u00fdt odd\u011blena od obrazovky.<\/li>\n<\/ul>\n<p>Za trvalou pr\u00e1ci je pova\u017eov\u00e1na pr\u00e1ce vykon\u00e1van\u00e1 po dobu del\u0161\u00ed, ne\u017e \u010dty\u0159i hodiny za sm\u011bnu (\u00a7&nbsp;7 na\u0159\u00edzen\u00ed vl\u00e1dy \u010d. 361\/2007&nbsp;Sb., ve zn\u011bn\u00ed \u010d. 68\/2010 Sb.). V&nbsp;praxi to znamen\u00e1, je-li p\u0159\u00edm\u00fd v\u00fdkon pr\u00e1ce s&nbsp;po\u010d\u00edta\u010dem (ovl\u00e1d\u00e1n\u00ed kl\u00e1vesnice, sledov\u00e1n\u00ed obrazovky) pravideln\u011b del\u0161\u00ed, ne\u017e \u010dty\u0159i hodiny za sm\u011bnu, \u017ee nesm\u00ed b\u00fdt prov\u00e1d\u011bn na kl\u00e1vesnici, kter\u00e1 je ned\u00edlnou sou\u010d\u00e1st\u00ed notebooku. Pokud je k&nbsp;notebooku p\u0159ipojena extern\u00ed kl\u00e1vesnice a komunikace s&nbsp;po\u010d\u00edta\u010dem je prov\u00e1d\u011bna pomoc\u00ed n\u00ed, je v\u0161e v&nbsp;po\u0159\u00e1dku.<\/p>\n<p>Pr\u00e1ce s&nbsp;po\u010d\u00edta\u010dem se t\u00e9\u017e t\u00fdkaj\u00ed po\u017eadavky uveden\u00e9 v&nbsp;\u00a7&nbsp;35 (minim\u00e1ln\u00ed opat\u0159en\u00ed k&nbsp;ochran\u011b zdrav\u00ed p\u0159i pr\u00e1ci se zrakovou z\u00e1t\u011b\u017e\u00ed) a za ur\u010dit\u00fdch podm\u00ednek i uveden\u00e9 v \u00a7&nbsp;33 (minim\u00e1ln\u00ed opat\u0159en\u00ed k&nbsp;ochran\u011b zdrav\u00ed p\u0159i pr\u00e1ci spojen\u00e9 s&nbsp;monotoni\u00ed). V&nbsp;obou p\u0159\u00edpadech mus\u00ed b\u00fdt pr\u00e1ce p\u0159eru\u0161ov\u00e1na bezpe\u010dnostn\u00edmi p\u0159est\u00e1vkami v&nbsp;trv\u00e1n\u00ed 5 a\u017e 10 minut po ka\u017ed\u00fdch dvou hodin\u00e1ch od zapo\u010det\u00ed v\u00fdkonu pr\u00e1ce nebo mus\u00ed b\u00fdt zaji\u0161t\u011bno st\u0159\u00edd\u00e1n\u00ed \u010dinnost\u00ed nebo zam\u011bstnanc\u016f.<\/p>\n<p>Uveden\u00e9 na\u0159\u00edzen\u00ed vl\u00e1dy \u0159e\u0161\u00ed i jin\u00e9 souvislosti t\u00fdkaj\u00edc\u00ed se&nbsp; pr\u00e1ce s po\u010d\u00edta\u010dem. Uv\u00e1d\u00ed, \u017ee \u017eidle&nbsp;mus\u00ed b\u00fdt p\u0159i sezen\u00ed stabiln\u00ed, mus\u00ed umo\u017e\u0148ovat snadn\u00e9 se\u0159\u00edzen\u00ed v\u00fd\u0161ky sed\u00e1ku a sklon z\u00e1dov\u00e9 op\u011brky a mus\u00ed odpov\u00eddat podm\u00ednk\u00e1m pr\u00e1ce, zvl\u00e1\u0161t\u011b pokud jde o jejich por\u00e9znost a omyvatelnost. Nelze tedy pracovi\u0161t\u011b vybavit kuchy\u0148sk\u00fdmi \u017eidlemi nebo jin\u00fdmi pevn\u011b tvarovan\u00fdmi \u017eidlemi.<\/p>\n<p>Optim\u00e1ln\u00ed v\u00fd\u0161ka pracovn\u00ed roviny nad sed\u00e1kem \u017eidle je u mu\u017e\u016f 22&nbsp;cm a\u017e 31&nbsp;cm a u \u017een 21&nbsp;cm a\u017e 30&nbsp;cm. P\u0159i\u010dem\u017e z\u00e1kladn\u00ed v\u00fd\u0161ka sed\u00e1ku nad podlahou je 40&nbsp;cm \u00b1 5&nbsp;cm.<\/p>\n<p style=\"text-align: right;\">2017-01-19<\/p>\n<p style=\"text-align: right;\">\n<\/p><p style=\"text-align: right;\"><\/p>\n\n\n<pre class=\"wp-block-code\"><code><p align=\"center\"><a href=\"http:\/\/bozppo-neu.cz\/?page_id=924\"><img decoding=\"async\" loading=\"lazy\" src=\"http:\/\/bozppo-neu.cz\/img\/menubutton.jpg\" alt=\"o uroven vyse\" width=\"50\" height=\"72\"><\/a><\/p><\/code><\/pre>\n","protected":false},"excerpt":{"rendered":"<p>Zaji\u0161t\u011bn\u00ed BOZP p\u0159i pr\u00e1ci s&nbsp;po\u010d\u00edta\u010dem, l\u00e9pe uvedeno se zobrazovac\u00edmi jednotkami, \u0159e\u0161\u00ed&nbsp;na\u0159\u00edzen\u00ed vl\u00e1dy \u010d. 361\/2007&nbsp;Sb., ve zn\u011bn\u00ed pozd\u011bj\u0161\u00edch p\u0159edpis\u016f. Z\u00e1kladn\u00ed ustanoven\u00ed jsou uvedena v \u00a7&nbsp;50. Je zde nap\u0159\u00edklad po\u017eadov\u00e1no, aby se na obrazovce nevyskytovalo kmit\u00e1n\u00ed, plav\u00e1n\u00ed \u010di poskakov\u00e1n\u00ed znak\u016f \u010di \u0159\u00e1dk\u016f. T\u00e9\u017e se nesm\u00ed vyskytovat st\u0159\u00edd\u00e1n\u00ed jas\u016f. Jas a kontrast mezi znaky a pozad\u00edm na obrazovce, [&hellip;]<\/p>\n","protected":false},"author":1,"featured_media":0,"parent":0,"menu_order":0,"comment_status":"closed","ping_status":"closed","template":"","meta":[],"_links":{"self":[{"href":"http:\/\/bozppo-neu.cz\/index.php?rest_route=\/wp\/v2\/pages\/938"}],"collection":[{"href":"http:\/\/bozppo-neu.cz\/index.php?rest_route=\/wp\/v2\/pages"}],"about":[{"href":"http:\/\/bozppo-neu.cz\/index.php?rest_route=\/wp\/v2\/types\/page"}],"author":[{"embeddable":true,"href":"http:\/\/bozppo-neu.cz\/index.php?rest_route=\/wp\/v2\/users\/1"}],"replies":[{"embeddable":true,"href":"http:\/\/bozppo-neu.cz\/index.php?rest_route=%2Fwp%2Fv2%2Fcomments&post=938"}],"version-history":[{"count":9,"href":"http:\/\/bozppo-neu.cz\/index.php?rest_route=\/wp\/v2\/pages\/938\/revisions"}],"predecessor-version":[{"id":5211,"href":"http:\/\/bozppo-neu.cz\/index.php?rest_route=\/wp\/v2\/pages\/938\/revisions\/5211"}],"wp:attachment":[{"href":"http:\/\/bozppo-neu.cz\/index.php?rest_route=%2Fwp%2Fv2%2Fmedia&parent=938"}],"curies":[{"name":"wp","href":"https:\/\/api.w.org\/{rel}","templated":true}]}}