{"id":924,"date":"2017-01-19T09:15:26","date_gmt":"2017-01-19T08:15:26","guid":{"rendered":"http:\/\/bozppo-neu.cz\/?page_id=924"},"modified":"2023-03-23T10:48:42","modified_gmt":"2023-03-23T09:48:42","slug":"prace-s-pocitacem","status":"publish","type":"page","link":"http:\/\/bozppo-neu.cz\/?page_id=924","title":{"rendered":"Pr\u00e1ce s po\u010d\u00edta\u010dem"},"content":{"rendered":"<p><strong>\u2022<\/strong> <a href=\"http:\/\/bozppo-neu.cz\/?page_id=938\">Po\u017eadavky pr\u00e1vn\u00edho p\u0159edpisu na pr\u00e1ci s po\u010d\u00edta\u010dem<\/a><\/p>\n<p><strong>\u2022<\/strong> <a href=\"http:\/\/bozppo-neu.cz\/?page_id=1514\">Spr\u00e1vn\u00e9 sezen\u00ed u po\u010d\u00edta\u010de<\/a><\/p>\n<p><strong>\u2022<\/strong> <a href=\"http:\/\/bozppo-neu.cz\/?page_id=657\">Pohybliv\u00e9 op\u011brky Ergorest<\/a><\/p>\n<p><strong>\u2022<\/strong> <a href=\"http:\/\/bozppo-neu.cz\/?page_id=3905\">Cvi\u010den\u00ed nejen k po\u010d\u00edta\u010di<\/a><u><\/u><\/p>\n","protected":false},"excerpt":{"rendered":"<p>\u2022 Po\u017eadavky pr\u00e1vn\u00edho p\u0159edpisu na pr\u00e1ci s po\u010d\u00edta\u010dem \u2022 Spr\u00e1vn\u00e9 sezen\u00ed u po\u010d\u00edta\u010de \u2022 Pohybliv\u00e9 op\u011brky Ergorest \u2022 Cvi\u010den\u00ed nejen k po\u010d\u00edta\u010di<\/p>\n","protected":false},"author":1,"featured_media":0,"parent":0,"menu_order":0,"comment_status":"closed","ping_status":"closed","template":"","meta":[],"_links":{"self":[{"href":"http:\/\/bozppo-neu.cz\/index.php?rest_route=\/wp\/v2\/pages\/924"}],"collection":[{"href":"http:\/\/bozppo-neu.cz\/index.php?rest_route=\/wp\/v2\/pages"}],"about":[{"href":"http:\/\/bozppo-neu.cz\/index.php?rest_route=\/wp\/v2\/types\/page"}],"author":[{"embeddable":true,"href":"http:\/\/bozppo-neu.cz\/index.php?rest_route=\/wp\/v2\/users\/1"}],"replies":[{"embeddable":true,"href":"http:\/\/bozppo-neu.cz\/index.php?rest_route=%2Fwp%2Fv2%2Fcomments&post=924"}],"version-history":[{"count":11,"href":"http:\/\/bozppo-neu.cz\/index.php?rest_route=\/wp\/v2\/pages\/924\/revisions"}],"predecessor-version":[{"id":5135,"href":"http:\/\/bozppo-neu.cz\/index.php?rest_route=\/wp\/v2\/pages\/924\/revisions\/5135"}],"wp:attachment":[{"href":"http:\/\/bozppo-neu.cz\/index.php?rest_route=%2Fwp%2Fv2%2Fmedia&parent=924"}],"curies":[{"name":"wp","href":"https:\/\/api.w.org\/{rel}","templated":true}]}}