{"id":903,"date":"2017-01-18T14:04:13","date_gmt":"2017-01-18T13:04:13","guid":{"rendered":"http:\/\/bozppo-neu.cz\/?page_id=903"},"modified":"2023-08-09T20:30:37","modified_gmt":"2023-08-09T18:30:37","slug":"prace-s-pravnim-predpisem","status":"publish","type":"page","link":"http:\/\/bozppo-neu.cz\/?page_id=903","title":{"rendered":"Pr\u00e1ce s pr\u00e1vn\u00edmi p\u0159edpisy"},"content":{"rendered":"<p>V \u00favodu studia nov\u00e9ho pr\u00e1vn\u00edho p\u0159edpisu je zcela nezbytn\u00e9 ujasnit si, na jak\u00e9 konkr\u00e9tn\u00ed podm\u00ednky se p\u0159edpis vztahuje nebo naopak nevztahuje. Neznamen\u00e1, \u017ee nap\u0159\u00edklad na\u0159\u00edzen\u00ed vl\u00e1dy, kter\u00e9 stanov\u00ed technick\u00e9 po\u017eadavky na strojn\u00ed za\u0159\u00edzen\u00ed, se dnem nabyt\u00ed \u00fa\u010dinnosti vztahuje na v\u0161echna strojn\u00ed za\u0159\u00edzen\u00ed. Velmi d\u016fle\u017eit\u00e9 je nastudovat uvedenou pou\u017eitou terminologii, nebo\u0165 ur\u010dit\u00fd n\u00e1zev m\u016f\u017ee b\u00fdt pro \u00fa\u010del p\u0159edpisu ch\u00e1p\u00e1n trochu odli\u0161n\u011bji, ne\u017e je tomu v b\u011b\u017en\u00e9 praxi. T\u00e9\u017e je mo\u017en\u00e9, \u017ee pou\u017eit\u00fd term\u00edn je vysv\u011btlen v jin\u00e9m pr\u00e1vn\u00edm p\u0159edpise. Nap\u0159\u00edklad z\u00e1kon\u00edk pr\u00e1ce zam\u011bstnanc\u016fm pracuj\u00edc\u00edm v nep\u0159\u00edzniv\u00fdch mikroklimatick\u00fdch podm\u00ednk\u00e1ch povoluje pivo se sn\u00ed\u017een\u00fdm obsahem alkoholu. Objasn\u011bn\u00ed tohoto pojmu je mo\u017eno nal\u00e9zt ve vyhl\u00e1\u0161ce Ministerstva zem\u011bd\u011blstv\u00ed \u010d. 335\/1997 Sb., kterou se prov\u00e1d\u00ed \u00a7 18 p\u00edsm. a), d), h), i), j), a k) z\u00e1kona \u010d. 110\/1997 Sb., o potravin\u00e1ch a tab\u00e1kov\u00fdch v\u00fdrobc\u00edch\u2026 a zjistit tak, \u017ee se v \u017e\u00e1dn\u00e9m p\u0159\u00edpad\u011b nejedn\u00e1 o tzv. 8\u00b0 pivo, nebo\u0165 mno\u017estv\u00ed alkoholu sm\u00ed b\u00fdt pouze do 1 hmotnostn\u00edho procenta, resp. 1,2 % objemov\u00e9ho (8\u00b0 m\u00e1 p\u0159es 2 %; dnes jej vyhl\u00e1\u0161ka \u010d. 248\/2018 Sb., naz\u00fdv\u00e1 n\u00edzkoalkoholick\u00e9 pivo).<\/p>\n<p>Je-li v\u00fd\u010det, nap\u0159\u00edklad povinnost\u00ed nebo po\u017eadavk\u016f, uvozen sl\u016fvkem \u201ezejm\u00e9na\u201c, jedn\u00e1 se o p\u0159\u00edkladn\u00fd v\u00fd\u010det, tedy nen\u00ed kone\u010dn\u00fd. Pokud je ve v\u00fd\u010dtu uveden jen seznam povinnost\u00ed nebo po\u017eadavk\u016f bez uvozen\u00ed, jedn\u00e1 se o v\u00fd\u010det taxativn\u00ed, tzn., \u017ee se jedn\u00e1 o ucelen\u00fd v\u00fd\u010det, kter\u00fd d\u00e1le nem\u016f\u017ee b\u00fdt roz\u0161i\u0159ov\u00e1n.<\/p>\n<p>Studium pr\u00e1vn\u00edch p\u0159edpis\u016f mus\u00ed b\u00fdt velice pozorn\u00e9. Nap\u0159\u00edklad je nutn\u00e9 v\u011bnovat pozornost postaven\u00ed slov \u201ea\u201c a \u201enebo\u201c v\u00a0p\u0159\u00edpadech, kdy je adresov\u00e1na n\u011bjak\u00e1 povinnost v\u00edce subjekt\u016fm, a to za rozd\u00edln\u00fdch podm\u00ednek. Povinnost vztahuj\u00edc\u00ed se na: \u201en\u00e1kladn\u00ed a speci\u00e1ln\u00ed vozidlo nebo soupravu o celkov\u00e9 hmotnosti vy\u0161\u0161\u00ed ne\u017e 3\u00a0500\u00a0kg\u201c se vztahuje na v\u0161echna n\u00e1kladn\u00ed a speci\u00e1ln\u00ed vozidla bez ohledu na jejich celkovou hmotnost a na soupravy o celkov\u00e9 hmotnosti vy\u0161\u0161\u00ed ne\u017e 3\u00a0500\u00a0kg. Pokud by m\u00edsto \u201enebo\u201c bylo \u201ea\u201c omezen\u00ed hmotnosti nad 3,5\u00a0t by se t\u00fdkalo i n\u00e1kladn\u00edch a speci\u00e1ln\u00edch vozidel. Obdobn\u011b je nutn\u00e9 rozli\u0161ovat, zda kontroln\u00ed org\u00e1n pokutu \u201em\u016f\u017ee ulo\u017eit\u201c, nebo mu ze z\u00e1kona vypl\u00fdv\u00e1, \u017ee ji ulo\u017e\u00ed, tedy najde-li z\u00e1vadu, pokutu mus\u00ed ulo\u017eit.<\/p>\n<p>T\u00e9\u017e je velmi d\u016fle\u017eit\u00e9 ujasnit si souvislosti a vazby k jin\u00fdm pr\u00e1vn\u00edm p\u0159edpis\u016fm. Nen\u00ed t\u00edm m\u00edn\u011bno jen zji\u0161t\u011bn\u00ed, zda nov\u00fdm p\u0159edpisem je jin\u00fd novelizov\u00e1n nebo zru\u0161en, ale p\u0159edev\u0161\u00edm vz\u00e1jemn\u00e1 propojen\u00ed a ovlivn\u011bn\u00ed. To se p\u0159edev\u0161\u00edm t\u00fdk\u00e1 prov\u00e1d\u011bc\u00edch p\u0159edpis\u016f \u2013 vyhl\u00e1\u0161ek a na\u0159\u00edzen\u00ed vl\u00e1dy.<\/p>\n<p>Nejde jen o zjevn\u00e9 souvislosti. Nap\u0159\u00edklad na vyhl\u00e1\u0161en\u00ed n\u011bkter\u00e9 mezin\u00e1rodn\u00ed \u00famluvy ve Sb\u00edrce mezin\u00e1rodn\u00edch smluv \u010cR m\u016f\u017ee b\u00fdt v\u00e1z\u00e1na \u00fa\u010dinnost n\u00e1rodn\u00edho pr\u00e1vn\u00edho p\u0159edpisu. V\u00a0t\u00e9to souvislosti je t\u00e9\u017e nutn\u00e9 nezapom\u00ednat na pravidlo, \u017ee pr\u00e1vn\u00ed p\u0159edpis speci\u00e1ln\u00ed m\u00e1 p\u0159ednost p\u0159ed pr\u00e1vn\u00edm p\u0159edpisem obecn\u00fdm.<\/p>\n<p>D\u016fle\u017eit\u00e9 je m\u00edt nejen p\u0159ehled o pr\u00e1vn\u00edch p\u0159edpisech dot\u00fdkaj\u00edc\u00edch se ur\u010dit\u00e9 problematiky, ale sledovat i jejich novelizace, kter\u00e9 mohou b\u00fdt provedeny i v\u00a0r\u00e1mci jin\u00e9ho pr\u00e1vn\u00edho p\u0159edpisu. Pro p\u0159\u00edklad je mo\u017en\u00e9 uv\u00e9st posledn\u00ed a velmi podstatnou novelu z\u00e1kona o po\u017e\u00e1rn\u00ed ochran\u011b (\u010d. 133\/1985 Sb., ve zn\u011bn\u00ed pozd\u011bj\u0161\u00edch p\u0159edpis\u016f), kter\u00e1 byla provedena z\u00e1konem o hasi\u010dsk\u00e9m z\u00e1chrann\u00e9m sboru (\u010d. 320\/2015 Sb.).<\/p>\n<p>Nem\u00e9n\u011b d\u016fle\u017eit\u00e9 je i sledov\u00e1n\u00ed oprav pr\u00e1vn\u00edch p\u0159edpis\u016f. Oprava je platn\u00e1 a\u017e je ozn\u00e1mena ve Sb\u00edrce z\u00e1kon\u016f, proto nen\u00ed mo\u017en\u00e9 prov\u00e1d\u011bt opravy nap\u0159\u00edklad v\u00a0publikac\u00edch nebo intern\u00edch sm\u011brnic\u00edch citovan\u00e9 \u010d\u00e1sti pr\u00e1vn\u00edho p\u0159edpisu, i kdy\u017e se zjevn\u011b jedn\u00e1 o tiskovou chybu. Autor m\u016f\u017ee pouze ud\u011blat pozn\u00e1mku o t\u00e9to chyb\u011b pod \u010darou av\u0161ak v\u00a0\u017e\u00e1dn\u00e9m p\u0159\u00edpad\u011b prov\u00e9st opravu.<\/p>\n<p>Tak\u00e9 v\u00a0publikac\u00edch apod. vyd\u00e1van\u00e1 r\u016fzn\u00e1 \u00fapln\u00e1 zn\u011bn\u00ed pr\u00e1vn\u00edch p\u0159edpis\u016f (n\u011bkdy kr\u00e1cena jako \u00daZ) nejsou z\u00a0pr\u00e1vn\u00edho hlediska \u00fapln\u00fdmi zn\u011bn\u00edmi t\u011bchto p\u0159edpis\u016f, nebo\u0165 nebyly vyhl\u00e1\u0161eny ve Sb\u00edrce z\u00e1kon\u016f (pokud nejsou p\u0159etiskem vyhl\u00e1\u0161en\u00e9ho \u00fapln\u00e9ho zn\u011bn\u00ed). Dojde-li k\u00a0vyd\u00e1n\u00ed \u00fapln\u00e9ho zn\u011bn\u00ed ve Sb\u00edrce z\u00e1kon\u016f, nejedn\u00e1 se o nov\u00e9 vyd\u00e1n\u00ed p\u0159\u00edslu\u0161n\u00e9ho pr\u00e1vn\u00edho p\u0159edpisu, ale pouze z\u00a0d\u016fvodu p\u0159ehlednosti a lep\u0161\u00ed aplikovatelnosti v\u00a0praxi o nov\u00e9 vyd\u00e1n\u00ed ucelen\u00e9ho zn\u011bn\u00ed tohoto p\u0159edpisu. Proto je nezbytn\u00e9 p\u0159i odvol\u00e1v\u00e1n\u00ed se na tento p\u0159edpis uv\u00e1d\u011bt \u010d\u00edslo p\u016fvodn\u00edho zn\u011bn\u00ed s\u00a0dov\u011btkem: \u201eve zn\u011bn\u00ed pozd\u011bj\u0161\u00edch p\u0159edpis\u016f (\u00fapln\u011b zn\u011bn\u00ed \u010d. \u2026)\u201c, nikoliv jen \u010d\u00edslo \u00fapln\u00e9ho zn\u011bn\u00ed \u2013 nap\u0159\u00edklad: z\u00e1kon o po\u017e\u00e1rn\u00ed ochran\u011b \u010d. 133\/1985 Sb., ve zn\u011bn\u00ed pozd\u011bj\u0161\u00edch p\u0159edpis\u016f (\u00fapln\u00e9 zn\u011bn\u00ed \u010d. 67\/2001 Sb.). P\u0159i odvol\u00e1n\u00ed se na pr\u00e1vn\u00ed p\u0159edpis je d\u016fle\u017eit\u00e9 minim\u00e1ln\u011b uv\u00e9st \u010d\u00edslo p\u016fvodn\u00edho zn\u011bn\u00ed. Pokud se v\u0161ak odvol\u00e1v\u00e1 na ustanoven\u00ed, kter\u00e9 p\u0159inesla a\u017e n\u011bkter\u00e1 novela, je nezbytn\u00e9 minim\u00e1ln\u011b uv\u00e9st: \u201eve zn\u011bn\u00ed \u010d. \u2026 \u201e (uv\u00e9st \u010d\u00edslo novely, kter\u00e1 zavedla po\u017eadovan\u00e9 zn\u011bn\u00ed) \u2013 nap\u0159\u00edklad \u00a7 4 z\u00e1kona \u010d. 133\/1985 Sb., ve zn\u011bn\u00ed z\u00e1kona \u010d. 237\/2000 Sb. (zn\u011bn\u00ed \u00a7 4 p\u0159ed touto novelou bylo zcela jin\u00e9).<\/p>\n<p>U velmi d\u016fle\u017eit\u00fdch a z\u00e1sadn\u00edch rozhodnut\u00ed se nelze spokojit s\u00a0nahl\u00e9dnut\u00edm do n\u011bjak\u00e9 publikace nebo po\u010d\u00edta\u010dov\u00e9ho programu obsahuj\u00edc\u00edho pr\u00e1vn\u00ed p\u0159edpisy, ale je vhodn\u00e9 se pod\u00edvat p\u0159\u00edmo do Sb\u00edrky z\u00e1kon\u016f, jej\u00ed\u017e zn\u011bn\u00ed je jedin\u00e9 spr\u00e1vn\u00e9 (jinde se m\u016f\u017ee vyskytnout chyba, kter\u00e1 nem\u016f\u017ee b\u00fdt akceptov\u00e1na; je-li chyba ve Sb\u00edrce z\u00e1kon\u016f, plat\u00ed do doby opravy toto chybn\u00e9 zn\u011bn\u00ed).<\/p>\n<p>Neexistuje-li pro konkr\u00e9tn\u00ed situaci p\u0159\u00edmo pou\u017eiteln\u00e1 pr\u00e1vn\u00ed norma, pou\u017eije se nejbli\u017e\u0161\u00ed obdobn\u00fd pr\u00e1vn\u00ed p\u0159edpis.<\/p>\n<p>P\u0159i pou\u017eit\u00ed pr\u00e1vn\u00edch p\u0159edpis\u016f v\u00a0praxi je v\u017edy nutn\u00e9 argumentovat p\u0159esn\u011b, nebo\u0165 nap\u0159\u00edklad 24 t\u00fddn\u016f nen\u00ed 6 m\u011bs\u00edc\u016f, i kdy\u017e v\u00a0b\u011b\u017en\u00e9 \u0159e\u010di se to bez probl\u00e9mu zam\u011bn\u00ed. Nen\u00ed d\u016fle\u017eit\u00e9 perfektn\u011b si pamatovat zn\u011bn\u00ed paragrafu (v p\u0159\u00edpad\u011b pot\u0159eby je vhodn\u00e9 se do n\u011bj v\u017edy pod\u00edvat), ale um\u011bt dokonale vyu\u017e\u00edt to co obsahuje pro \u0159e\u0161en\u00ed dan\u00e9ho probl\u00e9mu.<\/p>\n<p style=\"text-align: right;\">2023-08-09<\/p>\n<p style=\"text-align: right;\">\u00a0<\/p>\n\n\n<pre class=\"wp-block-code\"><code><p align=\"center\"><a href=\"http:\/\/bozppo-neu.cz\/?page_id=837\"><img decoding=\"async\" loading=\"lazy\" src=\"http:\/\/bozppo-neu.cz\/img\/menubutton.jpg\" alt=\"o uroven vyse\" width=\"50\" height=\"72\"><\/a><\/p><\/code><\/pre>\n","protected":false},"excerpt":{"rendered":"<p>V \u00favodu studia nov\u00e9ho pr\u00e1vn\u00edho p\u0159edpisu je zcela nezbytn\u00e9 ujasnit si, na jak\u00e9 konkr\u00e9tn\u00ed podm\u00ednky se p\u0159edpis vztahuje nebo naopak nevztahuje. Neznamen\u00e1, \u017ee nap\u0159\u00edklad na\u0159\u00edzen\u00ed vl\u00e1dy, kter\u00e9 stanov\u00ed technick\u00e9 po\u017eadavky na strojn\u00ed za\u0159\u00edzen\u00ed, se dnem nabyt\u00ed \u00fa\u010dinnosti vztahuje na v\u0161echna strojn\u00ed za\u0159\u00edzen\u00ed. Velmi d\u016fle\u017eit\u00e9 je nastudovat uvedenou pou\u017eitou terminologii, nebo\u0165 ur\u010dit\u00fd n\u00e1zev m\u016f\u017ee b\u00fdt pro [&hellip;]<\/p>\n","protected":false},"author":1,"featured_media":0,"parent":0,"menu_order":0,"comment_status":"closed","ping_status":"closed","template":"","meta":[],"_links":{"self":[{"href":"http:\/\/bozppo-neu.cz\/index.php?rest_route=\/wp\/v2\/pages\/903"}],"collection":[{"href":"http:\/\/bozppo-neu.cz\/index.php?rest_route=\/wp\/v2\/pages"}],"about":[{"href":"http:\/\/bozppo-neu.cz\/index.php?rest_route=\/wp\/v2\/types\/page"}],"author":[{"embeddable":true,"href":"http:\/\/bozppo-neu.cz\/index.php?rest_route=\/wp\/v2\/users\/1"}],"replies":[{"embeddable":true,"href":"http:\/\/bozppo-neu.cz\/index.php?rest_route=%2Fwp%2Fv2%2Fcomments&post=903"}],"version-history":[{"count":7,"href":"http:\/\/bozppo-neu.cz\/index.php?rest_route=\/wp\/v2\/pages\/903\/revisions"}],"predecessor-version":[{"id":5580,"href":"http:\/\/bozppo-neu.cz\/index.php?rest_route=\/wp\/v2\/pages\/903\/revisions\/5580"}],"wp:attachment":[{"href":"http:\/\/bozppo-neu.cz\/index.php?rest_route=%2Fwp%2Fv2%2Fmedia&parent=903"}],"curies":[{"name":"wp","href":"https:\/\/api.w.org\/{rel}","templated":true}]}}