{"id":880,"date":"2017-01-18T11:36:34","date_gmt":"2017-01-18T10:36:34","guid":{"rendered":"http:\/\/bozppo-neu.cz\/?page_id=880"},"modified":"2023-07-11T18:46:07","modified_gmt":"2023-07-11T16:46:07","slug":"sledovani-vyvoje-urazovosti","status":"publish","type":"page","link":"http:\/\/bozppo-neu.cz\/?page_id=880","title":{"rendered":"Sledov\u00e1n\u00ed v\u00fdvoje pracovn\u00ed \u00farazovosti"},"content":{"rendered":"<p>Pracovn\u00ed \u00farazovost se v\u011bt\u0161inou porovn\u00e1v\u00e1 za jednotliv\u00e9 kalend\u00e1\u0159n\u00ed roky ve zpr\u00e1v\u00e1ch o v\u00fdvoji pracovn\u00ed \u00farazovosti.<\/p>\n<p>V\u011bt\u0161inou jsou sledov\u00e1ny po\u010dty smrteln\u00fdch a seps\u00e1n\u00ed z\u00e1znamu o \u00farazu podl\u00e9haj\u00edc\u00edch \u00faraz\u016f, jako\u017e i celkov\u00fd po\u010det vznikl\u00fdch pracovn\u00edch \u00faraz\u016f ve firm\u011b nebo spole\u010dnosti. N\u011bkdy je uv\u00e1d\u011bn i po\u010det tzv. z\u00e1va\u017en\u00fdch pracovn\u00edch \u00faraz\u016f, tedy \u00faraz\u016f, kter\u00e9 si vy\u017e\u00e1daly hospitalizaci del\u0161\u00ed ne\u017e p\u011bt dn\u016f.\u00a0D\u00e1le se obvykle sleduje:<\/p>\n<ul>\n<li>po\u010det pracovn\u00edch \u00faraz\u016f na 100 zam\u011bstnanc\u016f (po\u010det pracovn\u00edch \u00faraz\u016f kr\u00e1t\u00a0sto, d\u011bleno pr\u016fm\u011brn\u00fdm po\u010dtem zam\u011bstnanc\u016f za obdob\u00ed),<\/li>\n<li>celkov\u00fd po\u010det dn\u016f absence pro pracovn\u00ed \u00farazy,<\/li>\n<li>pr\u016fm\u011brn\u00e1 doba trv\u00e1n\u00ed pracovn\u00ed neschopnosti (kalend\u00e1\u0159n\u00ed dny pracovn\u00ed neschopnosti d\u011bleny po\u010dtem p\u0159\u00edpad\u016f pracovn\u00ed neschopnosti),<\/li>\n<li>pr\u016fm\u011brn\u00e9 procento pracovn\u00ed neschopnosti\u00a0(po\u010det kalend\u00e1\u0159n\u00edch dn\u016f pracovn\u00ed neschopnosti\u00a0kr\u00e1t sto, d\u011bleno po\u010dtem nemocensky poji\u0161t\u011bn\u00fdch zam\u011bstnanc\u016f kr\u00e1t\u00a0t\u0159i sta \u0161edes\u00e1t p\u011bt),<\/li>\n<li>po\u010det pracovn\u00edch \u00faraz\u016f, za kter\u00e9 byly vyplaceny n\u00e1hrady \u0161kody a nemajetkov\u00e9 \u00fajmy,<\/li>\n<li>v\u00fd\u0161e vyplacen\u00fdch n\u00e1hrad \u0161kod.<\/li>\n<\/ul>\n<p><a href=\"http:\/\/bozppo-neu.cz\/?page_id=652\"><img decoding=\"async\" loading=\"lazy\" class=\"aligncenter\" src=\"http:\/\/bozppo-neu.cz\/img\/menubutton.jpg\" alt=\"o uroven vyse\" width=\"50\" height=\"72\" \/><\/a><\/p>\n<p style=\"text-align: right;\">2017-01-18<\/p>\n<p style=\"text-align: right;\">\n<p style=\"text-align: left;\">\n","protected":false},"excerpt":{"rendered":"<p>Pracovn\u00ed \u00farazovost se v\u011bt\u0161inou porovn\u00e1v\u00e1 za jednotliv\u00e9 kalend\u00e1\u0159n\u00ed roky ve zpr\u00e1v\u00e1ch o v\u00fdvoji pracovn\u00ed \u00farazovosti. V\u011bt\u0161inou jsou sledov\u00e1ny po\u010dty smrteln\u00fdch a seps\u00e1n\u00ed z\u00e1znamu o \u00farazu podl\u00e9haj\u00edc\u00edch \u00faraz\u016f, jako\u017e i celkov\u00fd po\u010det vznikl\u00fdch pracovn\u00edch \u00faraz\u016f ve firm\u011b nebo spole\u010dnosti. N\u011bkdy je uv\u00e1d\u011bn i po\u010det tzv. z\u00e1va\u017en\u00fdch pracovn\u00edch \u00faraz\u016f, tedy \u00faraz\u016f, kter\u00e9 si vy\u017e\u00e1daly hospitalizaci del\u0161\u00ed ne\u017e [&hellip;]<\/p>\n","protected":false},"author":1,"featured_media":0,"parent":0,"menu_order":0,"comment_status":"closed","ping_status":"closed","template":"","meta":[],"_links":{"self":[{"href":"http:\/\/bozppo-neu.cz\/index.php?rest_route=\/wp\/v2\/pages\/880"}],"collection":[{"href":"http:\/\/bozppo-neu.cz\/index.php?rest_route=\/wp\/v2\/pages"}],"about":[{"href":"http:\/\/bozppo-neu.cz\/index.php?rest_route=\/wp\/v2\/types\/page"}],"author":[{"embeddable":true,"href":"http:\/\/bozppo-neu.cz\/index.php?rest_route=\/wp\/v2\/users\/1"}],"replies":[{"embeddable":true,"href":"http:\/\/bozppo-neu.cz\/index.php?rest_route=%2Fwp%2Fv2%2Fcomments&post=880"}],"version-history":[{"count":6,"href":"http:\/\/bozppo-neu.cz\/index.php?rest_route=\/wp\/v2\/pages\/880\/revisions"}],"predecessor-version":[{"id":5557,"href":"http:\/\/bozppo-neu.cz\/index.php?rest_route=\/wp\/v2\/pages\/880\/revisions\/5557"}],"wp:attachment":[{"href":"http:\/\/bozppo-neu.cz\/index.php?rest_route=%2Fwp%2Fv2%2Fmedia&parent=880"}],"curies":[{"name":"wp","href":"https:\/\/api.w.org\/{rel}","templated":true}]}}