{"id":751,"date":"2017-01-15T12:46:43","date_gmt":"2017-01-15T11:46:43","guid":{"rendered":"http:\/\/bozppo-neu.cz\/?page_id=751"},"modified":"2024-04-25T10:04:39","modified_gmt":"2024-04-25T08:04:39","slug":"vyhledani-a-vyhodnoceni-rizik-pri-praci","status":"publish","type":"page","link":"http:\/\/bozppo-neu.cz\/?page_id=751","title":{"rendered":"Management rizik p\u0159i pr\u00e1ci"},"content":{"rendered":"\n<ul>\n<li><a href=\"http:\/\/bozppo-neu.cz\/?page_id=1273\"><u><span style=\"color: #0066cc;\"><mark style=\"background-color:rgba(0, 0, 0, 0)\" class=\"has-inline-color has-vivid-purple-color\"><strong>Vyhled\u00e1n\u00ed a vyhodnocen\u00ed rizik<\/strong><\/mark><\/span><\/u><\/a>\n<ul>\n<li><a href=\"http:\/\/bozppo-neu.cz\/?page_id=1333\"><u><span style=\"color: #0066cc;\"><strong>Sch\u00e9ma managementu rizik p\u0159i pr\u00e1ci<\/strong><\/span><\/u><\/a>\n<ul><\/ul>\n<\/li>\n<\/ul>\n\n\n\n<ul>\n<li><a href=\"http:\/\/bozppo-neu.cz\/?page_id=1026\"><u><span style=\"color: #0066cc;\"><strong>Z\u00e1kladn\u00ed pojmy managementu rizik<\/strong><\/span><\/u><\/a>\n<ul><\/ul>\n<\/li>\n<\/ul>\n\n\n\n<ul>\n<li><a href=\"http:\/\/bozppo-neu.cz\/?page_id=753\"><u><span style=\"color: #0066cc;\"><strong>O vyhled\u00e1n\u00ed a vyhodnocen\u00ed rizik p\u0159i pr\u00e1ci<\/strong><\/span><\/u><\/a><\/li>\n<\/ul>\n\n\n\n<ul>\n<li><a href=\"http:\/\/bozppo-neu.cz\/?page_id=774\"><u><span style=\"color: #0066cc;\"><strong>Dotazn\u00edk pro vyhled\u00e1n\u00ed rizik p\u0159i pr\u00e1ci<\/strong><\/span><\/u><\/a><\/li>\n<\/ul>\n\n\n\n<ul>\n<li><a href=\"http:\/\/bozppo-neu.cz\/?page_id=755\"><u><span style=\"color: #0066cc;\"><strong>Metoda JBM<\/strong><\/span><\/u><\/a><\/li>\n<\/ul>\n\n\n\n<ul>\n<li><a href=\"http:\/\/bozppo-neu.cz\/?page_id=1790\"><strong>Metoda BOMECH<\/strong><\/a><\/li>\n<\/ul>\n\n\n\n<ul>\n<li><a href=\"http:\/\/bozppo-neu.cz\/?page_id=1352\"><u><span style=\"color: #0066cc;\"><strong>Protokol o vyhled\u00e1n\u00ed a vyhodnocen\u00ed rizik<\/strong><\/span><\/u><\/a><\/li>\n<\/ul>\n\n\n\n<ul>\n<li><a href=\"http:\/\/bozppo-neu.cz\/?page_id=757\"><u><span style=\"color: #0066cc;\"><strong>Z\u00e1v\u011br srovn\u00e1vac\u00ed anal\u00fdzy hodnocen\u00ed rizik<\/strong><\/span><\/u><\/a><\/li>\n<\/ul>\n<\/li>\n<\/ul>\n\n\n\n<ul>\n<li><a href=\"http:\/\/bozppo-neu.cz\/?page_id=1271\"><u><span style=\"color: #0066cc;\"><mark style=\"background-color:rgba(0, 0, 0, 0)\" class=\"has-inline-color has-vivid-purple-color\"><strong>Kategorizace prac\u00ed<\/strong><\/mark><\/span><\/u><\/a>\n<ul>\n<li><a href=\"http:\/\/bozppo-neu.cz\/?page_id=1263\"><u><span style=\"color: #0066cc;\"><strong>O kategorizaci prac\u00ed<\/strong><\/span><\/u><\/a>\n<ul><\/ul>\n<\/li>\n<\/ul>\n\n\n\n<ul>\n<li><a href=\"http:\/\/bozppo-neu.cz\/?page_id=1301\"><u><span style=\"color: #0066cc;\"><strong>Formul\u00e1\u0159 pro kategorizaci prac\u00ed<\/strong><\/span><\/u><\/a>\u00a0<\/li>\n<\/ul>\n\n\n\n<ul>\n<li><strong><a href=\"https:\/\/bozppo-neu.cz\/?page_id=5881\">P\u0159ehled pr\u00e1vn\u00edch p\u0159edpis\u016f vztahuj\u00edc\u00edch se ke kategorizaci prac\u00ed<\/a><\/strong><\/li>\n<\/ul>\n<\/li>\n<\/ul>\n","protected":false},"excerpt":{"rendered":"","protected":false},"author":1,"featured_media":0,"parent":0,"menu_order":0,"comment_status":"closed","ping_status":"closed","template":"","meta":[],"_links":{"self":[{"href":"http:\/\/bozppo-neu.cz\/index.php?rest_route=\/wp\/v2\/pages\/751"}],"collection":[{"href":"http:\/\/bozppo-neu.cz\/index.php?rest_route=\/wp\/v2\/pages"}],"about":[{"href":"http:\/\/bozppo-neu.cz\/index.php?rest_route=\/wp\/v2\/types\/page"}],"author":[{"embeddable":true,"href":"http:\/\/bozppo-neu.cz\/index.php?rest_route=\/wp\/v2\/users\/1"}],"replies":[{"embeddable":true,"href":"http:\/\/bozppo-neu.cz\/index.php?rest_route=%2Fwp%2Fv2%2Fcomments&post=751"}],"version-history":[{"count":13,"href":"http:\/\/bozppo-neu.cz\/index.php?rest_route=\/wp\/v2\/pages\/751\/revisions"}],"predecessor-version":[{"id":5903,"href":"http:\/\/bozppo-neu.cz\/index.php?rest_route=\/wp\/v2\/pages\/751\/revisions\/5903"}],"wp:attachment":[{"href":"http:\/\/bozppo-neu.cz\/index.php?rest_route=%2Fwp%2Fv2%2Fmedia&parent=751"}],"curies":[{"name":"wp","href":"https:\/\/api.w.org\/{rel}","templated":true}]}}