{"id":743,"date":"2017-01-15T12:30:24","date_gmt":"2017-01-15T11:30:24","guid":{"rendered":"http:\/\/bozppo-neu.cz\/?page_id=743"},"modified":"2025-09-14T19:26:07","modified_gmt":"2025-09-14T17:26:07","slug":"nutny-cas-pro-vykon-cinnosti-odborne-zpusobile-osoby","status":"publish","type":"page","link":"http:\/\/bozppo-neu.cz\/?page_id=743","title":{"rendered":"Pot\u0159ebn\u00fd \u010das pro v\u00fdkon \u010dinnosti odborn\u011b zp\u016fsobil\u00e9 osoby"},"content":{"rendered":"<p>V\u00a0roce 2001 vydal dnes ji\u017e neexistuj\u00edc\u00ed \u010cesk\u00fd \u00fa\u0159ad bezpe\u010dnosti pr\u00e1ce (\u010c\u00daBP) nez\u00e1vazn\u00fd dokument z \u0159ady bezpe\u010dnostn\u011b technick\u00fdch po\u017eadavk\u016f \u2013 BTP 0011\/01 \u201eSyst\u00e9m vnit\u0159n\u00edho \u0159\u00edzen\u00ed bezpe\u010dnosti v podniku \u010d\u00e1st 2: Odborn\u00e1 zp\u016fsobilost osob v prevenci rizik a rozsah jejich \u010dinnosti\u201c. V\u00a0n\u011bm byl u\u010din\u011bn pokus o stanoven\u00ed minim\u00e1ln\u00ed doby v\u00fdkonu \u010dinnosti odborn\u011b zp\u016fsobil\u00e9ho zam\u011bstnance (osoby) k prevenci rizik v z\u00e1vislosti na po\u010dtu zam\u011bstnanc\u016f.<\/p>\n<p>V podnic\u00edch do tis\u00edce zam\u011bstnanc\u016f je BTP doporu\u010deno po\u010d\u00edtat na jednoho zam\u011bstnance a rok devades\u00e1t minut. V podnic\u00edch od tis\u00edce zam\u011bstnanc\u016f se doporu\u010duje minim\u00e1ln\u00ed doba v\u00fdkonu \u010dinnosti \u010dty\u0159icet hodin t\u00fddn\u011b s t\u00edm, \u017ee minim\u00e1ln\u00ed doba v\u00fdkonu se zvy\u0161uje o 72 hodiny na dal\u0161\u00edch sto zam\u011bstnanc\u016f. Z\u00e1rove\u0148 je uvedeno, \u017ee p\u0159i stanoven\u00ed celkov\u00e9 doby je pot\u0159ebn\u00e9 vz\u00edt v \u00favahu je\u0161t\u011b vlivy, kter\u00e9 mohou dobu \u010dinnosti v\u00fdrazn\u011b zv\u00fd\u0161it (nap\u0159\u00edklad stav zaveden\u00ed syst\u00e9mu \u0159\u00edzen\u00ed BOZP, po\u010dty osob vykon\u00e1vaj\u00edc\u00ed rizikov\u00e9 pr\u00e1ce, \u00fazemn\u00ed \u010dlen\u011bn\u00ed firmy a rozm\u00edst\u011bn\u00ed pracovi\u0161\u0165, rozvoj firmy, stav a v\u00fdvoj \u00farazovosti). Tak\u00e9 by nem\u011bly b\u00fdt opomenuty v\u00fdsledky <a href=\"http:\/\/bozppo-neu.cz\/?page_id=753\"><strong>hodnocen\u00ed rizik p\u0159i pr\u00e1ci<\/strong><\/a> a<strong>\u00a0<a href=\"http:\/\/bozppo-neu.cz\/?page_id=1263\">kategorizace prac\u00ed<\/a><\/strong>. Mno\u017estv\u00ed a z\u00e1va\u017enost rizik by m\u011bly b\u00fdt jedn\u00edm z hlavn\u00edch podklad\u016f pro rozhodnut\u00ed, zda tuto \u010dinnost zajistit prost\u0159ednictv\u00edm dohody o proveden\u00ed pr\u00e1ce nebo pracovn\u00ed \u010dinnosti, dodavatelsky u opr\u00e1vn\u011bn\u00e9 firmy, vlastn\u00edm zam\u011bstnancem v kumulovan\u00e9 funkci, vlastn\u00edm odborn\u00fdm zam\u011bstnancem na pln\u00fd pracovn\u00ed \u00favazek nebo t\u00fdmem vlastn\u00edch odborn\u00fdch zam\u011bstnanc\u016f. BTP k tomu uv\u00e1d\u00ed, \u017ee v p\u0159\u00edpadech, kdy je napln\u011bn fond pracovn\u00ed doby pro jednoho nebo v\u00edce zam\u011bstnanc\u016f je nejvhodn\u011bj\u0161\u00edm \u0159e\u0161en\u00edm zam\u011bstnat odborn\u011b zp\u016fsobilou osobu k\u00a0zaji\u0161\u0165ov\u00e1n\u00ed \u00fakol\u016f v\u00a0prevenci rizik v pracovn\u00edm pom\u011bru.<\/p>\n<p>P\u0159i stanoven\u00ed \u010dasov\u00e9ho fondu v konkr\u00e9tn\u00edch podm\u00ednk\u00e1ch je nutn\u00e9 m\u00edt na z\u0159eteli, \u017ee uveden\u00e9 \u010dasy se vztahuj\u00ed pouze na \u010dinnost BOZP \u2013 prevenci rizik. V\u00a0zam\u011bstnaneck\u00e9m pom\u011bru je dnes tato \u010dinnost b\u011b\u017en\u011b kumulov\u00e1na s\u00a0po\u017e\u00e1rn\u00ed ochranou (PO) nebo s dal\u0161\u00edmi \u010dinnostmi. Nevhodn\u00e9 je spojovat \u010dinnost odborn\u011b zp\u016fsobil\u00e9 osoby k\u00a0zaji\u0161\u0165ov\u00e1n\u00ed \u00fakol\u016f v\u00a0prevenci rizik s\u00a0profes\u00ed, kter\u00e1 vy\u017eaduje trvalou p\u0159\u00edtomnost na sv\u00e9m pracovi\u0161ti (nap\u0159\u00edklad sekret\u00e1\u0159ka). Nejvhodn\u011bj\u0161\u00ed kumulace je s p\u0159\u00edbuzn\u00fdmi funkcemi, nap\u0159\u00edklad s po\u017e\u00e1rn\u00ed ochranou, firemn\u00ed ekologi\u00ed, krizov\u00fdm mana\u017eerem nebo s \u010dinnost\u00ed bezpe\u010dnostn\u00edho poradce pro p\u0159epravu nebezpe\u010dn\u00fdch v\u011bc\u00ed.<\/p>\n<p>\u010casovou n\u00e1ro\u010dnost kumulace BOZP k PO k firemn\u00ed ekologii ke krizov\u00e9mu managementu lze obecn\u011b p\u0159ibli\u017en\u011b vyj\u00e1d\u0159it pom\u011brem 8:5:5:2. Tedy p\u0159i kumulaci s po\u017e\u00e1rn\u00ed ochranou je nutn\u00e9 z\u00edskan\u00fd \u00fadaj vyn\u00e1sobit hodnotou 1,625. Uveden\u00e9 hodnoty nelze br\u00e1t z\u00e1vazn\u011b, ale pouze orienta\u010dn\u011b, nebo\u0165 v ka\u017ed\u00e9m konkr\u00e9tn\u00edm p\u0159\u00edpad\u011b bude \u010dasov\u00e1 n\u00e1ro\u010dnost jin\u00e1.<\/p>\n<p style=\"text-align: right;\">2017-01-29<\/p>\n<p style=\"text-align: right;\">\u00a0<\/p>\n\n\n<pre class=\"wp-block-code\"><code><p align=\"center\"><a href=\"http:\/\/bozppo-neu.cz\/?page_id=739\"><img decoding=\"async\" loading=\"lazy\" src=\"http:\/\/bozppo-neu.cz\/img\/menubutton.jpg\" alt=\"o uroven vyse\" width=\"50\" height=\"72\"><\/a><\/p><\/code><\/pre>\n","protected":false},"excerpt":{"rendered":"<p>V\u00a0roce 2001 vydal dnes ji\u017e neexistuj\u00edc\u00ed \u010cesk\u00fd \u00fa\u0159ad bezpe\u010dnosti pr\u00e1ce (\u010c\u00daBP) nez\u00e1vazn\u00fd dokument z \u0159ady bezpe\u010dnostn\u011b technick\u00fdch po\u017eadavk\u016f \u2013 BTP 0011\/01 \u201eSyst\u00e9m vnit\u0159n\u00edho \u0159\u00edzen\u00ed bezpe\u010dnosti v podniku \u010d\u00e1st 2: Odborn\u00e1 zp\u016fsobilost osob v prevenci rizik a rozsah jejich \u010dinnosti\u201c. V\u00a0n\u011bm byl u\u010din\u011bn pokus o stanoven\u00ed minim\u00e1ln\u00ed doby v\u00fdkonu \u010dinnosti odborn\u011b zp\u016fsobil\u00e9ho zam\u011bstnance (osoby) k prevenci [&hellip;]<\/p>\n","protected":false},"author":1,"featured_media":0,"parent":0,"menu_order":0,"comment_status":"closed","ping_status":"closed","template":"","meta":[],"_links":{"self":[{"href":"http:\/\/bozppo-neu.cz\/index.php?rest_route=\/wp\/v2\/pages\/743"}],"collection":[{"href":"http:\/\/bozppo-neu.cz\/index.php?rest_route=\/wp\/v2\/pages"}],"about":[{"href":"http:\/\/bozppo-neu.cz\/index.php?rest_route=\/wp\/v2\/types\/page"}],"author":[{"embeddable":true,"href":"http:\/\/bozppo-neu.cz\/index.php?rest_route=\/wp\/v2\/users\/1"}],"replies":[{"embeddable":true,"href":"http:\/\/bozppo-neu.cz\/index.php?rest_route=%2Fwp%2Fv2%2Fcomments&post=743"}],"version-history":[{"count":8,"href":"http:\/\/bozppo-neu.cz\/index.php?rest_route=\/wp\/v2\/pages\/743\/revisions"}],"predecessor-version":[{"id":6151,"href":"http:\/\/bozppo-neu.cz\/index.php?rest_route=\/wp\/v2\/pages\/743\/revisions\/6151"}],"wp:attachment":[{"href":"http:\/\/bozppo-neu.cz\/index.php?rest_route=%2Fwp%2Fv2%2Fmedia&parent=743"}],"curies":[{"name":"wp","href":"https:\/\/api.w.org\/{rel}","templated":true}]}}