{"id":741,"date":"2017-01-15T12:24:50","date_gmt":"2017-01-15T11:24:50","guid":{"rendered":"http:\/\/bozppo-neu.cz\/?page_id=741"},"modified":"2025-09-14T19:28:19","modified_gmt":"2025-09-14T17:28:19","slug":"cinnost-odborne-zpusobile-osoby-k-prevenci-rizik","status":"publish","type":"page","link":"http:\/\/bozppo-neu.cz\/?page_id=741","title":{"rendered":"\u010cinnost odborn\u011b zp\u016fsobil\u00e9 osoby k prevenci rizik"},"content":{"rendered":"<p>\u017d\u00e1dn\u00fdm pr\u00e1vn\u00edm p\u0159edpisem nen\u00ed z\u00e1vazn\u011b stanoven obsah \u010dinnosti odborn\u011b zp\u016fsobil\u00e9 osoby k zaji\u0161\u0165ov\u00e1n\u00ed \u00fakol\u016f v prevenci rizik. Zde p\u0159edkl\u00e1d\u00e1m vzorov\u00fd seznam \u010dinnost\u00ed, kter\u00e9 by pro zam\u011bstnavatele m\u011bla zaji\u0161\u0165ovat (pokud je to smluvn\u011b dohodnuto). V konkr\u00e9tn\u00edm p\u0159\u00edpad\u011b je v\u0161ak nutn\u00e9 zv\u00e1\u017eit, zda n\u011bjak\u00e1 \u010dinnost nechyb\u00ed, nebo naopak nen\u00ed zbyte\u010dn\u00e1.<\/p>\n<p>Obecn\u011b lze v\u00fdkon \u010dinnosti odborn\u011b zp\u016fsobil\u00e9 osoby k\u00a0zaji\u0161\u0165ov\u00e1n\u00ed \u00fakol\u016f v\u00a0prevenci rizik rozd\u011blit na t\u0159i z\u00e1kladn\u00ed oblasti &#8211; na poradn\u00ed, metodickou a kontroln\u00ed.<\/p>\n<p>V r\u00e1mci sv\u00e9 \u010dinnosti v oblasti\u00a0poradn\u00ed by odborn\u011b zp\u016fsobil\u00e1 osoba m\u011bla zam\u011bstnavateli:<\/p>\n<ul>\n<li>navrhnout vhodnou organizaci bezpe\u010dnosti a ochrany zdrav\u00ed p\u0159i pr\u00e1ci a syst\u00e9m \u0159\u00edzen\u00ed prevence rizik,<\/li>\n<li>vyjad\u0159ovat se k obsahu dohod a smluv t\u00fdkaj\u00edc\u00ed se dod\u00e1vek a slu\u017eeb z hlediska zaji\u0161t\u011bn\u00ed po\u017eadavk\u016f bezpe\u010dnosti a ochrany zdrav\u00ed p\u0159i pr\u00e1ci,<\/li>\n<li>pod\u00edlet se na vyhled\u00e1v\u00e1n\u00ed a vyhodnocov\u00e1n\u00ed rizik p\u0159i pr\u00e1ci a na navrhov\u00e1n\u00ed opat\u0159en\u00ed k\u00a0omezen\u00ed jejich p\u016fsoben\u00ed,<\/li>\n<li>radit zam\u011bstnavateli a jeho vedouc\u00edm zam\u011bstnanc\u016fm jak\u00fdm zp\u016fsobem plnit \u00fakoly v\u00a0prevenci rizik, zvl\u00e1\u0161t\u011b v organizaci pr\u00e1ce, zlep\u0161ov\u00e1n\u00ed pracovn\u00edch postup\u016f a technologi\u00ed, v\u00a0uspo\u0159\u00e1d\u00e1n\u00ed pracovi\u0161\u0165, v\u00fdb\u011bru a pou\u017e\u00edv\u00e1n\u00ed v\u00fdrobn\u00edch a pracovn\u00edch prost\u0159edk\u016f, materi\u00e1l\u016f a l\u00e1tek,<\/li>\n<li>vyhodnocovat z pohledu prevence rizik vznikl\u00e9 mimo\u0159\u00e1dn\u00e9 ud\u00e1losti (pracovn\u00ed \u00faraz, nemoc z\u00a0povol\u00e1n\u00ed, <strong><a href=\"http:\/\/bozppo-neu.cz\/?page_id=3486\">skoronehodu<\/a><\/strong>) a navrhovat opat\u0159en\u00ed proti jejich opakov\u00e1n\u00ed,<\/li>\n<li>p\u0159edkl\u00e1dat n\u00e1vrhy a podn\u011bty k zaji\u0161t\u011bn\u00ed prevence rizik,<\/li>\n<li>zpracov\u00e1vat odborn\u00e1 stanoviska z pohledu zaji\u0161t\u011bn\u00ed prevence rizik p\u0159edev\u0161\u00edm p\u0159i v\u00fdstavb\u011b, provozu technick\u00fdch za\u0159\u00edzen\u00ed, v\u00fdb\u011bru stroj\u016f, materi\u00e1l\u016f a l\u00e1tek a p\u0159i vytv\u00e1\u0159en\u00ed pracovn\u00edch m\u00edst s ohledem na jejich uspo\u0159\u00e1d\u00e1n\u00ed a vybaven\u00ed a pracovn\u00edho prost\u0159ed\u00ed,<\/li>\n<li>informovat o nov\u00fdch po\u017eadavc\u00edch pr\u00e1vn\u00edch a ostatn\u00edch p\u0159edpis\u016f k zaji\u0161t\u011bn\u00ed bezpe\u010dnosti a ochrany zdrav\u00ed p\u0159i pr\u00e1ci.<\/li>\n<\/ul>\n<p>V r\u00e1mci sv\u00e9 \u010dinnosti v oblasti metodick\u00e9 by zam\u011bstnavateli m\u011bla:<\/p>\n<ul>\n<li>zpracov\u00e1vat n\u00e1vrhy \u0159\u00eddic\u00edch intern\u00edch p\u0159edpis\u016f k zaji\u0161t\u011bn\u00ed prevence rizik (bezpe\u010dnostn\u00edch p\u0159edpis\u016f) a n\u00e1vrhy provozn\u00edch intern\u00edch doklad\u016f,<\/li>\n<li>pod\u00edlet se na tvorb\u011b pracovn\u00edch postup\u016f a m\u00edstn\u00edch provozn\u00edch bezpe\u010dnostn\u00edch p\u0159edpis\u016f z\u00a0hlediska zaji\u0161t\u011bn\u00ed prevence rizik,<\/li>\n<li>pod\u00edlet se na tvorb\u011b syst\u00e9mu v\u00fdchovy zam\u011bstnanc\u016f k prevenci rizik p\u0159edev\u0161\u00edm zpracov\u00e1n\u00edm osnov \u0161kolen\u00ed, realizac\u00ed n\u011bkter\u00fdch t\u011bchto \u0161kolen\u00ed v\u010detn\u011b p\u0159ezkou\u0161en\u00ed a spoluprac\u00ed p\u0159i v\u00fdb\u011bru \u0161kolitel\u016f odborn\u00fdch profesn\u00edch \u0161kolen\u00ed,<\/li>\n<li>pod\u00edlet se na tvorb\u011b syst\u00e9mu \u00farazov\u00e9 prevence p\u0159edev\u0161\u00edm \u0161et\u0159en\u00edm z\u00e1va\u017en\u00fdch p\u0159\u00edpad\u016f, zpracov\u00e1n\u00edm a veden\u00edm evidence pracovn\u00edch \u00faraz\u016f a nemoc\u00ed z povol\u00e1n\u00ed, spoluprac\u00ed p\u0159i poskytov\u00e1n\u00ed n\u00e1hrad \u0161kod vznikl\u00fdch v d\u016fsledku pracovn\u00edho \u00farazu nebo nemoci z povol\u00e1n\u00ed a rozborem pracovn\u00ed \u00farazovosti,<\/li>\n<li>pod\u00edlet se na tvorb\u011b syst\u00e9mu poskytov\u00e1n\u00ed osobn\u00edch ochrann\u00fdch pracovn\u00edch prost\u0159edk\u016f, myc\u00edch, \u010distic\u00edch a dezinfek\u010dn\u00edch prost\u0159edk\u016f a ochrann\u00fdch n\u00e1poj\u016f p\u0159edev\u0161\u00edm n\u00e1vrhem syst\u00e9mu a doporu\u010den\u00edm vhodn\u00fdch prost\u0159edk\u016f,<\/li>\n<li>pod\u00edlet se na tvorb\u011b syst\u00e9mu bezpe\u010dnosti technick\u00fdch za\u0159\u00edzen\u00ed p\u0159edev\u0161\u00edm n\u00e1vrhem syst\u00e9mu zaji\u0161t\u011bn\u00ed bezpe\u010dnosti technick\u00fdch za\u0159\u00edzen\u00ed a n\u00e1vrhy term\u00edn\u016f zkou\u0161ek, kontrol a reviz\u00ed pro jednotliv\u00e1 za\u0159\u00edzen\u00ed,<\/li>\n<li>pod\u00edlet se na tvorb\u011b syst\u00e9mu bezpe\u010dnostn\u00edho zna\u010den\u00ed p\u0159edev\u0161\u00edm stanoven\u00edm pot\u0159ebn\u00e9ho zna\u010den\u00ed a ur\u010den\u00edm m\u00edsta jeho um\u00edst\u011bn\u00ed,<\/li>\n<li>pod\u00edlet se na stanoven\u00ed konkr\u00e9tn\u00edch prac\u00ed a pracovi\u0161\u0165 zak\u00e1zan\u00fdch t\u011bhotn\u00fdm zam\u011bstnankyn\u00edm, zam\u011bstnankyn\u00edm, kter\u00e9 koj\u00ed, zam\u011bstnankyn\u00edm-matk\u00e1m do konce dev\u00e1t\u00e9ho m\u011bs\u00edce po porodu a mladistv\u00fdm zam\u011bstnanc\u016fm.<\/li>\n<\/ul>\n<p>A v r\u00e1mci sv\u00e9 \u010dinnosti v oblasti kontroln\u00ed by zam\u011bstnavateli m\u011bla:<\/p>\n<ul>\n<li>zpracov\u00e1vat n\u00e1vrhy pl\u00e1n\u016f kontrol a z\u00e1znam\u016f o kontrol\u00e1ch,<\/li>\n<li>prov\u00e1d\u011bt kontroly zaji\u0161t\u011bn\u00ed \u00farovn\u011b bezpe\u010dnosti a ochrany zdrav\u00ed p\u0159i pr\u00e1ci a realizace zam\u011bstnavatelem p\u0159ijat\u00fdch opat\u0159en\u00ed,<\/li>\n<li>prov\u00e1d\u011bt kontroly prov\u00e1d\u011bn\u00ed pravideln\u00fdch kontrol \u00farovn\u011b bezpe\u010dnosti a ochrany zdrav\u00ed p\u0159i pr\u00e1ci vedouc\u00edmi zam\u011bstnanci a prov\u00e1d\u011bn\u00ed kontrol prac\u00ed pod\u0159\u00edzen\u00fdch vedouc\u00edmi zam\u011bstnanci z hlediska dodr\u017eov\u00e1n\u00ed pr\u00e1vn\u00edch a ostatn\u00edch p\u0159edpis\u016f k zaji\u0161t\u011bn\u00ed bezpe\u010dnosti a ochrany zdrav\u00ed p\u0159i pr\u00e1ci a pokyn\u016f k zaji\u0161t\u011bn\u00ed bezpe\u010dnosti a ochrany zdrav\u00ed p\u0159i pr\u00e1ci zam\u011bstnanci,<\/li>\n<li>zpracov\u00e1vat z\u00e1pisy z j\u00ed proveden\u00fdch kontrol a o zji\u0161t\u011bn\u00fdch nedostatc\u00edch informovat zam\u011bstnavatele a vedouc\u00edho zam\u011bstnance kontrolovan\u00e9ho pracovi\u0161t\u011b,<\/li>\n<li>\u00fa\u010dastnit se kontrol prov\u00e1d\u011bn\u00fdch st\u00e1tn\u00edmi kontroln\u00edmi org\u00e1ny a odborovou organizac\u00ed v\u00a0oblasti zaji\u0161t\u011bn\u00ed bezpe\u010dnosti a ochrany zdrav\u00ed p\u0159i pr\u00e1c\u00ed,<\/li>\n<li>navrhovat opat\u0159en\u00ed k odstran\u011bn\u00ed z\u00e1vad zji\u0161t\u011bn\u00fdch p\u0159i kontrol\u00e1ch.<\/li>\n<\/ul>\n<p>Proto\u017ee odborn\u011b zp\u016fsobil\u00e1 osoba k\u00a0zaji\u0161\u0165ov\u00e1n\u00ed \u00fakol\u016f v\u00a0prevenci rizik nem\u00e1 pr\u00e1vo n\u011bkomu n\u011bco na\u0159\u00eddit nebo n\u011bco zak\u00e1zat (tuto pravomoc j\u00ed \u017e\u00e1dn\u00fd pr\u00e1vn\u00ed p\u0159edpis ned\u00e1v\u00e1), je pouze poradn\u00edm org\u00e1nem vrcholn\u00e9ho (top) managementu, org\u00e1nem pro metodick\u00e9 \u0159\u00edzen\u00ed vedouc\u00edch zam\u011bstnanc\u016f v\u00a0oblasti prevence rizik a kontroln\u00edm org\u00e1nem zam\u011bstnavatele pro problematiku zaji\u0161t\u011bn\u00ed BOZP, a to bez ohledu na to, je-li u zam\u011bstnavatele v\u00a0pracovn\u00edm pom\u011bru nebo je s\u00a0n\u00edm v\u00a0obchodn\u00edm vztahu. Z\u00a0tohoto d\u016fvodu se na jednotliv\u00fdch \u010dinnostech \u201epod\u00edl\u00ed\u201c, \u201enavrhuje\u201c a \u201erad\u00ed\u201c, nikoliv \u201ezaji\u0161\u0165uje\u201c, \u201eprov\u00e1d\u00ed\u201c apod. Proto na zji\u0161t\u011bnou z\u00e1vadu mus\u00ed upozornit, to je jej\u00ed povinnost, av\u0161ak nem\u00e1 pr\u00e1vo na\u0159\u00eddit, nato\u017e vym\u00e1hat, jej\u00ed odstran\u011bn\u00ed, a to ani v\u00a0p\u0159\u00edpad\u011b, \u017ee se jedn\u00e1 o poru\u0161en\u00ed po\u017eadavku pr\u00e1vn\u00edho p\u0159edpisu \u0159adov\u00fdm zam\u011bstnancem (nap\u0159\u00edklad nem\u00e1 ochrann\u00fd \u0161t\u00edt p\u0159i pr\u00e1ci s\u00a0k\u0159ovino\u0159ezem).<\/p>\n<p>Nem\u011blo by platit, \u017ee odborn\u011b zp\u016fsobil\u00e1 osoba k\u00a0zaji\u0161\u0165ov\u00e1n\u00ed \u00fakol\u016f v\u00a0prevenci rizik z\u00e1vadu vyhled\u00e1 a z\u00e1rove\u0148 ji mus\u00ed, podle u zam\u011bstnavatele nastaven\u00fdch pravidel, odstranit. Tento p\u0159\u00edstup je nejen chybn\u00fd, ale p\u0159\u00edmo zcela ne\u017e\u00e1douc\u00ed, nebo\u0165 neumo\u017e\u0148uje na pot\u0159ebn\u00e9 \u00farovni vybudovat funk\u010dn\u00ed syst\u00e9m \u0159\u00edzen\u00ed BOZP (odborn\u011b zp\u016fsobil\u00e1 osoba kontroluje sama sebe, resp. v\u00fdkon sv\u00e9 pr\u00e1ce, a zji\u0161t\u011bn\u00e9 nedostatky je povinna odstranit).<\/p>\n<p>Odborn\u011b zp\u016fsobil\u00e1 osoba k\u00a0zaji\u0161\u0165ov\u00e1n\u00ed \u00fakol\u016f v\u00a0prevenci rizik v\u00a0zam\u011bstnaneck\u00e9m pom\u011bru by nem\u011bla b\u00fdt t\u00edm, kdo zaji\u0161t\u011bn\u00ed BOZP na jednotliv\u00fdch pracovi\u0161t\u00edch zam\u011bstnavatele prov\u00e1d\u00ed s\u00a0t\u00edm, \u017ee odborn\u00e1 pr\u00e1ce se zajist\u00ed od extern\u00ed firmy specializuj\u00edc\u00ed se na slu\u017eby zaji\u0161\u0165ov\u00e1n\u00ed BOZP. Zaji\u0161t\u011bn\u00ed BOZP na pracovi\u0161t\u00edch je povinnost\u00ed vedouc\u00edch zam\u011bstnanc\u016f [\u00a7 302 p\u00edsm. c) z\u00e1kon\u00edku pr\u00e1ce], nikoliv odborn\u011b zp\u016fsobil\u00e9 osoby. Ta m\u00e1 b\u00fdt vysoce kvalifikovan\u00fdm odborn\u00edkem na problematiku prevence rizik a tu pro zam\u011bstnavatele zaji\u0161\u0165ovat. Pokud zam\u011bstnavatel chce vedouc\u00edm zam\u011bstnanc\u016fm uleh\u010dit jejich povinnost zaji\u0161\u0165ovat BOZP na jimi \u0159\u00edzen\u00fdch pracovi\u0161t\u00edch, m\u011bl by k\u00a0tomu vyu\u017e\u00edt ustanoven\u00ed preventist\u016f BOZP.<\/p>\n<p>Odborn\u011b zp\u016fsobil\u00e1 osoba k\u00a0zaji\u0161\u0165ov\u00e1n\u00ed \u00fakol\u016f v\u00a0prevenci rizik m\u00e1 v\u00a0prv\u00e9 \u0159ad\u011b b\u00fdt navrhovatelem vytvo\u0159en\u00ed a zlep\u0161ov\u00e1n\u00ed syst\u00e9mu \u0159\u00edzen\u00ed bezpe\u010dnosti a ochrany zdrav\u00ed p\u0159i pr\u00e1ci. Nejen z\u00a0toho vypl\u00fdv\u00e1, \u017ee p\u0159ev\u00e1\u017en\u00e1 \u010d\u00e1st v\u00fdkonu jej\u00ed \u010dinnosti je prov\u00e1d\u011bna v\u00a0kancel\u00e1\u0159i a men\u0161\u00ed \u201ev ter\u00e9nu\u201c.<\/p>\n<p style=\"text-align: right;\">2017-01-28<\/p>\n<p style=\"text-align: center;\">\u00a0<\/p>\n\n\n<pre class=\"wp-block-code\"><code><p align=\"center\"><a href=\"http:\/\/bozppo-neu.cz\/?page_id=739\"><img decoding=\"async\" loading=\"lazy\" src=\"http:\/\/bozppo-neu.cz\/img\/menubutton.jpg\" alt=\"o uroven vyse\" width=\"50\" height=\"72\"><\/a><\/p><\/code><\/pre>\n","protected":false},"excerpt":{"rendered":"<p>\u017d\u00e1dn\u00fdm pr\u00e1vn\u00edm p\u0159edpisem nen\u00ed z\u00e1vazn\u011b stanoven obsah \u010dinnosti odborn\u011b zp\u016fsobil\u00e9 osoby k zaji\u0161\u0165ov\u00e1n\u00ed \u00fakol\u016f v prevenci rizik. Zde p\u0159edkl\u00e1d\u00e1m vzorov\u00fd seznam \u010dinnost\u00ed, kter\u00e9 by pro zam\u011bstnavatele m\u011bla zaji\u0161\u0165ovat (pokud je to smluvn\u011b dohodnuto). V konkr\u00e9tn\u00edm p\u0159\u00edpad\u011b je v\u0161ak nutn\u00e9 zv\u00e1\u017eit, zda n\u011bjak\u00e1 \u010dinnost nechyb\u00ed, nebo naopak nen\u00ed zbyte\u010dn\u00e1. Obecn\u011b lze v\u00fdkon \u010dinnosti odborn\u011b zp\u016fsobil\u00e9 osoby [&hellip;]<\/p>\n","protected":false},"author":1,"featured_media":0,"parent":0,"menu_order":0,"comment_status":"closed","ping_status":"closed","template":"","meta":[],"_links":{"self":[{"href":"http:\/\/bozppo-neu.cz\/index.php?rest_route=\/wp\/v2\/pages\/741"}],"collection":[{"href":"http:\/\/bozppo-neu.cz\/index.php?rest_route=\/wp\/v2\/pages"}],"about":[{"href":"http:\/\/bozppo-neu.cz\/index.php?rest_route=\/wp\/v2\/types\/page"}],"author":[{"embeddable":true,"href":"http:\/\/bozppo-neu.cz\/index.php?rest_route=\/wp\/v2\/users\/1"}],"replies":[{"embeddable":true,"href":"http:\/\/bozppo-neu.cz\/index.php?rest_route=%2Fwp%2Fv2%2Fcomments&post=741"}],"version-history":[{"count":11,"href":"http:\/\/bozppo-neu.cz\/index.php?rest_route=\/wp\/v2\/pages\/741\/revisions"}],"predecessor-version":[{"id":6152,"href":"http:\/\/bozppo-neu.cz\/index.php?rest_route=\/wp\/v2\/pages\/741\/revisions\/6152"}],"wp:attachment":[{"href":"http:\/\/bozppo-neu.cz\/index.php?rest_route=%2Fwp%2Fv2%2Fmedia&parent=741"}],"curies":[{"name":"wp","href":"https:\/\/api.w.org\/{rel}","templated":true}]}}