{"id":739,"date":"2017-01-15T11:46:56","date_gmt":"2017-01-15T10:46:56","guid":{"rendered":"http:\/\/bozppo-neu.cz\/?page_id=739"},"modified":"2024-11-04T14:43:44","modified_gmt":"2024-11-04T13:43:44","slug":"odborne-zpusobila-osoba-k-zajistovani-ukolu-v-prevenci-rizik","status":"publish","type":"page","link":"http:\/\/bozppo-neu.cz\/?page_id=739","title":{"rendered":"Odborn\u011b zp\u016fsobil\u00e1 osoba k zaji\u0161\u0165ov\u00e1n\u00ed \u00fakol\u016f v prevenci rizik"},"content":{"rendered":"\n<ul>\n<li><a href=\"http:\/\/bozppo-neu.cz\/?page_id=1832\"><strong>Kvalifika\u010dn\u00ed p\u0159edpoklady pro v\u00fdkon \u010dinnosti<\/strong><\/a><\/li>\n<\/ul>\n\n\n\n<ul>\n<li><a href=\"http:\/\/bozppo-neu.cz\/?page_id=741\"><strong>\u010cinnost odborn\u011b zp\u016fsobil\u00e9 osoby k prevenci rizik<\/strong><\/a><\/li>\n<\/ul>\n\n\n\n<ul>\n<li><a href=\"http:\/\/bozppo-neu.cz\/?page_id=743\"><strong>Pot\u0159ebn\u00fd \u010das pro v\u00fdkon \u010dinnosti odborn\u011b zp\u016fsobil\u00e9 osoby<\/strong><\/a><\/li>\n<\/ul>\n\n\n\n<ul>\n<li><a href=\"http:\/\/bozppo-neu.cz\/?page_id=600\"><strong>Odpov\u011bdnost odborn\u011b zp\u016fsobil\u00e9 osoby k zaji\u0161\u0165ov\u00e1n\u00ed \u00fakol\u016f v prevenci rizik<\/strong><\/a><\/li>\n<\/ul>\n\n\n\n<ul>\n<li><a href=\"http:\/\/bozppo-neu.cz\/?page_id=2361\"><strong>Znamen\u00e1 outsourcing \u010dinnost\u00ed OZO ztr\u00e1tu zam\u011bstn\u00e1n\u00ed?<\/strong><\/a><\/li>\n<\/ul>\n\n\n\n<ul>\n<li><a href=\"http:\/\/bozppo-neu.cz\/?page_id=2375\"><strong>Historick\u00fd v\u00fdvoj funkce odborn\u00edka na zaji\u0161\u0165ov\u00e1n\u00ed BOZP<\/strong><\/a><\/li>\n<\/ul>\n\n\n\n<ul>\n<li><a href=\"http:\/\/bozppo-neu.cz\/?page_id=3529\"><strong>Kam sm\u011b\u0159uje v\u00fdvoj funkce odborn\u011b zp\u016fsobil\u00e9 osoby<\/strong><\/a><\/li>\n<\/ul>\n","protected":false},"excerpt":{"rendered":"","protected":false},"author":1,"featured_media":0,"parent":0,"menu_order":0,"comment_status":"closed","ping_status":"closed","template":"","meta":[],"_links":{"self":[{"href":"http:\/\/bozppo-neu.cz\/index.php?rest_route=\/wp\/v2\/pages\/739"}],"collection":[{"href":"http:\/\/bozppo-neu.cz\/index.php?rest_route=\/wp\/v2\/pages"}],"about":[{"href":"http:\/\/bozppo-neu.cz\/index.php?rest_route=\/wp\/v2\/types\/page"}],"author":[{"embeddable":true,"href":"http:\/\/bozppo-neu.cz\/index.php?rest_route=\/wp\/v2\/users\/1"}],"replies":[{"embeddable":true,"href":"http:\/\/bozppo-neu.cz\/index.php?rest_route=%2Fwp%2Fv2%2Fcomments&post=739"}],"version-history":[{"count":14,"href":"http:\/\/bozppo-neu.cz\/index.php?rest_route=\/wp\/v2\/pages\/739\/revisions"}],"predecessor-version":[{"id":5993,"href":"http:\/\/bozppo-neu.cz\/index.php?rest_route=\/wp\/v2\/pages\/739\/revisions\/5993"}],"wp:attachment":[{"href":"http:\/\/bozppo-neu.cz\/index.php?rest_route=%2Fwp%2Fv2%2Fmedia&parent=739"}],"curies":[{"name":"wp","href":"https:\/\/api.w.org\/{rel}","templated":true}]}}