{"id":633,"date":"2017-01-07T21:10:06","date_gmt":"2017-01-07T20:10:06","guid":{"rendered":"http:\/\/bozppo-neu.cz\/?page_id=633"},"modified":"2023-03-16T08:52:26","modified_gmt":"2023-03-16T07:52:26","slug":"novela-zakona-o-pozarni-ochrane","status":"publish","type":"page","link":"http:\/\/bozppo-neu.cz\/?page_id=633","title":{"rendered":"Novela z\u00e1kona o po\u017e\u00e1rn\u00ed ochran\u011b \u010d. 229\/2016 Sb."},"content":{"rendered":"<p>Novela z\u00e1kona o po\u017e\u00e1rn\u00ed ochran\u011b \u010d. 229\/2016 Sb. nabyla \u00fa\u010dinnosti 1. srpna 2017. T\u00fdk\u00e1 se p\u0159edev\u0161\u00edm zpracov\u00e1n\u00ed dokumentace po\u017e\u00e1rn\u00ed ochrany, opr\u00e1vn\u011bnosti pr\u00e1vnick\u00e9 nebo fyzick\u00e9 podnikaj\u00edc\u00ed osoby provozovat <a href=\"http:\/\/bozppo-neu.cz\/?page_id=957\">\u010dinnost s\u00a0vysok\u00fdm po\u017e\u00e1rn\u00edm nebezpe\u010d\u00edm<\/a> nebo <a href=\"http:\/\/bozppo-neu.cz\/?page_id=955\">\u010dinnost se zv\u00fd\u0161en\u00fdm po\u017e\u00e1rn\u00edm nebezpe\u010d\u00edm<\/a>, u kter\u00e9 nejsou b\u011b\u017en\u00e9 podm\u00ednky pro z\u00e1sah, a ukl\u00e1d\u00e1n\u00ed pokut st\u00e1tn\u00edm po\u017e\u00e1rn\u00edm dozorem. Zm\u011bnila nebo doplnila celou \u0159adu paragraf\u016f, p\u0159edev\u0161\u00edm \u00a7 6a, 6b, 6c, 76c a 76d.<\/p>\n<h4>Pro provozovatele \u010dinnost\u00ed s vysok\u00fdm po\u017e\u00e1rn\u00edm nebezpe\u010d\u00edm<\/h4>\n<p>Novela z\u00e1sadn\u00edm zp\u016fsobem zasahuje do povinnost\u00ed p\u0159i provozov\u00e1n\u00ed \u010dinnost\u00ed s\u00a0vysok\u00fdm po\u017e\u00e1rn\u00edm nebezpe\u010d\u00edm. V \u00a7 6a, jen\u017e m\u00e1 zcela nov\u00e9 zn\u011bn\u00ed, ustanovuje, \u017ee pr\u00e1vnick\u00e9 a fyzick\u00e9 podnikaj\u00edc\u00ed osoby mohou provozovat \u010dinnost s\u00a0vysok\u00fdm po\u017e\u00e1rn\u00edm nebezpe\u010d\u00edm a\u017e po schv\u00e1len\u00ed dokumentu posouzen\u00ed po\u017e\u00e1rn\u00edho nebezpe\u010d\u00ed org\u00e1nem st\u00e1tn\u00edho po\u017e\u00e1rn\u00edho dozoru. Posouzen\u00ed zpracovan\u00e9 odborn\u011b zp\u016fsobilou osobou je pr\u00e1vnick\u00e1 nebo podnikaj\u00edc\u00ed fyzick\u00e1 osoba povinna p\u0159edlo\u017eit ve dvou vyhotoven\u00edch. Nejsou-li shled\u00e1ny nedostatky, org\u00e1n st\u00e1tn\u00edho po\u017e\u00e1rn\u00edho dozoru posouzen\u00ed schv\u00e1l\u00ed. V\u00a0opa\u010dn\u00e9m p\u0159\u00edpad\u011b jej vr\u00e1t\u00ed zp\u011bt. Neodstran\u00ed-li p\u0159edkladatel zji\u0161t\u011bn\u00e9 obsahov\u00e9 nedostatky do stanoven\u00e9 lh\u016fty, org\u00e1n st\u00e1tn\u00edho po\u017e\u00e1rn\u00edho dozoru vyd\u00e1 rozhodnut\u00ed o neschv\u00e1len\u00ed posouzen\u00ed. V\u00a0d\u016fsledku toho p\u0159edkladatel nem\u016f\u017ee zah\u00e1jit provozov\u00e1n\u00ed pl\u00e1novan\u00e9 podnikatelsk\u00e9 \u010dinnosti.<\/p>\n<h4>Dokumentace zdol\u00e1v\u00e1n\u00ed po\u017e\u00e1ru<\/h4>\n<p>Posouzen\u00ed nen\u00ed jedin\u00fdm dokumentem, jeho\u017e zpracov\u00e1n\u00ed se dot\u00fdk\u00e1 novela z\u00e1kona o po\u017e\u00e1rn\u00ed ochran\u011b \u00fa\u010dinn\u00e1 od 1. srpna 2017. Dal\u0161\u00edm je dokumentace zdol\u00e1v\u00e1n\u00ed po\u017e\u00e1ru (nov\u00e9 zn\u011bn\u00ed \u00a7 6b; st\u00e1vaj\u00edc\u00ed je p\u0159esunuto do \u00a7 6c).<\/p>\n<p>Pr\u00e1vnick\u00e9 a podnikaj\u00edc\u00ed fyzick\u00e9 osoby mohou provozovat \u010dinnost s\u00a0vysok\u00fdm po\u017e\u00e1rn\u00edm nebezpe\u010d\u00edm nebo \u010dinnost se zv\u00fd\u0161en\u00fdm po\u017e\u00e1rn\u00edm nebezpe\u010d\u00edm, u kter\u00e9 nejsou b\u011b\u017en\u00e9 podm\u00ednky pro z\u00e1sah (viz \u00a7 18 vyhl\u00e1\u0161ky \u010d. 246\/2001 Sb., ve zn\u011bn\u00ed pozd\u011bj\u0161\u00edch p\u0159edpis\u016f), po schv\u00e1len\u00ed dokumentace zdol\u00e1v\u00e1n\u00ed po\u017e\u00e1ru org\u00e1nem st\u00e1tn\u00edho po\u017e\u00e1rn\u00edho dozoru. Tuto dokumentaci mus\u00ed ve dvou vyhotoven\u00edch p\u0159edlo\u017eit ke schv\u00e1len\u00ed org\u00e1nu st\u00e1tn\u00edho po\u017e\u00e1rn\u00edho dozoru. Zpracovat ji m\u016f\u017ee odborn\u011b zp\u016fsobil\u00e1 osoba nebe technik PO.<\/p>\n<p>Nezjist\u00ed-li org\u00e1n \u017e\u00e1dn\u00e9 nedostatky, dokumentaci schv\u00e1l\u00ed. V\u00a0opa\u010dn\u00e9m p\u0159\u00edpad\u011b ji vr\u00e1t\u00ed zp\u011bt s\u00a0uveden\u00edm zji\u0161t\u011bn\u00fdch nedostatk\u016f a stanov\u00ed lh\u016ftu pro op\u011btovn\u00e9 p\u0159edlo\u017een\u00ed.<\/p>\n<p>P\u0159ed zm\u011bnou provozov\u00e1n\u00ed \u010dinnosti, kter\u00e1 m\u00e1 vliv na obsah schv\u00e1len\u00e9ho posouzen\u00ed po\u017e\u00e1rn\u00edho nebezpe\u010d\u00ed nebo na obsah dokumentace zdol\u00e1v\u00e1n\u00ed po\u017e\u00e1ru, pr\u00e1vnick\u00e1 nebo fyzick\u00e1 podnikaj\u00edc\u00ed osoba mus\u00ed p\u0159edlo\u017eit org\u00e1nu st\u00e1tn\u00edho po\u017e\u00e1rn\u00edho dozoru ke schv\u00e1len\u00ed dopln\u011bn\u00e9 posouzen\u00ed nebo novou dokumentaci zdol\u00e1v\u00e1n\u00ed po\u017e\u00e1ru, p\u0159\u00edpadn\u011b nov\u00e9 posouzen\u00ed, bude-li to vzhledem k\u00a0rozsahu zm\u011bny pot\u0159ebn\u00e9. Do doby schv\u00e1len\u00ed p\u0159edlo\u017een\u00e9ho dokumentu nelze zm\u011bny v\u00a0provozovan\u00e9 \u010dinnosti, podle novely z\u00e1kona o po\u017e\u00e1rn\u00ed ochran\u011b, prov\u00e9st!<\/p>\n<p>Novela uv\u00e1d\u00ed, \u017ee zm\u011bny v\u00a0objemu ro\u010dn\u00ed produkce nejsou d\u016fvodem pro p\u0159edlo\u017een\u00ed nov\u00e9ho posouzen\u00ed, je-li schv\u00e1leno v\u00fdhradn\u011b pro \u010dinnost, p\u0159i n\u00ed\u017e se vyr\u00e1b\u011bj\u00ed nebo do z\u00e1sobn\u00edk\u016f, cisteren nebo n\u00e1dob pln\u00ed ho\u0159lav\u00e9 kapaliny nebo ho\u0159lav\u00e9 plyny nebo ho\u0159en\u00ed podporuj\u00edc\u00ed plyny s\u00a0ro\u010dn\u00ed produkc\u00ed 5\u00a0000 tun a vy\u0161\u0161\u00ed. Tak\u00e9 uv\u00e1d\u00ed, \u017ee podle nov\u00fdch po\u017eadavk\u016f na zpracov\u00e1n\u00ed dokumentace zdol\u00e1v\u00e1n\u00ed po\u017e\u00e1ru se postupuje i v\u00a0p\u0159\u00edpad\u011b, kdy zpracov\u00e1n\u00ed t\u00e9to dokumentace stanov\u00ed dokumentace po\u017e\u00e1rn\u00ed ochrany \u2013 bl\u00ed\u017ee \u00a7 34 odst. 2 vyhl\u00e1\u0161ky \u010d. 246\/2001 Sb., ve zn\u011bn\u00ed \u010d. 221\/2014 Sb. (nap\u0159\u00edklad dokument stanoven\u00ed organizace zabezpe\u010den\u00ed po\u017e\u00e1rn\u00ed ochrany).<\/p>\n<h4>Postih za nespln\u011bn\u00ed nov\u00fdch povinnost\u00ed<\/h4>\n<p>Pr\u00e1vnick\u00e9 a podnikaj\u00edc\u00ed fyzick\u00e9 osoby, kter\u00e9 po 1. srpnu 2017 provozuj\u00ed \u010dinnosti s\u00a0vysok\u00fdm po\u017e\u00e1rn\u00edm nebezpe\u010d\u00edm bez odsouhlasen\u00e9ho posouzen\u00ed po\u017e\u00e1rn\u00edho nebezpe\u010d\u00ed se vystavuj\u00ed nebezpe\u010d\u00ed ud\u011blen\u00ed pokuty a\u017e do v\u00fd\u0161e 10\u00a0000\u00a0000 K\u010d. Shodn\u011b to plat\u00ed pro uveden\u00e9 subjekty, kter\u00e9 provozuj\u00ed \u010dinnost s\u00a0vysok\u00fdm po\u017e\u00e1rn\u00edm nebezpe\u010d\u00edm nebo se zv\u00fd\u0161en\u00fdm po\u017e\u00e1rn\u00edm nebezpe\u010d\u00edm, u kter\u00e9 nejsou b\u011b\u017en\u00e9 podm\u00ednky pro z\u00e1sah, bez odsouhlasen\u00e9 dokumentace zdol\u00e1v\u00e1n\u00ed po\u017e\u00e1ru st\u00e1tn\u00edm po\u017e\u00e1rn\u00edm dozorem.<\/p>\n<p>Posouzen\u00ed po\u017e\u00e1rn\u00edho nebezpe\u010d\u00ed, jako\u017e i dokumentace zdol\u00e1v\u00e1n\u00ed po\u017e\u00e1ru, schv\u00e1len\u00e9 p\u0159ed 1. srpnem 2017 je podle p\u0159echodn\u00fdch ustanoven\u00ed novely z\u00e1kona pova\u017eov\u00e1no za schv\u00e1len\u00e9 ve smyslu novely z\u00e1kona o po\u017e\u00e1rn\u00ed ochran\u011b \u010d. 229\/2016 Sb.<\/p>\n<p style=\"text-align: right;\">2017-12-26<\/p>\n<h4 style=\"text-align: center;\"><\/h4>\n","protected":false},"excerpt":{"rendered":"<p>Novela z\u00e1kona o po\u017e\u00e1rn\u00ed ochran\u011b \u010d. 229\/2016 Sb. nabyla \u00fa\u010dinnosti 1. srpna 2017. T\u00fdk\u00e1 se p\u0159edev\u0161\u00edm zpracov\u00e1n\u00ed dokumentace po\u017e\u00e1rn\u00ed ochrany, opr\u00e1vn\u011bnosti pr\u00e1vnick\u00e9 nebo fyzick\u00e9 podnikaj\u00edc\u00ed osoby provozovat \u010dinnost s\u00a0vysok\u00fdm po\u017e\u00e1rn\u00edm nebezpe\u010d\u00edm nebo \u010dinnost se zv\u00fd\u0161en\u00fdm po\u017e\u00e1rn\u00edm nebezpe\u010d\u00edm, u kter\u00e9 nejsou b\u011b\u017en\u00e9 podm\u00ednky pro z\u00e1sah, a ukl\u00e1d\u00e1n\u00ed pokut st\u00e1tn\u00edm po\u017e\u00e1rn\u00edm dozorem. Zm\u011bnila nebo doplnila celou \u0159adu [&hellip;]<\/p>\n","protected":false},"author":1,"featured_media":0,"parent":0,"menu_order":0,"comment_status":"closed","ping_status":"closed","template":"","meta":[],"_links":{"self":[{"href":"http:\/\/bozppo-neu.cz\/index.php?rest_route=\/wp\/v2\/pages\/633"}],"collection":[{"href":"http:\/\/bozppo-neu.cz\/index.php?rest_route=\/wp\/v2\/pages"}],"about":[{"href":"http:\/\/bozppo-neu.cz\/index.php?rest_route=\/wp\/v2\/types\/page"}],"author":[{"embeddable":true,"href":"http:\/\/bozppo-neu.cz\/index.php?rest_route=\/wp\/v2\/users\/1"}],"replies":[{"embeddable":true,"href":"http:\/\/bozppo-neu.cz\/index.php?rest_route=%2Fwp%2Fv2%2Fcomments&post=633"}],"version-history":[{"count":8,"href":"http:\/\/bozppo-neu.cz\/index.php?rest_route=\/wp\/v2\/pages\/633\/revisions"}],"predecessor-version":[{"id":4936,"href":"http:\/\/bozppo-neu.cz\/index.php?rest_route=\/wp\/v2\/pages\/633\/revisions\/4936"}],"wp:attachment":[{"href":"http:\/\/bozppo-neu.cz\/index.php?rest_route=%2Fwp%2Fv2%2Fmedia&parent=633"}],"curies":[{"name":"wp","href":"https:\/\/api.w.org\/{rel}","templated":true}]}}