{"id":618,"date":"2017-01-06T22:03:52","date_gmt":"2017-01-06T21:03:52","guid":{"rendered":"http:\/\/bozppo-neu.cz\/?page_id=618"},"modified":"2023-03-16T13:25:09","modified_gmt":"2023-03-16T12:25:09","slug":"drobna-publikacni-cinnost","status":"publish","type":"page","link":"http:\/\/bozppo-neu.cz\/?page_id=618","title":{"rendered":"\u00daprava rozs\u00e1hlej\u0161\u00edch dokument\u016f"},"content":{"rendered":"<p>V\u00fdkon \u010dinnosti odborn\u011b zp\u016fsobil\u00e9 osoby k zaji\u0161\u0165ov\u00e1n\u00ed \u00fakol\u016f v prevenci rizik nebo v PO, p\u0159\u00edpadn\u011b technika PO, je z velk\u00e9 \u010d\u00e1sti administrativn\u00edho charakteru, nebo\u0165 zpracov\u00e1n\u00ed r\u016fzn\u00e9 dokumentace je velmi podstatnou \u010d\u00e1st\u00ed jejich povinnost\u00ed. \u00darove\u0148 jejich profesion\u00e1ln\u00edho v\u00fdkonu neovliv\u0148uje jen kvalita obsahu zpracovan\u00fdch dokument\u016f, ale t\u00e9\u017e i forma jejich zpracov\u00e1n\u00ed \u2013 form\u00e1ln\u00ed \u00faprava. Znalost pravidel form\u00e1ln\u00ed \u00fapravy dokument\u016f je tak p\u0159idanou hodnotou jejich kvalifikace.<\/p>\n<p>P\u0159i zpracov\u00e1n\u00ed rozs\u00e1hlej\u0161\u00edch dokument\u016f (zpr\u00e1vy, hl\u00e1\u0161en\u00ed, posudky apod.) by m\u011bla b\u00fdt dodr\u017eena z\u00e1kladn\u00ed typografick\u00e1 pravidla:<\/p>\n<ul>\n<li>na ka\u017ed\u00e9 str\u00e1nce mus\u00ed b\u00fdt stejn\u00fd po\u010det \u0159\u00e1dk\u016f (prvn\u00ed a posledn\u00ed \u0159\u00e1dky na jednotliv\u00fdch stran\u00e1ch mus\u00ed b\u00fdt z\u00e1rove\u0148, nikoliv nap\u0159\u00edklad v\u00a0d\u016fsledku vlo\u017een\u00e9ho obr\u00e1zku posunut\u00e9 o p\u016fl \u0159\u00e1dku), v\u00fdjimku mohou tvo\u0159it pouze prvn\u00ed str\u00e1nky kapitol,<\/li>\n<li>pokud na prvn\u00edch str\u00e1nk\u00e1ch jednotliv\u00fdch odd\u00edl\u016f (kapitol apod.) text za\u010d\u00edn\u00e1 z\u00e1m\u011brn\u011b n\u00ed\u017ee ne\u017e na dal\u0161\u00edch str\u00e1nk\u00e1ch, mus\u00ed b\u00fdt tyto odr\u00e1\u017eky na \u00favodn\u00edch str\u00e1nk\u00e1ch jednotliv\u00fdch odd\u00edl\u016f v\u00a0cel\u00e9m dokumentu stejn\u00e9,<\/li>\n<li>str\u00e1nka nesm\u00ed za\u010d\u00ednat posledn\u00ed \u0159\u00e1dkou odstavce,<\/li>\n<li>posledn\u00ed \u0159\u00e1dkou na str\u00e1nce nesm\u00ed b\u00fdt prvn\u00ed \u0159\u00e1dka odstavce,<\/li>\n<li>posledn\u00ed str\u00e1nka kapitoly nem\u00e1 obsahovat m\u00e9n\u011b ne\u017e p\u011bt \u0159\u00e1dk\u016f.<\/li>\n<\/ul>\n<p>P\u0159i form\u00e1tov\u00e1n\u00ed textu nesm\u00ed doj\u00edt k\u00a0tomu, aby mezislovn\u00ed mezery vytv\u00e1\u0159ily tzv. \u0159eku \u2013 mezislovn\u00ed mezery nad sebou vytv\u00e1\u0159\u00ed jak\u00e9si koryto \u0159eky p\u0159es n\u011bkolik \u0159\u00e1dk\u016f.<\/p>\n<p><img decoding=\"async\" loading=\"lazy\" class=\"alignright wp-image-2143\" src=\"http:\/\/bozppo-neu.cz\/wp-content\/uploads\/2017\/05\/madona.jpg\" alt=\"madona\" width=\"250\" height=\"482\" srcset=\"http:\/\/bozppo-neu.cz\/wp-content\/uploads\/2017\/05\/madona.jpg 1025w, http:\/\/bozppo-neu.cz\/wp-content\/uploads\/2017\/05\/madona-155x300.jpg 155w, http:\/\/bozppo-neu.cz\/wp-content\/uploads\/2017\/05\/madona-768x1482.jpg 768w, http:\/\/bozppo-neu.cz\/wp-content\/uploads\/2017\/05\/madona-531x1024.jpg 531w\" sizes=\"(max-width: 250px) 100vw, 250px\" \/>Tak\u00e9 pro um\u00edst\u011bn\u00ed obr\u00e1zk\u016f plat\u00ed ur\u010dit\u00e1 pravidla. P\u0159edev\u0161\u00edm hrany obr\u00e1zk\u016f nemaj\u00ed p\u0159esahovat \u0161\u00ed\u0159ku a v\u00fd\u0161ku textu, tedy ani \u010d\u00e1ste\u010dn\u011b nemaj\u00ed b\u00fdt mimo plochu textov\u00e9ho sloupce str\u00e1nky. Pokud je obr\u00e1zek u\u017e\u0161\u00ed ne\u017e text a je j\u00edm obt\u00e9k\u00e1n, umis\u0165uje se k\u00a0vn\u011bj\u0161\u00edmu okraji textu (tzn., \u017ee p\u0159i tisku pouze na jednu stranu pap\u00edru vpravo). M\u00e1-li v\u00fdjev na obr\u00e1zku n\u011bjak\u00e9 sm\u011brov\u00e1n\u00ed, nap\u0159\u00edklad bo\u010dn\u00ed pohled osoby, m\u00e1 b\u00fdt do str\u00e1nky. Nen\u00ed-li textem obt\u00e9k\u00e1n, umis\u0165uje se do horizont\u00e1ln\u00edho st\u0159edu textu. Je-li na str\u00e1nce v\u00edce obr\u00e1zk\u016f u\u017e\u0161\u00edch ne\u017e text, pokud je to mo\u017en\u00e9, umis\u0165uje se v\u011bt\u0161\u00ed obr\u00e1zek pod men\u0161\u00ed. Je-li obr\u00e1zek na celou \u0161\u00ed\u0159ku textu, umis\u0165uje se tak, aby nad n\u00edm byl men\u0161\u00ed po\u010det \u0159\u00e1dk\u016f ne\u017e pod n\u00edm. Celostr\u00e1nkov\u00e9 obr\u00e1zky orientovan\u00e9 p\u0159\u00ed\u010dn\u011b na \u0159\u00e1dky textu se v\u017edy umis\u0165uj\u00ed ho\u0159ej\u0161\u00edm okrajem na levou stranu a spodn\u00edm, p\u0159\u00edpadn\u011b popisem, na stranu pravou (bez ohledu na to, je-li prov\u00e1d\u011bn tisk dokumentu jen na jednu nebo na ob\u011b str\u00e1ny pap\u00edru).<\/p>\n<p>Pro um\u00edst\u011bn\u00ed a proveden\u00ed tabulek plat\u00ed, \u017ee v p\u0159\u00edpad\u011b pokra\u010duje-li tabulka na v\u00edce str\u00e1nk\u00e1ch, uv\u00e1d\u00ed se hlavi\u010dka v\u017edy znovu na ka\u017ed\u00e9 z\u00a0nich.<\/p>\n<h4>Zarovn\u00e1n\u00ed textu do odstavc\u016f<\/h4>\n<p>P\u0159i psan\u00ed textu je mo\u017en\u00e9 zvolit zarovn\u00e1n\u00ed odstavce do bloku (nutno pou\u017e\u00edvat rozd\u011blovac\u00ed znam\u00e9nko, aby nevznikaly \u0159eky), p\u0159\u00edpadn\u011b na lev\u00fd okraj. Prvn\u00ed \u0159\u00e1dek odstavce m\u016f\u017ee b\u00fdt zarovn\u00e1n na levou svislici odstavce nebo odra\u017een na\u00a0odstavcovou zar\u00e1\u017eku. Ta mus\u00ed b\u00fdt v cel\u00e9m dokumentu stejn\u011b velik\u00e1 (je vhodn\u00e9 volit v\u00a0\u0161\u00ed\u0159i jednoho a\u017e t\u0159\u00ed velk\u00fdch M). Posledn\u00ed \u0159\u00e1dek odstavce m\u00e1 b\u00fdt del\u0161\u00ed ne\u017e odstavcov\u00e1 zar\u00e1\u017eka prvn\u00edho \u0159\u00e1dku n\u00e1sleduj\u00edc\u00edho odstavce.<\/p>\n<p>Zarovn\u00e1n\u00ed na odstavcovou zar\u00e1\u017eku se v\u0161ak v\u00a0takto zarovn\u00e1van\u00e9m textu neprov\u00e1d\u00ed u\u00a0v\u0161ech jeho odstavc\u016f. Nezarovn\u00e1v\u00e1 se tak odstavec, kter\u00fd n\u00e1sleduje za\u00a0titulkem a odstavec po\u00a0mezititulku (d\u00edl\u010d\u00ed titulek v\u00a0pr\u016fb\u011bhu textu). V\u00a0t\u011bchto p\u0159\u00edpadech se prvn\u00ed \u0159\u00e1dek odstavce zarovn\u00e1v\u00e1 na\u00a0levou svislici odstavce. Ostatn\u00ed odstavce se zarovn\u00e1vaj\u00ed na\u00a0jednotnou odstavcovou zar\u00e1\u017eku.<\/p>\n<h4>N\u011bkter\u00e1 pravidla pro psan\u00ed textu<\/h4>\n<p>P\u0159i psan\u00ed textu je d\u016fle\u017eit\u00e9 d\u016fsledn\u011b dodr\u017eovat pou\u017e\u00edv\u00e1n\u00ed nep\u0159eru\u0161uj\u00edc\u00ed mezery u\u00a0jednoznakov\u00fdch p\u0159edlo\u017eek (k, K, s, S, v, V, z, Z, o, O) nebo spojek I a A (mal\u00e9 \u201ea\u201c m\u016f\u017ee na konci \u0159\u00e1dku z\u016fstat), mezi \u010d\u00edsly a m\u011brov\u00fdmi jednotkami, uvnit\u0159 \u010d\u00edsel, uvnit\u0159 zkr\u00e1cen\u00e9ho n\u00e1zvu (nap\u0159\u00edklad \u201etab.\u00a07\u201c) atd.<\/p>\n<p>Pro vyzna\u010den\u00ed uvozovek je nep\u0159ijateln\u00e9 pou\u017e\u00edt znak pro\u00a0palce (\u2033). Pro\u00a0psan\u00ed zna\u010dky stupe\u0148 (\u00b0) se pou\u017e\u00edv\u00e1 speci\u00e1ln\u00ed znak, nikoliv mal\u00e9 \u201eo\u201c zapsan\u00e9 jako exponent. Dvojte\u010dka ve vyj\u00e1d\u0159en\u00ed pom\u011bru se p\u00ed\u0161e odd\u011blen\u00e1 z\u00a0obou stran mezerami. Vhodn\u00e9 je pou\u017e\u00edt nep\u0159eru\u0161uj\u00edc\u00ed mezeru. P\u0159i psan\u00ed sportovn\u00edch v\u00fdsledk\u016f se v\u0161ak mezery nep\u00ed\u0161\u00ed.<\/p>\n<p>V\u00a0b\u011b\u017en\u00e9m textu, pokud to jde, se \u010d\u00edsla vypisuj\u00ed. V\u00edcecifern\u00e1 lze ps\u00e1t i pomoc\u00ed \u010d\u00edslic. D\u00e1le plat\u00ed, \u017ee v\u011bta by nem\u011bla za\u010d\u00ednat \u010d\u00edslic\u00ed. \u0158\u00edmsk\u00e9 \u010d\u00edslice se v\u00a0sestav\u00e1ch zarovn\u00e1vaj\u00ed podle prav\u00e9ho okraje nej\u0161ir\u0161\u00edho \u010d\u00edsla. \u010c\u00edsla maj\u00ed b\u00fdt vypisov\u00e1na cel\u00e1, nikoliv kombinov\u00e1na se slovy \u2013 nap\u0159\u00edklad 5\u00a0mil. U\u00a0pen\u011b\u017en\u00edch jednotek se zna\u010dka uv\u00e1d\u00ed za \u010d\u00edselnou hodnotu. V\u00fdjimku tvo\u0159\u00ed p\u0159\u00edpady, kdy je vyj\u00e1d\u0159ena hodnota s\u00a0desetinn\u00fdm \u010d\u00edslem. Vyj\u00e1d\u0159en\u00ed cel\u00e9 hodnoty s\u00a0poml\u010dkou je p\u0159\u00edpustn\u00e9 pouze u pen\u011b\u017en\u00edch jednotek. U\u00a0ostatn\u00edch se pou\u017eij\u00ed nuly. V\u00a0sestav\u00e1ch se \u010d\u00edsla \u0159ad\u00ed pod sebe podle \u0159\u00e1d\u016f. P\u0159\u00eddavn\u00e1 jm\u00e9na tvo\u0159en\u00e1 z\u00a0\u010d\u00edslovek se p\u00ed\u0161\u00ed bez spojovn\u00edku.<\/p>\n<p>Typografick\u00e1 pravidla p\u0159i \u010dlen\u011bn\u00ed text\u016f po\u017eaduj\u00ed ozna\u010den\u00ed nadpis\u016f na\u00a0jednotliv\u00fdch \u00farovn\u00edch v\u00a0tomto po\u0159ad\u00ed \u2013 \u0159\u00edmsk\u00e1 \u010d\u00edsla, velk\u00e1 p\u00edsmena, arabsk\u00e9 \u010d\u00edslice a mal\u00e1 p\u00edsmena abecedy. Pro ni\u017e\u0161\u00ed stupn\u011b je mo\u017en\u00e9 pou\u017e\u00edt poml\u010dky, p\u0159\u00edpadn\u011b jin\u00e9 znaky. Pravidla umo\u017e\u0148uj\u00ed vyu\u017e\u00edt i desetinn\u00e9 t\u0159\u00edd\u011bn\u00ed (1.1, 1.2, 1.2.1, 1.3 atd.). To se v praxi vyu\u017e\u00edv\u00e1 \u010dast\u011bji, nebo\u0165 uspo\u0159\u00e1d\u00e1n\u00ed textu je tak v\u00edce p\u0159ehledn\u00e9 a l\u00e9pe se odkazuje na jednotliv\u00e9 \u010d\u00e1sti.<\/p>\n<p>V\u00a0\u00faprav\u011b v\u00fd\u010dt\u016f plat\u00ed dv\u011b mo\u017enosti. Pokud se jedn\u00e1 o nev\u011btn\u00e9 polo\u017eky, p\u00ed\u0161\u00ed se s\u00a0mal\u00fdm po\u010d\u00e1te\u010dn\u00edm p\u00edsmenem a odd\u011bluj\u00ed se \u010d\u00e1rkou. Za posledn\u00ed se p\u00ed\u0161e te\u010dka. V\u00a0p\u0159\u00edpad\u011b, \u017ee jednotliv\u00e9 polo\u017eky tvo\u0159\u00ed v\u011bty, p\u00ed\u0161\u00ed se s\u00a0velk\u00fdm po\u010d\u00e1te\u010dn\u00edm p\u00edsmenem a s\u00a0te\u010dkou na konci v\u00a0ka\u017ed\u00e9 jednotliv\u00e9 polo\u017ece.<\/p>\n<p>Pokud v r\u00e1mci zpracovan\u00e9ho dokumentu bylo citov\u00e1no z jin\u00fdch zdroj\u016f, nem\u011blo by se zapomenout na uveden\u00ed <a href=\"http:\/\/bozppo-neu.cz\/?page_id=609\">bibliografick\u00fdch citac\u00ed<\/a>.<\/p>\n<p>Tolik jen to nejz\u00e1kladn\u011bj\u0161\u00ed z pravidel pro form\u00e1ln\u00ed \u00fapravu text\u016f. Dal\u0161\u00ed, nap\u0159\u00edklad pro psan\u00ed dopis\u016f, e-mail\u016f, pro tvorbu tabulek, m\u016f\u017eete nal\u00e9zt v \u010cSN 01 6910:2014 \u00daprava dokument\u016f zpracovan\u00fdch textov\u00fdmi procesory. Tak\u00e9 v n\u00ed naleznete informace k p\u0159\u00edprav\u011b text\u016f pro dal\u0161\u00ed zpracov\u00e1n\u00ed v grafick\u00e9m pr\u016fmyslu, nakladatelstv\u00edm a vydavatelstv\u00edch.<\/p>\n<p style=\"text-align: right;\">2017-01-31<\/p>\n<p style=\"text-align: center;\">\n","protected":false},"excerpt":{"rendered":"<p>V\u00fdkon \u010dinnosti odborn\u011b zp\u016fsobil\u00e9 osoby k zaji\u0161\u0165ov\u00e1n\u00ed \u00fakol\u016f v prevenci rizik nebo v PO, p\u0159\u00edpadn\u011b technika PO, je z velk\u00e9 \u010d\u00e1sti administrativn\u00edho charakteru, nebo\u0165 zpracov\u00e1n\u00ed r\u016fzn\u00e9 dokumentace je velmi podstatnou \u010d\u00e1st\u00ed jejich povinnost\u00ed. \u00darove\u0148 jejich profesion\u00e1ln\u00edho v\u00fdkonu neovliv\u0148uje jen kvalita obsahu zpracovan\u00fdch dokument\u016f, ale t\u00e9\u017e i forma jejich zpracov\u00e1n\u00ed \u2013 form\u00e1ln\u00ed \u00faprava. Znalost pravidel form\u00e1ln\u00ed [&hellip;]<\/p>\n","protected":false},"author":1,"featured_media":0,"parent":0,"menu_order":0,"comment_status":"closed","ping_status":"closed","template":"","meta":[],"_links":{"self":[{"href":"http:\/\/bozppo-neu.cz\/index.php?rest_route=\/wp\/v2\/pages\/618"}],"collection":[{"href":"http:\/\/bozppo-neu.cz\/index.php?rest_route=\/wp\/v2\/pages"}],"about":[{"href":"http:\/\/bozppo-neu.cz\/index.php?rest_route=\/wp\/v2\/types\/page"}],"author":[{"embeddable":true,"href":"http:\/\/bozppo-neu.cz\/index.php?rest_route=\/wp\/v2\/users\/1"}],"replies":[{"embeddable":true,"href":"http:\/\/bozppo-neu.cz\/index.php?rest_route=%2Fwp%2Fv2%2Fcomments&post=618"}],"version-history":[{"count":22,"href":"http:\/\/bozppo-neu.cz\/index.php?rest_route=\/wp\/v2\/pages\/618\/revisions"}],"predecessor-version":[{"id":5000,"href":"http:\/\/bozppo-neu.cz\/index.php?rest_route=\/wp\/v2\/pages\/618\/revisions\/5000"}],"wp:attachment":[{"href":"http:\/\/bozppo-neu.cz\/index.php?rest_route=%2Fwp%2Fv2%2Fmedia&parent=618"}],"curies":[{"name":"wp","href":"https:\/\/api.w.org\/{rel}","templated":true}]}}