{"id":600,"date":"2017-01-06T19:55:49","date_gmt":"2017-01-06T18:55:49","guid":{"rendered":"http:\/\/bozppo-neu.cz\/?page_id=600"},"modified":"2023-03-23T14:00:02","modified_gmt":"2023-03-23T13:00:02","slug":"odpovednost-odborne-zpusobile-osoby-k-zajistovani-ukolu-v-prevenci-rizik","status":"publish","type":"page","link":"http:\/\/bozppo-neu.cz\/?page_id=600","title":{"rendered":"Odpov\u011bdnost odborn\u011b zp\u016fsobil\u00e9 osoby k zaji\u0161\u0165ov\u00e1n\u00ed \u00fakol\u016f v prevenci rizik"},"content":{"rendered":"<p>Odborn\u011b zp\u016fsobil\u00e1 osoba k&nbsp;zaji\u0161\u0165ov\u00e1n\u00ed \u00fakol\u016f v&nbsp;prevenci rizik, pokud svou \u010dinnost prov\u00e1d\u00ed v&nbsp;pracovn\u011bpr\u00e1vn\u00edm vztahu, nese obecnou odpov\u011bdnost za \u0161kodu zp\u016fsobenou zam\u011bstnavateli ve smyslu \u00a7&nbsp;250 (n\u00e1hrada \u0161kody z&nbsp;nedbalosti maxim\u00e1ln\u011b do \u010dty\u0159ap\u016fln\u00e1sobku pr\u016fm\u011brn\u00e9ho m\u011bs\u00ed\u010dn\u00edho v\u00fdd\u011blku) a paragraf\u016f n\u00e1sleduj\u00edc\u00edch z\u00e1kon\u00edku pr\u00e1ce (na zam\u011bstnanci, kter\u00fd v\u011bdom\u011b neupozornil nad\u0159\u00edzen\u00e9ho vedouc\u00edho zam\u011bstnance na \u0161kodu hroz\u00edc\u00ed zam\u011bstnavateli nebo nezakro\u010dil proti hroz\u00edc\u00ed \u0161kod\u011b, a\u010dkoliv by t\u00edm bylo zabr\u00e1n\u011bno bezprost\u0159edn\u00edmu vzniku \u0161kody, m\u016f\u017ee zam\u011bstnavatel po\u017eadovat, aby se pod\u00edlel na n\u00e1hrad\u011b \u0161kody, kter\u00e1 byla zam\u011bstnavateli zp\u016fsobena, a to v&nbsp;rozsahu p\u0159im\u011b\u0159en\u00e9m okolnostem p\u0159\u00edpadu, pokud j\u00ed nen\u00ed mo\u017en\u00e9 nahradit jinak \u2013 \u00a7 251 odst. 1 z\u00e1kon\u00edku pr\u00e1ce [v\u00fd\u0161e n\u00e1hrady \u0161kody v&nbsp;tomto p\u0159\u00edpad\u011b nesm\u00ed p\u0159es\u00e1hnout \u010d\u00e1stku rovnaj\u00edc\u00ed se trojn\u00e1sobku pr\u016fm\u011brn\u00e9ho m\u011bs\u00ed\u010dn\u00edho v\u00fdd\u011blku \u2013 \u00a7 258 z\u00e1kon\u00edku pr\u00e1ce]).<\/p>\n<p>Pokud m\u00e1 odborn\u011b zp\u016fsobil\u00e1 osoba se zam\u011bstnavatelem uzav\u0159en\u00fd obchodn\u00ed vztah, bude v\u016f\u010di zam\u011bstnavateli odpov\u011bdn\u00e1 za jemu vzniklou \u0161kodu v&nbsp;d\u016fsledku v\u00fdkonu sjednan\u00fdch slu\u017eeb podle ob\u010dansk\u00e9ho z\u00e1kon\u00edku. Nikoliv v\u0161ak za \u0161kodu, ke kter\u00e9 do\u0161lo v d\u016fsledku \u00farovn\u011b zaji\u0161t\u011bn\u00ed BOZP na jeho pracovi\u0161t\u00edch.<\/p>\n<p>Odborn\u011b zp\u016fsobil\u00e1 osoba k&nbsp;zaji\u0161\u0165ov\u00e1n\u00ed \u00fakol\u016f v prevenci rizik je v\u017edy (pracovn\u011bpr\u00e1vn\u00ed \u010di obchodn\u00ed vztah) odpov\u011bdn\u00e1 za pln\u011bn\u00ed sv\u00fdch sjednan\u00fdch povinnost\u00ed v\u016f\u010di zam\u011bstnavateli, nikoliv za vlastn\u00ed pln\u011bn\u00ed \u00fakol\u016f BOZP ve firm\u011b nebo spole\u010dnosti. Je to logick\u00e9, nebo\u0165 nem\u00e1 pravomoc \u0159\u00eddit BOZP ve firm\u011b nebo spole\u010dnosti (obecn\u011b nem\u00e1 pr\u00e1vo \u017e\u00e1dn\u00e9mu zam\u011bstnanci cokoliv na\u0159\u00eddit nebo mu n\u011bco zak\u00e1zat[!], a to bez ohledu na to, je-li zam\u011bstnancem nebo \u201eexternistou\u201c). Tedy nem\u016f\u017ee b\u00fdt ani za to odpov\u011bdn\u00e1. Zde je velice d\u016fle\u017eit\u00fd obsah vz\u00e1jemn\u00fdch smluv, v\u010detn\u011b n\u00e1pln\u011b pr\u00e1ce, a t\u00e9\u017e i sm\u011brnice BOZP nebo obdobn\u00e9ho dokumentu, v&nbsp;kter\u00e9m jsou up\u0159esn\u011bny \u00fakoly odborn\u011b zp\u016fsobil\u00e9 osoby p\u0159i zaji\u0161t\u011bn\u00ed BOZP u zam\u011bstnavatele.<\/p>\n<p>V&nbsp;praxi to znamen\u00e1, \u017ee pokud odborn\u011b zp\u016fsobil\u00e1 osoba prokazateln\u011b zam\u011bstnavatele, resp. p\u0159\u00edslu\u0161n\u00e9ho vedouc\u00edho zam\u011bstnance, informovala o nepln\u011bn\u00ed n\u011bkter\u00e9ho po\u017eadavku BOZP, ten nesjednal n\u00e1pravu a v&nbsp;d\u016fsledku nepln\u011bn\u00ed tohoto po\u017eadavku do\u0161lo k&nbsp;smrteln\u00e9mu pracovn\u00edmu \u00farazu n\u011bkter\u00e9ho ze zam\u011bstnanc\u016f, za tento \u00faraz je prim\u00e1rn\u011b odpov\u011bdn\u00fd vedouc\u00ed zam\u011bstnanec pracovi\u0161t\u011b (na z\u00e1klad\u011b \u0161et\u0159en\u00ed m\u016f\u017ee b\u00fdt shled\u00e1na odpov\u011bdnost jin\u00e9 osoby). Takto zam\u011bstnavateli vznikl\u00e1 \u0161koda nem\u016f\u017ee b\u00fdt d\u00e1na k&nbsp;\u00fahrad\u011b odborn\u011b zp\u016fsobil\u00e9 osob\u011b, nebo\u0165 ta svou povinnost splnila.<\/p>\n<p>Obdobn\u011b to plat\u00ed i v&nbsp;p\u0159\u00edpad\u011b ud\u011blen\u00ed pokuty zam\u011bstnavateli <a href=\"http:\/\/www.suip.cz\/\">oblastn\u00edm inspektor\u00e1tem pr\u00e1ce<\/a> nebo jin\u00fdm kontroln\u00edm org\u00e1nem dozoruj\u00edc\u00edm zaji\u0161t\u011bn\u00ed BOZP za nedostatek v oblasti vlastn\u00edho v\u00fdkonu zaji\u0161t\u011bn\u00ed BOZP na pracovi\u0161ti (oblasti, za kterou <a href=\"http:\/\/bozppo-neu.cz\/?page_id=586\">je odpov\u011bdn\u00fd vedouc\u00ed zam\u011bstnanec<\/a>).<\/p>\n<p>Jin\u00e9 to v\u0161ak m\u016f\u017ee b\u00fdt v p\u0159\u00edpad\u011b, jedn\u00e1-li se o nedostatek v oblasti, kter\u00fd vznikl v d\u016fsledku v\u00fdkonu sjednan\u00e9 pr\u00e1ce, nap\u0159\u00edklad v d\u016fsledku nedostate\u010dn\u011b zpracovan\u00e9ho n\u00e1vrhu seznamu poskytovan\u00fdch <a href=\"http:\/\/bozppo-neu.cz\/?page_id=998\">osobn\u00edch ochrann\u00fdch pracovn\u00edch prost\u0159edk\u016f<\/a> (chyb\u011bj\u00edc\u00ed prost\u0159edek nutn\u00fd pro ochranu p\u0159i v\u00fdkonu n\u011bkter\u00e9 prov\u00e1d\u011bn\u00e9 pr\u00e1ce), jen\u017e byl d\u016fvodem pro vznik pracovn\u00edho \u00farazu. V tomto p\u0159\u00edpad\u011b zam\u011bstnavatel m\u016f\u017ee&nbsp;po odborn\u011b zp\u016fsobil\u00e9 osob\u011b&nbsp;po\u017eadovat n\u00e1hradu jemu vznikl\u00e9 \u0161kody, kterou nekryje pojistka, av\u0161ak pouze v p\u0159\u00edpad\u011b,&nbsp;\u017ee j\u00ed&nbsp;poskytl &#8222;dokumentaci a informace o v\u0161ech skute\u010dnostech a okolnostech, o nich\u017e je mu zn\u00e1mo, \u017ee maj\u00ed nebo by mohly m\u00edt vliv na bezpe\u010dnost zam\u011bstnanc\u016f nebo v\u00e9st k po\u0161kozen\u00ed jejich zdrav\u00ed&#8220; [\u00a7 9 odst. 4 p\u00edsm. c) z\u00e1kona \u010d. 309\/2006 Sb., ve zn\u011bn\u00ed pozd\u011bj\u0161\u00edch p\u0159edpis\u016f].<\/p>\n<p>Pro odborn\u011b zp\u016fsobilou osobu je velice d\u016fle\u017eit\u00e9, aby si o sv\u00e9 \u010dinnosti u zam\u011bstnavatele vedla pr\u016fkaznou dokumentaci, nap\u0159\u00edklad o vypo\u0159\u00e1d\u00e1n\u00ed p\u0159ipom\u00ednek k n\u00e1vrh\u016fm j\u00ed zpracovan\u00fdch intern\u00edch p\u0159edpis\u016f zam\u011bstnavatele. Pokud by ve v\u00fd\u0161e uveden\u00e9m p\u0159\u00edpad\u011b do n\u00e1vrhu seznamu poskytovan\u00fdch OOPP chyb\u011bj\u00edc\u00ed prost\u0159edek uvedla a v r\u00e1mci p\u0159ipom\u00ednkov\u00e9ho \u0159\u00edzen\u00ed ve spole\u010dnosti ten byl z n\u011bjak\u00e9ho d\u016fvodu vypu\u0161t\u011bn, nem\u016f\u017ee zam\u011bstnavatel po n\u00ed po\u017eadovat n\u00e1hradu.<\/p>\n<p>Odborn\u011b zp\u016fsobil\u00e1 osoba je, krom\u011b ji\u017e uveden\u00e9ho upozorn\u011bn\u00ed na z\u00e1vady v&nbsp;oblasti BOZP, t\u00e9\u017e odpov\u011bdna za pln\u011bn\u00ed \u00fakol\u016f v&nbsp;rozsahu stanoven\u00e9m v&nbsp;jej\u00ed n\u00e1plni pr\u00e1ce nebo smlouv\u011b. P\u0159edev\u0161\u00edm se m\u016f\u017ee jednat o metodick\u00e9 \u0159\u00edzen\u00ed a odbornou pomoc vedouc\u00edm zam\u011bstnanc\u016fm, prov\u00e1d\u011bn\u00ed kontrol zaji\u0161t\u011bn\u00ed BOZP na pracovi\u0161t\u00edch, evidenci pracovn\u00edch \u00faraz\u016f a nemoc\u00ed z&nbsp;povol\u00e1n\u00ed, zpracov\u00e1n\u00ed n\u00e1vrh\u016f \u0159\u00edd\u00edc\u00ed dokumentace BOZP.<\/p>\n<p>Zam\u011bstnavateli, tedy vedouc\u00edmu zam\u011bstnanci (viz \u00a7 101 odst. 2 z\u00e1kon\u00edku pr\u00e1ce),&nbsp;z \u00a7 9 z\u00e1kona \u010d. 309\/2006 Sb. vypl\u00fdv\u00e1 povinnost odborn\u011b zp\u016fsobil\u00e9 osob\u011b poskytnout pot\u0159ebnou sou\u010dinnost a v paragrafu uvedenou dokumentaci. Pokud m\u00e1 odborn\u011b zp\u016fsobil\u00e1 osoba odv\u00e1d\u011bt pro zam\u011bstnavatele pr\u00e1ci na profesion\u00e1ln\u00ed \u00farovni, mus\u00ed v&nbsp;prv\u00e9 \u0159ad\u011b zam\u011bstnavatel pro ni vytvo\u0159it pot\u0159ebn\u00e9 podm\u00ednky.<\/p>\n<p>V&nbsp;souvislosti s&nbsp;odpov\u011bdnost\u00ed odborn\u011b zp\u016fsobil\u00e9 osoby k&nbsp;zaji\u0161\u0165ov\u00e1n\u00ed \u00fakol\u016f v&nbsp;prevenci rizik je nutn\u00e9 je\u0161t\u011b zm\u00ednit ustanoven\u00ed \u00a7 2950 ob\u010dansk\u00e9ho z\u00e1kon\u00edku. Toto ustanoven\u00ed, je\u017e \u0159e\u0161\u00ed \u0161kodu zp\u016fsobenou informac\u00ed nebo radou, se nevztahuje na \u010dinnost odborn\u011b zp\u016fsobil\u00e9 osoby v&nbsp;zam\u011bstnaneck\u00e9m pom\u011bru (tam plat\u00ed v\u00fd\u0161e uveden\u00e9, nebo\u0165 z\u00e1kon\u00edk pr\u00e1ce je ve vztahu k&nbsp;ob\u010dansk\u00e9mu z\u00e1kon\u00edku z\u00e1konem speci\u00e1ln\u00edm). V&nbsp;ostatn\u00edch p\u0159\u00edpadech v\u00fdkonu \u010dinnosti plat\u00ed: \u201eKdo se hl\u00e1s\u00ed jako p\u0159\u00edslu\u0161n\u00edk ur\u010dit\u00e9ho stavu nebo povol\u00e1n\u00ed k&nbsp;odborn\u00e9mu v\u00fdkonu nebo jinak vystupuje jako odborn\u00edk, nahrad\u00ed \u0161kodu, zp\u016fsob\u00ed-li ji ne\u00faplnou nebo nespr\u00e1vnou informac\u00ed nebo \u0161kodlivou radou danou za odm\u011bnu v&nbsp;z\u00e1le\u017eitosti sv\u00e9ho v\u011bd\u011bn\u00ed nebo dovednosti. Jinak se hrad\u00ed jen \u0161koda, kterou n\u011bkdo informac\u00ed nebo radou zp\u016fsobil v\u011bdom\u011b\u201c. Plat\u00ed tedy domn\u011bnka, \u017ee \u0161koda byla odborn\u00edkem zavin\u011bna z&nbsp;nedbalosti. Tuto domn\u011bnku m\u016f\u017ee vyvr\u00e1tit t\u00edm, \u017ee prok\u00e1\u017ee, \u017ee nejednal nedbale.<\/p>\n<p>Nen\u00ed tedy pravdou, \u017ee odborn\u011b zp\u016fsobil\u00e1 osoba k&nbsp;zaji\u0161\u0165ov\u00e1n\u00ed \u00fakol\u016f v&nbsp;prevenci rizik nen\u00ed za nic odpov\u011bdn\u00e1. Tak\u00e9 nen\u00ed pravdou, \u017ee zam\u011bstnavatel, pota\u017emo vedouc\u00ed zam\u011bstnanec, zaji\u0161t\u011bn\u00edm si t\u00e9to osoby na ni p\u0159ev\u00e1d\u00ed <a href=\"http:\/\/bozppo-neu.cz\/?page_id=586\">svou z\u00e1konnou odpov\u011bdnost<\/a> za zaji\u0161t\u011bn\u00ed BOZP. Oba maj\u00ed sv\u016fj d\u00edl odpov\u011bdnosti za zaji\u0161t\u011bn\u00ed BOZP na pracovi\u0161t\u00edch zam\u011bstnavatele, ale ka\u017ed\u00fd z&nbsp;nich v&nbsp;jin\u00e9 rovin\u011b.<\/p>\n<p style=\"text-align: right;\">2017-01-24<\/p>\n\n\n<pre class=\"wp-block-code\"><code><p align=\"center\"><a href=\"http:\/\/bozppo-neu.cz\/?page_id=739\"><img decoding=\"async\" loading=\"lazy\" src=\"http:\/\/bozppo-neu.cz\/img\/menubutton.jpg\" alt=\"o uroven vyse\" width=\"50\" height=\"72\"><\/a><\/p><\/code><\/pre>\n","protected":false},"excerpt":{"rendered":"<p>Odborn\u011b zp\u016fsobil\u00e1 osoba k&nbsp;zaji\u0161\u0165ov\u00e1n\u00ed \u00fakol\u016f v&nbsp;prevenci rizik, pokud svou \u010dinnost prov\u00e1d\u00ed v&nbsp;pracovn\u011bpr\u00e1vn\u00edm vztahu, nese obecnou odpov\u011bdnost za \u0161kodu zp\u016fsobenou zam\u011bstnavateli ve smyslu \u00a7&nbsp;250 (n\u00e1hrada \u0161kody z&nbsp;nedbalosti maxim\u00e1ln\u011b do \u010dty\u0159ap\u016fln\u00e1sobku pr\u016fm\u011brn\u00e9ho m\u011bs\u00ed\u010dn\u00edho v\u00fdd\u011blku) a paragraf\u016f n\u00e1sleduj\u00edc\u00edch z\u00e1kon\u00edku pr\u00e1ce (na zam\u011bstnanci, kter\u00fd v\u011bdom\u011b neupozornil nad\u0159\u00edzen\u00e9ho vedouc\u00edho zam\u011bstnance na \u0161kodu hroz\u00edc\u00ed zam\u011bstnavateli nebo nezakro\u010dil proti hroz\u00edc\u00ed \u0161kod\u011b, a\u010dkoliv [&hellip;]<\/p>\n","protected":false},"author":1,"featured_media":0,"parent":0,"menu_order":0,"comment_status":"closed","ping_status":"closed","template":"","meta":[],"_links":{"self":[{"href":"http:\/\/bozppo-neu.cz\/index.php?rest_route=\/wp\/v2\/pages\/600"}],"collection":[{"href":"http:\/\/bozppo-neu.cz\/index.php?rest_route=\/wp\/v2\/pages"}],"about":[{"href":"http:\/\/bozppo-neu.cz\/index.php?rest_route=\/wp\/v2\/types\/page"}],"author":[{"embeddable":true,"href":"http:\/\/bozppo-neu.cz\/index.php?rest_route=\/wp\/v2\/users\/1"}],"replies":[{"embeddable":true,"href":"http:\/\/bozppo-neu.cz\/index.php?rest_route=%2Fwp%2Fv2%2Fcomments&post=600"}],"version-history":[{"count":11,"href":"http:\/\/bozppo-neu.cz\/index.php?rest_route=\/wp\/v2\/pages\/600\/revisions"}],"predecessor-version":[{"id":5167,"href":"http:\/\/bozppo-neu.cz\/index.php?rest_route=\/wp\/v2\/pages\/600\/revisions\/5167"}],"wp:attachment":[{"href":"http:\/\/bozppo-neu.cz\/index.php?rest_route=%2Fwp%2Fv2%2Fmedia&parent=600"}],"curies":[{"name":"wp","href":"https:\/\/api.w.org\/{rel}","templated":true}]}}