{"id":5507,"date":"2023-04-09T13:06:19","date_gmt":"2023-04-09T11:06:19","guid":{"rendered":"http:\/\/bozppo-neu.cz\/?page_id=5507"},"modified":"2023-04-09T13:16:45","modified_gmt":"2023-04-09T11:16:45","slug":"vztah-mezi-rizenim-zajistovani-bozp-a-systemem-managementu-bozp","status":"publish","type":"page","link":"http:\/\/bozppo-neu.cz\/?page_id=5507","title":{"rendered":"Vztah mezi \u0159\u00edzen\u00edm zaji\u0161\u0165ov\u00e1n\u00ed BOZP a syst\u00e9mem managementu BOZP"},"content":{"rendered":"\n<p>Je nutn\u00e9 rozli\u0161ovat \u0159\u00edzen\u00ed BOZP a zaji\u0161\u0165ov\u00e1n\u00ed BOZP, tedy \u0159\u00edzen\u00ed a v\u00fdkon. Jedn\u00e1 se o dv\u011b samostatn\u00e9 oblasti, kter\u00e9 se sice prol\u00ednaj\u00ed (jedn\u00e1 se o \u201espojen\u00e9 n\u00e1doby\u201c), av\u0161ak p\u0159itom je nutn\u00e9 je d\u016fsledn\u011b roz\u00adli\u0161ovat, nebo\u0165 je v&nbsp;\u017e\u00e1dn\u00e9m p\u0159\u00edpad\u011b nelze zam\u011b\u0148ovat.<\/p>\n\n\n\n<p>Ka\u017ed\u00fd zam\u011bstnavatel je na z\u00e1klad\u011b po\u017eadavku z\u00e1kon\u00edku pr\u00e1ce povinen vytvo\u0159it si sv\u016fj vlastn\u00ed syst\u00e9m \u0159\u00edzen\u00ed BOZP (organizaci BOZP) k realizaci&nbsp;po\u017eadavk\u016f na zaji\u0161t\u011bn\u00ed BOZP na jednotliv\u00fdch pracovi\u0161t\u00edch, nap\u0159. pro v\u00fddej osobn\u00edch ochrann\u00fdch pracovn\u00edch prost\u0159edk\u016f (OOPP) zam\u011bstnanc\u016fm, pro prov\u00e1d\u011bn\u00ed pracovn\u011bl\u00e9ka\u0159sk\u00fdch prohl\u00eddek zam\u011bst\u00adnan\u00adc\u016f. Vytv\u00e1\u0159\u00ed se pomoc\u00ed pravidel, kter\u00e1 si obvykle zam\u011bstnavatel stanov\u00ed ve sm\u011brnici, \u010di v&nbsp;jin\u00e9m sv\u00e9m \u0159\u00eddic\u00edm dokumentu. Tento syst\u00e9m mu garantuje ur\u010ditou \u00farove\u0148 \u0159\u00edzen\u00ed BOZP, kter\u00e1 je u n\u011bj nutn\u00e1 pro pln\u011bn\u00ed po\u017eadavk\u016f na zaji\u0161\u0165ov\u00e1n\u00ed BOZP.<\/p>\n\n\n\n<p>Nav\u00edc, si dobrovoln\u011b m\u016f\u017ee zvolit standardizovan\u00fd syst\u00e9m managementu BOZP, kter\u00fd mu zaru\u010d\u00ed vy\u0161\u0161\u00ed \u00farove\u0148 \u0159\u00edzen\u00ed BOZP. Z\u00e1rove\u0148, v\u0161ak klade vy\u0161\u0161\u00ed n\u00e1roky na jeho zaveden\u00ed, a p\u0159edev\u0161\u00edm na jeho n\u00e1sledn\u00e9 udr\u017eov\u00e1n\u00ed a trval\u00e9 zlep\u0161ov\u00e1n\u00ed.<\/p>\n\n\n\n<p>Mezi standardizovan\u00e9 syst\u00e9my p\u0159edev\u0161\u00edm pat\u0159\u00ed mezin\u00e1rodn\u011b uzn\u00e1van\u00e1 norma ISO 45001, \u010desk\u00fd n\u00e1rodn\u00ed program \u201eBezpe\u010dn\u00fd podnik\u201c a Metodick\u00e9 n\u00e1vody pro syst\u00e9m \u0159\u00edzen\u00ed BOZP ILO-OSH 2001 vydan\u00e9 Mezin\u00e1rodn\u00ed organizac\u00ed pr\u00e1ce, kter\u00e9 jsou mezin\u00e1rodn\u00edm vzorem kompatibiln\u00edm s&nbsp;jin\u00fdmi norma\u00admi a n\u00e1vody pro syst\u00e9my \u0159\u00edzen\u00ed BOZP.<\/p>\n\n\n\n<p>Zaji\u0161\u0165ov\u00e1n\u00ed BOZP mus\u00ed b\u00fdt \u0159\u00edzeno. Nav\u00edc k&nbsp;\u0159\u00edzen\u00ed m\u016f\u017ee b\u00fdt vyu\u017eit syst\u00e9m managementu BOZP, kter\u00fd <strong>dopl\u0148uje<\/strong> \u0159\u00edzen\u00ed zaji\u0161\u0165ov\u00e1n\u00ed BOZP. Vztah mezi \u0159\u00edzen\u00edm zaji\u0161\u0165ov\u00e1n\u00ed BOZP a syst\u00e9mem managementu BOZP n\u00e1zorn\u011b objas\u0148uje obr\u00e1zek.<\/p>\n\n\n<div class=\"wp-block-image\">\n<figure class=\"aligncenter size-large is-resized\"><img decoding=\"async\" src=\"http:\/\/bozppo-neu.cz\/wp-content\/uploads\/2023\/04\/SCHEMA-1024x596.jpg\" alt=\"\" class=\"wp-image-5508\" width=\"700\" srcset=\"http:\/\/bozppo-neu.cz\/wp-content\/uploads\/2023\/04\/SCHEMA-1024x596.jpg 1024w, http:\/\/bozppo-neu.cz\/wp-content\/uploads\/2023\/04\/SCHEMA-300x175.jpg 300w, http:\/\/bozppo-neu.cz\/wp-content\/uploads\/2023\/04\/SCHEMA-768x447.jpg 768w, http:\/\/bozppo-neu.cz\/wp-content\/uploads\/2023\/04\/SCHEMA-1536x894.jpg 1536w, http:\/\/bozppo-neu.cz\/wp-content\/uploads\/2023\/04\/SCHEMA.jpg 1682w\" sizes=\"(max-width: 1024px) 100vw, 1024px\" \/><\/figure><\/div>\n\n\n<p><\/p>\n\n\n\n<pre class=\"wp-block-code\"><code><p align=\"center\"><a href=\"http:\/\/bozppo-neu.cz\/?page_id=873\"><img decoding=\"async\" loading=\"lazy\" src=\"http:\/\/bozppo-neu.cz\/img\/menubutton.jpg\" alt=\"o uroven vyse\" width=\"50\" height=\"72\"><\/a><\/p><\/code><\/pre>\n","protected":false},"excerpt":{"rendered":"<p>Je nutn\u00e9 rozli\u0161ovat \u0159\u00edzen\u00ed BOZP a zaji\u0161\u0165ov\u00e1n\u00ed BOZP, tedy \u0159\u00edzen\u00ed a v\u00fdkon. Jedn\u00e1 se o dv\u011b samostatn\u00e9 oblasti, kter\u00e9 se sice prol\u00ednaj\u00ed (jedn\u00e1 se o \u201espojen\u00e9 n\u00e1doby\u201c), av\u0161ak p\u0159itom je nutn\u00e9 je d\u016fsledn\u011b roz\u00adli\u0161ovat, nebo\u0165 je v&nbsp;\u017e\u00e1dn\u00e9m p\u0159\u00edpad\u011b nelze zam\u011b\u0148ovat. Ka\u017ed\u00fd zam\u011bstnavatel je na z\u00e1klad\u011b po\u017eadavku z\u00e1kon\u00edku pr\u00e1ce povinen vytvo\u0159it si sv\u016fj vlastn\u00ed syst\u00e9m \u0159\u00edzen\u00ed [&hellip;]<\/p>\n","protected":false},"author":1,"featured_media":0,"parent":0,"menu_order":0,"comment_status":"closed","ping_status":"closed","template":"","meta":[],"_links":{"self":[{"href":"http:\/\/bozppo-neu.cz\/index.php?rest_route=\/wp\/v2\/pages\/5507"}],"collection":[{"href":"http:\/\/bozppo-neu.cz\/index.php?rest_route=\/wp\/v2\/pages"}],"about":[{"href":"http:\/\/bozppo-neu.cz\/index.php?rest_route=\/wp\/v2\/types\/page"}],"author":[{"embeddable":true,"href":"http:\/\/bozppo-neu.cz\/index.php?rest_route=\/wp\/v2\/users\/1"}],"replies":[{"embeddable":true,"href":"http:\/\/bozppo-neu.cz\/index.php?rest_route=%2Fwp%2Fv2%2Fcomments&post=5507"}],"version-history":[{"count":6,"href":"http:\/\/bozppo-neu.cz\/index.php?rest_route=\/wp\/v2\/pages\/5507\/revisions"}],"predecessor-version":[{"id":5516,"href":"http:\/\/bozppo-neu.cz\/index.php?rest_route=\/wp\/v2\/pages\/5507\/revisions\/5516"}],"wp:attachment":[{"href":"http:\/\/bozppo-neu.cz\/index.php?rest_route=%2Fwp%2Fv2%2Fmedia&parent=5507"}],"curies":[{"name":"wp","href":"https:\/\/api.w.org\/{rel}","templated":true}]}}