{"id":5482,"date":"2023-04-09T11:33:57","date_gmt":"2023-04-09T09:33:57","guid":{"rendered":"http:\/\/bozppo-neu.cz\/?page_id=5482"},"modified":"2023-04-09T11:39:13","modified_gmt":"2023-04-09T09:39:13","slug":"muze-bezpecak-vykonivat-funkci-interniho-auditora-bozp","status":"publish","type":"page","link":"http:\/\/bozppo-neu.cz\/?page_id=5482","title":{"rendered":"M\u016f\u017ee &#8222;bezpe\u010d\u00e1k&#8220; vykon\u00edvat funkci intern\u00edho auditora BOZP?"},"content":{"rendered":"\n<p>Bez roz\u0161\u00ed\u0159en\u00ed kvalifikace by tzv. bezpe\u010d\u00e1k, tedy odborn\u011b zp\u016fsobil\u00e1 osoba k zaji\u0161\u0165ov\u00e1n\u00ed \u00fakol\u016f v prevenci rizik, nem\u011bl vykon\u00e1vat funkci intern\u00edho auditora syst\u00e9mu ma\u00ad\u00ad\u00adna\u00ad\u00adge\u00admentu BOZP. <\/p>\n\n\n\n<p>Auditor by m\u011bl spl\u0148ovat znalosti a dovednosti stanoven\u00e9 v&nbsp;\u010cSN EN ISO 19011:2019 Sm\u011br\u00adnice pro auditov\u00e1n\u00ed syst\u00e9m\u016f managementu. Ty nejsou sou\u010d\u00e1st\u00ed kvalifikace odborn\u011b zp\u016fsobil\u00e9 oso\u00adby. Naopak auditor by m\u011bl zn\u00e1t z\u00e1klady auditovan\u00e9 \u010dinnosti, nap\u0159\u00edklad aby poznal, kdy\u017e je mu p\u0159edlo\u017een jin\u00fd dokument ne\u017e dokl\u00e1daj\u00edc\u00ed po\u017eadovan\u00e9 skute\u010dnosti. <\/p>\n\n\n\n<p>V&nbsp;p\u0159\u00edpad\u011b, \u017ee \u201ebezpe\u010d\u00e1k\u201c spl\u00ad\u0148u\u00ad\u00adje podm\u00ednky pro v\u00fdkon obou funkc\u00ed, nen\u00ed zcela vhod\u00adn\u00e9, aby ob\u011b vykon\u00e1val soub\u011b\u017en\u011b. I kdy\u017e se m\u016f\u017ee zd\u00e1t, \u017ee se vz\u00e1jemn\u011b dopl\u0148uj\u00ed, nen\u00ed tomu zcela tak. V&nbsp;n\u011bkte\u00adr\u00fdch bodech jdou proti sob\u011b. Vypl\u00fdv\u00e1 to u\u017e z&nbsp;toho, \u017ee za\u00adji\u0161\u0165ov\u00e1n\u00ed BOZP je liber\u00e1ln\u00edho charakteru a syst\u00e9m managementu BOZP je direktivn\u00edho cha\u00adrakteru (syst\u00e9m byl, bohu\u017eel, pod\u0159\u00edzen ISO, nikoliv MOP, jak bylo navr\u017eeno; BOZP je postavena na ji\u00adn\u00fdch principech ne\u017e kvalita a environment). Nen\u00ed tedy vhodn\u00e9, aby odborn\u011b zp\u016fsobil\u00e1 osoba z\u00e1rove\u0148 za\u00adji\u0161\u0165ovala i ob\u00adlast syst\u00e9mu mana\u00adge\u00admentu BOZP, a to nejen jako intern\u00ed audi\u00adtor (oboj\u00ed nelze soub\u011b\u017en\u011b d\u011blat na pot\u0159ebn\u00e9 \u00farovni).<\/p>\n\n\n\n<pre class=\"wp-block-code\"><code><p align=\"center\"><a href=\"http:\/\/bozppo-neu.cz\/?page_id=5471\"><img decoding=\"async\" loading=\"lazy\" src=\"http:\/\/bozppo-neu.cz\/img\/menubutton.jpg\" alt=\"o uroven vyse\" width=\"50\" height=\"72\"><\/a><\/p><\/code><\/pre>\n","protected":false},"excerpt":{"rendered":"<p>Bez roz\u0161\u00ed\u0159en\u00ed kvalifikace by tzv. bezpe\u010d\u00e1k, tedy odborn\u011b zp\u016fsobil\u00e1 osoba k zaji\u0161\u0165ov\u00e1n\u00ed \u00fakol\u016f v prevenci rizik, nem\u011bl vykon\u00e1vat funkci intern\u00edho auditora syst\u00e9mu ma\u00ad\u00ad\u00adna\u00ad\u00adge\u00admentu BOZP. Auditor by m\u011bl spl\u0148ovat znalosti a dovednosti stanoven\u00e9 v&nbsp;\u010cSN EN ISO 19011:2019 Sm\u011br\u00adnice pro auditov\u00e1n\u00ed syst\u00e9m\u016f managementu. Ty nejsou sou\u010d\u00e1st\u00ed kvalifikace odborn\u011b zp\u016fsobil\u00e9 oso\u00adby. Naopak auditor by m\u011bl zn\u00e1t z\u00e1klady auditovan\u00e9 [&hellip;]<\/p>\n","protected":false},"author":1,"featured_media":0,"parent":0,"menu_order":0,"comment_status":"closed","ping_status":"closed","template":"","meta":[],"_links":{"self":[{"href":"http:\/\/bozppo-neu.cz\/index.php?rest_route=\/wp\/v2\/pages\/5482"}],"collection":[{"href":"http:\/\/bozppo-neu.cz\/index.php?rest_route=\/wp\/v2\/pages"}],"about":[{"href":"http:\/\/bozppo-neu.cz\/index.php?rest_route=\/wp\/v2\/types\/page"}],"author":[{"embeddable":true,"href":"http:\/\/bozppo-neu.cz\/index.php?rest_route=\/wp\/v2\/users\/1"}],"replies":[{"embeddable":true,"href":"http:\/\/bozppo-neu.cz\/index.php?rest_route=%2Fwp%2Fv2%2Fcomments&post=5482"}],"version-history":[{"count":2,"href":"http:\/\/bozppo-neu.cz\/index.php?rest_route=\/wp\/v2\/pages\/5482\/revisions"}],"predecessor-version":[{"id":5487,"href":"http:\/\/bozppo-neu.cz\/index.php?rest_route=\/wp\/v2\/pages\/5482\/revisions\/5487"}],"wp:attachment":[{"href":"http:\/\/bozppo-neu.cz\/index.php?rest_route=%2Fwp%2Fv2%2Fmedia&parent=5482"}],"curies":[{"name":"wp","href":"https:\/\/api.w.org\/{rel}","templated":true}]}}