{"id":547,"date":"2016-12-19T08:49:48","date_gmt":"2016-12-19T07:49:48","guid":{"rendered":"http:\/\/bozppo-neu.cz\/?page_id=547"},"modified":"2018-12-08T18:07:53","modified_gmt":"2018-12-08T17:07:53","slug":"spisova-sluzba","status":"publish","type":"page","link":"http:\/\/bozppo-neu.cz\/?page_id=547","title":{"rendered":"Spisov\u00e1 slu\u017eba"},"content":{"rendered":"<p>Jednotliv\u00e9 prvky spisov\u00e9 slu\u017eby a postup \u010dinnost\u00ed p\u0159i nakl\u00e1d\u00e1n\u00ed s dokumenty jsou uvedeny na obr\u00e1zku.<\/p>\n<p><img decoding=\"async\" loading=\"lazy\" class=\"alignnone wp-image-140\" src=\"http:\/\/bozppo-neu.cz\/wp-content\/uploads\/2016\/12\/image014.png\" alt=\"image014\" width=\"600\" height=\"1111\" srcset=\"http:\/\/bozppo-neu.cz\/wp-content\/uploads\/2016\/12\/image014.png 1198w, http:\/\/bozppo-neu.cz\/wp-content\/uploads\/2016\/12\/image014-162x300.png 162w, http:\/\/bozppo-neu.cz\/wp-content\/uploads\/2016\/12\/image014-768x1422.png 768w, http:\/\/bozppo-neu.cz\/wp-content\/uploads\/2016\/12\/image014-553x1024.png 553w\" sizes=\"(max-width: 600px) 100vw, 600px\" \/><\/p>\n<p>&nbsp;<\/p>\n<p style=\"text-align: right;\">\n","protected":false},"excerpt":{"rendered":"<p>Jednotliv\u00e9 prvky spisov\u00e9 slu\u017eby a postup \u010dinnost\u00ed p\u0159i nakl\u00e1d\u00e1n\u00ed s dokumenty jsou uvedeny na obr\u00e1zku. &nbsp;<\/p>\n","protected":false},"author":1,"featured_media":0,"parent":0,"menu_order":0,"comment_status":"closed","ping_status":"closed","template":"","meta":[],"_links":{"self":[{"href":"http:\/\/bozppo-neu.cz\/index.php?rest_route=\/wp\/v2\/pages\/547"}],"collection":[{"href":"http:\/\/bozppo-neu.cz\/index.php?rest_route=\/wp\/v2\/pages"}],"about":[{"href":"http:\/\/bozppo-neu.cz\/index.php?rest_route=\/wp\/v2\/types\/page"}],"author":[{"embeddable":true,"href":"http:\/\/bozppo-neu.cz\/index.php?rest_route=\/wp\/v2\/users\/1"}],"replies":[{"embeddable":true,"href":"http:\/\/bozppo-neu.cz\/index.php?rest_route=%2Fwp%2Fv2%2Fcomments&post=547"}],"version-history":[{"count":7,"href":"http:\/\/bozppo-neu.cz\/index.php?rest_route=\/wp\/v2\/pages\/547\/revisions"}],"predecessor-version":[{"id":3179,"href":"http:\/\/bozppo-neu.cz\/index.php?rest_route=\/wp\/v2\/pages\/547\/revisions\/3179"}],"wp:attachment":[{"href":"http:\/\/bozppo-neu.cz\/index.php?rest_route=%2Fwp%2Fv2%2Fmedia&parent=547"}],"curies":[{"name":"wp","href":"https:\/\/api.w.org\/{rel}","templated":true}]}}