{"id":489,"date":"2016-12-18T16:09:26","date_gmt":"2016-12-18T15:09:26","guid":{"rendered":"http:\/\/bozppo-neu.cz\/?page_id=489"},"modified":"2019-10-10T17:35:24","modified_gmt":"2019-10-10T15:35:24","slug":"vynatek-z-chammurabiho-zakoniku","status":"publish","type":"page","link":"http:\/\/bozppo-neu.cz\/?page_id=489","title":{"rendered":"V\u00fd\u0148atek z Chammurapiho z\u00e1kon\u00edku"},"content":{"rendered":"<ol>\n<li><img decoding=\"async\" loading=\"lazy\" class=\"wp-image-487 size-full alignright\" src=\"http:\/\/bozppo-neu.cz\/wp-content\/uploads\/2016\/12\/image001-3.jpg\" alt=\"image001\" width=\"350\" height=\"650\" srcset=\"http:\/\/bozppo-neu.cz\/wp-content\/uploads\/2016\/12\/image001-3.jpg 350w, http:\/\/bozppo-neu.cz\/wp-content\/uploads\/2016\/12\/image001-3-162x300.jpg 162w\" sizes=\"(max-width: 350px) 100vw, 350px\" \/>Jestli\u017ee stavitel postav\u00ed d\u016fm, kter\u00fd se z\u0159\u00edt\u00ed a jeho majitel p\u0159i tom zahyne, stavitel bude potrest\u00e1n trestem smrti.<\/li>\n<li>Jestli\u017ee p\u0159i stejn\u00e9 ud\u00e1losti zahyne syn majitele domu, bude potrest\u00e1n smrt\u00ed syn stavitele.<\/li>\n<li>Jestli\u017ee p\u0159i stejn\u00e9 ud\u00e1losti zahyne majitel\u016fv otrok, mus\u00ed stavitel d\u00e1t majiteli sv\u00e9ho otroka nebo jinou protihodnotu.<\/li>\n<li>Jestli\u017ee p\u0159i z\u0159\u00edcen\u00ed domu nedojde k\u00a0usmrcen\u00ed, ale pouze k materi\u00e1ln\u00ed \u0161kod\u011b, stavitel na vlastn\u00ed n\u00e1klady mus\u00ed postavit d\u016fm znova nebo opravit jeho po\u0161kozenou \u010d\u00e1st.<\/li>\n<\/ol>\n<p>&nbsp;<\/p>\n<p>Obr\u00e1zky p\u0159evzaty z: JEL\u00cdNEK, Petr. <em>Chammurabiho z\u00e1kon\u00edk<\/em> [online]. [cit. 2009-01-27]. Dostupn\u00e9 na World Wild Web: &lt;http:\/\/www.narod-sobe.cz\/clovek\/kultura\/literatura\/Autori____neurceni\/Chammurabiho_zakonik\/Chammurabiho_zakonik.htm&gt;.<img decoding=\"async\" loading=\"lazy\" class=\"wp-image-488 aligncenter\" src=\"http:\/\/bozppo-neu.cz\/wp-content\/uploads\/2016\/12\/image004-2.jpg\" alt=\"image004\" width=\"600\" height=\"451\" srcset=\"http:\/\/bozppo-neu.cz\/wp-content\/uploads\/2016\/12\/image004-2.jpg 432w, http:\/\/bozppo-neu.cz\/wp-content\/uploads\/2016\/12\/image004-2-300x226.jpg 300w\" sizes=\"(max-width: 600px) 100vw, 600px\" \/><\/p>\n<p>&nbsp;<\/p>\n","protected":false},"excerpt":{"rendered":"<p>Jestli\u017ee stavitel postav\u00ed d\u016fm, kter\u00fd se z\u0159\u00edt\u00ed a jeho majitel p\u0159i tom zahyne, stavitel bude potrest\u00e1n trestem smrti. Jestli\u017ee p\u0159i stejn\u00e9 ud\u00e1losti zahyne syn majitele domu, bude potrest\u00e1n smrt\u00ed syn stavitele. Jestli\u017ee p\u0159i stejn\u00e9 ud\u00e1losti zahyne majitel\u016fv otrok, mus\u00ed stavitel d\u00e1t majiteli sv\u00e9ho otroka nebo jinou protihodnotu. Jestli\u017ee p\u0159i z\u0159\u00edcen\u00ed domu nedojde k\u00a0usmrcen\u00ed, ale pouze [&hellip;]<\/p>\n","protected":false},"author":1,"featured_media":0,"parent":0,"menu_order":0,"comment_status":"closed","ping_status":"closed","template":"","meta":[],"_links":{"self":[{"href":"http:\/\/bozppo-neu.cz\/index.php?rest_route=\/wp\/v2\/pages\/489"}],"collection":[{"href":"http:\/\/bozppo-neu.cz\/index.php?rest_route=\/wp\/v2\/pages"}],"about":[{"href":"http:\/\/bozppo-neu.cz\/index.php?rest_route=\/wp\/v2\/types\/page"}],"author":[{"embeddable":true,"href":"http:\/\/bozppo-neu.cz\/index.php?rest_route=\/wp\/v2\/users\/1"}],"replies":[{"embeddable":true,"href":"http:\/\/bozppo-neu.cz\/index.php?rest_route=%2Fwp%2Fv2%2Fcomments&post=489"}],"version-history":[{"count":25,"href":"http:\/\/bozppo-neu.cz\/index.php?rest_route=\/wp\/v2\/pages\/489\/revisions"}],"predecessor-version":[{"id":3367,"href":"http:\/\/bozppo-neu.cz\/index.php?rest_route=\/wp\/v2\/pages\/489\/revisions\/3367"}],"wp:attachment":[{"href":"http:\/\/bozppo-neu.cz\/index.php?rest_route=%2Fwp%2Fv2%2Fmedia&parent=489"}],"curies":[{"name":"wp","href":"https:\/\/api.w.org\/{rel}","templated":true}]}}