{"id":4417,"date":"2022-08-27T13:12:10","date_gmt":"2022-08-27T11:12:10","guid":{"rendered":"http:\/\/bozppo-neu.cz\/?page_id=4417"},"modified":"2023-03-23T14:05:32","modified_gmt":"2023-03-23T13:05:32","slug":"co-je-potreba-udelat","status":"publish","type":"page","link":"http:\/\/bozppo-neu.cz\/?page_id=4417","title":{"rendered":"Slovn\u00ed\u010dek pojm\u016f"},"content":{"rendered":"<p><strong><img decoding=\"async\" loading=\"lazy\" class=\"alignright wp-image-2445\" src=\"http:\/\/bozppo-neu.cz\/wp-content\/uploads\/2017\/07\/ridic_referent4.jpg\" alt=\"ridic_referent4\" width=\"320\" height=\"234\" srcset=\"http:\/\/bozppo-neu.cz\/wp-content\/uploads\/2017\/07\/ridic_referent4.jpg 605w, http:\/\/bozppo-neu.cz\/wp-content\/uploads\/2017\/07\/ridic_referent4-300x220.jpg 300w\" sizes=\"(max-width: 320px) 100vw, 320px\" \/>Hav\u00e1rie<\/strong> \u2013 mimo\u0159\u00e1dn\u00e1, \u010d\u00e1ste\u010dn\u011b nebo zcela neovladateln\u00e1, \u010dasov\u011b nebo prostorov\u011b ohrani\u010den\u00e1 ud\u00e1lost, v jej\u00edm\u017e d\u016fsledku do\u0161lo ke \u0161kod\u011b na majetku zjevn\u011b p\u0159esahuj\u00edc\u00ed \u010d\u00e1stku 5 000 000 K\u010d, kter\u00e1 vznikla v souvislosti s provozem VTZ, nebo kdy jsou p\u0159\u00ed\u010dinou vzniku t\u00e9to ud\u00e1losti VTZ.<\/p>\n<p><strong>M\u00edstn\u00ed provozn\u00ed p\u0159edpis<\/strong> \u2013 stanovuje rozsah kontroly za\u0159\u00edzen\u00ed (\u0159\u00e1d prohl\u00eddek, \u00fadr\u017eby a reviz\u00ed vyhrazen\u00e9ho elektrick\u00e9ho za\u0159\u00edzen\u00ed, m\u00edstn\u00ed provozn\u00ed \u0159\u00e1d pro vyhrazen\u00e9ho plynov\u00e9ho za\u0159\u00edzen\u00ed, m\u00edstn\u00ed provozn\u00ed p\u0159edpis vyhrazen\u00e9ho zdvihac\u00edho za\u0159\u00edzen\u00ed a m\u00edstn\u00ed provozn\u00ed p\u0159edpis pro tlakov\u00e1 za\u0159\u00edzen\u00ed).<\/p>\n<p><strong>M\u00edstn\u00ed provozn\u00ed p\u0159edpis vyhrazen\u00e9ho zdvihac\u00edho za\u0159\u00edzen\u00ed<\/strong> \u2013 p\u0159edpis zam\u011bstnavatele upravuj\u00edc\u00ed zejm\u00e9na pracovn\u00ed a technologick\u00e9 postupy pro pou\u017e\u00edv\u00e1n\u00ed vyhrazen\u00e9ho zdvihac\u00edho za\u0159\u00edzen\u00ed a pravidla pohybu tohoto za\u0159\u00edzen\u00ed a zam\u011bstnanc\u016f v prostorech a na pracovi\u0161t\u00edch zam\u011bstnavatele.<\/p>\n<p><strong>M\u00edstn\u00ed provozn\u00ed \u0159\u00e1d<\/strong> \u2013 p\u0159edpis, kter\u00fd stanovuje pro m\u00edstn\u00ed podm\u00ednky zejm\u00e9na postupy pro provoz, kontrolu a \u00fadr\u017ebu vyhrazen\u00e9ho plynov\u00e9ho za\u0159\u00edzen\u00ed, a kter\u00fd je zpracov\u00e1n v souladu s pr\u00e1vn\u00edmi a ostatn\u00edmi p\u0159edpisy k zaji\u0161t\u011bn\u00ed BOZP.<\/p>\n<p><strong>Osoba odpov\u011bdn\u00e1 za provoz elektrick\u00e9ho za\u0159\u00edzen\u00ed \u2013 <\/strong>pov\u011b\u0159en\u00e1 osoba pr\u00e1vnick\u00e9 osoby nebo podnikaj\u00edc\u00ed fyzick\u00e9 osoby, kter\u00e1 provozuje elektrick\u00e9 za\u0159\u00edzen\u00ed, k jej\u00edm\u017e povinnostem pat\u0159\u00ed zaji\u0161t\u011bn\u00ed bezpe\u010dn\u00e9ho provozu elektrick\u00e9ho za\u0159\u00edzen\u00ed a stanoven\u00ed pravidel p\u0159i v\u00fdkonu jednotliv\u00fdch \u010dinnost\u00ed na za\u0159\u00edzen\u00ed a organizaci nebo uspo\u0159\u00e1d\u00e1n\u00ed m\u00edsta v\u00fdkonu t\u011bchto \u010dinnost\u00ed.<\/p>\n<p><strong>Osoba odpov\u011bdn\u00e1 za provoz vyhrazen\u00e9ho plynov\u00e9ho za\u0159\u00edzen\u00ed<\/strong> \u2013 osoba ur\u010den\u00e1 provozovatelem plynov\u00e9ho za\u0159\u00edzen\u00ed a sezn\u00e1men\u00e1 s po\u017eadavky pr\u00e1vn\u00edch a ostatn\u00edch p\u0159edpis\u016f k zaji\u0161t\u011bn\u00ed BOZP pro p\u0159\u00edslu\u0161n\u00e9 za\u0159\u00edzen\u00ed.<\/p>\n<p><strong>Osoba odpov\u011bdn\u00e1 za provoz vyhrazen\u00e9ho tlakov\u00e9ho za\u0159\u00edzen\u00ed<\/strong> \u2013 osoba ur\u010den\u00e1 provozovatelem p\u0159ed uveden\u00edm za\u0159\u00edzen\u00ed do provozu a sezn\u00e1men\u00e1 s po\u017eadavky pr\u00e1vn\u00edch a ostatn\u00edch p\u0159edpis\u016f k zaji\u0161t\u011bn\u00ed BOZP pro p\u0159\u00edslu\u0161n\u00e9 za\u0159\u00edzen\u00ed.<\/p>\n<p><strong>Osoba odpov\u011bdn\u00e1 za provoz vyhrazen\u00e9ho vyhrazen\u00e9ho zdvihac\u00edho za\u0159\u00edzen\u00ed<\/strong> \u2013 ur\u010den\u00e1 pov\u011b\u0159en\u00e1 osoba jednaj\u00edc\u00ed na z\u00e1klad\u011b p\u00edsemn\u00e9ho pov\u011b\u0159en\u00ed za provozovatele a sezn\u00e1men\u00e1 s po\u017eadavky pr\u00e1vn\u00edch a ostatn\u00edch p\u0159edpis\u016f k zaji\u0161t\u011bn\u00ed BOZP.<\/p>\n<p><strong>Provozn\u00ed dokumentace<\/strong> \u2013 soubor dokument\u016f obsahuj\u00edc\u00edch z\u00e1znamy o kontrol\u00e1ch, zkou\u0161k\u00e1ch, reviz\u00edch, m\u00edstn\u00ed provozn\u00ed \u0159\u00e1d, provozn\u00ed den\u00edk, doklady o kvalifikaci obsluhy, z\u00e1znamy o oprav\u00e1ch a \u00fadr\u017eb\u011b, harmonogramy, z\u00e1znamy o \u010dinnostech prov\u00e1d\u011bn\u00fdch na provozovan\u00e9m VTZ a jin\u00e9 specifick\u00e9 dokumenty vznikaj\u00edc\u00ed p\u0159i provozu dan\u00e9ho VTZ.<\/p>\n<p><strong>Pr\u016fvodn\u00ed dokumentace<\/strong> \u2013 soubor dokument\u016f dodan\u00fdch v\u00fdrobcem nebo dodavatelem VTZ (v \u010desk\u00e9m jazyce, mus\u00ed b\u00fdt k dispozici po celou dobu provozu za\u0159\u00edzen\u00ed).<\/p>\n<p><strong>Revize<\/strong> &#8211; posouzen\u00ed provozn\u00ed a technick\u00e9 bezpe\u010dnosti VTZ uv\u00e1d\u011bn\u00e9ho do provozu nebo ji\u017e provozovan\u00e9ho, p\u0159i kter\u00e9m se prohl\u00eddkou, zkou\u0161kou nebo m\u011b\u0159en\u00edm ov\u011b\u0159uje, zda za\u0159\u00edzen\u00ed odpov\u00edd\u00e1 pr\u00e1vn\u00edm a ostatn\u00edm p\u0159edpis\u016fm k zaji\u0161t\u011bn\u00ed BOZP, pop\u0159\u00edpad\u011b posouzen\u00ed technick\u00e9 dokumentace a odborn\u00e9 zp\u016fsobilosti obsluhy.<\/p>\n<p><strong>\u0158\u00e1d prohl\u00eddek, \u00fadr\u017eby a reviz\u00ed<\/strong> \u2013 dokument obsahuj\u00edc\u00ed n\u00e1le\u017eitosti uveden\u00e9 v \u00a7 7 na\u0159\u00edzen\u00ed vl\u00e1dy \u010d. 190\/2022 Sb. (jednotliv\u00e9 \u00fakony prohl\u00eddek, zkou\u0161ek a \u00fadr\u017eby, intervaly jejich prov\u00e1d\u011bn\u00ed, zp\u016fsob jejich evidence, lh\u016fty reviz\u00ed atd.), jen\u017e \u0159e\u0161\u00ed prohl\u00eddky, \u00fadr\u017ebu a revize vyhrazen\u00e9ho elektrick\u00e9ho za\u0159\u00edzen\u00ed.<\/p>\n<p><strong>Pou\u017eit\u00e9 zkratky:<\/strong><\/p>\n<ul>\n<li>BTZ &#8211; bezpe\u010dnost technick\u00fdch za\u0159\u00edzen\u00ed<\/li>\n<li>VTZ &#8211; vyhrazen\u00e1 technick\u00e1 za\u0159\u00edzen\u00ed<\/li>\n<\/ul>\n<p style=\"text-align: right;\">2022-08-27<\/p>\n<p style=\"text-align: center;\"><\/p>\n\n\n<pre class=\"wp-block-code\"><code><p align=\"center\"><a href=\"http:\/\/bozppo-neu.cz\/?page_id=943\"><img decoding=\"async\" loading=\"lazy\" src=\"http:\/\/bozppo-neu.cz\/img\/menubutton.jpg\" alt=\"o uroven vyse\" width=\"50\" height=\"72\"><\/a><\/p><\/code><\/pre>\n","protected":false},"excerpt":{"rendered":"<p>Hav\u00e1rie \u2013 mimo\u0159\u00e1dn\u00e1, \u010d\u00e1ste\u010dn\u011b nebo zcela neovladateln\u00e1, \u010dasov\u011b nebo prostorov\u011b ohrani\u010den\u00e1 ud\u00e1lost, v jej\u00edm\u017e d\u016fsledku do\u0161lo ke \u0161kod\u011b na majetku zjevn\u011b p\u0159esahuj\u00edc\u00ed \u010d\u00e1stku 5 000 000 K\u010d, kter\u00e1 vznikla v souvislosti s provozem VTZ, nebo kdy jsou p\u0159\u00ed\u010dinou vzniku t\u00e9to ud\u00e1losti VTZ. M\u00edstn\u00ed provozn\u00ed p\u0159edpis \u2013 stanovuje rozsah kontroly za\u0159\u00edzen\u00ed (\u0159\u00e1d prohl\u00eddek, \u00fadr\u017eby a reviz\u00ed [&hellip;]<\/p>\n","protected":false},"author":1,"featured_media":0,"parent":0,"menu_order":0,"comment_status":"closed","ping_status":"closed","template":"","meta":[],"_links":{"self":[{"href":"http:\/\/bozppo-neu.cz\/index.php?rest_route=\/wp\/v2\/pages\/4417"}],"collection":[{"href":"http:\/\/bozppo-neu.cz\/index.php?rest_route=\/wp\/v2\/pages"}],"about":[{"href":"http:\/\/bozppo-neu.cz\/index.php?rest_route=\/wp\/v2\/types\/page"}],"author":[{"embeddable":true,"href":"http:\/\/bozppo-neu.cz\/index.php?rest_route=\/wp\/v2\/users\/1"}],"replies":[{"embeddable":true,"href":"http:\/\/bozppo-neu.cz\/index.php?rest_route=%2Fwp%2Fv2%2Fcomments&post=4417"}],"version-history":[{"count":16,"href":"http:\/\/bozppo-neu.cz\/index.php?rest_route=\/wp\/v2\/pages\/4417\/revisions"}],"predecessor-version":[{"id":5174,"href":"http:\/\/bozppo-neu.cz\/index.php?rest_route=\/wp\/v2\/pages\/4417\/revisions\/5174"}],"wp:attachment":[{"href":"http:\/\/bozppo-neu.cz\/index.php?rest_route=%2Fwp%2Fv2%2Fmedia&parent=4417"}],"curies":[{"name":"wp","href":"https:\/\/api.w.org\/{rel}","templated":true}]}}