{"id":4094,"date":"2021-03-25T21:23:43","date_gmt":"2021-03-25T20:23:43","guid":{"rendered":"http:\/\/bozppo-neu.cz\/?page_id=4094"},"modified":"2023-04-09T11:02:00","modified_gmt":"2023-04-09T09:02:00","slug":"jak-se-chovat-pri-auditu","status":"publish","type":"page","link":"http:\/\/bozppo-neu.cz\/?page_id=4094","title":{"rendered":"Jak se chovat p\u0159i auditu"},"content":{"rendered":"<p><img decoding=\"async\" loading=\"lazy\" class=\"alignright wp-image-1237\" src=\"http:\/\/bozppo-neu.cz\/wp-content\/uploads\/2017\/01\/obrazek_3.jpg\" alt=\"obrazek_3\" width=\"300\" height=\"261\" srcset=\"http:\/\/bozppo-neu.cz\/wp-content\/uploads\/2017\/01\/obrazek_3.jpg 1653w, http:\/\/bozppo-neu.cz\/wp-content\/uploads\/2017\/01\/obrazek_3-300x261.jpg 300w, http:\/\/bozppo-neu.cz\/wp-content\/uploads\/2017\/01\/obrazek_3-768x669.jpg 768w, http:\/\/bozppo-neu.cz\/wp-content\/uploads\/2017\/01\/obrazek_3-1024x892.jpg 1024w, http:\/\/bozppo-neu.cz\/wp-content\/uploads\/2017\/01\/obrazek_3-1200x1045.jpg 1200w\" sizes=\"(max-width: 300px) 100vw, 300px\" \/>Audit nen\u00ed kontrola \u00farovn\u011b BOZP, ale hodnocen\u00ed fungov\u00e1n\u00ed syst\u00e9mu managementu BOZP, v\u010detn\u011b nach\u00e1zen\u00ed p\u0159\u00edpadn\u00fdch nedostatk\u016f (neshod). Tomu odpov\u00edd\u00e1 i&nbsp;technika zji\u0161\u0165ov\u00e1n\u00ed. Auditor se nept\u00e1 na&nbsp;jednotliv\u00e1 pln\u011bn\u00ed zaji\u0161t\u011bn\u00ed \u00farovn\u011b BOZP, ale zkou\u0161\u00ed funk\u010dnost syst\u00e9mu, tzn., \u017ee nahod\u00ed probl\u00e9m a \u010dek\u00e1, jak na n\u011bj zam\u011bstnanci auditovan\u00e9 firmy nebo spole\u010dnosti zareaguj\u00ed. Reakci vyhodnot\u00ed a z&nbsp;n\u00ed usoud\u00ed na&nbsp;funk\u010dnost jednotliv\u00fdch prvk\u016f syst\u00e9mu.<\/p>\n<p>Proto se p\u0159i auditu m\u00e1 odpov\u00eddat pouze na kladen\u00fd dotaz, nejl\u00e9pe holou v\u011btou. Nem\u00e1 se vyv\u00edjet vlastn\u00ed iniciativa (v\u010detn\u011b chluben\u00ed se \u00fasp\u011bchy). Auditorovi se m\u00e1 p\u0159edkl\u00e1dat pouze konkr\u00e9tn\u00ed po\u017eadovan\u00fd dokument, nikoliv cel\u00fd \u0161anon, v&nbsp;kter\u00e9m si m\u016f\u017ee listovat. Nem\u00e1 se mu umo\u017enit p\u0159\u00edstup do&nbsp;datab\u00e1ze apod.<\/p>\n<p>Pochopiteln\u011b odpov\u011bdi mus\u00ed b\u00fdt pravdiv\u00e9. Odpov\u00eddat se m\u00e1 pouze na&nbsp;ot\u00e1zky, kter\u00e9 jsou v&nbsp;oblasti p\u016fsoben\u00ed dotazovan\u00e9ho. B\u011bhem auditu se nem\u00e1 otev\u0159en\u011b konverzovat, nebo\u0165 v\u0161e co auditor vid\u00ed nebo sly\u0161\u00ed, se m\u016f\u017ee st\u00e1t p\u0159edm\u011btem auditu. Proto je t\u00e9\u017e d\u016fle\u017eit\u00e9 auditora v\u0161ude doprov\u00e1zet a umo\u017enit mu p\u0159\u00edstup pouze do prostor, do kter\u00fdch si jej vy\u017e\u00e1d\u00e1.<\/p>\n<p>A\u010d audito\u0159i tvrd\u00ed, \u017ee p\u0159ich\u00e1zej\u00ed pomoci, je nutn\u00e9 je na sv\u00e9m pracovi\u0161ti vn\u00edmat jako protihr\u00e1\u010de, nikoliv spoluhr\u00e1\u010de. Oni sv\u00e9 poznatky a p\u0159ipom\u00ednky mus\u00ed zd\u016fvodnit, nikoliv, \u017ee je jen p\u0159ednesou a druh\u00e1 strana je p\u0159\u00edjme, nebo\u0165 oni jsou autorita.<\/p>\n<p style=\"text-align: right;\">2021-03-25<\/p>\n<p style=\"text-align: right;\"><\/p>\n\n\n<pre class=\"wp-block-code\"><code><p align=\"center\"><a href=\"http:\/\/bozppo-neu.cz\/?page_id=5471\"><img decoding=\"async\" loading=\"lazy\" src=\"http:\/\/bozppo-neu.cz\/img\/menubutton.jpg\" alt=\"o uroven vyse\" width=\"50\" height=\"72\"><\/a><\/p><\/code><\/pre>\n","protected":false},"excerpt":{"rendered":"<p>Audit nen\u00ed kontrola \u00farovn\u011b BOZP, ale hodnocen\u00ed fungov\u00e1n\u00ed syst\u00e9mu managementu BOZP, v\u010detn\u011b nach\u00e1zen\u00ed p\u0159\u00edpadn\u00fdch nedostatk\u016f (neshod). Tomu odpov\u00edd\u00e1 i&nbsp;technika zji\u0161\u0165ov\u00e1n\u00ed. Auditor se nept\u00e1 na&nbsp;jednotliv\u00e1 pln\u011bn\u00ed zaji\u0161t\u011bn\u00ed \u00farovn\u011b BOZP, ale zkou\u0161\u00ed funk\u010dnost syst\u00e9mu, tzn., \u017ee nahod\u00ed probl\u00e9m a \u010dek\u00e1, jak na n\u011bj zam\u011bstnanci auditovan\u00e9 firmy nebo spole\u010dnosti zareaguj\u00ed. Reakci vyhodnot\u00ed a z&nbsp;n\u00ed usoud\u00ed na&nbsp;funk\u010dnost jednotliv\u00fdch prvk\u016f [&hellip;]<\/p>\n","protected":false},"author":1,"featured_media":0,"parent":0,"menu_order":0,"comment_status":"closed","ping_status":"closed","template":"","meta":[],"_links":{"self":[{"href":"http:\/\/bozppo-neu.cz\/index.php?rest_route=\/wp\/v2\/pages\/4094"}],"collection":[{"href":"http:\/\/bozppo-neu.cz\/index.php?rest_route=\/wp\/v2\/pages"}],"about":[{"href":"http:\/\/bozppo-neu.cz\/index.php?rest_route=\/wp\/v2\/types\/page"}],"author":[{"embeddable":true,"href":"http:\/\/bozppo-neu.cz\/index.php?rest_route=\/wp\/v2\/users\/1"}],"replies":[{"embeddable":true,"href":"http:\/\/bozppo-neu.cz\/index.php?rest_route=%2Fwp%2Fv2%2Fcomments&post=4094"}],"version-history":[{"count":6,"href":"http:\/\/bozppo-neu.cz\/index.php?rest_route=\/wp\/v2\/pages\/4094\/revisions"}],"predecessor-version":[{"id":5479,"href":"http:\/\/bozppo-neu.cz\/index.php?rest_route=\/wp\/v2\/pages\/4094\/revisions\/5479"}],"wp:attachment":[{"href":"http:\/\/bozppo-neu.cz\/index.php?rest_route=%2Fwp%2Fv2%2Fmedia&parent=4094"}],"curies":[{"name":"wp","href":"https:\/\/api.w.org\/{rel}","templated":true}]}}