{"id":4062,"date":"2021-03-06T22:06:19","date_gmt":"2021-03-06T21:06:19","guid":{"rendered":"http:\/\/bozppo-neu.cz\/?page_id=4062"},"modified":"2026-01-28T21:14:16","modified_gmt":"2026-01-28T20:14:16","slug":"motivacni-skoleni-zamestnancu-k-pozitivnimu-pristupu-k-prevenci-rizik","status":"publish","type":"page","link":"http:\/\/bozppo-neu.cz\/?page_id=4062","title":{"rendered":"Motiva\u010dn\u00ed \u0161kolen\u00ed zam\u011bstnanc\u016f k pozitivn\u00edmu p\u0159\u00edstupu k prevenci rizik"},"content":{"rendered":"<p><img decoding=\"async\" loading=\"lazy\" class=\"alignright wp-image-4068\" src=\"http:\/\/bozppo-neu.cz\/wp-content\/uploads\/2021\/03\/motivacni.jpg\" alt=\"motivacni\" width=\"280\" height=\"210\" srcset=\"http:\/\/bozppo-neu.cz\/wp-content\/uploads\/2021\/03\/motivacni.jpg 960w, http:\/\/bozppo-neu.cz\/wp-content\/uploads\/2021\/03\/motivacni-300x225.jpg 300w, http:\/\/bozppo-neu.cz\/wp-content\/uploads\/2021\/03\/motivacni-768x576.jpg 768w\" sizes=\"(max-width: 280px) 100vw, 280px\" \/>K projedn\u00e1n\u00ed se zam\u011bstnanci a k zaji\u0161t\u011bn\u00ed jejich spolu\u00fa\u010dasti pro zlep\u0161ov\u00e1n\u00ed syst\u00e9mu managementu BOZP je mo\u017en\u00e9 vyu\u017e\u00edt &#8222;Motiva\u010dn\u00ed \u0161kolen\u00ed zam\u011bstnanc\u016f na podporu vytv\u00e1\u0159en\u00ed pozitivn\u00edho p\u0159\u00edstupu k prevenci rizik&#8220;.<\/p>\n<p>Tv\u016fr\u010d\u00ed t\u00fdm tohoto \u0161kolen\u00ed vypracoval osnovu, je\u017e nen\u00ed z\u00e1vazn\u00e1, ale je pouh\u00fdm metodick\u00fdm n\u00e1vodem pro vypracov\u00e1n\u00ed osnovy \u0161kolen\u00ed podle konkr\u00e9tn\u00edch podm\u00ednek na pracovi\u0161ti. Podrobn\u011bj\u0161\u00ed informace naleznete ve <a href=\"http:\/\/bozppo-neu.cz\/wp-content\/uploads\/2017\/01\/navod.pdf\"><strong>stru\u010dn\u00e9m n\u00e1vodu<\/strong><\/a> k proveden\u00ed motiva\u010dn\u00edho \u0161kolen\u00ed.<\/p>\n<p style=\"text-align: right;\">2021-03-06<\/p>\n<p>\u00a0<\/p>\n<p style=\"text-align: right;\">\u00a0<\/p>\n\n\n<pre class=\"wp-block-code\"><code><p align=\"center\"><a href=\"http:\/\/bozppo-neu.cz\/?page_id=4043\"><img decoding=\"async\" loading=\"lazy\" src=\"http:\/\/bozppo-neu.cz\/img\/menubutton.jpg\" alt=\"o uroven vyse\" width=\"50\" height=\"72\"><\/a><\/p><\/code><\/pre>\n","protected":false},"excerpt":{"rendered":"<p>K projedn\u00e1n\u00ed se zam\u011bstnanci a k zaji\u0161t\u011bn\u00ed jejich spolu\u00fa\u010dasti pro zlep\u0161ov\u00e1n\u00ed syst\u00e9mu managementu BOZP je mo\u017en\u00e9 vyu\u017e\u00edt &#8222;Motiva\u010dn\u00ed \u0161kolen\u00ed zam\u011bstnanc\u016f na podporu vytv\u00e1\u0159en\u00ed pozitivn\u00edho p\u0159\u00edstupu k prevenci rizik&#8220;. Tv\u016fr\u010d\u00ed t\u00fdm tohoto \u0161kolen\u00ed vypracoval osnovu, je\u017e nen\u00ed z\u00e1vazn\u00e1, ale je pouh\u00fdm metodick\u00fdm n\u00e1vodem pro vypracov\u00e1n\u00ed osnovy \u0161kolen\u00ed podle konkr\u00e9tn\u00edch podm\u00ednek na pracovi\u0161ti. Podrobn\u011bj\u0161\u00ed informace naleznete ve [&hellip;]<\/p>\n","protected":false},"author":1,"featured_media":0,"parent":0,"menu_order":0,"comment_status":"closed","ping_status":"closed","template":"","meta":[],"_links":{"self":[{"href":"http:\/\/bozppo-neu.cz\/index.php?rest_route=\/wp\/v2\/pages\/4062"}],"collection":[{"href":"http:\/\/bozppo-neu.cz\/index.php?rest_route=\/wp\/v2\/pages"}],"about":[{"href":"http:\/\/bozppo-neu.cz\/index.php?rest_route=\/wp\/v2\/types\/page"}],"author":[{"embeddable":true,"href":"http:\/\/bozppo-neu.cz\/index.php?rest_route=\/wp\/v2\/users\/1"}],"replies":[{"embeddable":true,"href":"http:\/\/bozppo-neu.cz\/index.php?rest_route=%2Fwp%2Fv2%2Fcomments&post=4062"}],"version-history":[{"count":8,"href":"http:\/\/bozppo-neu.cz\/index.php?rest_route=\/wp\/v2\/pages\/4062\/revisions"}],"predecessor-version":[{"id":6358,"href":"http:\/\/bozppo-neu.cz\/index.php?rest_route=\/wp\/v2\/pages\/4062\/revisions\/6358"}],"wp:attachment":[{"href":"http:\/\/bozppo-neu.cz\/index.php?rest_route=%2Fwp%2Fv2%2Fmedia&parent=4062"}],"curies":[{"name":"wp","href":"https:\/\/api.w.org\/{rel}","templated":true}]}}