{"id":4043,"date":"2021-03-06T19:01:43","date_gmt":"2021-03-06T18:01:43","guid":{"rendered":"http:\/\/bozppo-neu.cz\/?page_id=4043"},"modified":"2026-01-28T21:17:53","modified_gmt":"2026-01-28T20:17:53","slug":"systemy-managementu-iso-normy","status":"publish","type":"page","link":"http:\/\/bozppo-neu.cz\/?page_id=4043","title":{"rendered":"Syst\u00e9m managementu"},"content":{"rendered":"<p>Tato str\u00e1nka je rozcestn\u00edkem na str\u00e1nky, kter\u00e9 p\u0159in\u00e1\u0161ej\u00ed informace k problematice syst\u00e9mu management\u016f nejen podle norem \u0159ady ISO 4500x. V souvislosti s t\u00edm, je v\u0161ak nutn\u00e9 zm\u00ednit, \u017ee v sou\u010dasn\u00e9 dob\u011b se nej\u010dast\u011bji syst\u00e9m zav\u00e1d\u00ed pr\u00e1v\u011b podle normy ISO.<\/p>\n<p>Nyn\u00ed je platn\u00e1 norma \u010cSN ISO 45001:2018 Syst\u00e9my managementu bezpe\u010dnosti a ochrany zdrav\u00ed p\u0159i pr\u00e1ci \u2013 Po\u017eadavky s n\u00e1vodem k pou\u017eit\u00ed, kter\u00e1 je dopln\u011bna normou <a href=\"http:\/\/bozppo-neu.cz\/?page_id=4074\"><strong>ISO 45003<\/strong><\/a> \u0158\u00edzen\u00ed bezpe\u010dnosti a ochrany zdrav\u00ed p\u0159i pr\u00e1ci \u2013 Psychologick\u00e9 zdrav\u00ed a bezpe\u010dnost p\u0159i pr\u00e1ci \u2013 Pokyny pro \u0159\u00edzen\u00ed psychosoci\u00e1ln\u00edch rizik. Na n\u011b maj\u00ed nav\u00e1zat normy:<\/p>\n<ul>\n<li>ISO 45001 OHSMSs &#8211; praktick\u00fd pr\u016fvodce pro mal\u00e9 organizace<\/li>\n<li>ISO 45002 \u0158\u00ed\u017een\u00ed bezpe\u010dnosti a ochrany zdrav\u00ed p\u0159i pr\u00e1ci &#8211; Obecn\u00e9 pokyny pro implementaci ISO 45001:2018<\/li>\n<li>ISO 45004 Metriky OHS<\/li>\n<li>ISO PAS 45005 OHS management bezpe\u010dn\u00e1 pr\u00e1ce b\u011bhem pandemie<\/li>\n<\/ul>\n<p>Podrobn\u011bj\u0161\u00ed informace k problematice syst\u00e9mu management\u016f naleznete na str\u00e1nk\u00e1ch:<\/p>\n<p><strong>\u2022<\/strong> <a href=\"http:\/\/bozppo-neu.cz\/?page_id=89\"><strong>Syst\u00e9my managementu<\/strong><\/a><\/p>\n<p><strong>\u2022<\/strong> <a href=\"http:\/\/bozppo-neu.cz\/?page_id=4051\"><strong>Incident<\/strong><\/a><\/p>\n<p><strong>\u2022<\/strong> <a href=\"http:\/\/bozppo-neu.cz\/?page_id=4062\"><strong>Motiva\u010dn\u00ed \u0161kolen\u00ed zam\u011bstnanc\u016f k pozitivn\u00edmu p\u0159\u00edstupu k prevenci rizik<\/strong><\/a><\/p>\n<p><strong>\u2022<\/strong> <a href=\"http:\/\/bozppo-neu.cz\/?page_id=4074\"><strong>Dopl\u0148kov\u00e1 norma ISO 45003<\/strong><\/a><\/p>\n<p><strong>\u2022 <a href=\"http:\/\/bozppo-neu.cz\/?page_id=5462\">Rozd\u00edl mezi auditem a kontrolou<\/a><\/strong><\/p>\n<p><strong>\u2022 <a href=\"http:\/\/bozppo-neu.cz\/?page_id=5447\">Jak se chovat p\u0159i auditu<\/a><\/strong><\/p>\n<p style=\"text-align: right;\">2023-04-03<\/p>\n<p style=\"text-align: right;\">\u00a0<\/p>\n<p style=\"text-align: right;\">\u00a0<\/p>\n\n\n<p><\/p>\n","protected":false},"excerpt":{"rendered":"<p>Tato str\u00e1nka je rozcestn\u00edkem na str\u00e1nky, kter\u00e9 p\u0159in\u00e1\u0161ej\u00ed informace k problematice syst\u00e9mu management\u016f nejen podle norem \u0159ady ISO 4500x. V souvislosti s t\u00edm, je v\u0161ak nutn\u00e9 zm\u00ednit, \u017ee v sou\u010dasn\u00e9 dob\u011b se nej\u010dast\u011bji syst\u00e9m zav\u00e1d\u00ed pr\u00e1v\u011b podle normy ISO. Nyn\u00ed je platn\u00e1 norma \u010cSN ISO 45001:2018 Syst\u00e9my managementu bezpe\u010dnosti a ochrany zdrav\u00ed p\u0159i pr\u00e1ci \u2013 [&hellip;]<\/p>\n","protected":false},"author":1,"featured_media":5246,"parent":0,"menu_order":0,"comment_status":"closed","ping_status":"closed","template":"","meta":[],"_links":{"self":[{"href":"http:\/\/bozppo-neu.cz\/index.php?rest_route=\/wp\/v2\/pages\/4043"}],"collection":[{"href":"http:\/\/bozppo-neu.cz\/index.php?rest_route=\/wp\/v2\/pages"}],"about":[{"href":"http:\/\/bozppo-neu.cz\/index.php?rest_route=\/wp\/v2\/types\/page"}],"author":[{"embeddable":true,"href":"http:\/\/bozppo-neu.cz\/index.php?rest_route=\/wp\/v2\/users\/1"}],"replies":[{"embeddable":true,"href":"http:\/\/bozppo-neu.cz\/index.php?rest_route=%2Fwp%2Fv2%2Fcomments&post=4043"}],"version-history":[{"count":18,"href":"http:\/\/bozppo-neu.cz\/index.php?rest_route=\/wp\/v2\/pages\/4043\/revisions"}],"predecessor-version":[{"id":6360,"href":"http:\/\/bozppo-neu.cz\/index.php?rest_route=\/wp\/v2\/pages\/4043\/revisions\/6360"}],"wp:featuredmedia":[{"embeddable":true,"href":"http:\/\/bozppo-neu.cz\/index.php?rest_route=\/wp\/v2\/media\/5246"}],"wp:attachment":[{"href":"http:\/\/bozppo-neu.cz\/index.php?rest_route=%2Fwp%2Fv2%2Fmedia&parent=4043"}],"curies":[{"name":"wp","href":"https:\/\/api.w.org\/{rel}","templated":true}]}}