{"id":3889,"date":"2021-01-06T22:32:07","date_gmt":"2021-01-06T21:32:07","guid":{"rendered":"http:\/\/bozppo-neu.cz\/?page_id=3889"},"modified":"2025-06-16T07:23:07","modified_gmt":"2025-06-16T05:23:07","slug":"kontroly-pozarne-bezpecnostnich-zarizeni-a-vecnych-prostredku-pozarni-ochrany","status":"publish","type":"page","link":"http:\/\/bozppo-neu.cz\/?page_id=3889","title":{"rendered":"Kontroly po\u017e\u00e1rn\u011b bezpe\u010dnostn\u00edch za\u0159\u00edzen\u00ed a v\u011bcn\u00fdch prost\u0159edk\u016f po\u017e\u00e1rn\u00ed ochrany"},"content":{"rendered":"<p><img decoding=\"async\" loading=\"lazy\" class=\"size-full wp-image-3892 alignright\" src=\"http:\/\/bozppo-neu.cz\/wp-content\/uploads\/2021\/01\/744.gif\" alt=\"744\" width=\"197\" height=\"121\" \/>Problematika provozuschopnosti po\u017e\u00e1rn\u011b bezpe\u010dnostn\u00edch za\u0159\u00edzen\u00ed a v\u011bcn\u00fdch prost\u0159edk\u016f je \u0159e\u0161ena jak v z\u00e1kon\u011b o po\u017e\u00e1rn\u00ed ochran\u011b, tak i v\u00a0prov\u00e1d\u011bc\u00ed vyhl\u00e1\u0161ce o po\u017e\u00e1rn\u00ed prevenci. Z\u00e1sadn\u00ed jsou ustanoven\u00ed \u00a7 7 odst. 4 a \u00a7 10 vyhl\u00e1\u0161ky \u010d. <a href=\"https:\/\/www.zakonyprolidi.cz\/cs\/2001-246\"><strong>246\/2001 Sb.<\/strong><\/a><strong>, <\/strong>ve zn\u011bn\u00ed pozd\u011bj\u0161\u00edch p\u0159edpis\u016f.<\/p>\n<p>V \u00a7 7 odst. 4 v\u00fd\u0161e uveden\u00e9 vyhl\u00e1\u0161ky se uv\u00e1d\u00ed: \u201eKontrola provozuschopnosti po\u017e\u00e1rn\u011b bezpe\u010dnostn\u00edho za\u0159\u00edzen\u00ed se prov\u00e1d\u00ed v\u00a0rozsahu stanoven\u00e9m pr\u00e1vn\u00edmi p\u0159edpisy, normativn\u00edmi po\u017eadavky a pr\u016fvodn\u00ed dokumentac\u00ed jeho v\u00fdrobce nejm\u00e9n\u011b jednou za rok, pokud v\u00fdrobce, ov\u011b\u0159en\u00e1 projektov\u00e1 dokumentace nebo podrobn\u011bj\u0161\u00ed dokumentace anebo posouzen\u00ed po\u017e\u00e1rn\u00edho nebezpe\u010d\u00ed nestanov\u00ed lh\u016fty krat\u0161\u00ed\u201c. Tedy zdroje pro stanoven\u00ed rozsahu proveden\u00ed kontroly jsou t\u0159i \u2013 pr\u00e1vn\u00ed p\u0159edpisy, technick\u00e9 normy a pr\u016fvodn\u00ed dokumentace (lh\u016fta m\u016f\u017ee b\u00fdt upravena dal\u0161\u00edmi dokumenty). Podstatn\u00e9 je, \u017ee uveden\u00fdmi zdroji se upravuje jen rozsah, nikoliv, kdo kontrolu m\u016f\u017ee prov\u00e9st.<\/p>\n<p>Z \u00a7 10 vypl\u00fdv\u00e1, \u017ee p\u0159i mont\u00e1\u017ei vyhrazen\u00fdch po\u017e\u00e1rn\u011b bezpe\u010dnostn\u00edch za\u0159\u00edzen\u00ed, jako\u017e i p\u0159i \u00fadr\u017eb\u011b a oprav\u00e1ch za\u0159\u00edzen\u00ed pro z\u00e1sobov\u00e1n\u00ed po\u017e\u00e1rn\u00ed vodou, tedy i u hydrant\u016f, a hasic\u00edch p\u0159\u00edstroj\u016f mus\u00ed osoba, kter\u00e1 p\u0159\u00edslu\u0161nou \u010dinnost vykon\u00e1v\u00e1, splnit podm\u00ednky stanoven\u00e9 pr\u00e1vn\u00edmi p\u0159edpisy, normativn\u00edmi po\u017eadavky a pr\u016fvodn\u00ed dokumentac\u00ed v\u00fdrobce konkr\u00e9tn\u00edho typu po\u017e\u00e1rn\u011b bezpe\u010dnostn\u00edho za\u0159\u00edzen\u00ed nebo hasic\u00edho p\u0159\u00edstroje (mont\u00e1\u017en\u00ed n\u00e1vod, technick\u00e9 podm\u00ednky pro projektov\u00e1n\u00ed nebo provoz, n\u00e1vod k obsluze, po\u017eadavky na kontroly, \u00fadr\u017ebu nebo opravy, podm\u00ednky po\u017e\u00e1rn\u00ed bezpe\u010dnosti pro pou\u017e\u00edv\u00e1n\u00ed v\u00fdrobku nebo za\u0159\u00edzen\u00ed, bezpe\u010dnostn\u00ed listy apod.). P\u0159itom za normativn\u00ed po\u017eadavky se pova\u017euje konkr\u00e9tn\u00ed technick\u00fd po\u017eadavek obsa\u017een\u00fd v \u010desk\u00e9 technick\u00e9 norm\u011b, jeho\u017e dodr\u017een\u00edm se pova\u017euje po\u017eadavek p\u0159\u00edslu\u0161n\u00e9ho ustanoven\u00ed vyhl\u00e1\u0161ky za spln\u011bn\u00fd. Neexistuje-li pro p\u0159\u00edslu\u0161nou oblast platn\u00e1 \u010desk\u00e1 technick\u00e1 norma, pova\u017euje se za normativn\u00ed po\u017eadavek konkr\u00e9tn\u00ed technick\u00e1 specifikace obsa\u017een\u00e1 ve ve\u0159ejn\u011b dostupn\u00e9m uzn\u00e1van\u00e9m normativn\u00edm dokumentu.<\/p>\n<p>Z \u00a7 10 t\u00e9\u017e vypl\u00fdv\u00e1, \u017ee podm\u00ednky znalost\u00ed, praktick\u00fdch dovednost\u00ed, pop\u0159\u00edpad\u011b technick\u00e9ho vybaven\u00ed osob prov\u00e1d\u011bj\u00edc\u00edch uveden\u00e9 \u010dinnosti mohou b\u00fdt stanoveny v pr\u016fvodn\u00ed dokumentaci v\u00fdrobc\u016f po\u017e\u00e1rn\u011b bezpe\u010dnostn\u00edch za\u0159\u00edzen\u00ed a hasic\u00edch p\u0159\u00edstroj\u016f. Rozsah a obsah takto stanoven\u00fdch podm\u00ednek mus\u00ed odpov\u00eddat pr\u00e1vn\u00edm p\u0159edpis\u016fm a p\u0159\u00edslu\u0161n\u00fdm normativn\u00edm po\u017eadavk\u016fm.<\/p>\n<p>Nelze tedy dovozovat, \u017ee pro zaji\u0161t\u011bn\u00ed provozuschopnosti hasic\u00edch p\u0159\u00edstroj\u016f a hydrant\u016f dnes ji\u017e sta\u010d\u00ed jen kvalifikace technika PO, p\u0159\u00edpadn\u011b odborn\u011b zp\u016fsobil\u00e9 osoby. Pro mo\u017enost prov\u00e1d\u011bt n\u011bkter\u00e9 z\u00a0\u010dinnost\u00ed je nutn\u00e9 splnit i dal\u0161\u00ed povinnosti, aby osoba byla osobou kvalifikovanou. Bohu\u017eel s\u00a0n\u00e1zorem, \u017ee nyn\u00ed nen\u00ed pot\u0159eba m\u00edt zaji\u0161t\u011bnu odbornou firmu, nebo\u0165 posta\u010d\u00ed m\u00edt sv\u00e9ho technika PO jsem se ji\u017e setkal.<\/p>\n<p><strong>Normativn\u00ed po\u017eadavky u hasic\u00edch p\u0159\u00edstroj\u016f<\/strong><\/p>\n<p>Nap\u0159\u00edklad pro p\u0159enosn\u00e9 a poj\u00edzdn\u00e9 hasic\u00ed p\u0159\u00edstroje plat\u00ed technick\u00e1 norma \u010cSN ISO 11602-2:2002 (38 9162) Po\u017e\u00e1rn\u00ed ochrana \u2013 P\u0159enosn\u00e9 a poj\u00edzdn\u00e9 hasic\u00ed p\u0159\u00edstroje \u2013 \u010c\u00e1st 2: Prohl\u00eddka a \u00fadr\u017eba. Ta uv\u00e1d\u00ed, \u017ee vlastn\u00edk objektu, ur\u010den\u00e1 osoba nebo u\u017eivatel objektu, v\u00a0n\u011bm\u017e jsou hasic\u00ed p\u0159\u00edstroje um\u00edst\u011bny, jsou odpov\u011bdn\u00e9 za jejich prohl\u00eddku, \u00fadr\u017ebu a opakovan\u00e9 pln\u011bn\u00ed. D\u00e1le uv\u00e1d\u00ed, \u017ee pro prov\u00e1d\u011bn\u00ed j\u00ed stanoven\u00fdch m\u011bs\u00ed\u010dn\u00edch prohl\u00eddek jsou nezbytn\u00e9 minim\u00e1ln\u00ed znalosti, av\u0161ak pro servis (\u00fadr\u017eba a opakovan\u00e9 pln\u011bn\u00ed) hasic\u00edch p\u0159\u00edstroj\u016f stanovuje v\u00a0p\u0159\u00edloze A po\u017eadavky na osobu, kter\u00e1 jej m\u016f\u017ee prov\u00e1d\u011bt. Po\u017eaduje absolvov\u00e1n\u00ed v\u00fdcviku nebo odborn\u00e9 praxe po dobu nejm\u00e9n\u011b t\u0159\u00ed m\u011bs\u00edc\u016f a \u00fa\u010dast ve v\u00fdcvikov\u00e9m kurzu. Na jeho konci mus\u00ed b\u00fdt \u00fasp\u011b\u0161n\u011b absolvov\u00e1na zkou\u0161ka. V\u00fdcvik, podle normy, mus\u00ed v\u00e9st v\u00fdrobce nebo jin\u00fd kvalifikovan\u00fd a uznan\u00fd org\u00e1n. Ka\u017ed\u00fdch p\u011bt let mus\u00ed b\u00fdt absolvov\u00e1n obnovovac\u00ed kurz.<\/p>\n<h4>Shrnut\u00ed<\/h4>\n<p>K prov\u00e1d\u011bn\u00ed kontrol provozuschopnosti po\u017e\u00e1rn\u011b bezpe\u010dnostn\u00edch za\u0159\u00edzen\u00ed a v\u011bcn\u00fdch prost\u0159edk\u016f je nezbytn\u00e9 m\u00edt nejen kvalifikaci odborn\u011b zp\u016fsobil\u00e9 osoby nebo technika PO, ale tak\u00e9 dal\u0161\u00ed kvalifikaci stanovenou technickou normou nebo pr\u016fvodn\u00ed dokumentac\u00ed v\u00fdrobce.<\/p>\n<p style=\"text-align: right;\">2021-01-06<\/p>\n<p style=\"text-align: right;\">\u00a0<\/p>\n\n\n<pre class=\"wp-block-code\"><code><p align=\"center\"><a href=\"http:\/\/bozppo-neu.cz\/?page_id=5073\"><img decoding=\"async\" loading=\"lazy\" src=\"http:\/\/bozppo-neu.cz\/img\/menubutton.jpg\" alt=\"o uroven vyse\" width=\"50\" height=\"72\"><\/a><\/p><\/code><\/pre>\n","protected":false},"excerpt":{"rendered":"<p>Problematika provozuschopnosti po\u017e\u00e1rn\u011b bezpe\u010dnostn\u00edch za\u0159\u00edzen\u00ed a v\u011bcn\u00fdch prost\u0159edk\u016f je \u0159e\u0161ena jak v z\u00e1kon\u011b o po\u017e\u00e1rn\u00ed ochran\u011b, tak i v\u00a0prov\u00e1d\u011bc\u00ed vyhl\u00e1\u0161ce o po\u017e\u00e1rn\u00ed prevenci. Z\u00e1sadn\u00ed jsou ustanoven\u00ed \u00a7 7 odst. 4 a \u00a7 10 vyhl\u00e1\u0161ky \u010d. 246\/2001 Sb., ve zn\u011bn\u00ed pozd\u011bj\u0161\u00edch p\u0159edpis\u016f. V \u00a7 7 odst. 4 v\u00fd\u0161e uveden\u00e9 vyhl\u00e1\u0161ky se uv\u00e1d\u00ed: \u201eKontrola provozuschopnosti po\u017e\u00e1rn\u011b bezpe\u010dnostn\u00edho [&hellip;]<\/p>\n","protected":false},"author":1,"featured_media":0,"parent":0,"menu_order":0,"comment_status":"closed","ping_status":"closed","template":"","meta":[],"_links":{"self":[{"href":"http:\/\/bozppo-neu.cz\/index.php?rest_route=\/wp\/v2\/pages\/3889"}],"collection":[{"href":"http:\/\/bozppo-neu.cz\/index.php?rest_route=\/wp\/v2\/pages"}],"about":[{"href":"http:\/\/bozppo-neu.cz\/index.php?rest_route=\/wp\/v2\/types\/page"}],"author":[{"embeddable":true,"href":"http:\/\/bozppo-neu.cz\/index.php?rest_route=\/wp\/v2\/users\/1"}],"replies":[{"embeddable":true,"href":"http:\/\/bozppo-neu.cz\/index.php?rest_route=%2Fwp%2Fv2%2Fcomments&post=3889"}],"version-history":[{"count":9,"href":"http:\/\/bozppo-neu.cz\/index.php?rest_route=\/wp\/v2\/pages\/3889\/revisions"}],"predecessor-version":[{"id":6107,"href":"http:\/\/bozppo-neu.cz\/index.php?rest_route=\/wp\/v2\/pages\/3889\/revisions\/6107"}],"wp:attachment":[{"href":"http:\/\/bozppo-neu.cz\/index.php?rest_route=%2Fwp%2Fv2%2Fmedia&parent=3889"}],"curies":[{"name":"wp","href":"https:\/\/api.w.org\/{rel}","templated":true}]}}