{"id":3477,"date":"2019-11-21T18:01:59","date_gmt":"2019-11-21T17:01:59","guid":{"rendered":"http:\/\/bozppo-neu.cz\/?page_id=3477"},"modified":"2023-04-02T10:57:16","modified_gmt":"2023-04-02T08:57:16","slug":"interaktivni-formulare","status":"publish","type":"page","link":"http:\/\/bozppo-neu.cz\/?page_id=3477","title":{"rendered":"Interaktivn\u00ed formul\u00e1\u0159e"},"content":{"rendered":"<ul>\n<li><a href=\"http:\/\/bozppo-neu.cz\/wp-content\/uploads\/2019\/11\/zaznam_o_urazu_web_new.doc\">z\u00e1znam o \u00farazu<\/a><\/li>\n<li><a href=\"http:\/\/bozppo-neu.cz\/wp-content\/uploads\/2019\/11\/zaznam_o_urazu_hlaseni_zmen_web_new.doc\">z\u00e1znam o \u00farazu &#8211; hl\u00e1\u0161en\u00ed zm\u011bn<\/a><\/li>\n<\/ul>\n\n\n<pre class=\"wp-block-code\"><code><p align=\"center\"><a href=\"http:\/\/bozppo-neu.cz\/?page_id=5080\"><img decoding=\"async\" loading=\"lazy\" src=\"http:\/\/bozppo-neu.cz\/img\/menubutton.jpg\" alt=\"o uroven vyse\" width=\"50\" height=\"72\"><\/a><\/p><\/code><\/pre>\n","protected":false},"excerpt":{"rendered":"<p>z\u00e1znam o \u00farazu z\u00e1znam o \u00farazu &#8211; hl\u00e1\u0161en\u00ed zm\u011bn<\/p>\n","protected":false},"author":1,"featured_media":0,"parent":0,"menu_order":0,"comment_status":"closed","ping_status":"closed","template":"","meta":[],"_links":{"self":[{"href":"http:\/\/bozppo-neu.cz\/index.php?rest_route=\/wp\/v2\/pages\/3477"}],"collection":[{"href":"http:\/\/bozppo-neu.cz\/index.php?rest_route=\/wp\/v2\/pages"}],"about":[{"href":"http:\/\/bozppo-neu.cz\/index.php?rest_route=\/wp\/v2\/types\/page"}],"author":[{"embeddable":true,"href":"http:\/\/bozppo-neu.cz\/index.php?rest_route=\/wp\/v2\/users\/1"}],"replies":[{"embeddable":true,"href":"http:\/\/bozppo-neu.cz\/index.php?rest_route=%2Fwp%2Fv2%2Fcomments&post=3477"}],"version-history":[{"count":4,"href":"http:\/\/bozppo-neu.cz\/index.php?rest_route=\/wp\/v2\/pages\/3477\/revisions"}],"predecessor-version":[{"id":5429,"href":"http:\/\/bozppo-neu.cz\/index.php?rest_route=\/wp\/v2\/pages\/3477\/revisions\/5429"}],"wp:attachment":[{"href":"http:\/\/bozppo-neu.cz\/index.php?rest_route=%2Fwp%2Fv2%2Fmedia&parent=3477"}],"curies":[{"name":"wp","href":"https:\/\/api.w.org\/{rel}","templated":true}]}}