{"id":3402,"date":"2019-11-09T17:21:26","date_gmt":"2019-11-09T16:21:26","guid":{"rendered":"http:\/\/bozppo-neu.cz\/?page_id=3402"},"modified":"2023-04-02T11:35:54","modified_gmt":"2023-04-02T09:35:54","slug":"povinna-ockovani","status":"publish","type":"page","link":"http:\/\/bozppo-neu.cz\/?page_id=3402","title":{"rendered":"Povinn\u00e1 o\u010dkov\u00e1n\u00ed"},"content":{"rendered":"<p><img decoding=\"async\" loading=\"lazy\" class=\"wp-image-3404 alignright\" src=\"http:\/\/bozppo-neu.cz\/wp-content\/uploads\/2019\/11\/hrne\u010dek_3.jpg\" alt=\"hrnecek_3\" width=\"222\" height=\"169\" srcset=\"http:\/\/bozppo-neu.cz\/wp-content\/uploads\/2019\/11\/hrne\u010dek_3.jpg 926w, http:\/\/bozppo-neu.cz\/wp-content\/uploads\/2019\/11\/hrne\u010dek_3-300x229.jpg 300w, http:\/\/bozppo-neu.cz\/wp-content\/uploads\/2019\/11\/hrne\u010dek_3-768x586.jpg 768w\" sizes=\"(max-width: 222px) 100vw, 222px\" \/>Na z\u00e1klad\u011b ustanoven\u00ed \u00a7 103 odst. 1 p\u00edsm. c) z\u00e1kon\u00edku pr\u00e1ce je zam\u011bstnavatel povinen zajistit, aby pr\u00e1ce, u kter\u00fdch to stanov\u00ed pr\u00e1vn\u00ed p\u0159edpis, vykon\u00e1vali pouze zam\u011bstnanci, kte\u0159\u00ed se podrobili o\u010dkov\u00e1n\u00ed nebo maj\u00ed doklad o odolnosti v\u016f\u010di n\u00e1kaze. T\u011bmto zam\u011bstnanc\u016fm mus\u00ed nejen sd\u011blit, jak\u00fdm o\u010dkov\u00e1n\u00edm se mus\u00ed podrobit, ale t\u00e9\u017e jim je umo\u017enit. Vznikne-li zam\u011bstnanci z&nbsp;d\u016fvodu o\u010dkov\u00e1n\u00ed ztr\u00e1ta na v\u00fdd\u011blku, je zam\u011bstnavatel povinen mu ji nahradit ve v\u00fd\u0161i pr\u016fm\u011brn\u00e9ho v\u00fdd\u011blku.<\/p>\n<p>Povinn\u00e1 o\u010dkov\u00e1n\u00ed jsou uvedena ve&nbsp;vyhl\u00e1\u0161ce \u010d. 537\/2006&nbsp;Sb., ve zn\u011bn\u00ed pozd\u011bj\u0161\u00edch pr\u00e1vn\u00edch p\u0159edpis\u016f (proti virov\u00e9 hepatitid\u011b A a B, vzteklin\u011b a spalni\u010dk\u00e1m). Vyhl\u00e1\u0161ka t\u00e9\u017e uv\u00e1d\u00ed seznam pracovi\u0161\u0165 s&nbsp;vy\u0161\u0161\u00edm rizikem vzniku infek\u010dn\u00edch onemocn\u011bn\u00ed. T\u011bmi jsou nap\u0159\u00edklad n\u011bkter\u00e1 pracovi\u0161t\u011b ve zdravotnictv\u00ed, domovy pro seniory, azylov\u00e9 domy, laborato\u0159e, kde se pracuje s virulentn\u00edmi&nbsp;kmeny vztekliny a l\u00e9\u010debny dlouhodob\u011b nemocn\u00fdch. N\u011bkter\u00e1 o\u010dkov\u00e1n\u00ed se t\u00e9\u017e t\u00fdkaj\u00ed studuj\u00edc\u00edch l\u00e9ka\u0159sk\u00fdch fakult, \u017e\u00e1k\u016f zdravotnick\u00fdch \u0161kol a dal\u0161\u00edch \u0161kol, kter\u00e9 sv\u00e9 studenty nebo \u017e\u00e1ky p\u0159ipravuj\u00ed pro pr\u00e1ci ve zdravotnick\u00fdch nebo soci\u00e1ln\u00edch za\u0159\u00edzen\u00edch.<\/p>\n<p>Jin\u00e1 o\u010dkov\u00e1n\u00ed se t\u00fdkaj\u00ed zam\u011bstnanc\u016f a p\u0159\u00edslu\u0161n\u00edk\u016f slo\u017eek integrovan\u00e9ho z\u00e1chrann\u00e9ho syst\u00e9mu.<\/p>\n<p style=\"text-align: right;\">2019-11-09<\/p>\n<p style=\"text-align: center;\"><\/p>\n\n\n<pre class=\"wp-block-code\"><code><p align=\"center\"><a href=\"http:\/\/bozppo-neu.cz\/?page_id=1995\"><img decoding=\"async\" loading=\"lazy\" src=\"http:\/\/bozppo-neu.cz\/img\/menubutton.jpg\" alt=\"o uroven vyse\" width=\"50\" height=\"72\"><\/a><\/p><\/code><\/pre>\n","protected":false},"excerpt":{"rendered":"<p>Na z\u00e1klad\u011b ustanoven\u00ed \u00a7 103 odst. 1 p\u00edsm. c) z\u00e1kon\u00edku pr\u00e1ce je zam\u011bstnavatel povinen zajistit, aby pr\u00e1ce, u kter\u00fdch to stanov\u00ed pr\u00e1vn\u00ed p\u0159edpis, vykon\u00e1vali pouze zam\u011bstnanci, kte\u0159\u00ed se podrobili o\u010dkov\u00e1n\u00ed nebo maj\u00ed doklad o odolnosti v\u016f\u010di n\u00e1kaze. T\u011bmto zam\u011bstnanc\u016fm mus\u00ed nejen sd\u011blit, jak\u00fdm o\u010dkov\u00e1n\u00edm se mus\u00ed podrobit, ale t\u00e9\u017e jim je umo\u017enit. Vznikne-li zam\u011bstnanci z&nbsp;d\u016fvodu [&hellip;]<\/p>\n","protected":false},"author":1,"featured_media":0,"parent":0,"menu_order":0,"comment_status":"closed","ping_status":"closed","template":"","meta":[],"_links":{"self":[{"href":"http:\/\/bozppo-neu.cz\/index.php?rest_route=\/wp\/v2\/pages\/3402"}],"collection":[{"href":"http:\/\/bozppo-neu.cz\/index.php?rest_route=\/wp\/v2\/pages"}],"about":[{"href":"http:\/\/bozppo-neu.cz\/index.php?rest_route=\/wp\/v2\/types\/page"}],"author":[{"embeddable":true,"href":"http:\/\/bozppo-neu.cz\/index.php?rest_route=\/wp\/v2\/users\/1"}],"replies":[{"embeddable":true,"href":"http:\/\/bozppo-neu.cz\/index.php?rest_route=%2Fwp%2Fv2%2Fcomments&post=3402"}],"version-history":[{"count":16,"href":"http:\/\/bozppo-neu.cz\/index.php?rest_route=\/wp\/v2\/pages\/3402\/revisions"}],"predecessor-version":[{"id":5439,"href":"http:\/\/bozppo-neu.cz\/index.php?rest_route=\/wp\/v2\/pages\/3402\/revisions\/5439"}],"wp:attachment":[{"href":"http:\/\/bozppo-neu.cz\/index.php?rest_route=%2Fwp%2Fv2%2Fmedia&parent=3402"}],"curies":[{"name":"wp","href":"https:\/\/api.w.org\/{rel}","templated":true}]}}