{"id":335,"date":"2016-12-17T11:54:55","date_gmt":"2016-12-17T10:54:55","guid":{"rendered":"http:\/\/bozppo-neu.cz\/?page_id=335"},"modified":"2024-11-04T19:58:31","modified_gmt":"2024-11-04T18:58:31","slug":"polarni-stanice-na-nelson-island-v-antarktide","status":"publish","type":"page","link":"http:\/\/bozppo-neu.cz\/?page_id=335","title":{"rendered":"Pol\u00e1rn\u00ed stanice na Nelson Island v Antarktid\u011b"},"content":{"rendered":"<p>Na po\u010d\u00e1tku 90. let minul\u00e9ho stolet\u00ed jsem spolupracoval s organizac\u00ed Mlad\u00ed pol\u00e1rn\u00edci, je\u017e byla sou\u010d\u00e1st\u00ed \u010ceskoslovensk\u00e9ho antarktick\u00e9ho programu veden\u00e9ho pol\u00e1rn\u00edkem p. <strong><a href=\"https:\/\/cs.wikipedia.org\/wiki\/Jaroslav_Pavl%C3%AD%C4%8Dek\">Jaroslavem Pavl\u00ed\u010dkem<\/a><\/strong>. Jejich soukrom\u00e9 experiment\u00e1ln\u00ed pol\u00e1rn\u00ed stanici Eco Nelson v Antarktid\u011b (prvn\u00ed \u010ceskoslovensk\u00e9, pozd\u011bji \u010cesk\u00e9, stanici na tomto kontinentu) jsem zajistil r\u016fzn\u00e9 materi\u00e1ln\u00ed vybaven\u00ed pro jej\u00ed \u010dinnost.<\/p>\n<p>Na \u010dinnosti pol\u00e1rn\u00ed stanice se po absolvov\u00e1n\u00ed p\u0159\u00edpravn\u00e9ho kurzu pod\u00edlela \u0159ada mlad\u00fdch lid\u00ed. Dokonce zde bylo mo\u017en\u00e9 absolvovat n\u00e1hradn\u00ed vojenskou slu\u017ebu &#8211; civiln\u00ed slu\u017ebu.<\/p>\n<div id=\"attachment_337\" style=\"width: 540px\" class=\"wp-caption aligncenter\"><img aria-describedby=\"caption-attachment-337\" decoding=\"async\" loading=\"lazy\" class=\"wp-image-337\" src=\"http:\/\/bozppo-neu.cz\/wp-content\/uploads\/2016\/12\/image003-4.jpg\" alt=\"image003\" width=\"530\" height=\"354\" srcset=\"http:\/\/bozppo-neu.cz\/wp-content\/uploads\/2016\/12\/image003-4.jpg 1495w, http:\/\/bozppo-neu.cz\/wp-content\/uploads\/2016\/12\/image003-4-300x200.jpg 300w, http:\/\/bozppo-neu.cz\/wp-content\/uploads\/2016\/12\/image003-4-768x513.jpg 768w, http:\/\/bozppo-neu.cz\/wp-content\/uploads\/2016\/12\/image003-4-1024x684.jpg 1024w, http:\/\/bozppo-neu.cz\/wp-content\/uploads\/2016\/12\/image003-4-1200x802.jpg 1200w\" sizes=\"(max-width: 530px) 100vw, 530px\" \/><p id=\"caption-attachment-337\" class=\"wp-caption-text\"><span style=\"color: #400050;\"><em>Pohled od stanice na plachetnici, v\u011btrnou elektr\u00e1rnu (vyr\u00e1b\u00ed sv\u011btlo a \u010d\u00e1ste\u010dn\u011b i teplo pro stanici) a dome\u010dek pro prov\u00e1d\u011bn\u00ed v\u00fdzkumu (po\u010d\u00e1tek 90. let minul\u00e9ho stolet\u00ed) &#8211; foto: Jaroslav Pavl\u00ed\u010dek<\/em><\/span><\/p><\/div>\n<div id=\"attachment_343\" style=\"width: 227px\" class=\"wp-caption aligncenter\"><img aria-describedby=\"caption-attachment-343\" decoding=\"async\" loading=\"lazy\" class=\"wp-image-343 size-full\" src=\"http:\/\/bozppo-neu.cz\/wp-content\/uploads\/2016\/12\/image009.jpg\" alt=\"image009\" width=\"217\" height=\"205\" \/><p id=\"caption-attachment-343\" class=\"wp-caption-text\"><span style=\"color: #400050;\"><em>Po\u0161tovn\u00ed raz\u00edtko stanice z 90. let minul\u00e9ho stolet\u00ed<\/em><\/span><\/p><\/div>\n<div id=\"attachment_340\" style=\"width: 510px\" class=\"wp-caption aligncenter\"><img aria-describedby=\"caption-attachment-340\" decoding=\"async\" loading=\"lazy\" class=\"wp-image-340\" src=\"http:\/\/bozppo-neu.cz\/wp-content\/uploads\/2016\/12\/image010-2.jpg\" alt=\"image010\" width=\"500\" height=\"340\" srcset=\"http:\/\/bozppo-neu.cz\/wp-content\/uploads\/2016\/12\/image010-2.jpg 666w, http:\/\/bozppo-neu.cz\/wp-content\/uploads\/2016\/12\/image010-2-300x204.jpg 300w\" sizes=\"(max-width: 500px) 100vw, 500px\" \/><p id=\"caption-attachment-340\" class=\"wp-caption-text\"><span style=\"color: #400050;\"><em>Plak\u00e1t z po\u010d\u00e1tku 90. let minul\u00e9ho stolet\u00ed<\/em><\/span><\/p><\/div>\n<p style=\"text-align: right;\">2016-12-17<\/p>\n<p style=\"text-align: right;\">\u00a0<\/p>\n<p style=\"text-align: right;\">\u00a0<\/p>\n\n\n<pre class=\"wp-block-code\"><code><p align=\"center\"><a href=\"http:\/\/bozppo-neu.cz\/?page_id=5\"><img decoding=\"async\" loading=\"lazy\" src=\"http:\/\/bozppo-neu.cz\/img\/menubutton.jpg\" alt=\"o uroven vyse\" width=\"50\" height=\"72\"><\/a><\/p><\/code><\/pre>\n","protected":false},"excerpt":{"rendered":"<p>Na po\u010d\u00e1tku 90. let minul\u00e9ho stolet\u00ed jsem spolupracoval s organizac\u00ed Mlad\u00ed pol\u00e1rn\u00edci, je\u017e byla sou\u010d\u00e1st\u00ed \u010ceskoslovensk\u00e9ho antarktick\u00e9ho programu veden\u00e9ho pol\u00e1rn\u00edkem p. Jaroslavem Pavl\u00ed\u010dkem. Jejich soukrom\u00e9 experiment\u00e1ln\u00ed pol\u00e1rn\u00ed stanici Eco Nelson v Antarktid\u011b (prvn\u00ed \u010ceskoslovensk\u00e9, pozd\u011bji \u010cesk\u00e9, stanici na tomto kontinentu) jsem zajistil r\u016fzn\u00e9 materi\u00e1ln\u00ed vybaven\u00ed pro jej\u00ed \u010dinnost. Na \u010dinnosti pol\u00e1rn\u00ed stanice se po absolvov\u00e1n\u00ed [&hellip;]<\/p>\n","protected":false},"author":1,"featured_media":0,"parent":0,"menu_order":0,"comment_status":"closed","ping_status":"closed","template":"","meta":[],"_links":{"self":[{"href":"http:\/\/bozppo-neu.cz\/index.php?rest_route=\/wp\/v2\/pages\/335"}],"collection":[{"href":"http:\/\/bozppo-neu.cz\/index.php?rest_route=\/wp\/v2\/pages"}],"about":[{"href":"http:\/\/bozppo-neu.cz\/index.php?rest_route=\/wp\/v2\/types\/page"}],"author":[{"embeddable":true,"href":"http:\/\/bozppo-neu.cz\/index.php?rest_route=\/wp\/v2\/users\/1"}],"replies":[{"embeddable":true,"href":"http:\/\/bozppo-neu.cz\/index.php?rest_route=%2Fwp%2Fv2%2Fcomments&post=335"}],"version-history":[{"count":32,"href":"http:\/\/bozppo-neu.cz\/index.php?rest_route=\/wp\/v2\/pages\/335\/revisions"}],"predecessor-version":[{"id":6015,"href":"http:\/\/bozppo-neu.cz\/index.php?rest_route=\/wp\/v2\/pages\/335\/revisions\/6015"}],"wp:attachment":[{"href":"http:\/\/bozppo-neu.cz\/index.php?rest_route=%2Fwp%2Fv2%2Fmedia&parent=335"}],"curies":[{"name":"wp","href":"https:\/\/api.w.org\/{rel}","templated":true}]}}