{"id":3013,"date":"2018-05-08T16:54:49","date_gmt":"2018-05-08T14:54:49","guid":{"rendered":"http:\/\/bozppo-neu.cz\/?page_id=3013"},"modified":"2023-03-23T14:09:30","modified_gmt":"2023-03-23T13:09:30","slug":"na-co-by-se-nemelo-zapomenout-pri-skoleni-vedoucich-zamestnancu","status":"publish","type":"page","link":"http:\/\/bozppo-neu.cz\/?page_id=3013","title":{"rendered":"Na co by se nem\u011blo zapomenout p\u0159i \u0161kolen\u00ed vedouc\u00edch zam\u011bstnanc\u016f"},"content":{"rendered":"<p>Z\u00e1kon\u00edk pr\u00e1ce nerozli\u0161uje \u0161kolen\u00ed o pr\u00e1vn\u00edch a ostatn\u00edch p\u0159edpisech k zaji\u0161t\u011bn\u00ed BOZP pro vedouc\u00ed zam\u011bstnance a pro ostatn\u00ed zam\u011bstnance. Vzhledem k tomu, \u017ee vedouc\u00ed zam\u011bstnanci maj\u00ed \u0159\u00eddit zaji\u0161\u0165ov\u00e1n\u00ed BOZP na jimi \u0159\u00edzen\u00fdch pracovi\u0161t\u00edch, je na snad\u011b, \u017ee by jim m\u011bly b\u00fdt poskytnuty jin\u00e9 informace a ve v\u011bt\u0161\u00ed \u0161\u00ed\u0159i, ne\u017e ostatn\u00edm zam\u011bstnanc\u016fm.<\/p>\n<p>Jist\u011b by nem\u011bly b\u00fdt opomenuty inforamce t\u00fdkaj\u00edc\u00ed se jejich odpov\u011bdnosti za jaji\u0161t\u011bn\u00ed BOZP, jako\u017e i jejich povinnost zaji\u0161\u0165ovat BOZP. S podrobn\u011bj\u0161\u00edmi informacemi k t\u011bmto t\u00e9mat\u016fm se m\u016f\u017eete sezn\u00e1mit v \u010d\u00e1sti <a href=\"http:\/\/bozppo-neu.cz\/wp-content\/uploads\/2018\/05\/skoleni_ved.pdf\">prezentace<\/a> zpracovan\u00e9 pro \u0161kolen\u00ed vedouc\u00edch zam\u011bstnanc\u016f.<\/p>\n<p style=\"text-align: right;\">2018-05-08<\/p>\n<p style=\"text-align: right;\"><\/p>\n\n\n<pre class=\"wp-block-code\"><code><p align=\"center\"><a href=\"http:\/\/bozppo-neu.cz\/?page_id=995\"><img decoding=\"async\" loading=\"lazy\" src=\"http:\/\/bozppo-neu.cz\/img\/menubutton.jpg\" alt=\"o uroven vyse\" width=\"50\" height=\"72\"><\/a><\/p><\/code><\/pre>\n","protected":false},"excerpt":{"rendered":"<p>Z\u00e1kon\u00edk pr\u00e1ce nerozli\u0161uje \u0161kolen\u00ed o pr\u00e1vn\u00edch a ostatn\u00edch p\u0159edpisech k zaji\u0161t\u011bn\u00ed BOZP pro vedouc\u00ed zam\u011bstnance a pro ostatn\u00ed zam\u011bstnance. Vzhledem k tomu, \u017ee vedouc\u00ed zam\u011bstnanci maj\u00ed \u0159\u00eddit zaji\u0161\u0165ov\u00e1n\u00ed BOZP na jimi \u0159\u00edzen\u00fdch pracovi\u0161t\u00edch, je na snad\u011b, \u017ee by jim m\u011bly b\u00fdt poskytnuty jin\u00e9 informace a ve v\u011bt\u0161\u00ed \u0161\u00ed\u0159i, ne\u017e ostatn\u00edm zam\u011bstnanc\u016fm. Jist\u011b by nem\u011bly b\u00fdt [&hellip;]<\/p>\n","protected":false},"author":1,"featured_media":0,"parent":0,"menu_order":0,"comment_status":"closed","ping_status":"closed","template":"","meta":[],"_links":{"self":[{"href":"http:\/\/bozppo-neu.cz\/index.php?rest_route=\/wp\/v2\/pages\/3013"}],"collection":[{"href":"http:\/\/bozppo-neu.cz\/index.php?rest_route=\/wp\/v2\/pages"}],"about":[{"href":"http:\/\/bozppo-neu.cz\/index.php?rest_route=\/wp\/v2\/types\/page"}],"author":[{"embeddable":true,"href":"http:\/\/bozppo-neu.cz\/index.php?rest_route=\/wp\/v2\/users\/1"}],"replies":[{"embeddable":true,"href":"http:\/\/bozppo-neu.cz\/index.php?rest_route=%2Fwp%2Fv2%2Fcomments&post=3013"}],"version-history":[{"count":5,"href":"http:\/\/bozppo-neu.cz\/index.php?rest_route=\/wp\/v2\/pages\/3013\/revisions"}],"predecessor-version":[{"id":5179,"href":"http:\/\/bozppo-neu.cz\/index.php?rest_route=\/wp\/v2\/pages\/3013\/revisions\/5179"}],"wp:attachment":[{"href":"http:\/\/bozppo-neu.cz\/index.php?rest_route=%2Fwp%2Fv2%2Fmedia&parent=3013"}],"curies":[{"name":"wp","href":"https:\/\/api.w.org\/{rel}","templated":true}]}}