{"id":3001,"date":"2018-05-08T15:44:02","date_gmt":"2018-05-08T13:44:02","guid":{"rendered":"http:\/\/bozppo-neu.cz\/?page_id=3001"},"modified":"2023-04-01T08:56:56","modified_gmt":"2023-04-01T06:56:56","slug":"kdo-za-koho-kope-pri-zajistovani-bozp","status":"publish","type":"page","link":"http:\/\/bozppo-neu.cz\/?page_id=3001","title":{"rendered":"Kdo za koho &#8222;kope&#8220; p\u0159i zaji\u0161\u0165ov\u00e1n\u00ed BOZP"},"content":{"rendered":"<p>Ka\u017ed\u00e1 ze stran, je\u017e se pod\u00edl\u00ed na zaji\u0161\u0165ov\u00e1n\u00ed BOZP (zam\u011bstnavatel, zam\u011bstnanci, st\u00e1t), m\u00e1 n\u011bkolik z\u00e1stupc\u016f, kte\u0159\u00ed h\u00e1j\u00ed jej\u00ed z\u00e1jmy, \u0159e\u010deno fotbalovou terminologi\u00ed \u2013 za n\u00ed kopou.<\/p>\n<p><img decoding=\"async\" loading=\"lazy\" class=\"aligncenter wp-image-5355\" src=\"http:\/\/bozppo-neu.cz\/wp-content\/uploads\/2023\/03\/fotbal.jpg\" alt=\"\" width=\"620\" height=\"581\" srcset=\"http:\/\/bozppo-neu.cz\/wp-content\/uploads\/2023\/03\/fotbal.jpg 789w, http:\/\/bozppo-neu.cz\/wp-content\/uploads\/2023\/03\/fotbal-300x281.jpg 300w, http:\/\/bozppo-neu.cz\/wp-content\/uploads\/2023\/03\/fotbal-768x720.jpg 768w\" sizes=\"(max-width: 620px) 100vw, 620px\" \/><\/p>\n\n\n<pre class=\"wp-block-code\"><code><p align=\"center\"><a href=\"http:\/\/bozppo-neu.cz\/?page_id=873\"><img decoding=\"async\" loading=\"lazy\" src=\"http:\/\/bozppo-neu.cz\/img\/menubutton.jpg\" alt=\"o uroven vyse\" width=\"50\" height=\"72\"><\/a><\/p><\/code><\/pre>\n","protected":false},"excerpt":{"rendered":"<p>Ka\u017ed\u00e1 ze stran, je\u017e se pod\u00edl\u00ed na zaji\u0161\u0165ov\u00e1n\u00ed BOZP (zam\u011bstnavatel, zam\u011bstnanci, st\u00e1t), m\u00e1 n\u011bkolik z\u00e1stupc\u016f, kte\u0159\u00ed h\u00e1j\u00ed jej\u00ed z\u00e1jmy, \u0159e\u010deno fotbalovou terminologi\u00ed \u2013 za n\u00ed kopou.<\/p>\n","protected":false},"author":1,"featured_media":0,"parent":0,"menu_order":0,"comment_status":"closed","ping_status":"closed","template":"","meta":[],"_links":{"self":[{"href":"http:\/\/bozppo-neu.cz\/index.php?rest_route=\/wp\/v2\/pages\/3001"}],"collection":[{"href":"http:\/\/bozppo-neu.cz\/index.php?rest_route=\/wp\/v2\/pages"}],"about":[{"href":"http:\/\/bozppo-neu.cz\/index.php?rest_route=\/wp\/v2\/types\/page"}],"author":[{"embeddable":true,"href":"http:\/\/bozppo-neu.cz\/index.php?rest_route=\/wp\/v2\/users\/1"}],"replies":[{"embeddable":true,"href":"http:\/\/bozppo-neu.cz\/index.php?rest_route=%2Fwp%2Fv2%2Fcomments&post=3001"}],"version-history":[{"count":12,"href":"http:\/\/bozppo-neu.cz\/index.php?rest_route=\/wp\/v2\/pages\/3001\/revisions"}],"predecessor-version":[{"id":5375,"href":"http:\/\/bozppo-neu.cz\/index.php?rest_route=\/wp\/v2\/pages\/3001\/revisions\/5375"}],"wp:attachment":[{"href":"http:\/\/bozppo-neu.cz\/index.php?rest_route=%2Fwp%2Fv2%2Fmedia&parent=3001"}],"curies":[{"name":"wp","href":"https:\/\/api.w.org\/{rel}","templated":true}]}}