{"id":295,"date":"2016-12-16T19:20:23","date_gmt":"2016-12-16T18:20:23","guid":{"rendered":"http:\/\/bozppo-neu.cz\/?page_id=295"},"modified":"2026-01-28T18:28:12","modified_gmt":"2026-01-28T17:28:12","slug":"ziskana-oceneni","status":"publish","type":"page","link":"http:\/\/bozppo-neu.cz\/?page_id=295","title":{"rendered":"Z\u00edskan\u00e1 ocen\u011bn\u00ed"},"content":{"rendered":"<p>M\u00e1 pr\u00e1ce byla t\u0159ikr\u00e1t ocen\u011bna na n\u00e1rodn\u00ed \u00farovni a dvakr\u00e1t na mezin\u00e1rodn\u00ed \u00farovni.<\/p>\n<p><strong>2006<\/strong> &#8211; pro VFN jsem z\u00edskal v\u00edt\u011bzstv\u00ed v n\u00e1rodn\u00ed sout\u011b\u017ei &#8222;Spr\u00e1vn\u00e1 praxe&#8220; (za vytvo\u0159en\u00e9 <strong><a href=\"http:\/\/bozppo-neu.cz\/?page_id=861\">e-learningov\u00e9 projekty &#8222;\u0160kolen\u00ed BOZP&#8220; a &#8222;\u0160kolen\u00ed PO&#8220;<\/a><\/strong> pro zam\u011bstnance VFN [autor syst\u00e9mu, osnov, v\u00fdukov\u00fdch text\u016f a zku\u0161ebn\u00edch test\u016f])<\/p>\n<p><img decoding=\"async\" loading=\"lazy\" class=\"aligncenter wp-image-319\" src=\"http:\/\/bozppo-neu.cz\/wp-content\/uploads\/2016\/12\/image001-1-1024x766.jpg\" alt=\"OLYMPUS DIGITAL CAMERA\" width=\"500\" height=\"374\" srcset=\"http:\/\/bozppo-neu.cz\/wp-content\/uploads\/2016\/12\/image001-1-1024x766.jpg 1024w, http:\/\/bozppo-neu.cz\/wp-content\/uploads\/2016\/12\/image001-1-300x224.jpg 300w, http:\/\/bozppo-neu.cz\/wp-content\/uploads\/2016\/12\/image001-1-768x575.jpg 768w, http:\/\/bozppo-neu.cz\/wp-content\/uploads\/2016\/12\/image001-1-1200x898.jpg 1200w\" sizes=\"(max-width: 500px) 100vw, 500px\" \/><\/p>\n<p><img decoding=\"async\" loading=\"lazy\" class=\"aligncenter wp-image-1475\" src=\"http:\/\/bozppo-neu.cz\/wp-content\/uploads\/2017\/02\/image003-1.jpg\" alt=\"MINOLTA DIGITAL CAMERA\" width=\"330\" height=\"323\" srcset=\"http:\/\/bozppo-neu.cz\/wp-content\/uploads\/2017\/02\/image003-1.jpg 974w, http:\/\/bozppo-neu.cz\/wp-content\/uploads\/2017\/02\/image003-1-300x294.jpg 300w, http:\/\/bozppo-neu.cz\/wp-content\/uploads\/2017\/02\/image003-1-768x751.jpg 768w\" sizes=\"(max-width: 330px) 100vw, 330px\" \/><\/p>\n<p><strong><a href=\"http:\/\/bozppo-neu.cz\/wp-content\/uploads\/2017\/02\/oceneni-1.pdf\"><img decoding=\"async\" loading=\"lazy\" class=\"wp-image-1640 alignright\" src=\"http:\/\/bozppo-neu.cz\/wp-content\/uploads\/2017\/02\/kniha_2.gif\" alt=\"kniha_2\" width=\"105\" height=\"148\" \/><\/a>2007<\/strong> &#8211; pro VFN jsem z\u00edskal ocen\u011bn\u00ed od Evropsk\u00e9 agentury pro BOZP v sout\u011b\u017ei &#8222;Spr\u00e1vn\u00e1 praxe 2006&#8220; (e-learningov\u00fdm projekt\u016fm &#8222;\u0160kolen\u00ed BOZP&#8220; a &#8222;\u0160kolen\u00ed PO&#8220; pro \u017e\u00e1ky zdravotnick\u00fdch \u0161kol doch\u00e1zej\u00edc\u00ed na odbornou praxi do VFN bylo ud\u011bleno ofici\u00e1ln\u00ed ozna\u010den\u00ed <strong>&#8222;Doporu\u010den\u00fd p\u0159\u00edklad&#8220;<\/strong> [autor syst\u00e9mu, osnov, v\u00fdukov\u00fdch text\u016f a zku\u0161ebn\u00edch test\u016f]; prost\u0159ednictv\u00edm publikace &#8222;A Safe Start for Young Workers in Practice&#8220; vydan\u00e9 agenturou byli o e-learningov\u00fdch projektech informov\u00e1ni ve v\u0161ech \u010dlensk\u00fdch st\u00e1tech Evropsk\u00e9 unie [pro zobrazen\u00ed textu o projektech klikn\u011bte na knihu])<\/p>\n<p><img decoding=\"async\" loading=\"lazy\" class=\"aligncenter wp-image-311\" src=\"http:\/\/bozppo-neu.cz\/wp-content\/uploads\/2016\/12\/image003-3.jpg\" alt=\"image003\" width=\"480\" height=\"331\" srcset=\"http:\/\/bozppo-neu.cz\/wp-content\/uploads\/2016\/12\/image003-3.jpg 778w, http:\/\/bozppo-neu.cz\/wp-content\/uploads\/2016\/12\/image003-3-300x207.jpg 300w, http:\/\/bozppo-neu.cz\/wp-content\/uploads\/2016\/12\/image003-3-768x530.jpg 768w\" sizes=\"(max-width: 480px) 100vw, 480px\" \/><\/p>\n<p><strong>2011<\/strong> &#8211; ocen\u011bn\u00ed v evropsk\u00e9 sout\u011b\u017ei <strong>&#8222;Ud\u011blejme zm\u011bnu&#8220;<\/strong> (integrace informac\u00ed pro vyu\u017e\u00edv\u00e1n\u00ed e-learningu k seznamov\u00e1n\u00ed zam\u011bstnanc\u016f s po\u017eadavky BOZP a PO, tedy propojen\u00ed do jednoho syst\u00e9mu e-learningu, detailn\u011bj\u0161\u00edch informac\u00ed o problematice BOZP a PO, intern\u00edch webov\u00fdch str\u00e1nek \u00datvaru BOZP a PO, port\u00e1lu \u0159\u00eddic\u00ed dokumentace BOZP a PO a informa\u010dn\u00edch CD pro preventisty BOZP a PO [o ta projevil z\u00e1jem kolega z Univerzity Kon\u0161tant\u00edna Filozofa v Nitre])<\/p>\n<p style=\"text-align: center;\"><img decoding=\"async\" loading=\"lazy\" class=\"aligncenter wp-image-304\" src=\"http:\/\/bozppo-neu.cz\/wp-content\/uploads\/2016\/12\/image002-1.jpg\" alt=\"image002\" width=\"300\" height=\"351\" srcset=\"http:\/\/bozppo-neu.cz\/wp-content\/uploads\/2016\/12\/image002-1.jpg 513w, http:\/\/bozppo-neu.cz\/wp-content\/uploads\/2016\/12\/image002-1-256x300.jpg 256w\" sizes=\"(max-width: 300px) 100vw, 300px\" \/>(pro v\u011bt\u0161\u00ed zobrazen\u00ed klikn\u011bte <a href=\"http:\/\/bozppo-neu.cz\/wp-content\/uploads\/2017\/02\/oceneni.pdf\">zde<\/a>)<\/p>\n<p><strong>2012<\/strong> &#8211; v\u00edt\u011bz sout\u011b\u017ee &#8222;<a href=\"https:\/\/zsbozp.vubp.cz\/profesional-bozp-2012\"><strong>Profesion\u00e1l BOZP<\/strong><\/a>&#8220; (za aktivity v prevenci rizik v letech 2007 a\u017e 2011: <a href=\"http:\/\/bozppo-neu.cz\/?page_id=1008\"><strong>motiva\u010dn\u00ed \u0161kolen\u00ed zam\u011bstnanc\u016f na podporu vytv\u00e1\u0159en\u00ed pozitivn\u00edho p\u0159\u00edstupu k prevenci rizik<\/strong><\/a>, extern\u00ed a intern\u00ed webov\u00e9 str\u00e1nky \u00datvaru BOZP a PO k podpo\u0159e \u0159\u00edzen\u00ed BOZP a PO ve VFN, materi\u00e1ly k propagaci BOZP &#8211; <a href=\"http:\/\/bozppo-neu.cz\/wp-content\/uploads\/2016\/12\/kalendar.pdf\"><strong>kalend\u00e1\u0159e<\/strong><\/a>, novoro\u010denky)<\/p>\n<p><img decoding=\"async\" loading=\"lazy\" class=\"wp-image-1144 aligncenter\" src=\"http:\/\/bozppo-neu.cz\/wp-content\/uploads\/2017\/01\/oceneni.bmp\" alt=\"oceneni\" width=\"270\" height=\"378\" srcset=\"http:\/\/bozppo-neu.cz\/wp-content\/uploads\/2017\/01\/oceneni.bmp 314w, http:\/\/bozppo-neu.cz\/wp-content\/uploads\/2017\/01\/oceneni-214x300.jpg 214w\" sizes=\"(max-width: 270px) 100vw, 270px\" \/><\/p>\n<p>a <a href=\"http:\/\/bozppo-neu.cz\/wp-content\/uploads\/2017\/02\/blahoprani.pdf\"><strong>blahop\u0159\u00e1n\u00ed<\/strong><\/a> pana ministra.<\/p>\n<p><img decoding=\"async\" loading=\"lazy\" class=\"wp-image-1490 aligncenter\" src=\"http:\/\/bozppo-neu.cz\/wp-content\/uploads\/2017\/02\/predani_2.jpg\" alt=\"predani_2\" width=\"317\" height=\"364\" \/><\/p>\n<p><strong>2020<\/strong> &#8211; Znaleck\u00fdm \u00fastavem bezpe\u010dnosti a ochrany zdrav\u00ed, z.\u00fa., mi za z\u00e1sluhy o rozvoj oboru BOZP v \u010cesk\u00e9 republice, zejm\u00e9na bohatou <a href=\"http:\/\/bozppo-neu.cz\/?page_id=108\"><strong>publika\u010dn\u00ed \u010dinnost\u00ed<\/strong><\/a> a dlouholetou odbornou v\u00fdukou, bylo ud\u011bleno \u010cestn\u00e9 uzn\u00e1n\u00ed a bronzov\u00e1 Medaile Z\u00daBOZ.<\/p>\n<p><img decoding=\"async\" loading=\"lazy\" class=\"aligncenter wp-image-3705\" src=\"http:\/\/bozppo-neu.cz\/wp-content\/uploads\/2020\/03\/PICT4313-1.jpg\" alt=\"pict4313\" width=\"620\" height=\"481\" srcset=\"http:\/\/bozppo-neu.cz\/wp-content\/uploads\/2020\/03\/PICT4313-1.jpg 2573w, http:\/\/bozppo-neu.cz\/wp-content\/uploads\/2020\/03\/PICT4313-1-300x233.jpg 300w, http:\/\/bozppo-neu.cz\/wp-content\/uploads\/2020\/03\/PICT4313-1-768x596.jpg 768w, http:\/\/bozppo-neu.cz\/wp-content\/uploads\/2020\/03\/PICT4313-1-1024x795.jpg 1024w, http:\/\/bozppo-neu.cz\/wp-content\/uploads\/2020\/03\/PICT4313-1-1200x932.jpg 1200w\" sizes=\"(max-width: 620px) 100vw, 620px\" \/><\/p>\n<p style=\"text-align: center;\">(pro v\u011bt\u0161\u00ed zobrazen\u00ed klikn\u011bte <strong><a href=\"http:\/\/bozppo-neu.cz\/wp-content\/uploads\/2020\/03\/PICT4313-1.jpg\">zde<\/a><\/strong>)<\/p>\n<p style=\"text-align: center;\"><img decoding=\"async\" loading=\"lazy\" class=\"aligncenter wp-image-3730\" src=\"http:\/\/bozppo-neu.cz\/wp-content\/uploads\/2020\/04\/MEDAILE.png\" alt=\"medaile\" width=\"620\" height=\"743\" srcset=\"http:\/\/bozppo-neu.cz\/wp-content\/uploads\/2020\/04\/MEDAILE.png 787w, http:\/\/bozppo-neu.cz\/wp-content\/uploads\/2020\/04\/MEDAILE-250x300.png 250w, http:\/\/bozppo-neu.cz\/wp-content\/uploads\/2020\/04\/MEDAILE-768x920.png 768w\" sizes=\"(max-width: 620px) 100vw, 620px\" \/><\/p>\n<p style=\"text-align: right;\">2020-03-16<\/p>\n\n\n<pre class=\"wp-block-code\"><code><p align=\"center\"><a href=\"http:\/\/bozppo-neu.cz\/?page_id=5\"><img decoding=\"async\" loading=\"lazy\" src=\"http:\/\/bozppo-neu.cz\/img\/menubutton.jpg\" alt=\"o uroven vyse\" width=\"50\" height=\"72\"><\/a><\/p><\/code><\/pre>\n","protected":false},"excerpt":{"rendered":"<p>M\u00e1 pr\u00e1ce byla t\u0159ikr\u00e1t ocen\u011bna na n\u00e1rodn\u00ed \u00farovni a dvakr\u00e1t na mezin\u00e1rodn\u00ed \u00farovni. 2006 &#8211; pro VFN jsem z\u00edskal v\u00edt\u011bzstv\u00ed v n\u00e1rodn\u00ed sout\u011b\u017ei &#8222;Spr\u00e1vn\u00e1 praxe&#8220; (za vytvo\u0159en\u00e9 e-learningov\u00e9 projekty &#8222;\u0160kolen\u00ed BOZP&#8220; a &#8222;\u0160kolen\u00ed PO&#8220; pro zam\u011bstnance VFN [autor syst\u00e9mu, osnov, v\u00fdukov\u00fdch text\u016f a zku\u0161ebn\u00edch test\u016f]) 2007 &#8211; pro VFN jsem z\u00edskal ocen\u011bn\u00ed od Evropsk\u00e9 agentury [&hellip;]<\/p>\n","protected":false},"author":1,"featured_media":0,"parent":0,"menu_order":0,"comment_status":"closed","ping_status":"closed","template":"","meta":[],"_links":{"self":[{"href":"http:\/\/bozppo-neu.cz\/index.php?rest_route=\/wp\/v2\/pages\/295"}],"collection":[{"href":"http:\/\/bozppo-neu.cz\/index.php?rest_route=\/wp\/v2\/pages"}],"about":[{"href":"http:\/\/bozppo-neu.cz\/index.php?rest_route=\/wp\/v2\/types\/page"}],"author":[{"embeddable":true,"href":"http:\/\/bozppo-neu.cz\/index.php?rest_route=\/wp\/v2\/users\/1"}],"replies":[{"embeddable":true,"href":"http:\/\/bozppo-neu.cz\/index.php?rest_route=%2Fwp%2Fv2%2Fcomments&post=295"}],"version-history":[{"count":51,"href":"http:\/\/bozppo-neu.cz\/index.php?rest_route=\/wp\/v2\/pages\/295\/revisions"}],"predecessor-version":[{"id":6353,"href":"http:\/\/bozppo-neu.cz\/index.php?rest_route=\/wp\/v2\/pages\/295\/revisions\/6353"}],"wp:attachment":[{"href":"http:\/\/bozppo-neu.cz\/index.php?rest_route=%2Fwp%2Fv2%2Fmedia&parent=295"}],"curies":[{"name":"wp","href":"https:\/\/api.w.org\/{rel}","templated":true}]}}