{"id":2628,"date":"2017-09-25T09:26:14","date_gmt":"2017-09-25T07:26:14","guid":{"rendered":"http:\/\/bozppo-neu.cz\/?page_id=2628"},"modified":"2023-03-23T14:38:50","modified_gmt":"2023-03-23T13:38:50","slug":"prace-zakazane-mladistvym","status":"publish","type":"page","link":"http:\/\/bozppo-neu.cz\/?page_id=2628","title":{"rendered":"Pr\u00e1ce zak\u00e1zan\u00e9 mladistv\u00fdm"},"content":{"rendered":"<p><img decoding=\"async\" loading=\"lazy\" class=\"alignright wp-image-3677\" src=\"http:\/\/bozppo-neu.cz\/wp-content\/uploads\/2020\/01\/bozp_brigady120730_big.jpg\" alt=\"bozp_brigady120730_big\" width=\"150\" height=\"227\" \/>Mladistv\u00fdm zam\u011bstnanc\u016fm, tedy osob\u00e1m ve v\u011bku 15 a\u017e 18 let, je vyhl\u00e1\u0161kou \u010d. 180\/2015\u00a0Sb. zak\u00e1z\u00e1n rozs\u00e1hl\u00fd v\u00fdkon prac\u00ed a t\u00e9\u017e pracovi\u0161\u0165. N\u011bkter\u00e9 zak\u00e1zan\u00e9 pr\u00e1ce v\u0161ak mohou vykon\u00e1vat za ve vyhl\u00e1\u0161ce stanoven\u00fdch podm\u00ednek v\u00a0r\u00e1mci sv\u00e9 p\u0159\u00edpravy na budouc\u00ed povol\u00e1n\u00ed.<\/p>\n<p>Seznam nap\u0159\u00edklad obsahuje z\u00e1kaz pr\u00e1ce na pracovi\u0161ti, kde je tlak vzduchu vy\u0161\u0161\u00ed ne\u017e okoln\u00ed atmosf\u00e9rick\u00fd tlak o v\u00edce ne\u017e 20 kPa, nebo v\u00a0n\u011bm\u017e je koncentrace kysl\u00edku v\u00a0ovzdu\u0161\u00ed ni\u017e\u0161\u00ed ne\u017e 20\u00a0% objemov\u00fdch. T\u00e9\u017e jsou jim zak\u00e1z\u00e1ny pr\u00e1ce vykon\u00e1van\u00e9 ve vnucen\u00e9m pracovn\u00edm tempu (pr\u00e1ce, p\u0159i n\u00ed\u017e si mladistv\u00fd zam\u011bstnanec nem\u016f\u017ee volit jej\u00ed tempo s\u00e1m a mus\u00ed se pod\u0159\u00eddit rytmu strojov\u00e9ho mechanismu, \u00fakolu nebo rytmu jin\u00e9ho zam\u011bstnance, nap\u0159\u00edklad p\u00e1sov\u00e1 v\u00fdroba). Jsou jim zak\u00e1z\u00e1ny pr\u00e1ce p\u0159i v\u00fdrob\u011b l\u00e9\u010div a veterin\u00e1rn\u00edch p\u0159\u00edpravk\u016f, kter\u00e9 obsahuj\u00ed hormony, antibiotika nebo jin\u00e9 biologicky vysoce \u00fa\u010dinn\u00e9 l\u00e1tky, jako\u017e i pr\u00e1ce ve v\u00fd\u0161k\u00e1ch na 1,5\u00a0m (m\u011b\u0159eno od \u00farovn\u011b podlahy po \u00farove\u0148 chodidel) a nad volnou hloubkou p\u0159esahuj\u00edc\u00ed 1,5 m nebo na souvisl\u00e9 plo\u0161e, jej\u00ed\u017e sklon od vodorovn\u00e9 roviny je 10\u00b0 a v\u011bt\u0161\u00ed.<\/p>\n<p>Mladistv\u00fdm zam\u011bstnanc\u016fm jsou tak\u00e9 zak\u00e1z\u00e1ny v\u0161echny rizikov\u00e9 pr\u00e1ce ve smyslu z\u00e1kona \u010d. 258\/2000 Sb., tedy pr\u00e1ce za\u0159azen\u00e9 do 3. a 4. kategorie a pr\u00e1ce za\u0159azen\u00e9 do 2. kategorie, kter\u00e9 org\u00e1n ochrany zdrav\u00ed za\u0159adil mezi rizikov\u00e9.<\/p>\n<p>Jak ji\u017e bylo uvedeno, na n\u011bkter\u00e9 zak\u00e1zan\u00e9 pr\u00e1ce se vztahuje v\u00fdjimka, pokud se jedn\u00e1 o p\u0159\u00edpravu na povol\u00e1n\u00ed mladistv\u00fdch zam\u011bstnanc\u016f. Z\u00e1rove\u0148 mus\u00ed b\u00fdt spln\u011bna podm\u00ednka, \u017ee pr\u00e1ce jsou vykon\u00e1v\u00e1ny pod soustavn\u00fdm odborn\u00fdm dozorem a organizac\u00ed pr\u00e1ce nebo jin\u00fdmi opat\u0159en\u00edmi je zaji\u0161t\u011bna dostate\u010dn\u00e1 ochrana jejich zdrav\u00ed. Pokud jsou spln\u011bny tyto podm\u00ednky, je mo\u017en\u00e9, aby mladistv\u00fd zam\u011bstnanci vykon\u00e1vali nap\u0159\u00edklad rizikov\u00e9 pr\u00e1ce\u00a0p\u0159i por\u00e1\u017een\u00ed zv\u00ed\u0159at na jatk\u00e1ch. V\u00a0praxi to znamen\u00e1, \u017ee mladistv\u00ed v\u00a0r\u00e1mci p\u0159\u00edpravy na sv\u00e9 povol\u00e1n\u00ed m\u016f\u017ee za ur\u010dit\u00fdch podm\u00ednek vykon\u00e1vat pr\u00e1ci p\u0159i por\u00e1\u017een\u00ed zv\u00ed\u0159at na jatk\u00e1ch, av\u0161ak po jej\u00edm ukon\u010den\u00ed a nastoupen\u00ed na pracovi\u0161t\u011b do pracovn\u00edho pom\u011bru do dosa\u017een\u00ed v\u011bku 18 let ji\u017e tuto pr\u00e1ci vykon\u00e1vat nem\u016f\u017ee.<\/p>\n<p style=\"text-align: right;\">2017-09-25<\/p>\n<p style=\"text-align: right;\">\u00a0<\/p>\n\n\n<pre class=\"wp-block-code\"><code><p align=\"center\"><a href=\"http:\/\/bozppo-neu.cz\/?page_id=2614\"><img decoding=\"async\" loading=\"lazy\" src=\"http:\/\/bozppo-neu.cz\/img\/menubutton.jpg\" alt=\"o uroven vyse\" width=\"50\" height=\"72\"><\/a><\/p><\/code><\/pre>\n","protected":false},"excerpt":{"rendered":"<p>Mladistv\u00fdm zam\u011bstnanc\u016fm, tedy osob\u00e1m ve v\u011bku 15 a\u017e 18 let, je vyhl\u00e1\u0161kou \u010d. 180\/2015\u00a0Sb. zak\u00e1z\u00e1n rozs\u00e1hl\u00fd v\u00fdkon prac\u00ed a t\u00e9\u017e pracovi\u0161\u0165. N\u011bkter\u00e9 zak\u00e1zan\u00e9 pr\u00e1ce v\u0161ak mohou vykon\u00e1vat za ve vyhl\u00e1\u0161ce stanoven\u00fdch podm\u00ednek v\u00a0r\u00e1mci sv\u00e9 p\u0159\u00edpravy na budouc\u00ed povol\u00e1n\u00ed. Seznam nap\u0159\u00edklad obsahuje z\u00e1kaz pr\u00e1ce na pracovi\u0161ti, kde je tlak vzduchu vy\u0161\u0161\u00ed ne\u017e okoln\u00ed atmosf\u00e9rick\u00fd tlak o [&hellip;]<\/p>\n","protected":false},"author":1,"featured_media":0,"parent":0,"menu_order":0,"comment_status":"closed","ping_status":"closed","template":"","meta":[],"_links":{"self":[{"href":"http:\/\/bozppo-neu.cz\/index.php?rest_route=\/wp\/v2\/pages\/2628"}],"collection":[{"href":"http:\/\/bozppo-neu.cz\/index.php?rest_route=\/wp\/v2\/pages"}],"about":[{"href":"http:\/\/bozppo-neu.cz\/index.php?rest_route=\/wp\/v2\/types\/page"}],"author":[{"embeddable":true,"href":"http:\/\/bozppo-neu.cz\/index.php?rest_route=\/wp\/v2\/users\/1"}],"replies":[{"embeddable":true,"href":"http:\/\/bozppo-neu.cz\/index.php?rest_route=%2Fwp%2Fv2%2Fcomments&post=2628"}],"version-history":[{"count":5,"href":"http:\/\/bozppo-neu.cz\/index.php?rest_route=\/wp\/v2\/pages\/2628\/revisions"}],"predecessor-version":[{"id":5209,"href":"http:\/\/bozppo-neu.cz\/index.php?rest_route=\/wp\/v2\/pages\/2628\/revisions\/5209"}],"wp:attachment":[{"href":"http:\/\/bozppo-neu.cz\/index.php?rest_route=%2Fwp%2Fv2%2Fmedia&parent=2628"}],"curies":[{"name":"wp","href":"https:\/\/api.w.org\/{rel}","templated":true}]}}