{"id":2624,"date":"2017-09-25T09:20:28","date_gmt":"2017-09-25T07:20:28","guid":{"rendered":"http:\/\/bozppo-neu.cz\/?page_id=2624"},"modified":"2023-03-23T14:37:38","modified_gmt":"2023-03-23T13:37:38","slug":"prace-zakazane-zamestnankynim-matkam-do-konce-devateho-mesice-po-porodu","status":"publish","type":"page","link":"http:\/\/bozppo-neu.cz\/?page_id=2624","title":{"rendered":"Pr\u00e1ce zak\u00e1zan\u00e9 zam\u011bstnankyn\u00edm-matk\u00e1m do konce dev\u00e1t\u00e9ho m\u011bs\u00edce po porodu"},"content":{"rendered":"<p><img decoding=\"async\" loading=\"lazy\" class=\"alignleft wp-image-3672\" src=\"http:\/\/bozppo-neu.cz\/wp-content\/uploads\/2020\/01\/ko\u010darek.jpg\" alt=\"kocarek\" width=\"200\" height=\"200\" srcset=\"http:\/\/bozppo-neu.cz\/wp-content\/uploads\/2020\/01\/ko\u010darek.jpg 800w, http:\/\/bozppo-neu.cz\/wp-content\/uploads\/2020\/01\/ko\u010darek-150x150.jpg 150w, http:\/\/bozppo-neu.cz\/wp-content\/uploads\/2020\/01\/ko\u010darek-300x300.jpg 300w, http:\/\/bozppo-neu.cz\/wp-content\/uploads\/2020\/01\/ko\u010darek-768x767.jpg 768w\" sizes=\"(max-width: 200px) 100vw, 200px\" \/>Seznam prac\u00ed zak\u00e1zan\u00fdch zam\u011bstnankyn\u00edm-matk\u00e1m do konce dev\u00e1t\u00e9ho m\u011bs\u00edce po porodu vych\u00e1z\u00ed ze seznamu prac\u00ed zak\u00e1zan\u00fdch t\u011bhotn\u00fdm zam\u011bstnankyn\u00edm.<\/p>\n<p>Jsou jim&nbsp;nap\u0159\u00edklad zak\u00e1z\u00e1ny pr\u00e1ce vykon\u00e1van\u00e9 ve vnucen\u00e9m pracovn\u00edm tempu (pr\u00e1ce, p\u0159i n\u00ed\u017e si zam\u011bstnankyn\u011b-matka nem\u016f\u017ee volit sv\u00e9 tempo sama a mus\u00ed se pod\u0159\u00eddit rytmu strojov\u00e9ho mechanismu, \u00fakolu nebo rytmu jin\u00e9ho zam\u011bstnance, nap\u0159\u00edklad p\u00e1sov\u00e1 v\u00fdroba). Tak\u00e9 nesm\u00ed vykon\u00e1vat pr\u00e1ce ve v\u00fd\u0161k\u00e1ch nad 1,5&nbsp;m (m\u011b\u0159eno od \u00farovn\u011b podlahy po \u00farove\u0148 chodidel) a nad volnou hloubkou p\u0159esahuj\u00edc\u00ed 1,5 m nebo na souvisl\u00e9 plo\u0161e, jej\u00ed\u017e sklon od vodorovn\u00e9 roviny je 10\u00b0 a v\u011bt\u0161\u00ed.<\/p>\n<p>I pro zam\u011bstnankyni-matku do konce dev\u00e1t\u00e9ho m\u011bs\u00edce po porodu plat\u00ed, \u017ee kon\u00e1-li pr\u00e1ci, kter\u00e1 j\u00ed je zak\u00e1z\u00e1na je zam\u011bstnavatel povinen p\u0159ev\u00e9st ji do\u010dasn\u011b na pr\u00e1ci, kter\u00e1 je pro ni vhodn\u00e1 a p\u0159i n\u00ed\u017e m\u016f\u017ee dosahovat stejn\u00e9ho v\u00fdd\u011blku jako p\u0159i v\u00fdkonu dosavadn\u00ed pr\u00e1ce. Dosahuje-li zam\u011bstnankyn\u011b p\u0159i v\u00fdkonu pr\u00e1ce, na kterou byla p\u0159evedena, bez sv\u00e9ho zavin\u011bn\u00ed ni\u017e\u0161\u00edho v\u00fdd\u011blku, mus\u00ed j\u00ed b\u00fdt poskytnut vyrovn\u00e1vac\u00ed p\u0159\u00edsp\u011bvek podle z\u00e1kona o nemocensk\u00e9m poji\u0161t\u011bn\u00ed.<\/p>\n<p>Po\u017e\u00e1d\u00e1-li zam\u011bstnankyn\u011b-matka do konce dev\u00e1t\u00e9ho m\u011bs\u00edce po porodu pracuj\u00edc\u00ed v&nbsp;noci o za\u0159azen\u00ed na denn\u00ed pr\u00e1ci, je zam\u011bstnavatel povinen jej\u00ed \u017e\u00e1dosti vyhov\u011bt (z\u00e1kon\u00edk pr\u00e1ce \u00a7 239 odst. 1 s&nbsp;p\u0159ihl\u00e9dnut\u00edm k&nbsp;odst. 2).<\/p>\n<p style=\"text-align: right;\">2017-09-25<\/p>\n<p style=\"text-align: right;\"><\/p>\n\n\n<pre class=\"wp-block-code\"><code><p align=\"center\"><a href=\"http:\/\/bozppo-neu.cz\/?page_id=2614\"><img decoding=\"async\" loading=\"lazy\" src=\"http:\/\/bozppo-neu.cz\/img\/menubutton.jpg\" alt=\"o uroven vyse\" width=\"50\" height=\"72\"><\/a><\/p><\/code><\/pre>\n","protected":false},"excerpt":{"rendered":"<p>Seznam prac\u00ed zak\u00e1zan\u00fdch zam\u011bstnankyn\u00edm-matk\u00e1m do konce dev\u00e1t\u00e9ho m\u011bs\u00edce po porodu vych\u00e1z\u00ed ze seznamu prac\u00ed zak\u00e1zan\u00fdch t\u011bhotn\u00fdm zam\u011bstnankyn\u00edm. Jsou jim&nbsp;nap\u0159\u00edklad zak\u00e1z\u00e1ny pr\u00e1ce vykon\u00e1van\u00e9 ve vnucen\u00e9m pracovn\u00edm tempu (pr\u00e1ce, p\u0159i n\u00ed\u017e si zam\u011bstnankyn\u011b-matka nem\u016f\u017ee volit sv\u00e9 tempo sama a mus\u00ed se pod\u0159\u00eddit rytmu strojov\u00e9ho mechanismu, \u00fakolu nebo rytmu jin\u00e9ho zam\u011bstnance, nap\u0159\u00edklad p\u00e1sov\u00e1 v\u00fdroba). Tak\u00e9 nesm\u00ed vykon\u00e1vat pr\u00e1ce [&hellip;]<\/p>\n","protected":false},"author":1,"featured_media":0,"parent":0,"menu_order":0,"comment_status":"closed","ping_status":"closed","template":"","meta":[],"_links":{"self":[{"href":"http:\/\/bozppo-neu.cz\/index.php?rest_route=\/wp\/v2\/pages\/2624"}],"collection":[{"href":"http:\/\/bozppo-neu.cz\/index.php?rest_route=\/wp\/v2\/pages"}],"about":[{"href":"http:\/\/bozppo-neu.cz\/index.php?rest_route=\/wp\/v2\/types\/page"}],"author":[{"embeddable":true,"href":"http:\/\/bozppo-neu.cz\/index.php?rest_route=\/wp\/v2\/users\/1"}],"replies":[{"embeddable":true,"href":"http:\/\/bozppo-neu.cz\/index.php?rest_route=%2Fwp%2Fv2%2Fcomments&post=2624"}],"version-history":[{"count":7,"href":"http:\/\/bozppo-neu.cz\/index.php?rest_route=\/wp\/v2\/pages\/2624\/revisions"}],"predecessor-version":[{"id":5207,"href":"http:\/\/bozppo-neu.cz\/index.php?rest_route=\/wp\/v2\/pages\/2624\/revisions\/5207"}],"wp:attachment":[{"href":"http:\/\/bozppo-neu.cz\/index.php?rest_route=%2Fwp%2Fv2%2Fmedia&parent=2624"}],"curies":[{"name":"wp","href":"https:\/\/api.w.org\/{rel}","templated":true}]}}