{"id":2517,"date":"2017-07-31T23:30:14","date_gmt":"2017-07-31T21:30:14","guid":{"rendered":"http:\/\/bozppo-neu.cz\/?page_id=2517"},"modified":"2023-03-23T13:55:27","modified_gmt":"2023-03-23T12:55:27","slug":"poskytovani-ochrannych-napoju","status":"publish","type":"page","link":"http:\/\/bozppo-neu.cz\/?page_id=2517","title":{"rendered":"Poskytov\u00e1n\u00ed ochrann\u00fdch n\u00e1poj\u016f"},"content":{"rendered":"<p><img decoding=\"async\" loading=\"lazy\" class=\"alignright wp-image-1612\" src=\"http:\/\/bozppo-neu.cz\/wp-content\/uploads\/2017\/02\/zednik.gif\" alt=\"zednik\" width=\"270\" height=\"249\" \/>Poskytov\u00e1n\u00ed ochrann\u00fdch n\u00e1poj\u016f je \u0159e\u0161eno v \u00a7\u00a08\u00a0na\u0159\u00edzen\u00ed vl\u00e1dy \u010d. 361\/2007\u00a0Sb., ve zn\u011bn\u00ed \u010d. 68\/2010\u00a0Sb., \u010d. 93\/2012 Sb. a \u010d. 9\/2013 Sb. Z\u00e1rove\u0148 je v\u0161ak nutn\u00e9 p\u0159ihl\u00e9dnout k \u00a7\u00a04a (Ztr\u00e1ta tekutin) a tabulce \u010d. 2 v\u00a0\u010d\u00e1sti A p\u0159\u00edlohy \u010d. 1 uveden\u00e9ho na\u0159\u00edzen\u00ed vl\u00e1dy.<\/p>\n<p>Chlazen\u00e9 a tepl\u00e9 ochrann\u00e9 n\u00e1poje se poskytuj\u00ed bezplatn\u011b podle zam\u011bstnavatelem zpracovan\u00e9ho seznamu na z\u00e1klad\u011b hodnocen\u00ed tepeln\u00e9 z\u00e1t\u011b\u017ee, a to trvale nebo na z\u00e1klad\u011b zji\u0161t\u011bn\u00ed spln\u011bn\u00ed podm\u00ednek pro konkr\u00e9tn\u00ed den. Slou\u017e\u00ed k\u00a0ochran\u011b zdrav\u00ed p\u0159ed \u00fa\u010dinky z\u00e1t\u011b\u017ee teplem nebo chladem. Za neposkytov\u00e1n\u00ed ochrann\u00fdch n\u00e1poj\u016f m\u016f\u017ee b\u00fdt zam\u011bstnavateli ulo\u017eena pokuta a\u017e do v\u00fd\u0161e 2\u00a0000\u00a0000 K\u010d.<\/p>\n<h4>N\u00e1rok na ochrann\u00e9 n\u00e1poje<\/h4>\n<p>Na poskytnut\u00ed ochrann\u00e9ho n\u00e1poje vznik\u00e1 zam\u011bstnanci n\u00e1rok v\u00a0p\u0159\u00edpad\u011b, \u017ee do\u0161lo ke ztr\u00e1t\u011b tekutin v\u011bt\u0161\u00ed ne\u017e 1,25 litru p\u0159i v\u00fdkonu pr\u00e1ce:<\/p>\n<ul>\n<li>v\u00a0t\u0159\u00edd\u011b pr\u00e1ce I a\u017e IIIa (viz tabulka n\u00ed\u017ee) \u2013 poskytuje se p\u0159\u00edrodn\u00ed miner\u00e1ln\u00ed voda slab\u011b mineralizovan\u00e1, pramenit\u00e1 voda nebo voda spl\u0148uj\u00edc\u00ed obdobn\u00e9 mikrobiologick\u00e9, fyzik\u00e1ln\u00ed a chemick\u00e9 po\u017eadavky (lze tedy vyu\u017e\u00edt pitnou vodu z vodovodu)<\/li>\n<li>ve t\u0159\u00edd\u011b pr\u00e1ce IIIb a\u017e V (viz tabulka n\u00ed\u017ee) \u2013 poskytuje se p\u0159\u00edrodn\u00ed miner\u00e1ln\u00ed voda st\u0159edn\u011b mineralizovan\u00e1 nebo voda s\u00a0obdobnou celkovou mineralizac\u00ed v\u00a0mno\u017estv\u00ed 35 %, zbytek v\u00a0kvalit\u011b uveden\u00e9 v\u00a0p\u0159edch\u00e1zej\u00edc\u00edm bod\u011b,<\/li>\n<li>trval\u00e9 pr\u00e1ce v z\u00e1t\u011b\u017ei teplem ve 4. kategorii.<\/li>\n<\/ul>\n<p>D\u00e1le se poskytuj\u00ed tepl\u00e9 ochrann\u00e9 n\u00e1poje:<\/p>\n<ul>\n<li>p\u0159i pr\u00e1ci na nevenkovn\u00edm pracovi\u0161ti, na kter\u00e9m mus\u00ed b\u00fdt udr\u017eov\u00e1na teplota ni\u017e\u0161\u00ed ne\u017e 4\u00a0\u00b0C,<\/li>\n<li>p\u0159i pr\u00e1ci na venkovn\u00edm pracovi\u0161ti, na n\u011bm\u017e je korigovan\u00e1 teplota vzduchu ni\u017en\u00ed ne\u017e 4 \u00b0C.<\/li>\n<\/ul>\n<h4>Jak zjistit mno\u017estv\u00ed ztr\u00e1ty tekutin<\/h4>\n<p>Zji\u0161t\u011bn\u00ed mno\u017estv\u00ed ztr\u00e1ty tekutin se prov\u00e1d\u00ed m\u011b\u0159en\u00edm pouze v\u00a0p\u0159\u00edpadech, jde-li o pr\u00e1ci vykon\u00e1vanou ve speci\u00e1ln\u00edm ochrann\u00e9m reflexn\u00edm od\u011bvu, v\u00a0od\u011bvu s\u00a0aktivn\u00edm chlazen\u00edm a v\u011btr\u00e1n\u00edm, v\u00a0pracovn\u00edm od\u011bvu, kter\u00fd omezuje odpa\u0159ov\u00e1n\u00ed potu nebo je-li pr\u00e1ce vykon\u00e1v\u00e1na v\u00a0prost\u0159ed\u00ed, v\u00a0n\u011bm\u017e je vlhkost ovzdu\u0161\u00ed vy\u0161\u0161\u00ed ne\u017e 80 %. V\u00a0ostatn\u00edch p\u0159\u00edpadech se postupuje podle tabulky \u010d. 6 (N\u00e1hrada tekutin p\u0159i pr\u00e1ci v\u00a0z\u00e1t\u011b\u017ei teplem v\u00a0z\u00e1vislosti na teplot\u011b t<sub>o<\/sub> nebo t<sub>g<\/sub> na pracovi\u0161ti za osmihodinovou sm\u011bnu a maxim\u00e1ln\u00ed teplota, p\u0159i n\u00ed\u017e je dosa\u017eeno maxim\u00e1ln\u00ed ztr\u00e1ty tekutin) uveden\u00e9 v\u00a0p\u0159\u00edloze \u010d. 1, \u010d\u00e1st A na\u0159\u00edzen\u00ed vl\u00e1dy \u010d. 361\/2007 Sb., ve zn\u011bn\u00ed \u010d. 93\/2012 Sb.:<img decoding=\"async\" loading=\"lazy\" class=\"wp-image-2546 alignnone\" src=\"http:\/\/bozppo-neu.cz\/wp-content\/uploads\/2017\/07\/teplota5.jpg\" alt=\"teplota5\" width=\"620\" height=\"437\" srcset=\"http:\/\/bozppo-neu.cz\/wp-content\/uploads\/2017\/07\/teplota5.jpg 682w, http:\/\/bozppo-neu.cz\/wp-content\/uploads\/2017\/07\/teplota5-300x212.jpg 300w\" sizes=\"(max-width: 620px) 100vw, 620px\" \/><\/p>\n<p>Objem n\u00e1hrady tekutin p\u0159i v\u00fdkonu pr\u00e1ce t\u0159\u00eddy I a\u017e IVa se podle vysv\u011btlivek pod tabulkou stanov\u00ed interpolac\u00ed v\u00a0z\u00e1vislosti na t<sub>g<\/sub>, tj. na ka\u017ed\u00fd jeden stupe\u0148 nad doln\u00ed hranic\u00ed rozp\u011bt\u00ed pro p\u0159\u00edslu\u0161nou t\u0159\u00eddu pr\u00e1ce se k\u00a0z\u00e1kladn\u00ed hodnot\u011b p\u0159i\u010dte hodnota uveden\u00e1 v\u00a0z\u00e1vorce. Nap\u0159\u00edklad pro pro t\u0159\u00eddu pr\u00e1ce IIIa a teplotu t<sub>o<\/sub> = 27 \u00b0C je postup n\u00e1sleduj\u00edc\u00ed. Z\u00a0tabulky vypl\u00fdv\u00e1, \u017ee teplotn\u00ed rozp\u011bt\u00ed pro t\u0159\u00eddu IIIa je 20 \u00b0C a\u017e 29 \u00b0C, n\u00e1hrada tekutin pro uveden\u00e9 rozp\u011bt\u00ed je 0,9 a\u017e 2,8 litru a v\u00fd\u0161e p\u0159ipo\u010d\u00edtan\u00e9 n\u00e1hrady za jeden stupe\u0148 Celsia 0,21. Objem n\u00e1hrady tekutin se vypo\u010dte n\u00e1sleduj\u00edc\u00edm postupem: 27 \u2013 20 = 7 \u00b0C; 0,21 x 7 = 1,47; 1,47 + 0,9 = 2,37 litru. N\u00e1hrada tekutin za osmihodinovou sm\u011bnu p\u0159i v\u00fdkonu pr\u00e1ce za\u0159azen\u00e9 do t\u0159\u00eddy IIIa prov\u00e1d\u011bn\u00e1 p\u0159i teplot\u011b 27 \u00b0C mus\u00ed \u010dinit p\u0159ibli\u017en\u011b 2,4 litru.<\/p>\n<h4>Po\u017eadavky na kvalitu ochrann\u00e9ho n\u00e1poje<\/h4>\n<p>Poskytovan\u00fd ochrann\u00fd n\u00e1poj mus\u00ed b\u00fdt zdravotn\u011b nez\u00e1vadn\u00fd, m\u00e1 m\u00edt vhodnou teplotu (tedy chladn\u00e9 n\u00e1poje by m\u011bly b\u00fdt chladn\u00e9, nikoliv chlazen\u00e9, za vhodnou teplotu lze pova\u017eovat p\u0159ibli\u017en\u011b 16\u00a0\u00b0C) a nesm\u00ed obsahovat v\u00edce ne\u017e 6,5 hmotnostn\u00edho procenta cukru. T\u00e9\u017e nesm\u00ed obsahovat v\u00edce ne\u017e 1 hmotnostn\u00ed procento alkoholu. Tomu z\u00a0alkoholick\u00fdch n\u00e1poj\u016f vyhov\u00ed nealkoholick\u00e9 pivo a n\u00edzkoalkoholick\u00e9 pivo, nikoliv v\u0161ak v\u00fd\u010depn\u00ed, tzv. 10\u00b0 a ani tzv. 8\u00b0. N\u00e1poje pro mladistv\u00e9 zam\u011bstnance nesm\u00ed alkohol obsahovat v\u016fbec, tedy mladistv\u00fdm zam\u011bstnanc\u016fm nem\u016f\u017ee b\u00fdt poskytnuto ani nealkoholick\u00e9 pivo, nebo\u0165 m\u016f\u017ee obsahovat a\u017e 0,5 procenta objemov\u00fdch alkoholu. Ochrann\u00fd n\u00e1poj m\u016f\u017ee obsahovat l\u00e1tky zvy\u0161uj\u00edc\u00ed odolnost organismu.<\/p>\n<h4>Mno\u017estv\u00ed poskytovan\u00fdch n\u00e1poj\u016f<\/h4>\n<p>Tepl\u00fd ochrann\u00fd n\u00e1poj mus\u00ed b\u00fdt poskytnut v\u00a0mno\u017estv\u00ed alespo\u0148 p\u016fl litru za osmihodinovou sm\u011bnu. Chladn\u00fd ochrann\u00fd n\u00e1poj mus\u00ed b\u00fdt poskytnut v\u00a0mno\u017estv\u00ed, kter\u00e9 odpov\u00edd\u00e1 nejm\u00e9n\u011b 70\u00a0% tekutin a miner\u00e1ln\u00edch l\u00e1tek ztracen\u00fdch z\u00a0organismu za osmihodinovou sm\u011bnu potem a d\u00fdch\u00e1n\u00edm.<\/p>\n<h4>Mo\u017enost nahradit poskytov\u00e1n\u00ed ochrann\u00e9ho n\u00e1poje finan\u010dn\u00edm pln\u011bn\u00edm<\/h4>\n<p>Poskytov\u00e1n\u00ed ochrann\u00fdch n\u00e1poj\u016f je mo\u017en\u00e9 nahradit finan\u010dn\u00edm pln\u011bn\u00edm. P\u0159itom je v\u0161ak nutn\u00e9 zajistit, aby si zam\u011bstnanec za poskytnut\u00e9 finan\u010dn\u00ed prost\u0159edky po\u0159\u00eddil n\u00e1poj spl\u0148uj\u00edc\u00ed v\u0161echny po\u017eadavky kladen\u00e9 na ochrann\u00fd n\u00e1poj a to v po\u017eadavan\u00e9m mno\u017estv\u00ed.<\/p>\n<p>Ochrann\u00e9 n\u00e1poje mus\u00ed b\u00fdt zam\u011bstnanc\u016fm dostupn\u00e9.<\/p>\n<h4>T\u0159\u00eddy prac\u00ed<\/h4>\n<p style=\"text-align: right;\"><img decoding=\"async\" loading=\"lazy\" class=\"wp-image-2543 aligncenter\" src=\"http:\/\/bozppo-neu.cz\/wp-content\/uploads\/2017\/07\/teplota4.jpg\" alt=\"teplota4\" width=\"620\" height=\"1018\" srcset=\"http:\/\/bozppo-neu.cz\/wp-content\/uploads\/2017\/07\/teplota4.jpg 872w, http:\/\/bozppo-neu.cz\/wp-content\/uploads\/2017\/07\/teplota4-183x300.jpg 183w, http:\/\/bozppo-neu.cz\/wp-content\/uploads\/2017\/07\/teplota4-768x1261.jpg 768w, http:\/\/bozppo-neu.cz\/wp-content\/uploads\/2017\/07\/teplota4-624x1024.jpg 624w\" sizes=\"(max-width: 620px) 100vw, 620px\" \/><\/p>\n<p style=\"text-align: right;\">2021-01-31<\/p>\n<p style=\"text-align: left;\">\u00a0<\/p>\n\n\n<pre class=\"wp-block-code\"><code><p align=\"center\"><a href=\"http:\/\/bozppo-neu.cz\/?page_id=1155\"><img decoding=\"async\" loading=\"lazy\" src=\"http:\/\/bozppo-neu.cz\/img\/menubutton.jpg\" alt=\"o uroven vyse\" width=\"50\" height=\"72\"><\/a><\/p><\/code><\/pre>\n","protected":false},"excerpt":{"rendered":"<p>Poskytov\u00e1n\u00ed ochrann\u00fdch n\u00e1poj\u016f je \u0159e\u0161eno v \u00a7\u00a08\u00a0na\u0159\u00edzen\u00ed vl\u00e1dy \u010d. 361\/2007\u00a0Sb., ve zn\u011bn\u00ed \u010d. 68\/2010\u00a0Sb., \u010d. 93\/2012 Sb. a \u010d. 9\/2013 Sb. Z\u00e1rove\u0148 je v\u0161ak nutn\u00e9 p\u0159ihl\u00e9dnout k \u00a7\u00a04a (Ztr\u00e1ta tekutin) a tabulce \u010d. 2 v\u00a0\u010d\u00e1sti A p\u0159\u00edlohy \u010d. 1 uveden\u00e9ho na\u0159\u00edzen\u00ed vl\u00e1dy. Chlazen\u00e9 a tepl\u00e9 ochrann\u00e9 n\u00e1poje se poskytuj\u00ed bezplatn\u011b podle zam\u011bstnavatelem zpracovan\u00e9ho seznamu na [&hellip;]<\/p>\n","protected":false},"author":1,"featured_media":0,"parent":0,"menu_order":0,"comment_status":"closed","ping_status":"closed","template":"","meta":[],"_links":{"self":[{"href":"http:\/\/bozppo-neu.cz\/index.php?rest_route=\/wp\/v2\/pages\/2517"}],"collection":[{"href":"http:\/\/bozppo-neu.cz\/index.php?rest_route=\/wp\/v2\/pages"}],"about":[{"href":"http:\/\/bozppo-neu.cz\/index.php?rest_route=\/wp\/v2\/types\/page"}],"author":[{"embeddable":true,"href":"http:\/\/bozppo-neu.cz\/index.php?rest_route=\/wp\/v2\/users\/1"}],"replies":[{"embeddable":true,"href":"http:\/\/bozppo-neu.cz\/index.php?rest_route=%2Fwp%2Fv2%2Fcomments&post=2517"}],"version-history":[{"count":35,"href":"http:\/\/bozppo-neu.cz\/index.php?rest_route=\/wp\/v2\/pages\/2517\/revisions"}],"predecessor-version":[{"id":5162,"href":"http:\/\/bozppo-neu.cz\/index.php?rest_route=\/wp\/v2\/pages\/2517\/revisions\/5162"}],"wp:attachment":[{"href":"http:\/\/bozppo-neu.cz\/index.php?rest_route=%2Fwp%2Fv2%2Fmedia&parent=2517"}],"curies":[{"name":"wp","href":"https:\/\/api.w.org\/{rel}","templated":true}]}}