{"id":2415,"date":"2017-07-14T20:31:24","date_gmt":"2017-07-14T18:31:24","guid":{"rendered":"http:\/\/bozppo-neu.cz\/?page_id=2415"},"modified":"2023-04-02T10:58:31","modified_gmt":"2023-04-02T08:58:31","slug":"nevhodna-terminologie-v-dokumentech-bozp-a-po","status":"publish","type":"page","link":"http:\/\/bozppo-neu.cz\/?page_id=2415","title":{"rendered":"Nevhodn\u00e1 terminologie v dokumentech BOZP a PO"},"content":{"rendered":"<p><img decoding=\"async\" loading=\"lazy\" class=\"alignright wp-image-2445\" src=\"http:\/\/bozppo-neu.cz\/wp-content\/uploads\/2017\/07\/ridic_referent4.jpg\" alt=\"ridic_referent4\" width=\"250\" height=\"183\" srcset=\"http:\/\/bozppo-neu.cz\/wp-content\/uploads\/2017\/07\/ridic_referent4.jpg 605w, http:\/\/bozppo-neu.cz\/wp-content\/uploads\/2017\/07\/ridic_referent4-300x220.jpg 300w\" sizes=\"(max-width: 250px) 100vw, 250px\" \/>P\u0159i psan\u00ed odborn\u00fdch stanovisek je bezpodm\u00edne\u010dn\u011b nutn\u00e9 pou\u017e\u00edvat spr\u00e1vnou terminologii. Na t\u00e9to str\u00e1nce uv\u00e1d\u00edm term\u00edny (n\u00e1zvy), kter\u00e9 by se ve stanovisc\u00edch m\u011bly objevit pouze v p\u0159\u00edpadech, kdy to odpov\u00edd\u00e1 jejich odborn\u00e9mu v\u00fdznamu, p\u0159\u00edpadn\u011b by se nem\u011bly objevit v\u016fbec, nebo\u0165 nejsou odborn\u00fdmi term\u00edny. Pro\u010d se kter\u00fd n\u00e1zev m\u00e1 \u010di nem\u00e1 pou\u017e\u00edt a kdy, uv\u00e1d\u00edm u ka\u017ed\u00e9ho z nich jednotliv\u011b<strong>.<\/strong><\/p>\n<p>Pou\u017e\u00edv\u00e1n\u00ed spr\u00e1vn\u00e9 terminologie by nem\u011blo b\u00fdt opom\u00edjeno ani p\u0159i zpracov\u00e1n\u00ed dokumentace BOZP a PO, jako\u017e i v jin\u00fdch p\u0159\u00edpadech, nap\u0159\u00edklad v r\u00e1mci \u0161kolen\u00ed, kontroln\u00ed \u010dinnosti (z\u00e1pisy z kontrol apod.) a v neposledn\u00ed \u0159ad\u011b i na webov\u00fdch str\u00e1nk\u00e1ch, na kter\u00fdch jsou <a href=\"http:\/\/bozppo-neu.cz\/?page_id=2145\">nab\u00edzeny slu\u017eby<\/a> zaji\u0161t\u011bn\u00ed BOZP.<\/p>\n<p><strong>Bezpe\u010dnost\u00ed technik <\/strong>&#8211; fyzick\u00e1 osoba zp\u016fsobil\u00e1 pro pln\u011bn\u00ed \u00fakol\u016f na \u00faseku bezpe\u010dnosti a ochrany zdrav\u00ed p\u0159i pr\u00e1ci a bezpe\u010dnosti provozu p\u0159i hornick\u00e9 \u010dinnosti nebo \u010dinnosti prov\u00e1d\u011bn\u00e9 hornick\u00fdm zp\u016fsobem (mus\u00ed m\u00edt odbornou kvalifikaci z\u00edskanou absolvov\u00e1n\u00edm alespo\u0148 bakal\u00e1\u0159sk\u00e9ho studijn\u00edho programu a odbornou praxi v p\u0159\u00edslu\u0161n\u00e9 regulovan\u00e9 \u010dinnosti alespo\u0148 dva roky, nebo alespo\u0148 odbornou kvalifikaci v rozsahu st\u0159edn\u00edho vzd\u011bl\u00e1n\u00ed s maturitn\u00ed zkou\u0161kou a odbornou praxi p\u0159i hornick\u00e9 \u010dinnosti nebo \u010dinnosti prov\u00e1d\u011bn\u00e9 hornick\u00fdm zp\u016fsobem alespo\u0148 \u010dty\u0159i roky) &#8211; nelze jej tedy zam\u011b\u0148ovat s odborn\u011b zp\u016fsobilou osobou k zaji\u0161\u0165ov\u00e1n\u00ed \u00fakol\u016f v prevenci rizik, nebo\u0165 se jedn\u00e1 o zcela jinou kvalifikaci<\/p>\n<p><strong>Inspektor\u00e1t bezpe\u010dnosti pr\u00e1ce<\/strong> \u2013 dnes ji\u017e neexistuj\u00ed \u00fa\u0159ad, kter\u00fd byl p\u0159edch\u016fdcem oblastn\u00edho inspektor\u00e1tu pr\u00e1ce pro oblast bezpe\u010dnosti pr\u00e1ce<\/p>\n<p><strong>Institut technick\u00e9 inspekce (ITI) <\/strong>&#8211; p\u0159edch\u016fdce organizace st\u00e1tn\u00edho odborn\u00e9ho dozoru Technick\u00e9 inspekce \u010cesk\u00e9 republiky (TI\u010cR)<\/p>\n<p><strong>Osobn\u00ed ochrann\u00e9 pracovn\u00ed pom\u016fcky<\/strong> &#8211; nic takov\u00e9ho neexistuje; jsou osobn\u00ed ochrann\u00e9 pracovn\u00ed prost\u0159edky (zkr\u00e1cen\u011b OOPP), kter\u00e9 mimo jin\u00e9 mus\u00ed spl\u0148ovat po\u017eadavky stanovn\u00e9 Na\u0159\u00edzen\u00edm Evropsk\u00e9ho parlamentu a Rady EU \u010d. 2016\/425 o osobn\u00edch ochrann\u00fdch prost\u0159edc\u00edch a o zru\u0161en\u00ed Sm\u011brnice Rady 89\/686\/EHS, a ochrann\u00e9 pom\u016fcky, kter\u00e9 pom\u00e1haj\u00ed p\u0159i ochran\u011b zdrav\u00ed, av\u0161ak nevztahuje se na n\u011b zm\u00edn\u011bn\u00e9 Na\u0159\u00edzen\u00ed (nap\u0159\u00edklad <a href=\"http:\/\/bozppo-neu.cz\/?page_id=657\">pohybliv\u00e9 op\u011brky<\/a> p\u0159i pr\u00e1ci s PC)<\/p>\n<p><strong>Registrovan\u00fd pracovn\u00ed \u00faraz &#8211;<\/strong> ozna\u010den\u00ed pracovn\u00edch \u00faraz\u016f podl\u00e9haj\u00edc\u00edch seps\u00e1n\u00ed z\u00e1znamu o \u00farazu podle dnes ji\u017e neplatn\u00e9 pr\u00e1vn\u00ed \u00fapravy (od 1. 1. 2002); definice t\u011bchto \u00faraz\u016f byla jin\u00e1, ne\u017e dnes<\/p>\n<p><strong>\u0158idi\u010d-referent <\/strong>&#8211; <a href=\"http:\/\/bozppo-neu.cz\/?page_id=799\">takov\u00fd \u0159idi\u010d neexistuje<\/a>; tento term\u00edn by nem\u011bl b\u00fdt pou\u017e\u00edv\u00e1n<\/p>\n<p><strong>\u0158idi\u010d z povol\u00e1n\u00ed <\/strong>&#8211; ofici\u00e1ln\u011b takov\u00fd \u0159idi\u010d ji\u017e neexistuje (\u0161kolen\u00ed \u0159idi\u010d\u016f z povol\u00e1n\u00ed bylo k 1. kv\u011btnu 2013 zru\u0161eno); pou\u017eit\u00ed tohoto term\u00ednu nelze pova\u017eovat za vhodn\u00e9<\/p>\n<p><strong>\u0160kolen\u00ed BOZP<\/strong> &#8211; \u017e\u00e1dn\u00fd pr\u00e1vn\u00ed p\u0159edpis nezn\u00e1 \u0161kolen\u00ed BOZP; zam\u011bstnanc\u016fm mus\u00ed b\u00fdt zaji\u0161\u0165ov\u00e1no \u0161kolen\u00ed o pr\u00e1vn\u00edch a ostatn\u00edch p\u0159edpisech k zaji\u0161t\u011bn\u00ed BOZP<\/p>\n<p><strong>Traumatologick\u00fd<\/strong> <strong>pl\u00e1n<\/strong> &#8211; jednalo se o dokument po\u017eadovan\u00fd Sm\u011brnic\u00ed ministerstva zdravotnictv\u00ed \u010d. 15\/1983, jen\u017e byl jedn\u00edm z n\u00e1stroj\u016f zaji\u0161t\u011bn\u00ed bezpe\u010dnosti pr\u00e1ce (slou\u017eil k stanoven\u00ed syst\u00e9mu poskytnut\u00ed prvn\u00ed pomoci); sm\u011brnice byla k 1. lednu 1992 zru\u0161ena; dnes je tento term\u00edn pr\u00e1vn\u00edmi p\u0159edpisy pou\u017e\u00edv\u00e1n ve zcela jin\u00fdch souvislostech; je ch\u00e1p\u00e1n jako soubor zdravotnick\u00fdch opat\u0159en\u00ed, kter\u00e1 se uplat\u0148uj\u00ed p\u0159i hromadn\u00fdch ne\u0161t\u011bst\u00edch, v\u011bt\u0161inou m\u00e1 b\u00fdt zpracov\u00e1n na \u00farovni kraje pro slo\u017eky integrovan\u00e9ho z\u00e1chrann\u00e9ho syst\u00e9mu, p\u0159\u00edpadn\u011b v&nbsp;oblasti prevence z\u00e1va\u017en\u00fdch hav\u00e1ri\u00ed zp\u016fsoben\u00fdch vybran\u00fdmi nebezpe\u010dn\u00fdmi chemick\u00fdmi l\u00e1tkami nebo chemick\u00fdmi sm\u011bsmi; jeho pou\u017eit\u00ed pro oblast BOZP nelze pova\u017eovat za vhodn\u00e9; doporu\u010duji misto n\u011bj pou\u017e\u00edvat pojem &#8222;Pl\u00e1n pro poskytnut\u00ed p\u0159edl\u00e9ka\u0159sk\u00e9 pomoci&#8220;<\/p>\n<p><strong>Ve\u0159ejn\u00e9 prov\u011brky BOZP<\/strong> &#8211; tento term\u00edn pat\u0159\u00ed do obdob\u00ed p\u0159ed rok 1990, kdy podle Z\u00e1sad FMPSV a \u00daRO byly v\u017edy v dubnu prov\u00e1d\u011bny tyto centr\u00e1ln\u011b organizovan\u00e9 prov\u011brky (do 31. 5. musela b\u00fdt zpr\u00e1va o ve\u0159ejn\u00e9 prov\u011brce odesl\u00e1na nad\u0159\u00edzen\u00e9mu org\u00e1nu a p\u0159\u00edslu\u0161n\u00e9mu org\u00e1nu ROH); dnes m\u00e1 b\u00fdt pou\u017e\u00edv\u00e1n term\u00edn &#8222;prov\u011brky BOZP&#8220;, resp. &#8222;prov\u011brky bezpe\u010dnosti a ochrany zdrav\u00ed p\u0159i pr\u00e1ci&#8220;<\/p>\n<p><strong>Vstupn\u00ed \u0161kolen\u00ed<\/strong> \u2013 ani v BOZP, ani v PO neexistuje vstupn\u00ed \u0161kolen\u00ed; jsou \u0161kolen\u00ed zam\u011bstnanc\u016f o pr\u00e1vn\u00edch a ostatn\u00edch p\u0159edpisech k zaji\u0161t\u011bn\u00ed BOZP a \u0161kolen\u00ed zam\u011bstnanc\u016f o po\u017e\u00e1rn\u00ed ochran\u011b; \u017e\u00e1dn\u00e9 z nich nem\u00e1 podobu vstupn\u00edho \u0161kolen\u00ed<\/p>\n<p><strong>Z\u00e1kon o BOZP <\/strong>&#8211; n\u011bkdy se z\u00e1kon \u010d. 309\/2006 Sb. ozna\u010duje za z\u00e1kon o BOZP, p\u0159itom se v\u0161ak jedn\u00e1 o z\u00e1kon o zaji\u0161t\u011bn\u00ed dal\u0161\u00edch podm\u00ednek bezpe\u010dnosti a ochrany zdrav\u00ed p\u0159i pr\u00e1ci (z\u00e1konem o bezpe\u010dnosti a ochran\u011b zdrav\u00ed p\u0159i pr\u00e1ci byl z\u00e1kon \u010d. 65\/1961 Sb.); jedn\u00e1 se o z\u00e1kon, kter\u00fd navazuje na z\u00e1kon\u00edk pr\u00e1ce, proto &#8222;dal\u0161\u00edch podm\u00ednek&#8220;; v sou\u010dasn\u00e9 dob\u011b v \u010cesk\u00e9 republice \u017e\u00e1dn\u00fd platn\u00fd z\u00e1kon o BOZP nen\u00ed<\/p>\n<p><strong>Z\u00e1vodn\u00ed l\u00e9ka\u0159 <\/strong>\u2013 p\u0159edch\u016fdce l\u00e9ka\u0159e poskytuj\u00edc\u00edho zam\u011bstnavateli pracovn\u011bl\u00e9ka\u0159sk\u00e9 slu\u017eby, kter\u00fd v\u0161ak m\u011bl zcela jin\u00e9 povinnosti a postaven\u00ed; v \u017e\u00e1dn\u00e9m p\u0159\u00edpad\u011b nen\u00ed mo\u017en\u00e9 toto ozna\u010den\u00ed pou\u017e\u00edvat pro l\u00e9ka\u0159e pracovn\u011bl\u00e9ka\u0159sk\u00fdch slu\u017eeb<\/p>\n<p style=\"text-align: right;\">2020-02-01<\/p>\n\n\n<pre class=\"wp-block-code\"><code><p align=\"center\"><a href=\"http:\/\/bozppo-neu.cz\/?page_id=5080\"><img decoding=\"async\" loading=\"lazy\" src=\"http:\/\/bozppo-neu.cz\/img\/menubutton.jpg\" alt=\"o uroven vyse\" width=\"50\" height=\"72\"><\/a><\/p><\/code><\/pre>\n","protected":false},"excerpt":{"rendered":"<p>P\u0159i psan\u00ed odborn\u00fdch stanovisek je bezpodm\u00edne\u010dn\u011b nutn\u00e9 pou\u017e\u00edvat spr\u00e1vnou terminologii. Na t\u00e9to str\u00e1nce uv\u00e1d\u00edm term\u00edny (n\u00e1zvy), kter\u00e9 by se ve stanovisc\u00edch m\u011bly objevit pouze v p\u0159\u00edpadech, kdy to odpov\u00edd\u00e1 jejich odborn\u00e9mu v\u00fdznamu, p\u0159\u00edpadn\u011b by se nem\u011bly objevit v\u016fbec, nebo\u0165 nejsou odborn\u00fdmi term\u00edny. Pro\u010d se kter\u00fd n\u00e1zev m\u00e1 \u010di nem\u00e1 pou\u017e\u00edt a kdy, uv\u00e1d\u00edm u ka\u017ed\u00e9ho [&hellip;]<\/p>\n","protected":false},"author":1,"featured_media":0,"parent":0,"menu_order":0,"comment_status":"closed","ping_status":"closed","template":"","meta":[],"_links":{"self":[{"href":"http:\/\/bozppo-neu.cz\/index.php?rest_route=\/wp\/v2\/pages\/2415"}],"collection":[{"href":"http:\/\/bozppo-neu.cz\/index.php?rest_route=\/wp\/v2\/pages"}],"about":[{"href":"http:\/\/bozppo-neu.cz\/index.php?rest_route=\/wp\/v2\/types\/page"}],"author":[{"embeddable":true,"href":"http:\/\/bozppo-neu.cz\/index.php?rest_route=\/wp\/v2\/users\/1"}],"replies":[{"embeddable":true,"href":"http:\/\/bozppo-neu.cz\/index.php?rest_route=%2Fwp%2Fv2%2Fcomments&post=2415"}],"version-history":[{"count":54,"href":"http:\/\/bozppo-neu.cz\/index.php?rest_route=\/wp\/v2\/pages\/2415\/revisions"}],"predecessor-version":[{"id":5431,"href":"http:\/\/bozppo-neu.cz\/index.php?rest_route=\/wp\/v2\/pages\/2415\/revisions\/5431"}],"wp:attachment":[{"href":"http:\/\/bozppo-neu.cz\/index.php?rest_route=%2Fwp%2Fv2%2Fmedia&parent=2415"}],"curies":[{"name":"wp","href":"https:\/\/api.w.org\/{rel}","templated":true}]}}