{"id":2389,"date":"2017-07-09T10:40:56","date_gmt":"2017-07-09T08:40:56","guid":{"rendered":"http:\/\/bozppo-neu.cz\/?page_id=2389"},"modified":"2024-11-04T14:15:48","modified_gmt":"2024-11-04T13:15:48","slug":"strategie-prumysl-4-0-a-bozp","status":"publish","type":"page","link":"http:\/\/bozppo-neu.cz\/?page_id=2389","title":{"rendered":"Strategie &#8222;Pr\u016fmysl 4.0&#8220; a BOZP"},"content":{"rendered":"<p><img decoding=\"async\" loading=\"lazy\" class=\"alignright wp-image-2393\" src=\"http:\/\/bozppo-neu.cz\/wp-content\/uploads\/2017\/07\/industry4-1.jpg\" alt=\"industry4\" width=\"370\" height=\"216\" \/>\u010cesk\u00e1 strategie nazvan\u00e1 &#8222;Pr\u016fmysl 4.0&#8220; (v n\u011bm\u010din\u011b Industrie 4.0; v N\u011bmecku byl p\u0159edstaven z\u00e1kladn\u00ed dokument) m\u00e1 b\u00fdt konceptem pro \u010dtvrtou pr\u016fmyslovou revoluc\u00ed, kter\u00e1 se vyzna\u010duje vysok\u00fdm stupn\u011bm digitalizace (propojen\u00ed do s\u00edt\u011b) a s n\u00ed souvisej\u00edc\u00ed automatizace v\u00fdroby. Nejedn\u00e1 se jen o evropsk\u00fd trend. V Japonsku maj\u00ed s t\u00edmto zp\u016fsobem v\u00fdroby mnohalet\u00e9 zku\u0161enosti.<\/p>\n<p>Je logick\u00e9, \u017ee m\u00e1 m\u00edt v\u00fdrazn\u00fd vliv na \u010dlov\u011bka ve v\u00fdrobn\u00edm procesu. \u010c\u00e1st mana\u017eersk\u00e9ho rozhodov\u00e1n\u00ed nahrad\u00ed um\u011bl\u00e1 inteligence. To v\u0161ak neznamen\u00e1, \u017ee se jedn\u00e1 o nahrazen\u00ed lid\u00ed um\u011blou inteligenc\u00ed, jak je n\u011bkdy prezentov\u00e1no. Budou vznikat nov\u00e9 profese a n\u011bkter\u00e9 st\u00e1vaj\u00edc\u00ed za\u017eij\u00ed boom &#8211; nap\u0159\u00edklad \u00fadr\u017eb\u00e1\u0159i. Budou v\u0161ak na n\u011b kladeny daleko vy\u0161\u0161\u00ed kvalifika\u010dn\u00ed n\u00e1roky.<\/p>\n<p>\u010cesk\u00e1 republika nechce z\u016fstat pozadu, a proto vl\u00e1da &#8222;Pr\u016fmysl 4.0&#8220; ustanovila jako strategii pro zv\u00fd\u0161en\u00ed konkurenceschopnosti republiky. Na kolokviu z\u00e1stupc\u016f \u010desk\u00e9 vl\u00e1dy a automobilov\u00e9ho pr\u016fmyslu konan\u00e9m 16. 2. 2017 v Mlad\u00e9 Boleslavi bylo stanoveno, \u017ee nem\u00e1 b\u00fdt n\u00e1strojem pro zv\u00fd\u0161en\u00ed konkurenceschopnosti, ale mo\u017enost\u00ed pro ka\u017ed\u00e9ho (ur\u010dit\u00e1 cesta pro pr\u016fmysl obecn\u011b).<\/p>\n<p>Zda spole\u010dnost bude cht\u00edt zav\u00e9st strategii &#8222;Pr\u016fmysl 4.0&#8220; bude z\u00e1le\u017eet jen na jej\u00edm veden\u00ed. To bude muset mimo jin\u00e9 sestavit realiza\u010dn\u00ed t\u00fdm. Jeho sou\u010d\u00e1st\u00ed by m\u011bla b\u00fdt i odborn\u011b zp\u016fsobil\u00e1 osoba k zaji\u0161\u0165ov\u00e1n\u00ed \u00fakol\u016f v prevenci rizik.<\/p>\n<h4>Vliv na BOZP<\/h4>\n<p>Zaveden\u00ed strategie &#8222;Pr\u016fmysl 4.0&#8220; m\u016f\u017ee m\u00edt z\u00e1sadn\u00ed vliv na \u00farove\u0148 zaji\u0161t\u011bn\u00ed BOZP. V jej\u00edm r\u00e1mci je mo\u017en\u00e9 zajistit monitorov\u00e1n\u00ed:<\/p>\n<ul>\n<li>d\u011bln\u00edk\u016f v extr\u00e9mn\u00edm prost\u0159ed\u00ed, ale i nejen v n\u011bm (je mo\u017en\u00e9 sledovat zm\u011bnu polohy chodidla, co\u017e m\u016f\u017ee signalizovat p\u00e1d, atd.) na z\u00e1klad\u011b dat sb\u00edran\u00fdch senzory (n\u00e1ramky mohou monitorovat t\u011blesnou teplotu, srde\u010dn\u00ed frekvenci, reakce k\u016f\u017ee a \u00farove\u0148 aktivity zam\u011bstnance \u2013 bezpe\u010dnostn\u00ed opat\u0159en\u00ed mohou b\u00fdt stanoveny pro ka\u017ed\u00e9ho zam\u011bstnance individu\u00e1ln\u011b),<\/li>\n<li>teploty, \u00daV z\u00e1\u0159en\u00ed a zne\u010di\u0161t\u011bn\u00ed,<\/li>\n<li>p\u0159ipout\u00e1n\u00ed se na vysokozdvi\u017en\u00e9m voz\u00edku atd.<\/li>\n<\/ul>\n<p>D\u00e1le je mo\u017en\u00e9 vyu\u017e\u00edt bezpe\u010dnostn\u00edch past\u00ed. Um\u00edstit senzory na m\u00edstech, kde je zvl\u00e1\u0161t\u011b d\u016fle\u017eit\u00e9 dodr\u017eovat bezpe\u010dnost pr\u00e1ce. D\u00edky tomu nap\u0159\u00edklad, kdy\u017e d\u011bln\u00edk vstoup\u00ed do nebezpe\u010dn\u00e9ho prostoru, vedouc\u00edmu sm\u011bny se objev\u00ed hl\u00e1\u0161en\u00ed o t\u00e9to skute\u010dnosti.<\/p>\n<p>Tak\u00e9 je mo\u017en\u00e9 vyu\u017e\u00edt heat mapu (ur\u010d\u00ed, kde se \u010dlov\u011bk pr\u00e1v\u011b pohybuje) a anal\u00fdzu rizikov\u00fdch m\u00edst v podniku (zji\u0161t\u011bn\u00ed p\u0159esn\u00fdch m\u00edst pracovn\u00edch \u00faraz\u016f a <strong><a href=\"http:\/\/bozppo-neu.cz\/?page_id=3486\">skoronehod<\/a><\/strong>).<\/p>\n<p>Mo\u017enost\u00ed vyu\u017eit\u00ed je mnohem v\u00edce, nap\u0159\u00edklad je mo\u017en\u00e9 sledovat, zda zam\u011bstnanec m\u00e1 ochrannou helmu, vestu apod. Zam\u011bstnanec se obl\u00e9kne p\u0159edepsan\u00fdm zp\u016fsobem a naskenuje se. Syst\u00e9m hl\u00edd\u00e1 jeho podobu a v p\u0159\u00edpad\u011b zji\u0161t\u011bn\u00ed odchylky provede hl\u00e1\u0161en\u00ed vedouc\u00edmu sm\u011bny.<\/p>\n<p>Vedouc\u00ed zam\u011bstnanec se bude muset mnohem v\u00edce v\u011bnovat \u0159\u00edzen\u00ed, ne\u017e nyn\u00ed, a m\u00e9n\u011b vlastn\u00edmu v\u00fdkonu pr\u00e1ce.<\/p>\n<p style=\"text-align: right;\">2017-07-09<\/p>\n","protected":false},"excerpt":{"rendered":"<p>\u010cesk\u00e1 strategie nazvan\u00e1 &#8222;Pr\u016fmysl 4.0&#8220; (v n\u011bm\u010din\u011b Industrie 4.0; v N\u011bmecku byl p\u0159edstaven z\u00e1kladn\u00ed dokument) m\u00e1 b\u00fdt konceptem pro \u010dtvrtou pr\u016fmyslovou revoluc\u00ed, kter\u00e1 se vyzna\u010duje vysok\u00fdm stupn\u011bm digitalizace (propojen\u00ed do s\u00edt\u011b) a s n\u00ed souvisej\u00edc\u00ed automatizace v\u00fdroby. Nejedn\u00e1 se jen o evropsk\u00fd trend. V Japonsku maj\u00ed s t\u00edmto zp\u016fsobem v\u00fdroby mnohalet\u00e9 zku\u0161enosti. Je logick\u00e9, \u017ee [&hellip;]<\/p>\n","protected":false},"author":1,"featured_media":0,"parent":0,"menu_order":0,"comment_status":"closed","ping_status":"closed","template":"","meta":[],"_links":{"self":[{"href":"http:\/\/bozppo-neu.cz\/index.php?rest_route=\/wp\/v2\/pages\/2389"}],"collection":[{"href":"http:\/\/bozppo-neu.cz\/index.php?rest_route=\/wp\/v2\/pages"}],"about":[{"href":"http:\/\/bozppo-neu.cz\/index.php?rest_route=\/wp\/v2\/types\/page"}],"author":[{"embeddable":true,"href":"http:\/\/bozppo-neu.cz\/index.php?rest_route=\/wp\/v2\/users\/1"}],"replies":[{"embeddable":true,"href":"http:\/\/bozppo-neu.cz\/index.php?rest_route=%2Fwp%2Fv2%2Fcomments&post=2389"}],"version-history":[{"count":8,"href":"http:\/\/bozppo-neu.cz\/index.php?rest_route=\/wp\/v2\/pages\/2389\/revisions"}],"predecessor-version":[{"id":5987,"href":"http:\/\/bozppo-neu.cz\/index.php?rest_route=\/wp\/v2\/pages\/2389\/revisions\/5987"}],"wp:attachment":[{"href":"http:\/\/bozppo-neu.cz\/index.php?rest_route=%2Fwp%2Fv2%2Fmedia&parent=2389"}],"curies":[{"name":"wp","href":"https:\/\/api.w.org\/{rel}","templated":true}]}}