{"id":2361,"date":"2017-06-16T10:08:35","date_gmt":"2017-06-16T08:08:35","guid":{"rendered":"http:\/\/bozppo-neu.cz\/?page_id=2361"},"modified":"2023-03-23T14:00:37","modified_gmt":"2023-03-23T13:00:37","slug":"znamena-outsourcing-cinnosti-ozo-ztratu-zamestnani","status":"publish","type":"page","link":"http:\/\/bozppo-neu.cz\/?page_id=2361","title":{"rendered":"Znamen\u00e1 outsourcing \u010dinnost\u00ed OZO ztr\u00e1tu zam\u011bstn\u00e1n\u00ed?"},"content":{"rendered":"<p>V dob\u011b hospod\u00e1\u0159sk\u00e9 recese mnoh\u00e9 spole\u010dnosti hledaly r\u016fzn\u00e9 mo\u017enosti, jak sn\u00ed\u017eit sv\u00e9 provozn\u00ed n\u00e1klady.&nbsp;Jedn\u00edm z mo\u017en\u00fdch \u0159e\u0161en\u00ed&nbsp;je p\u0159eveden\u00ed &#8222;vedlej\u0161\u00edch \u010dinnost\u00ed&#8220; na firmy, kter\u00e9 jim je budou zaji\u0161\u0165ovat jako slu\u017ebu (outsourcing). Toto \u0159e\u0161en\u00ed se jevilo, a m\u016f\u017ee se jevit i nyn\u00ed, jako velmi vhodn\u00e9 i pro zaji\u0161t\u011bn\u00ed \u00fakol\u016f v BOZP (nemus\u00ed to v\u0161ak b\u00fdt v\u017edy pravda). Zam\u011bstnanci, kter\u00fd je dosud ve spole\u010dnosti zaji\u0161\u0165oval, se to v\u011bt\u0161inou jev\u00ed jako ztr\u00e1ta zam\u011bstn\u00e1n\u00ed. Je tomu opravdu tak? Odpov\u011b\u010f m\u016f\u017eete nal\u00e9zt v m\u00e9m <a href=\"http:\/\/bozppo-neu.cz\/wp-content\/uploads\/2017\/06\/outsourcing_new.pdf\">\u010dl\u00e1nku<\/a>.<\/p>\n<p style=\"text-align: right;\">2017-06-16<\/p>\n<p style=\"text-align: right;\">\n<\/p><p style=\"text-align: center;\"><\/p>\n\n\n<pre class=\"wp-block-code\"><code><p align=\"center\"><a href=\"http:\/\/bozppo-neu.cz\/?page_id=739\"><img decoding=\"async\" loading=\"lazy\" src=\"http:\/\/bozppo-neu.cz\/img\/menubutton.jpg\" alt=\"o uroven vyse\" width=\"50\" height=\"72\"><\/a><\/p><\/code><\/pre>\n","protected":false},"excerpt":{"rendered":"<p>V dob\u011b hospod\u00e1\u0159sk\u00e9 recese mnoh\u00e9 spole\u010dnosti hledaly r\u016fzn\u00e9 mo\u017enosti, jak sn\u00ed\u017eit sv\u00e9 provozn\u00ed n\u00e1klady.&nbsp;Jedn\u00edm z mo\u017en\u00fdch \u0159e\u0161en\u00ed&nbsp;je p\u0159eveden\u00ed &#8222;vedlej\u0161\u00edch \u010dinnost\u00ed&#8220; na firmy, kter\u00e9 jim je budou zaji\u0161\u0165ovat jako slu\u017ebu (outsourcing). Toto \u0159e\u0161en\u00ed se jevilo, a m\u016f\u017ee se jevit i nyn\u00ed, jako velmi vhodn\u00e9 i pro zaji\u0161t\u011bn\u00ed \u00fakol\u016f v BOZP (nemus\u00ed to v\u0161ak b\u00fdt v\u017edy pravda). [&hellip;]<\/p>\n","protected":false},"author":1,"featured_media":0,"parent":0,"menu_order":0,"comment_status":"closed","ping_status":"closed","template":"","meta":[],"_links":{"self":[{"href":"http:\/\/bozppo-neu.cz\/index.php?rest_route=\/wp\/v2\/pages\/2361"}],"collection":[{"href":"http:\/\/bozppo-neu.cz\/index.php?rest_route=\/wp\/v2\/pages"}],"about":[{"href":"http:\/\/bozppo-neu.cz\/index.php?rest_route=\/wp\/v2\/types\/page"}],"author":[{"embeddable":true,"href":"http:\/\/bozppo-neu.cz\/index.php?rest_route=\/wp\/v2\/users\/1"}],"replies":[{"embeddable":true,"href":"http:\/\/bozppo-neu.cz\/index.php?rest_route=%2Fwp%2Fv2%2Fcomments&post=2361"}],"version-history":[{"count":8,"href":"http:\/\/bozppo-neu.cz\/index.php?rest_route=\/wp\/v2\/pages\/2361\/revisions"}],"predecessor-version":[{"id":5168,"href":"http:\/\/bozppo-neu.cz\/index.php?rest_route=\/wp\/v2\/pages\/2361\/revisions\/5168"}],"wp:attachment":[{"href":"http:\/\/bozppo-neu.cz\/index.php?rest_route=%2Fwp%2Fv2%2Fmedia&parent=2361"}],"curies":[{"name":"wp","href":"https:\/\/api.w.org\/{rel}","templated":true}]}}